{"id":56773,"date":"2021-01-16T14:26:56","date_gmt":"2021-01-16T11:26:56","guid":{"rendered":"http:\/\/www.xn--tuksimaailm-ffb.ee\/shop\/large-electric-scooter-handlebar-bag-black-3l\/"},"modified":"2021-01-16T14:26:56","modified_gmt":"2021-01-16T11:26:56","slug":"large-electric-scooter-handlebar-bag-black-3l","status":"publish","type":"product","link":"https:\/\/www.xn--tuksimaailm-ffb.ee\/en\/product\/large-electric-scooter-handlebar-bag-black-3l\/","title":{"rendered":"Large electric scooter handlebar bag black 3L"},"content":{"rendered":"<p>Large electric scooter handlebar bag (also front bag, handlebar bag), <b><strong>black<\/strong><\/b> colour, capacity <b><strong>3 litres<\/strong><\/b>. The large electric scooter lens bag attaches <b><strong>with adjustable clips<\/strong><\/b> around the electric scooter lens and steerer tube. Fits perfectly on the popular <a href=\"https:\/\/www.mi.com\/global\/mi-electric-scooter\/\">Xiaomi<\/a> and <a href=\"http:\/\/www.xn--tuksimaailm-ffb.ee\/shop\/elektriline-toukeratas-ninebot-max-g30\/\">Ninebot<\/a> electric scooters as well as all other<a href=\"http:\/\/www.xn--tuksimaailm-ffb.ee\/tootekategooria\/elektritoukeratas\/\"> electric scooters<\/a>. We also offer the same style<a href=\"http:\/\/www.xn--tuksimaailm-ffb.ee\/?s=inokim+kollane\"><b><strong>of lens bag in Green<\/strong><\/b><\/a><b> <\/b><a href=\"http:\/\/www.xn--tuksimaailm-ffb.ee\/?s=inokim+kollane\"><b><strong>Blue<\/strong><\/b><\/a><b> <\/b><a href=\"http:\/\/www.xn--tuksimaailm-ffb.ee\/?s=inokim+kollane\"><b><strong>Yellow Yellow<\/strong><\/b><\/a><\/p>\n","protected":false},"excerpt":{"rendered":"<p>Large electric scooter handlebar bag (also front bag, handlebar bag), black colour, capacity 3 litres. The large electric scooter lens bag attaches with adjustable clips around the electric scooter lens and steerer tube. Fits perfectly on the popular Xiaomi and Ninebot electric scooters as well as all other electric scooters. &hellip;<\/p>\n","protected":false},"featured_media":12753,"template":"","meta":[],"product_brand":[],"product_cat":[746],"product_tag":[3367],"filter_elektritoukeratas":[],"class_list":{"0":"post-56773","1":"product","2":"type-product","3":"status-publish","4":"has-post-thumbnail","6":"product_cat-accessories","7":"product_tag-handlebar-bags","8":"pa_colour-must","9":"pa_tootetuup-handlebar-bags","11":"first","12":"instock","13":"taxable","14":"shipping-taxable","15":"purchasable","16":"product-type-simple"},"yoast_head":"<!-- This site is optimized with the Yoast SEO Premium plugin v26.8 (Yoast SEO v27.5) - https:\/\/yoast.com\/product\/yoast-seo-premium-wordpress\/ -->\n<title>Large electric scooter handlebar bag black 3L | T\u00f5uksimaailm<\/title>\n<meta name=\"description\" content=\"Large electric scooter handlebar bag (also front bag, handlebar bag), black, capacity 3 litres. For Xiaomi and Ninebot electric scooters. Accessories.\" \/>\n<meta name=\"robots\" content=\"index, follow, max-snippet:-1, max-image-preview:large, max-video-preview:-1\" \/>\n<link rel=\"canonical\" href=\"https:\/\/www.xn--tuksimaailm-ffb.ee\/en\/product\/large-electric-scooter-handlebar-bag-black-3l\/\" \/>\n<meta property=\"og:locale\" content=\"en_US\" \/>\n<meta property=\"og:type\" content=\"article\" \/>\n<meta property=\"og:title\" content=\"Large electric scooter handlebar bag black 3L\" \/>\n<meta property=\"og:description\" content=\"Large electric scooter handlebar bag (also front bag, handlebar bag), black, capacity 3 litres. For Xiaomi and Ninebot electric scooters. Accessories.\" \/>\n<meta property=\"og:url\" content=\"https:\/\/www.xn--tuksimaailm-ffb.ee\/en\/product\/large-electric-scooter-handlebar-bag-black-3l\/\" \/>\n<meta property=\"og:site_name\" content=\"T\u00f5uksimaailm\" \/>\n<meta property=\"article:publisher\" content=\"https:\/\/www.facebook.com\/touksimaailm\/\" \/>\n<meta property=\"og:image\" content=\"https:\/\/www.xn--tuksimaailm-ffb.ee\/wp-content\/uploads\/2021\/01\/suur-kott-4.jpg\" \/>\n\t<meta property=\"og:image:width\" content=\"757\" \/>\n\t<meta property=\"og:image:height\" content=\"787\" \/>\n\t<meta property=\"og:image:type\" content=\"image\/jpeg\" \/>\n<meta name=\"twitter:card\" content=\"summary_large_image\" \/>\n<meta name=\"twitter:label1\" content=\"Price\" \/>\n\t<meta name=\"twitter:data1\" content=\"&euro;35.00\" \/>\n\t<meta name=\"twitter:label2\" content=\"Availability\" \/>\n\t<meta name=\"twitter:data2\" content=\"In stock\" \/>\n<meta property=\"product:price:amount\" content=\"35.00\" \/>\n<meta property=\"product:price:currency\" content=\"EUR\" \/>\n<meta property=\"og:availability\" content=\"instock\" \/>\n<meta property=\"product:availability\" content=\"instock\" \/>\n<meta property=\"product:retailer_item_id\" content=\"LENKSUKOTT-SUUR-3L\" \/>\n<meta property=\"product:condition\" content=\"new\" \/>\n<!-- \/ Yoast SEO Premium plugin. -->","yoast_head_json":{"title":"Large electric scooter handlebar bag black 3L | T\u00f5uksimaailm","description":"Large electric scooter handlebar bag (also front bag, handlebar bag), black, capacity 3 litres. For Xiaomi and Ninebot electric scooters. Accessories.","robots":{"index":"index","follow":"follow","max-snippet":"max-snippet:-1","max-image-preview":"max-image-preview:large","max-video-preview":"max-video-preview:-1"},"canonical":"https:\/\/www.xn--tuksimaailm-ffb.ee\/en\/product\/large-electric-scooter-handlebar-bag-black-3l\/","og_locale":"en_US","og_type":"article","og_title":"Large electric scooter handlebar bag black 3L","og_description":"Large electric scooter handlebar bag (also front bag, handlebar bag), black, capacity 3 litres. For Xiaomi and Ninebot electric scooters. Accessories.","og_url":"https:\/\/www.xn--tuksimaailm-ffb.ee\/en\/product\/large-electric-scooter-handlebar-bag-black-3l\/","og_site_name":"T\u00f5uksimaailm","article_publisher":"https:\/\/www.facebook.com\/touksimaailm\/","og_image":[{"width":757,"height":787,"url":"https:\/\/www.xn--tuksimaailm-ffb.ee\/wp-content\/uploads\/2021\/01\/suur-kott-4.jpg","type":"image\/jpeg"}],"twitter_card":"summary_large_image","twitter_misc":{"Price":"&euro;35.00","Availability":"In stock"},"schema":{"@context":"https:\/\/schema.org","@graph":[{"@type":"WebPage","@id":"https:\/\/www.xn--tuksimaailm-ffb.ee\/en\/product\/large-electric-scooter-handlebar-bag-black-3l\/","url":"https:\/\/www.xn--tuksimaailm-ffb.ee\/en\/product\/large-electric-scooter-handlebar-bag-black-3l\/","name":"Large electric scooter handlebar bag black 3L | T\u00f5uksimaailm","isPartOf":{"@id":"https:\/\/www.xn--tuksimaailm-ffb.ee\/en\/#website"},"primaryImageOfPage":{"@id":"https:\/\/www.xn--tuksimaailm-ffb.ee\/en\/product\/large-electric-scooter-handlebar-bag-black-3l\/#primaryimage"},"image":{"@id":"https:\/\/www.xn--tuksimaailm-ffb.ee\/en\/product\/large-electric-scooter-handlebar-bag-black-3l\/#primaryimage"},"thumbnailUrl":"https:\/\/www.xn--tuksimaailm-ffb.ee\/wp-content\/uploads\/2021\/01\/suur-kott-4.jpg","datePublished":"2021-01-16T11:26:56+00:00","description":"Large electric scooter handlebar bag (also front bag, handlebar bag), black, capacity 3 litres. For Xiaomi and Ninebot electric scooters. Accessories.","breadcrumb":{"@id":"https:\/\/www.xn--tuksimaailm-ffb.ee\/en\/product\/large-electric-scooter-handlebar-bag-black-3l\/#breadcrumb"},"inLanguage":"en-US","potentialAction":[{"@type":"ReadAction","target":["https:\/\/www.xn--tuksimaailm-ffb.ee\/en\/product\/large-electric-scooter-handlebar-bag-black-3l\/"]}]},{"@type":"ImageObject","inLanguage":"en-US","@id":"https:\/\/www.xn--tuksimaailm-ffb.ee\/en\/product\/large-electric-scooter-handlebar-bag-black-3l\/#primaryimage","url":"https:\/\/www.xn--tuksimaailm-ffb.ee\/wp-content\/uploads\/2021\/01\/suur-kott-4.jpg","contentUrl":"https:\/\/www.xn--tuksimaailm-ffb.ee\/wp-content\/uploads\/2021\/01\/suur-kott-4.jpg","width":757,"height":787,"caption":"Large electric scooter handlebar bag black 3L"},{"@type":"BreadcrumbList","@id":"https:\/\/www.xn--tuksimaailm-ffb.ee\/en\/product\/large-electric-scooter-handlebar-bag-black-3l\/#breadcrumb","itemListElement":[{"@type":"ListItem","position":1,"name":"Home","item":"https:\/\/www.xn--tuksimaailm-ffb.ee\/en\/main-page\/"},{"@type":"ListItem","position":2,"name":"Shop","item":"https:\/\/www.xn--tuksimaailm-ffb.ee\/elektritoukerataste-pood\/"},{"@type":"ListItem","position":3,"name":"Large electric scooter handlebar bag black 3L"}]},{"@type":"WebSite","@id":"https:\/\/www.xn--tuksimaailm-ffb.ee\/en\/#website","url":"https:\/\/www.xn--tuksimaailm-ffb.ee\/en\/","name":"T\u00f5uksimaailm","description":"Elektrit\u00f5ukerataste m\u00fc\u00fck, remont ja rent","publisher":{"@id":"https:\/\/www.xn--tuksimaailm-ffb.ee\/en\/#organization"},"potentialAction":[{"@type":"SearchAction","target":{"@type":"EntryPoint","urlTemplate":"https:\/\/www.xn--tuksimaailm-ffb.ee\/en\/?s={search_term_string}"},"query-input":{"@type":"PropertyValueSpecification","valueRequired":true,"valueName":"search_term_string"}}],"inLanguage":"en-US"},{"@type":"Organization","@id":"https:\/\/www.xn--tuksimaailm-ffb.ee\/en\/#organization","name":"T\u00f5uksimaailm","url":"https:\/\/www.xn--tuksimaailm-ffb.ee\/en\/","logo":{"@type":"ImageObject","inLanguage":"en-US","@id":"https:\/\/www.xn--tuksimaailm-ffb.ee\/en\/#\/schema\/logo\/image\/","url":"https:\/\/www.xn--tuksimaailm-ffb.ee\/wp-content\/uploads\/2020\/01\/logoz-e1579792875517.png","contentUrl":"https:\/\/www.xn--tuksimaailm-ffb.ee\/wp-content\/uploads\/2020\/01\/logoz-e1579792875517.png","width":250,"height":250,"caption":"T\u00f5uksimaailm"},"image":{"@id":"https:\/\/www.xn--tuksimaailm-ffb.ee\/en\/#\/schema\/logo\/image\/"},"sameAs":["https:\/\/www.facebook.com\/touksimaailm\/","https:\/\/www.instagram.com\/touksimaailm_\/","https:\/\/www.youtube.com\/channel\/UC18ml0EKIDLP1xGuQjFzcXQ"]}]},"product_price_amount":"35.00","product_price_currency":"EUR","og_availability":"instock","product_availability":"instock","product_retailer_item_id":"LENKSUKOTT-SUUR-3L","product_condition":"new"},"jetpack_sharing_enabled":true,"_links":{"self":[{"href":"https:\/\/www.xn--tuksimaailm-ffb.ee\/en\/wp-json\/wp\/v2\/product\/56773","targetHints":{"allow":["GET"]}}],"collection":[{"href":"https:\/\/www.xn--tuksimaailm-ffb.ee\/en\/wp-json\/wp\/v2\/product"}],"about":[{"href":"https:\/\/www.xn--tuksimaailm-ffb.ee\/en\/wp-json\/wp\/v2\/types\/product"}],"wp:featuredmedia":[{"embeddable":true,"href":"https:\/\/www.xn--tuksimaailm-ffb.ee\/en\/wp-json\/wp\/v2\/media\/12753"}],"wp:attachment":[{"href":"https:\/\/www.xn--tuksimaailm-ffb.ee\/en\/wp-json\/wp\/v2\/media?parent=56773"}],"wp:term":[{"taxonomy":"product_brand","embeddable":true,"href":"https:\/\/www.xn--tuksimaailm-ffb.ee\/en\/wp-json\/wp\/v2\/product_brand?post=56773"},{"taxonomy":"product_cat","embeddable":true,"href":"https:\/\/www.xn--tuksimaailm-ffb.ee\/en\/wp-json\/wp\/v2\/product_cat?post=56773"},{"taxonomy":"product_tag","embeddable":true,"href":"https:\/\/www.xn--tuksimaailm-ffb.ee\/en\/wp-json\/wp\/v2\/product_tag?post=56773"},{"taxonomy":"filter_elektritoukeratas","embeddable":true,"href":"https:\/\/www.xn--tuksimaailm-ffb.ee\/en\/wp-json\/wp\/v2\/filter_elektritoukeratas?post=56773"}],"curies":[{"name":"wp","href":"https:\/\/api.w.org\/{rel}","templated":true}]}}