{"id":56798,"date":"2021-01-16T18:30:08","date_gmt":"2021-01-16T16:30:08","guid":{"rendered":"http:\/\/www.xn--tuksimaailm-ffb.ee\/shop\/rear-view-mirrors-for-xiaomi-pro-electric-scooter\/"},"modified":"2021-01-16T18:30:08","modified_gmt":"2021-01-16T15:30:08","slug":"rear-view-mirrors-for-xiaomi-pro-electric-scooter","status":"publish","type":"product","link":"https:\/\/www.xn--tuksimaailm-ffb.ee\/en\/product\/rear-view-mirrors-for-xiaomi-pro-electric-scooter\/","title":{"rendered":"Rear view mirrors for Xiaomi Pro electric scooter"},"content":{"rendered":"<p>Rear view mirrors for electric scooter, set includes 2 rear view mirrors - <b><strong>left<\/strong><\/b> and <b><strong>right<\/strong><\/b>. The rear view mirrors for electric scooter are designed for use with the popular <a href=\"http:\/\/www.xn--tuksimaailm-ffb.ee\/shop\/elektritouks_xiaomi-360\/\"><b><strong>Xiaomi M365<\/strong><\/b><\/a><b><strong> and <\/strong><\/b><a href=\"http:\/\/www.xn--tuksimaailm-ffb.ee\/shop\/elektriline-toukeratas-xiaomi-mi-m365-pro\/\"><b><strong>Xiaomi M365 Pro<\/strong><\/b><\/a> electric scooters<b><strong>.<\/strong><\/b> The mirrors are also suitable for the <a href=\"https:\/\/www.mi.com\/global\/mi-electric-scooter-1S\/\"><b><strong>Xiaomi Mi 1S<\/strong><\/b><\/a>and <a href=\"https:\/\/www.mi.com\/global\/mi-electric-scooter-Pro2\/\"><b><strong>Xiaomi Mi Pro 2<\/strong><\/b><\/a> electric scooters<b><strong>. The S<\/strong><\/b>is also suitable for use with most other electric scooters with a lens diameter of <b><strong>22.2mm.<\/strong><\/b><\/p>\n","protected":false},"excerpt":{"rendered":"<p>Rear view mirrors for electric scooter, set includes 2 rear view mirrors - left and right. The rear view mirrors for electric scooter are designed for use with the popular Xiaomi M365 and Xiaomi M365 Pro electric scooters. The mirrors are also suitable for the Xiaomi Mi 1Sand Xiaomi Mi &hellip;<\/p>\n","protected":false},"featured_media":14243,"template":"","meta":[],"product_brand":[],"product_cat":[746],"product_tag":[],"filter_elektritoukeratas":[],"class_list":{"0":"post-56798","1":"product","2":"type-product","3":"status-publish","4":"has-post-thumbnail","6":"product_cat-accessories","7":"pa_colour-must","8":"pa_colour-punane","10":"first","11":"instock","12":"taxable","13":"shipping-taxable","14":"purchasable","15":"product-type-simple"},"yoast_head":"<!-- This site is optimized with the Yoast SEO Premium plugin v26.8 (Yoast SEO v27.5) - https:\/\/yoast.com\/product\/yoast-seo-premium-wordpress\/ -->\n<title>Rear view mirrors for Xiaomi Pro electric scooter | T\u00f5uksimaailm<\/title>\n<meta name=\"description\" content=\"Rear view mirrors for electric scooter, set of 2 rear view mirrors - left and right, suitable for Xiaomi M365 (Pro), Xiaomi 1S and Pro 2. Accessories.\" \/>\n<meta name=\"robots\" content=\"index, follow, max-snippet:-1, max-image-preview:large, max-video-preview:-1\" \/>\n<link rel=\"canonical\" href=\"https:\/\/www.xn--tuksimaailm-ffb.ee\/en\/product\/rear-view-mirrors-for-xiaomi-pro-electric-scooter\/\" \/>\n<meta property=\"og:locale\" content=\"en_US\" \/>\n<meta property=\"og:type\" content=\"article\" \/>\n<meta property=\"og:title\" content=\"Rear view mirrors for Xiaomi Pro electric scooter\" \/>\n<meta property=\"og:description\" content=\"Rear view mirrors for electric scooter, set of 2 rear view mirrors - left and right, suitable for Xiaomi M365 (Pro), Xiaomi 1S and Pro 2. Accessories.\" \/>\n<meta property=\"og:url\" content=\"https:\/\/www.xn--tuksimaailm-ffb.ee\/en\/product\/rear-view-mirrors-for-xiaomi-pro-electric-scooter\/\" \/>\n<meta property=\"og:site_name\" content=\"T\u00f5uksimaailm\" \/>\n<meta property=\"article:publisher\" content=\"https:\/\/www.facebook.com\/touksimaailm\/\" \/>\n<meta property=\"og:image\" content=\"https:\/\/www.xn--tuksimaailm-ffb.ee\/wp-content\/uploads\/2021\/01\/peeglid-1.png\" \/>\n\t<meta property=\"og:image:width\" content=\"895\" \/>\n\t<meta property=\"og:image:height\" content=\"736\" \/>\n\t<meta property=\"og:image:type\" content=\"image\/png\" \/>\n<meta name=\"twitter:card\" content=\"summary_large_image\" \/>\n<meta name=\"twitter:label1\" content=\"Price\" \/>\n\t<meta name=\"twitter:data1\" content=\"&euro;12.00\" \/>\n\t<meta name=\"twitter:label2\" content=\"Availability\" \/>\n\t<meta name=\"twitter:data2\" content=\"In stock\" \/>\n<meta property=\"product:price:amount\" content=\"12.00\" \/>\n<meta property=\"product:price:currency\" content=\"EUR\" \/>\n<meta property=\"og:availability\" content=\"instock\" \/>\n<meta property=\"product:availability\" content=\"instock\" \/>\n<meta property=\"product:condition\" content=\"new\" \/>\n<!-- \/ Yoast SEO Premium plugin. -->","yoast_head_json":{"title":"Rear view mirrors for Xiaomi Pro electric scooter | T\u00f5uksimaailm","description":"Rear view mirrors for electric scooter, set of 2 rear view mirrors - left and right, suitable for Xiaomi M365 (Pro), Xiaomi 1S and Pro 2. Accessories.","robots":{"index":"index","follow":"follow","max-snippet":"max-snippet:-1","max-image-preview":"max-image-preview:large","max-video-preview":"max-video-preview:-1"},"canonical":"https:\/\/www.xn--tuksimaailm-ffb.ee\/en\/product\/rear-view-mirrors-for-xiaomi-pro-electric-scooter\/","og_locale":"en_US","og_type":"article","og_title":"Rear view mirrors for Xiaomi Pro electric scooter","og_description":"Rear view mirrors for electric scooter, set of 2 rear view mirrors - left and right, suitable for Xiaomi M365 (Pro), Xiaomi 1S and Pro 2. Accessories.","og_url":"https:\/\/www.xn--tuksimaailm-ffb.ee\/en\/product\/rear-view-mirrors-for-xiaomi-pro-electric-scooter\/","og_site_name":"T\u00f5uksimaailm","article_publisher":"https:\/\/www.facebook.com\/touksimaailm\/","og_image":[{"width":895,"height":736,"url":"https:\/\/www.xn--tuksimaailm-ffb.ee\/wp-content\/uploads\/2021\/01\/peeglid-1.png","type":"image\/png"}],"twitter_card":"summary_large_image","twitter_misc":{"Price":"&euro;12.00","Availability":"In stock"},"schema":{"@context":"https:\/\/schema.org","@graph":[{"@type":"WebPage","@id":"https:\/\/www.xn--tuksimaailm-ffb.ee\/en\/product\/rear-view-mirrors-for-xiaomi-pro-electric-scooter\/","url":"https:\/\/www.xn--tuksimaailm-ffb.ee\/en\/product\/rear-view-mirrors-for-xiaomi-pro-electric-scooter\/","name":"Rear view mirrors for Xiaomi Pro electric scooter | T\u00f5uksimaailm","isPartOf":{"@id":"https:\/\/www.xn--tuksimaailm-ffb.ee\/en\/#website"},"primaryImageOfPage":{"@id":"https:\/\/www.xn--tuksimaailm-ffb.ee\/en\/product\/rear-view-mirrors-for-xiaomi-pro-electric-scooter\/#primaryimage"},"image":{"@id":"https:\/\/www.xn--tuksimaailm-ffb.ee\/en\/product\/rear-view-mirrors-for-xiaomi-pro-electric-scooter\/#primaryimage"},"thumbnailUrl":"https:\/\/www.xn--tuksimaailm-ffb.ee\/wp-content\/uploads\/2021\/01\/peeglid-1.png","datePublished":"2021-01-16T16:30:08+00:00","description":"Rear view mirrors for electric scooter, set of 2 rear view mirrors - left and right, suitable for Xiaomi M365 (Pro), Xiaomi 1S and Pro 2. Accessories.","breadcrumb":{"@id":"https:\/\/www.xn--tuksimaailm-ffb.ee\/en\/product\/rear-view-mirrors-for-xiaomi-pro-electric-scooter\/#breadcrumb"},"inLanguage":"en-US","potentialAction":[{"@type":"ReadAction","target":["https:\/\/www.xn--tuksimaailm-ffb.ee\/en\/product\/rear-view-mirrors-for-xiaomi-pro-electric-scooter\/"]}]},{"@type":"ImageObject","inLanguage":"en-US","@id":"https:\/\/www.xn--tuksimaailm-ffb.ee\/en\/product\/rear-view-mirrors-for-xiaomi-pro-electric-scooter\/#primaryimage","url":"https:\/\/www.xn--tuksimaailm-ffb.ee\/wp-content\/uploads\/2021\/01\/peeglid-1.png","contentUrl":"https:\/\/www.xn--tuksimaailm-ffb.ee\/wp-content\/uploads\/2021\/01\/peeglid-1.png","width":895,"height":736,"caption":"Rear view mirrors for Xiaomi Pro electric scooter"},{"@type":"BreadcrumbList","@id":"https:\/\/www.xn--tuksimaailm-ffb.ee\/en\/product\/rear-view-mirrors-for-xiaomi-pro-electric-scooter\/#breadcrumb","itemListElement":[{"@type":"ListItem","position":1,"name":"Home","item":"https:\/\/www.xn--tuksimaailm-ffb.ee\/en\/main-page\/"},{"@type":"ListItem","position":2,"name":"Shop","item":"https:\/\/www.xn--tuksimaailm-ffb.ee\/elektritoukerataste-pood\/"},{"@type":"ListItem","position":3,"name":"Rear view mirrors for Xiaomi Pro electric scooter"}]},{"@type":"WebSite","@id":"https:\/\/www.xn--tuksimaailm-ffb.ee\/en\/#website","url":"https:\/\/www.xn--tuksimaailm-ffb.ee\/en\/","name":"T\u00f5uksimaailm","description":"Elektrit\u00f5ukerataste m\u00fc\u00fck, remont ja rent","publisher":{"@id":"https:\/\/www.xn--tuksimaailm-ffb.ee\/en\/#organization"},"potentialAction":[{"@type":"SearchAction","target":{"@type":"EntryPoint","urlTemplate":"https:\/\/www.xn--tuksimaailm-ffb.ee\/en\/?s={search_term_string}"},"query-input":{"@type":"PropertyValueSpecification","valueRequired":true,"valueName":"search_term_string"}}],"inLanguage":"en-US"},{"@type":"Organization","@id":"https:\/\/www.xn--tuksimaailm-ffb.ee\/en\/#organization","name":"T\u00f5uksimaailm","url":"https:\/\/www.xn--tuksimaailm-ffb.ee\/en\/","logo":{"@type":"ImageObject","inLanguage":"en-US","@id":"https:\/\/www.xn--tuksimaailm-ffb.ee\/en\/#\/schema\/logo\/image\/","url":"https:\/\/www.xn--tuksimaailm-ffb.ee\/wp-content\/uploads\/2020\/01\/logoz-e1579792875517.png","contentUrl":"https:\/\/www.xn--tuksimaailm-ffb.ee\/wp-content\/uploads\/2020\/01\/logoz-e1579792875517.png","width":250,"height":250,"caption":"T\u00f5uksimaailm"},"image":{"@id":"https:\/\/www.xn--tuksimaailm-ffb.ee\/en\/#\/schema\/logo\/image\/"},"sameAs":["https:\/\/www.facebook.com\/touksimaailm\/","https:\/\/www.instagram.com\/touksimaailm_\/","https:\/\/www.youtube.com\/channel\/UC18ml0EKIDLP1xGuQjFzcXQ"]}]},"product_price_amount":"12.00","product_price_currency":"EUR","og_availability":"instock","product_availability":"instock","product_condition":"new"},"jetpack_sharing_enabled":true,"_links":{"self":[{"href":"https:\/\/www.xn--tuksimaailm-ffb.ee\/en\/wp-json\/wp\/v2\/product\/56798","targetHints":{"allow":["GET"]}}],"collection":[{"href":"https:\/\/www.xn--tuksimaailm-ffb.ee\/en\/wp-json\/wp\/v2\/product"}],"about":[{"href":"https:\/\/www.xn--tuksimaailm-ffb.ee\/en\/wp-json\/wp\/v2\/types\/product"}],"wp:featuredmedia":[{"embeddable":true,"href":"https:\/\/www.xn--tuksimaailm-ffb.ee\/en\/wp-json\/wp\/v2\/media\/14243"}],"wp:attachment":[{"href":"https:\/\/www.xn--tuksimaailm-ffb.ee\/en\/wp-json\/wp\/v2\/media?parent=56798"}],"wp:term":[{"taxonomy":"product_brand","embeddable":true,"href":"https:\/\/www.xn--tuksimaailm-ffb.ee\/en\/wp-json\/wp\/v2\/product_brand?post=56798"},{"taxonomy":"product_cat","embeddable":true,"href":"https:\/\/www.xn--tuksimaailm-ffb.ee\/en\/wp-json\/wp\/v2\/product_cat?post=56798"},{"taxonomy":"product_tag","embeddable":true,"href":"https:\/\/www.xn--tuksimaailm-ffb.ee\/en\/wp-json\/wp\/v2\/product_tag?post=56798"},{"taxonomy":"filter_elektritoukeratas","embeddable":true,"href":"https:\/\/www.xn--tuksimaailm-ffb.ee\/en\/wp-json\/wp\/v2\/filter_elektritoukeratas?post=56798"}],"curies":[{"name":"wp","href":"https:\/\/api.w.org\/{rel}","templated":true}]}}