{"id":56799,"date":"2021-01-16T18:42:09","date_gmt":"2021-01-16T16:42:09","guid":{"rendered":"http:\/\/www.xn--tuksimaailm-ffb.ee\/shop\/electric-scooter-handlebar-attachment-20cm-xiaomi-ninebot\/"},"modified":"2021-01-16T18:42:09","modified_gmt":"2021-01-16T15:42:09","slug":"electric-scooter-handlebar-attachment-20cm-xiaomi-ninebot","status":"publish","type":"product","link":"https:\/\/www.xn--tuksimaailm-ffb.ee\/en\/product\/electric-scooter-handlebar-attachment-20cm-xiaomi-ninebot\/","title":{"rendered":"Electric scooter handlebar attachment 20cm Xiaomi \/ Ninebot"},"content":{"rendered":"<p>Electric scooter auxiliary lens (also called auxiliary lens), lens diameter 22,2mm, length 20cm, material aluminium. The extra lens is attached to the centre of the electric pushbike's handlebar by two aluminium clamps. This allows the mounting of <a href=\"http:\/\/www.xn--tuksimaailm-ffb.ee\/tootekategooria\/lisavarustus\/\">accessories<\/a> on the electric scooter handlebar that would otherwise not fit on the handlebar. The electric scooter attachment is suitable for all electric scooters with a <b><strong>22,2mm<\/strong><\/b> lens next to the centre stem. It is also suitable for popular electric scooters <a href=\"http:\/\/www.xn--tuksimaailm-ffb.ee\/shop\/elektritouks_xiaomi-360\/\"><b><strong>Xiaomi M365<\/strong><\/b><\/a><b><strong>, <\/strong><\/b><a href=\"http:\/\/www.xn--tuksimaailm-ffb.ee\/shop\/elektriline-toukeratas-xiaomi-mi-m365-pro\/\"><b><strong>Xiaomi M365 Pro<\/strong><\/b><\/a><b><strong>, <\/strong><\/b><a href=\"https:\/\/www.mi.com\/global\/mi-electric-scooter-1S\/\"><b><strong>Xiaomi Mi 1S<\/strong><\/b><\/a><b> <\/b>and <a href=\"https:\/\/www.mi.com\/global\/mi-electric-scooter-Pro2\/\"><b><strong>Xiaomi Mi Pro 2<\/strong><\/b><\/a><b><strong>, <\/strong><\/b><a href=\"http:\/\/www.xn--tuksimaailm-ffb.ee\/shop\/elektriline-toukeratas-ninebot-max-g30\/\"><b><strong>Ninebot Max G30 <\/strong><\/b><\/a>and<a href=\"https:\/\/ee-en.segway.com\/products\/ninebot-kickscooter-max-g30le-powered-by-segway\"><b><strong> G30LE<\/strong><\/b><\/a><b><strong>.<\/strong><\/b><\/p>\n","protected":false},"excerpt":{"rendered":"<p>Electric scooter auxiliary lens (also called auxiliary lens), lens diameter 22,2mm, length 20cm, material aluminium. The extra lens is attached to the centre of the electric pushbike's handlebar by two aluminium clamps. This allows the mounting of accessories on the electric scooter handlebar that would otherwise not fit on the &hellip;<\/p>\n","protected":false},"featured_media":12801,"template":"","meta":[],"product_brand":[],"product_cat":[746],"product_tag":[],"filter_elektritoukeratas":[],"class_list":{"0":"post-56799","1":"product","2":"type-product","3":"status-publish","4":"has-post-thumbnail","6":"product_cat-accessories","7":"pa_colour-must","8":"pa_colour-punane","9":"pa_tootetuup-extra-handlebars-handlebar-extenders-and-risers","11":"first","12":"instock","13":"taxable","14":"shipping-taxable","15":"purchasable","16":"product-type-variable"},"yoast_head":"<!-- This site is optimized with the Yoast SEO Premium plugin v26.8 (Yoast SEO v27.5) - https:\/\/yoast.com\/product\/yoast-seo-premium-wordpress\/ -->\n<title>Electric scooter handlebar attachment 20cm Xiaomi \/ Ninebot | T\u00f5uksimaailm<\/title>\n<meta name=\"description\" content=\"Electric scooter attachment (also called attachment lens), diameter 22,2mm, length 20cm, aluminium. Suitable for Xiaomi M365 (Pro), 1S, Pro 2, Ninebot Max G30. Extra lenses.\" \/>\n<meta name=\"robots\" content=\"index, follow, max-snippet:-1, max-image-preview:large, max-video-preview:-1\" \/>\n<link rel=\"canonical\" href=\"https:\/\/www.xn--tuksimaailm-ffb.ee\/en\/product\/electric-scooter-handlebar-attachment-20cm-xiaomi-ninebot\/\" \/>\n<meta property=\"og:locale\" content=\"en_US\" \/>\n<meta property=\"og:type\" content=\"article\" \/>\n<meta property=\"og:title\" content=\"Electric scooter handlebar attachment 20cm Xiaomi \/ Ninebot\" \/>\n<meta property=\"og:description\" content=\"Electric scooter attachment (also called attachment lens), diameter 22,2mm, length 20cm, aluminium. Suitable for Xiaomi M365 (Pro), 1S, Pro 2, Ninebot Max G30. Extra lenses.\" \/>\n<meta property=\"og:url\" content=\"https:\/\/www.xn--tuksimaailm-ffb.ee\/en\/product\/electric-scooter-handlebar-attachment-20cm-xiaomi-ninebot\/\" \/>\n<meta property=\"og:site_name\" content=\"T\u00f5uksimaailm\" \/>\n<meta property=\"article:publisher\" content=\"https:\/\/www.facebook.com\/touksimaailm\/\" \/>\n<meta property=\"og:image\" content=\"https:\/\/www.xn--tuksimaailm-ffb.ee\/wp-content\/uploads\/2021\/01\/20cm-lisalenks-4.jpg\" \/>\n\t<meta property=\"og:image:width\" content=\"767\" \/>\n\t<meta property=\"og:image:height\" content=\"737\" \/>\n\t<meta property=\"og:image:type\" content=\"image\/jpeg\" \/>\n<meta name=\"twitter:card\" content=\"summary_large_image\" \/>\n<meta name=\"twitter:label1\" content=\"Availability\" \/>\n\t<meta name=\"twitter:data1\" content=\"In stock\" \/>\n<meta property=\"og:availability\" content=\"instock\" \/>\n<meta property=\"product:availability\" content=\"instock\" \/>\n<meta property=\"product:condition\" content=\"new\" \/>\n<!-- \/ Yoast SEO Premium plugin. -->","yoast_head_json":{"title":"Electric scooter handlebar attachment 20cm Xiaomi \/ Ninebot | T\u00f5uksimaailm","description":"Electric scooter attachment (also called attachment lens), diameter 22,2mm, length 20cm, aluminium. Suitable for Xiaomi M365 (Pro), 1S, Pro 2, Ninebot Max G30. Extra lenses.","robots":{"index":"index","follow":"follow","max-snippet":"max-snippet:-1","max-image-preview":"max-image-preview:large","max-video-preview":"max-video-preview:-1"},"canonical":"https:\/\/www.xn--tuksimaailm-ffb.ee\/en\/product\/electric-scooter-handlebar-attachment-20cm-xiaomi-ninebot\/","og_locale":"en_US","og_type":"article","og_title":"Electric scooter handlebar attachment 20cm Xiaomi \/ Ninebot","og_description":"Electric scooter attachment (also called attachment lens), diameter 22,2mm, length 20cm, aluminium. Suitable for Xiaomi M365 (Pro), 1S, Pro 2, Ninebot Max G30. Extra lenses.","og_url":"https:\/\/www.xn--tuksimaailm-ffb.ee\/en\/product\/electric-scooter-handlebar-attachment-20cm-xiaomi-ninebot\/","og_site_name":"T\u00f5uksimaailm","article_publisher":"https:\/\/www.facebook.com\/touksimaailm\/","og_image":[{"width":767,"height":737,"url":"https:\/\/www.xn--tuksimaailm-ffb.ee\/wp-content\/uploads\/2021\/01\/20cm-lisalenks-4.jpg","type":"image\/jpeg"}],"twitter_card":"summary_large_image","twitter_misc":{"Availability":"In stock"},"schema":{"@context":"https:\/\/schema.org","@graph":[{"@type":"WebPage","@id":"https:\/\/www.xn--tuksimaailm-ffb.ee\/en\/product\/electric-scooter-handlebar-attachment-20cm-xiaomi-ninebot\/","url":"https:\/\/www.xn--tuksimaailm-ffb.ee\/en\/product\/electric-scooter-handlebar-attachment-20cm-xiaomi-ninebot\/","name":"Electric scooter handlebar attachment 20cm Xiaomi \/ Ninebot | T\u00f5uksimaailm","isPartOf":{"@id":"https:\/\/www.xn--tuksimaailm-ffb.ee\/en\/#website"},"primaryImageOfPage":{"@id":"https:\/\/www.xn--tuksimaailm-ffb.ee\/en\/product\/electric-scooter-handlebar-attachment-20cm-xiaomi-ninebot\/#primaryimage"},"image":{"@id":"https:\/\/www.xn--tuksimaailm-ffb.ee\/en\/product\/electric-scooter-handlebar-attachment-20cm-xiaomi-ninebot\/#primaryimage"},"thumbnailUrl":"https:\/\/www.xn--tuksimaailm-ffb.ee\/wp-content\/uploads\/2021\/01\/20cm-lisalenks-4.jpg","datePublished":"2021-01-16T16:42:09+00:00","description":"Electric scooter attachment (also called attachment lens), diameter 22,2mm, length 20cm, aluminium. Suitable for Xiaomi M365 (Pro), 1S, Pro 2, Ninebot Max G30. Extra lenses.","breadcrumb":{"@id":"https:\/\/www.xn--tuksimaailm-ffb.ee\/en\/product\/electric-scooter-handlebar-attachment-20cm-xiaomi-ninebot\/#breadcrumb"},"inLanguage":"en-US","potentialAction":[{"@type":"ReadAction","target":["https:\/\/www.xn--tuksimaailm-ffb.ee\/en\/product\/electric-scooter-handlebar-attachment-20cm-xiaomi-ninebot\/"]}]},{"@type":"ImageObject","inLanguage":"en-US","@id":"https:\/\/www.xn--tuksimaailm-ffb.ee\/en\/product\/electric-scooter-handlebar-attachment-20cm-xiaomi-ninebot\/#primaryimage","url":"https:\/\/www.xn--tuksimaailm-ffb.ee\/wp-content\/uploads\/2021\/01\/20cm-lisalenks-4.jpg","contentUrl":"https:\/\/www.xn--tuksimaailm-ffb.ee\/wp-content\/uploads\/2021\/01\/20cm-lisalenks-4.jpg","width":767,"height":737,"caption":"Electric scooter handlebar attachment 20cm Xiaomi \/ Ninebot"},{"@type":"BreadcrumbList","@id":"https:\/\/www.xn--tuksimaailm-ffb.ee\/en\/product\/electric-scooter-handlebar-attachment-20cm-xiaomi-ninebot\/#breadcrumb","itemListElement":[{"@type":"ListItem","position":1,"name":"Home","item":"https:\/\/www.xn--tuksimaailm-ffb.ee\/en\/main-page\/"},{"@type":"ListItem","position":2,"name":"Shop","item":"https:\/\/www.xn--tuksimaailm-ffb.ee\/elektritoukerataste-pood\/"},{"@type":"ListItem","position":3,"name":"Electric scooter handlebar attachment 20cm Xiaomi \/ Ninebot"}]},{"@type":"WebSite","@id":"https:\/\/www.xn--tuksimaailm-ffb.ee\/en\/#website","url":"https:\/\/www.xn--tuksimaailm-ffb.ee\/en\/","name":"T\u00f5uksimaailm","description":"Elektrit\u00f5ukerataste m\u00fc\u00fck, remont ja rent","publisher":{"@id":"https:\/\/www.xn--tuksimaailm-ffb.ee\/en\/#organization"},"potentialAction":[{"@type":"SearchAction","target":{"@type":"EntryPoint","urlTemplate":"https:\/\/www.xn--tuksimaailm-ffb.ee\/en\/?s={search_term_string}"},"query-input":{"@type":"PropertyValueSpecification","valueRequired":true,"valueName":"search_term_string"}}],"inLanguage":"en-US"},{"@type":"Organization","@id":"https:\/\/www.xn--tuksimaailm-ffb.ee\/en\/#organization","name":"T\u00f5uksimaailm","url":"https:\/\/www.xn--tuksimaailm-ffb.ee\/en\/","logo":{"@type":"ImageObject","inLanguage":"en-US","@id":"https:\/\/www.xn--tuksimaailm-ffb.ee\/en\/#\/schema\/logo\/image\/","url":"https:\/\/www.xn--tuksimaailm-ffb.ee\/wp-content\/uploads\/2020\/01\/logoz-e1579792875517.png","contentUrl":"https:\/\/www.xn--tuksimaailm-ffb.ee\/wp-content\/uploads\/2020\/01\/logoz-e1579792875517.png","width":250,"height":250,"caption":"T\u00f5uksimaailm"},"image":{"@id":"https:\/\/www.xn--tuksimaailm-ffb.ee\/en\/#\/schema\/logo\/image\/"},"sameAs":["https:\/\/www.facebook.com\/touksimaailm\/","https:\/\/www.instagram.com\/touksimaailm_\/","https:\/\/www.youtube.com\/channel\/UC18ml0EKIDLP1xGuQjFzcXQ"]}]},"og_availability":"instock","product_availability":"instock","product_condition":"new"},"jetpack_sharing_enabled":true,"_links":{"self":[{"href":"https:\/\/www.xn--tuksimaailm-ffb.ee\/en\/wp-json\/wp\/v2\/product\/56799","targetHints":{"allow":["GET"]}}],"collection":[{"href":"https:\/\/www.xn--tuksimaailm-ffb.ee\/en\/wp-json\/wp\/v2\/product"}],"about":[{"href":"https:\/\/www.xn--tuksimaailm-ffb.ee\/en\/wp-json\/wp\/v2\/types\/product"}],"wp:featuredmedia":[{"embeddable":true,"href":"https:\/\/www.xn--tuksimaailm-ffb.ee\/en\/wp-json\/wp\/v2\/media\/12801"}],"wp:attachment":[{"href":"https:\/\/www.xn--tuksimaailm-ffb.ee\/en\/wp-json\/wp\/v2\/media?parent=56799"}],"wp:term":[{"taxonomy":"product_brand","embeddable":true,"href":"https:\/\/www.xn--tuksimaailm-ffb.ee\/en\/wp-json\/wp\/v2\/product_brand?post=56799"},{"taxonomy":"product_cat","embeddable":true,"href":"https:\/\/www.xn--tuksimaailm-ffb.ee\/en\/wp-json\/wp\/v2\/product_cat?post=56799"},{"taxonomy":"product_tag","embeddable":true,"href":"https:\/\/www.xn--tuksimaailm-ffb.ee\/en\/wp-json\/wp\/v2\/product_tag?post=56799"},{"taxonomy":"filter_elektritoukeratas","embeddable":true,"href":"https:\/\/www.xn--tuksimaailm-ffb.ee\/en\/wp-json\/wp\/v2\/filter_elektritoukeratas?post=56799"}],"curies":[{"name":"wp","href":"https:\/\/api.w.org\/{rel}","templated":true}]}}