{"id":56802,"date":"2021-01-16T19:08:14","date_gmt":"2021-01-16T17:08:14","guid":{"rendered":"http:\/\/www.xn--tuksimaailm-ffb.ee\/shop\/childrens-lens-handlebars-for-xiaomi-electric-scooter\/"},"modified":"2021-01-16T19:08:14","modified_gmt":"2021-01-16T16:08:14","slug":"childrens-lens-handlebars-for-xiaomi-electric-scooter","status":"publish","type":"product","link":"https:\/\/www.xn--tuksimaailm-ffb.ee\/en\/product\/childrens-lens-handlebars-for-xiaomi-electric-scooter\/","title":{"rendered":"Children's lens \/ handlebars for Xiaomi electric scooter"},"content":{"rendered":"<p>Children's handlebar (handlebar, handlebar - child handlebar) for electric scooter. The child's handlebar for electric scooter is suitable for the popular electric scooter<b> <\/b><a href=\"http:\/\/www.xn--tuksimaailm-ffb.ee\/shop\/elektritouks_xiaomi-360\/\"><b><strong>Xiaomi M365<\/strong><\/b><\/a><b><strong>, <\/strong><\/b><a href=\"http:\/\/www.xn--tuksimaailm-ffb.ee\/shop\/elektriline-toukeratas-xiaomi-mi-m365-pro\/\"><b><strong>M365 Pro<\/strong><\/b><\/a><b><strong>, <\/strong><\/b><a href=\"https:\/\/www.mi.com\/global\/mi-electric-scooter-1S\/\"><b><strong>Xiaomi Mi 1S<\/strong><\/b><\/a><b> <\/b>and<b> <\/b><a href=\"https:\/\/www.mi.com\/global\/mi-electric-scooter-Pro2\/\"><b><strong>Pro 2<\/strong><\/b><\/a><b><strong>.<\/strong><\/b> The child's handlebar for electric scooter allows you to ride the electric scooter with your child in a safer way, as the child can support himself\/herself on the handlebar during braking and acceleration. N.B. According to the <a href=\"https:\/\/www.riigiteataja.ee\/akt\/113112020001\">Act amending the Traffic Act<\/a> adopted on 28.10.2020, it is no longer permitted to ride a light motorbike in pairs in Estonia from 1.01.2021.<\/p>\n","protected":false},"excerpt":{"rendered":"<p>Children's handlebar (handlebar, handlebar - child handlebar) for electric scooter. The child's handlebar for electric scooter is suitable for the popular electric scooter Xiaomi M365, M365 Pro, Xiaomi Mi 1S and Pro 2. The child's handlebar for electric scooter allows you to ride the electric scooter with your child in &hellip;<\/p>\n","protected":false},"featured_media":12807,"template":"","meta":[],"product_brand":[],"product_cat":[746],"product_tag":[],"filter_elektritoukeratas":[],"class_list":{"0":"post-56802","1":"product","2":"type-product","3":"status-publish","4":"has-post-thumbnail","6":"product_cat-accessories","7":"pa_tootetuup-extra-handlebars-handlebar-extenders-and-risers","9":"first","10":"instock","11":"taxable","12":"shipping-taxable","13":"purchasable","14":"product-type-simple"},"yoast_head":"<!-- This site is optimized with the Yoast SEO Premium plugin v26.8 (Yoast SEO v27.5) - https:\/\/yoast.com\/product\/yoast-seo-premium-wordpress\/ -->\n<title>Children&#039;s lens \/ handlebars for Xiaomi electric scooter | T\u00f5uksimaailm<\/title>\n<meta name=\"description\" content=\"Children&#039;s handlebar (handlebar, handlebar, child handlebar) for electric scooter, suitable for Xiaomi M365, Xiaomi M365 Pro, Xiaomi 1S and Xiaomi Mi Pro 2. Child handlebars.\" \/>\n<meta name=\"robots\" content=\"index, follow, max-snippet:-1, max-image-preview:large, max-video-preview:-1\" \/>\n<link rel=\"canonical\" href=\"https:\/\/www.xn--tuksimaailm-ffb.ee\/en\/product\/childrens-lens-handlebars-for-xiaomi-electric-scooter\/\" \/>\n<meta property=\"og:locale\" content=\"en_US\" \/>\n<meta property=\"og:type\" content=\"article\" \/>\n<meta property=\"og:title\" content=\"Children&#039;s lens \/ handlebars for Xiaomi electric scooter\" \/>\n<meta property=\"og:description\" content=\"Children&#039;s handlebar (handlebar, handlebar, child handlebar) for electric scooter, suitable for Xiaomi M365, Xiaomi M365 Pro, Xiaomi 1S and Xiaomi Mi Pro 2. Child handlebars.\" \/>\n<meta property=\"og:url\" content=\"https:\/\/www.xn--tuksimaailm-ffb.ee\/en\/product\/childrens-lens-handlebars-for-xiaomi-electric-scooter\/\" \/>\n<meta property=\"og:site_name\" content=\"T\u00f5uksimaailm\" \/>\n<meta property=\"article:publisher\" content=\"https:\/\/www.facebook.com\/touksimaailm\/\" \/>\n<meta property=\"og:image\" content=\"https:\/\/www.xn--tuksimaailm-ffb.ee\/wp-content\/uploads\/2021\/01\/lapse-lisalenks-2.jpg\" \/>\n\t<meta property=\"og:image:width\" content=\"581\" \/>\n\t<meta property=\"og:image:height\" content=\"489\" \/>\n\t<meta property=\"og:image:type\" content=\"image\/jpeg\" \/>\n<meta name=\"twitter:card\" content=\"summary_large_image\" \/>\n<meta name=\"twitter:label1\" content=\"Price\" \/>\n\t<meta name=\"twitter:data1\" content=\"&euro;15.00\" \/>\n\t<meta name=\"twitter:label2\" content=\"Availability\" \/>\n\t<meta name=\"twitter:data2\" content=\"In stock\" \/>\n<meta property=\"product:price:amount\" content=\"15.00\" \/>\n<meta property=\"product:price:currency\" content=\"EUR\" \/>\n<meta property=\"og:availability\" content=\"instock\" \/>\n<meta property=\"product:availability\" content=\"instock\" \/>\n<meta property=\"product:condition\" content=\"new\" \/>\n<!-- \/ Yoast SEO Premium plugin. -->","yoast_head_json":{"title":"Children's lens \/ handlebars for Xiaomi electric scooter | T\u00f5uksimaailm","description":"Children's handlebar (handlebar, handlebar, child handlebar) for electric scooter, suitable for Xiaomi M365, Xiaomi M365 Pro, Xiaomi 1S and Xiaomi Mi Pro 2. Child handlebars.","robots":{"index":"index","follow":"follow","max-snippet":"max-snippet:-1","max-image-preview":"max-image-preview:large","max-video-preview":"max-video-preview:-1"},"canonical":"https:\/\/www.xn--tuksimaailm-ffb.ee\/en\/product\/childrens-lens-handlebars-for-xiaomi-electric-scooter\/","og_locale":"en_US","og_type":"article","og_title":"Children's lens \/ handlebars for Xiaomi electric scooter","og_description":"Children's handlebar (handlebar, handlebar, child handlebar) for electric scooter, suitable for Xiaomi M365, Xiaomi M365 Pro, Xiaomi 1S and Xiaomi Mi Pro 2. Child handlebars.","og_url":"https:\/\/www.xn--tuksimaailm-ffb.ee\/en\/product\/childrens-lens-handlebars-for-xiaomi-electric-scooter\/","og_site_name":"T\u00f5uksimaailm","article_publisher":"https:\/\/www.facebook.com\/touksimaailm\/","og_image":[{"width":581,"height":489,"url":"https:\/\/www.xn--tuksimaailm-ffb.ee\/wp-content\/uploads\/2021\/01\/lapse-lisalenks-2.jpg","type":"image\/jpeg"}],"twitter_card":"summary_large_image","twitter_misc":{"Price":"&euro;15.00","Availability":"In stock"},"schema":{"@context":"https:\/\/schema.org","@graph":[{"@type":"WebPage","@id":"https:\/\/www.xn--tuksimaailm-ffb.ee\/en\/product\/childrens-lens-handlebars-for-xiaomi-electric-scooter\/","url":"https:\/\/www.xn--tuksimaailm-ffb.ee\/en\/product\/childrens-lens-handlebars-for-xiaomi-electric-scooter\/","name":"Children's lens \/ handlebars for Xiaomi electric scooter | T\u00f5uksimaailm","isPartOf":{"@id":"https:\/\/www.xn--tuksimaailm-ffb.ee\/en\/#website"},"primaryImageOfPage":{"@id":"https:\/\/www.xn--tuksimaailm-ffb.ee\/en\/product\/childrens-lens-handlebars-for-xiaomi-electric-scooter\/#primaryimage"},"image":{"@id":"https:\/\/www.xn--tuksimaailm-ffb.ee\/en\/product\/childrens-lens-handlebars-for-xiaomi-electric-scooter\/#primaryimage"},"thumbnailUrl":"https:\/\/www.xn--tuksimaailm-ffb.ee\/wp-content\/uploads\/2021\/01\/lapse-lisalenks-2.jpg","datePublished":"2021-01-16T17:08:14+00:00","description":"Children's handlebar (handlebar, handlebar, child handlebar) for electric scooter, suitable for Xiaomi M365, Xiaomi M365 Pro, Xiaomi 1S and Xiaomi Mi Pro 2. Child handlebars.","breadcrumb":{"@id":"https:\/\/www.xn--tuksimaailm-ffb.ee\/en\/product\/childrens-lens-handlebars-for-xiaomi-electric-scooter\/#breadcrumb"},"inLanguage":"en-US","potentialAction":[{"@type":"ReadAction","target":["https:\/\/www.xn--tuksimaailm-ffb.ee\/en\/product\/childrens-lens-handlebars-for-xiaomi-electric-scooter\/"]}]},{"@type":"ImageObject","inLanguage":"en-US","@id":"https:\/\/www.xn--tuksimaailm-ffb.ee\/en\/product\/childrens-lens-handlebars-for-xiaomi-electric-scooter\/#primaryimage","url":"https:\/\/www.xn--tuksimaailm-ffb.ee\/wp-content\/uploads\/2021\/01\/lapse-lisalenks-2.jpg","contentUrl":"https:\/\/www.xn--tuksimaailm-ffb.ee\/wp-content\/uploads\/2021\/01\/lapse-lisalenks-2.jpg","width":581,"height":489,"caption":"Children's lens \/ handlebars for Xiaomi electric scooter"},{"@type":"BreadcrumbList","@id":"https:\/\/www.xn--tuksimaailm-ffb.ee\/en\/product\/childrens-lens-handlebars-for-xiaomi-electric-scooter\/#breadcrumb","itemListElement":[{"@type":"ListItem","position":1,"name":"Home","item":"https:\/\/www.xn--tuksimaailm-ffb.ee\/en\/main-page\/"},{"@type":"ListItem","position":2,"name":"Shop","item":"https:\/\/www.xn--tuksimaailm-ffb.ee\/elektritoukerataste-pood\/"},{"@type":"ListItem","position":3,"name":"Children's lens \/ handlebars for Xiaomi electric scooter"}]},{"@type":"WebSite","@id":"https:\/\/www.xn--tuksimaailm-ffb.ee\/en\/#website","url":"https:\/\/www.xn--tuksimaailm-ffb.ee\/en\/","name":"T\u00f5uksimaailm","description":"Elektrit\u00f5ukerataste m\u00fc\u00fck, remont ja rent","publisher":{"@id":"https:\/\/www.xn--tuksimaailm-ffb.ee\/en\/#organization"},"potentialAction":[{"@type":"SearchAction","target":{"@type":"EntryPoint","urlTemplate":"https:\/\/www.xn--tuksimaailm-ffb.ee\/en\/?s={search_term_string}"},"query-input":{"@type":"PropertyValueSpecification","valueRequired":true,"valueName":"search_term_string"}}],"inLanguage":"en-US"},{"@type":"Organization","@id":"https:\/\/www.xn--tuksimaailm-ffb.ee\/en\/#organization","name":"T\u00f5uksimaailm","url":"https:\/\/www.xn--tuksimaailm-ffb.ee\/en\/","logo":{"@type":"ImageObject","inLanguage":"en-US","@id":"https:\/\/www.xn--tuksimaailm-ffb.ee\/en\/#\/schema\/logo\/image\/","url":"https:\/\/www.xn--tuksimaailm-ffb.ee\/wp-content\/uploads\/2020\/01\/logoz-e1579792875517.png","contentUrl":"https:\/\/www.xn--tuksimaailm-ffb.ee\/wp-content\/uploads\/2020\/01\/logoz-e1579792875517.png","width":250,"height":250,"caption":"T\u00f5uksimaailm"},"image":{"@id":"https:\/\/www.xn--tuksimaailm-ffb.ee\/en\/#\/schema\/logo\/image\/"},"sameAs":["https:\/\/www.facebook.com\/touksimaailm\/","https:\/\/www.instagram.com\/touksimaailm_\/","https:\/\/www.youtube.com\/channel\/UC18ml0EKIDLP1xGuQjFzcXQ"]}]},"product_price_amount":"15.00","product_price_currency":"EUR","og_availability":"instock","product_availability":"instock","product_condition":"new"},"jetpack_sharing_enabled":true,"_links":{"self":[{"href":"https:\/\/www.xn--tuksimaailm-ffb.ee\/en\/wp-json\/wp\/v2\/product\/56802","targetHints":{"allow":["GET"]}}],"collection":[{"href":"https:\/\/www.xn--tuksimaailm-ffb.ee\/en\/wp-json\/wp\/v2\/product"}],"about":[{"href":"https:\/\/www.xn--tuksimaailm-ffb.ee\/en\/wp-json\/wp\/v2\/types\/product"}],"wp:featuredmedia":[{"embeddable":true,"href":"https:\/\/www.xn--tuksimaailm-ffb.ee\/en\/wp-json\/wp\/v2\/media\/12807"}],"wp:attachment":[{"href":"https:\/\/www.xn--tuksimaailm-ffb.ee\/en\/wp-json\/wp\/v2\/media?parent=56802"}],"wp:term":[{"taxonomy":"product_brand","embeddable":true,"href":"https:\/\/www.xn--tuksimaailm-ffb.ee\/en\/wp-json\/wp\/v2\/product_brand?post=56802"},{"taxonomy":"product_cat","embeddable":true,"href":"https:\/\/www.xn--tuksimaailm-ffb.ee\/en\/wp-json\/wp\/v2\/product_cat?post=56802"},{"taxonomy":"product_tag","embeddable":true,"href":"https:\/\/www.xn--tuksimaailm-ffb.ee\/en\/wp-json\/wp\/v2\/product_tag?post=56802"},{"taxonomy":"filter_elektritoukeratas","embeddable":true,"href":"https:\/\/www.xn--tuksimaailm-ffb.ee\/en\/wp-json\/wp\/v2\/filter_elektritoukeratas?post=56802"}],"curies":[{"name":"wp","href":"https:\/\/api.w.org\/{rel}","templated":true}]}}