{"id":56881,"date":"2021-01-17T14:18:39","date_gmt":"2021-01-17T12:18:39","guid":{"rendered":"http:\/\/www.xn--tuksimaailm-ffb.ee\/shop\/segway-ninebot-signal-bell-at-31-8mm-es4-e22e\/"},"modified":"2025-02-06T15:41:41","modified_gmt":"2025-02-06T12:41:41","slug":"segway-ninebot-signal-bell-at-31-8mm-es4-e22e","status":"publish","type":"product","link":"https:\/\/www.xn--tuksimaailm-ffb.ee\/en\/product\/segway-ninebot-signal-bell-at-31-8mm-es4-e22e\/","title":{"rendered":"Segway Ninebot signal bell at 31.8mm ES4 E22E"},"content":{"rendered":"<p>Segway Ninebot Signal Clock - Clock mount diameter is <b><strong>31,8mm.<\/strong><\/b> This makes it suitable for the Ninebot ES series of electric scooters and also for all bicycles with 31.8mm diameter handlebars.<\/p>\n<p>The Segway Ninebot signal bell is ideal for the popular <a href=\"https:\/\/ee-en.segway.com\/products\/ninebot-by-segway-kickscooter-es1\"><b><strong>Ninebot ES1<\/strong><\/b><\/a><b><strong>, <\/strong><\/b><a href=\"https:\/\/ee-en.segway.com\/products\/ninebot-by-segway-kickscooter-es2\"><b><strong>ES2<\/strong><\/b><\/a><b><strong>, ES3 and ES4 <\/strong><\/b>and<b> <\/b> Ninebot<a href=\"https:\/\/ee-en.segway.com\/products\/ninebot-kickscooter-e22e-powered-by-segway\"><b><strong>E22E<\/strong><\/b><\/a><b><strong>, <\/strong><\/b><a href=\"https:\/\/ee-en.segway.com\/products\/ninebot-kickscooter-e25e-powered-by-segway\"><b><strong>E25E<\/strong><\/b><\/a><b><strong>, <\/strong><\/b><a href=\"https:\/\/ee-en.segway.com\/products\/ninebot-kickscooter-e45e-powered-by-segway\"><b><strong>E45E<\/strong><\/b><\/a><b><strong>.<\/strong><\/b> Alternatively, we also offer <a href=\"http:\/\/www.xn--tuksimaailm-ffb.ee\/shop\/kell-elektrilisele-toukerattale-varviline-alumiinium\/\"><b><strong>a stylish clock<\/strong><\/b><\/a> for the Ninebot.<\/p>\n","protected":false},"excerpt":{"rendered":"<p>Segway Ninebot Signal Clock - Clock mount diameter is 31,8mm. This makes it suitable for the Ninebot ES series of electric scooters and also for all bicycles with 31.8mm diameter handlebars. The Segway Ninebot signal bell is ideal for the popular Ninebot ES1, ES2, ES3 and ES4 and NinebotE22E, E25E, &hellip;<\/p>\n","protected":false},"featured_media":12865,"template":"","meta":[],"product_brand":[],"product_cat":[746,726],"product_tag":[3304,3384],"filter_elektritoukeratas":[2636,2635],"class_list":{"0":"post-56881","1":"product","2":"type-product","3":"status-publish","4":"has-post-thumbnail","6":"product_cat-accessories","7":"product_cat-spare-parts","8":"product_tag-segway-ninebot-spare-parts","9":"product_tag-signal-bells","10":"pa_colour-blue-white","11":"pa_colour-punane","12":"pa_colour-yellow-red","13":"pa_tootetuup-signal-bells","14":"filter_elektritoukeratas-ft_segway_ninebot_e22e_e35e_e45e","15":"filter_elektritoukeratas-ft_segway_ninebot_es1_es2_es4","17":"first","18":"instock","19":"taxable","20":"shipping-taxable","21":"purchasable","22":"product-type-simple"},"yoast_head":"<!-- This site is optimized with the Yoast SEO Premium plugin v26.8 (Yoast SEO v27.5) - https:\/\/yoast.com\/product\/yoast-seo-premium-wordpress\/ -->\n<title>Segway Ninebot signal bell at 31.8mm ES4 E22E | T\u00f5uksimaailm<\/title>\n<meta name=\"description\" content=\"Segway Ninebot signal clock, diameter 31,8mm, for Ninebot ES electric scooter - ES1, ES2, ES3, ES4 and E22E, E25E, E45E, bicycles. Spare parts and accessories.\" \/>\n<meta name=\"robots\" content=\"index, follow, max-snippet:-1, max-image-preview:large, max-video-preview:-1\" \/>\n<link rel=\"canonical\" href=\"https:\/\/www.xn--tuksimaailm-ffb.ee\/en\/product\/segway-ninebot-signal-bell-at-31-8mm-es4-e22e\/\" \/>\n<meta property=\"og:locale\" content=\"en_US\" \/>\n<meta property=\"og:type\" content=\"article\" \/>\n<meta property=\"og:title\" content=\"Segway Ninebot signal bell at 31.8mm ES4 E22E\" \/>\n<meta property=\"og:description\" content=\"Segway Ninebot signal clock, diameter 31,8mm, for Ninebot ES electric scooter - ES1, ES2, ES3, ES4 and E22E, E25E, E45E, bicycles. Spare parts and accessories.\" \/>\n<meta property=\"og:url\" content=\"https:\/\/www.xn--tuksimaailm-ffb.ee\/en\/product\/segway-ninebot-signal-bell-at-31-8mm-es4-e22e\/\" \/>\n<meta property=\"og:site_name\" content=\"T\u00f5uksimaailm\" \/>\n<meta property=\"article:publisher\" content=\"https:\/\/www.facebook.com\/touksimaailm\/\" \/>\n<meta property=\"article:modified_time\" content=\"2025-02-06T12:41:41+00:00\" \/>\n<meta property=\"og:image\" content=\"https:\/\/www.xn--tuksimaailm-ffb.ee\/wp-content\/uploads\/2021\/01\/318mm-kell.jpg\" \/>\n\t<meta property=\"og:image:width\" content=\"319\" \/>\n\t<meta property=\"og:image:height\" content=\"281\" \/>\n\t<meta property=\"og:image:type\" content=\"image\/jpeg\" \/>\n<meta name=\"twitter:card\" content=\"summary_large_image\" \/>\n<meta name=\"twitter:label1\" content=\"Price\" \/>\n\t<meta name=\"twitter:data1\" content=\"&euro;7.50\" \/>\n\t<meta name=\"twitter:label2\" content=\"Availability\" \/>\n\t<meta name=\"twitter:data2\" content=\"In stock\" \/>\n<meta property=\"product:price:amount\" content=\"7.50\" \/>\n<meta property=\"product:price:currency\" content=\"EUR\" \/>\n<meta property=\"og:availability\" content=\"instock\" \/>\n<meta property=\"product:availability\" content=\"instock\" \/>\n<meta property=\"product:retailer_item_id\" content=\"KELL-SEGWAY-ES\" \/>\n<meta property=\"product:condition\" content=\"new\" \/>\n<!-- \/ Yoast SEO Premium plugin. -->","yoast_head_json":{"title":"Segway Ninebot signal bell at 31.8mm ES4 E22E | T\u00f5uksimaailm","description":"Segway Ninebot signal clock, diameter 31,8mm, for Ninebot ES electric scooter - ES1, ES2, ES3, ES4 and E22E, E25E, E45E, bicycles. Spare parts and accessories.","robots":{"index":"index","follow":"follow","max-snippet":"max-snippet:-1","max-image-preview":"max-image-preview:large","max-video-preview":"max-video-preview:-1"},"canonical":"https:\/\/www.xn--tuksimaailm-ffb.ee\/en\/product\/segway-ninebot-signal-bell-at-31-8mm-es4-e22e\/","og_locale":"en_US","og_type":"article","og_title":"Segway Ninebot signal bell at 31.8mm ES4 E22E","og_description":"Segway Ninebot signal clock, diameter 31,8mm, for Ninebot ES electric scooter - ES1, ES2, ES3, ES4 and E22E, E25E, E45E, bicycles. Spare parts and accessories.","og_url":"https:\/\/www.xn--tuksimaailm-ffb.ee\/en\/product\/segway-ninebot-signal-bell-at-31-8mm-es4-e22e\/","og_site_name":"T\u00f5uksimaailm","article_publisher":"https:\/\/www.facebook.com\/touksimaailm\/","article_modified_time":"2025-02-06T12:41:41+00:00","og_image":[{"width":319,"height":281,"url":"https:\/\/www.xn--tuksimaailm-ffb.ee\/wp-content\/uploads\/2021\/01\/318mm-kell.jpg","type":"image\/jpeg"}],"twitter_card":"summary_large_image","twitter_misc":{"Price":"&euro;7.50","Availability":"In stock"},"schema":{"@context":"https:\/\/schema.org","@graph":[{"@type":"WebPage","@id":"https:\/\/www.xn--tuksimaailm-ffb.ee\/en\/product\/segway-ninebot-signal-bell-at-31-8mm-es4-e22e\/","url":"https:\/\/www.xn--tuksimaailm-ffb.ee\/en\/product\/segway-ninebot-signal-bell-at-31-8mm-es4-e22e\/","name":"Segway Ninebot signal bell at 31.8mm ES4 E22E | T\u00f5uksimaailm","isPartOf":{"@id":"https:\/\/www.xn--tuksimaailm-ffb.ee\/en\/#website"},"primaryImageOfPage":{"@id":"https:\/\/www.xn--tuksimaailm-ffb.ee\/en\/product\/segway-ninebot-signal-bell-at-31-8mm-es4-e22e\/#primaryimage"},"image":{"@id":"https:\/\/www.xn--tuksimaailm-ffb.ee\/en\/product\/segway-ninebot-signal-bell-at-31-8mm-es4-e22e\/#primaryimage"},"thumbnailUrl":"https:\/\/www.xn--tuksimaailm-ffb.ee\/wp-content\/uploads\/2021\/01\/318mm-kell.jpg","datePublished":"2021-01-17T12:18:39+00:00","dateModified":"2025-02-06T12:41:41+00:00","description":"Segway Ninebot signal clock, diameter 31,8mm, for Ninebot ES electric scooter - ES1, ES2, ES3, ES4 and E22E, E25E, E45E, bicycles. Spare parts and accessories.","breadcrumb":{"@id":"https:\/\/www.xn--tuksimaailm-ffb.ee\/en\/product\/segway-ninebot-signal-bell-at-31-8mm-es4-e22e\/#breadcrumb"},"inLanguage":"en-US","potentialAction":[{"@type":"ReadAction","target":["https:\/\/www.xn--tuksimaailm-ffb.ee\/en\/product\/segway-ninebot-signal-bell-at-31-8mm-es4-e22e\/"]}]},{"@type":"ImageObject","inLanguage":"en-US","@id":"https:\/\/www.xn--tuksimaailm-ffb.ee\/en\/product\/segway-ninebot-signal-bell-at-31-8mm-es4-e22e\/#primaryimage","url":"https:\/\/www.xn--tuksimaailm-ffb.ee\/wp-content\/uploads\/2021\/01\/318mm-kell.jpg","contentUrl":"https:\/\/www.xn--tuksimaailm-ffb.ee\/wp-content\/uploads\/2021\/01\/318mm-kell.jpg","width":319,"height":281,"caption":"Segway Ninebot signal bell at 31.8mm ES4 E22E"},{"@type":"BreadcrumbList","@id":"https:\/\/www.xn--tuksimaailm-ffb.ee\/en\/product\/segway-ninebot-signal-bell-at-31-8mm-es4-e22e\/#breadcrumb","itemListElement":[{"@type":"ListItem","position":1,"name":"Home","item":"https:\/\/www.xn--tuksimaailm-ffb.ee\/en\/main-page\/"},{"@type":"ListItem","position":2,"name":"Shop","item":"https:\/\/www.xn--tuksimaailm-ffb.ee\/elektritoukerataste-pood\/"},{"@type":"ListItem","position":3,"name":"Segway Ninebot signal bell at 31.8mm ES4 E22E"}]},{"@type":"WebSite","@id":"https:\/\/www.xn--tuksimaailm-ffb.ee\/en\/#website","url":"https:\/\/www.xn--tuksimaailm-ffb.ee\/en\/","name":"T\u00f5uksimaailm","description":"Elektrit\u00f5ukerataste m\u00fc\u00fck, remont ja rent","publisher":{"@id":"https:\/\/www.xn--tuksimaailm-ffb.ee\/en\/#organization"},"potentialAction":[{"@type":"SearchAction","target":{"@type":"EntryPoint","urlTemplate":"https:\/\/www.xn--tuksimaailm-ffb.ee\/en\/?s={search_term_string}"},"query-input":{"@type":"PropertyValueSpecification","valueRequired":true,"valueName":"search_term_string"}}],"inLanguage":"en-US"},{"@type":"Organization","@id":"https:\/\/www.xn--tuksimaailm-ffb.ee\/en\/#organization","name":"T\u00f5uksimaailm","url":"https:\/\/www.xn--tuksimaailm-ffb.ee\/en\/","logo":{"@type":"ImageObject","inLanguage":"en-US","@id":"https:\/\/www.xn--tuksimaailm-ffb.ee\/en\/#\/schema\/logo\/image\/","url":"https:\/\/www.xn--tuksimaailm-ffb.ee\/wp-content\/uploads\/2020\/01\/logoz-e1579792875517.png","contentUrl":"https:\/\/www.xn--tuksimaailm-ffb.ee\/wp-content\/uploads\/2020\/01\/logoz-e1579792875517.png","width":250,"height":250,"caption":"T\u00f5uksimaailm"},"image":{"@id":"https:\/\/www.xn--tuksimaailm-ffb.ee\/en\/#\/schema\/logo\/image\/"},"sameAs":["https:\/\/www.facebook.com\/touksimaailm\/","https:\/\/www.instagram.com\/touksimaailm_\/","https:\/\/www.youtube.com\/channel\/UC18ml0EKIDLP1xGuQjFzcXQ"]}]},"product_price_amount":"7.50","product_price_currency":"EUR","og_availability":"instock","product_availability":"instock","product_retailer_item_id":"KELL-SEGWAY-ES","product_condition":"new"},"jetpack_sharing_enabled":true,"_links":{"self":[{"href":"https:\/\/www.xn--tuksimaailm-ffb.ee\/en\/wp-json\/wp\/v2\/product\/56881","targetHints":{"allow":["GET"]}}],"collection":[{"href":"https:\/\/www.xn--tuksimaailm-ffb.ee\/en\/wp-json\/wp\/v2\/product"}],"about":[{"href":"https:\/\/www.xn--tuksimaailm-ffb.ee\/en\/wp-json\/wp\/v2\/types\/product"}],"wp:featuredmedia":[{"embeddable":true,"href":"https:\/\/www.xn--tuksimaailm-ffb.ee\/en\/wp-json\/wp\/v2\/media\/12865"}],"wp:attachment":[{"href":"https:\/\/www.xn--tuksimaailm-ffb.ee\/en\/wp-json\/wp\/v2\/media?parent=56881"}],"wp:term":[{"taxonomy":"product_brand","embeddable":true,"href":"https:\/\/www.xn--tuksimaailm-ffb.ee\/en\/wp-json\/wp\/v2\/product_brand?post=56881"},{"taxonomy":"product_cat","embeddable":true,"href":"https:\/\/www.xn--tuksimaailm-ffb.ee\/en\/wp-json\/wp\/v2\/product_cat?post=56881"},{"taxonomy":"product_tag","embeddable":true,"href":"https:\/\/www.xn--tuksimaailm-ffb.ee\/en\/wp-json\/wp\/v2\/product_tag?post=56881"},{"taxonomy":"filter_elektritoukeratas","embeddable":true,"href":"https:\/\/www.xn--tuksimaailm-ffb.ee\/en\/wp-json\/wp\/v2\/filter_elektritoukeratas?post=56881"}],"curies":[{"name":"wp","href":"https:\/\/api.w.org\/{rel}","templated":true}]}}