{"id":56896,"date":"2021-01-17T16:51:54","date_gmt":"2021-01-17T14:51:54","guid":{"rendered":"http:\/\/www.xn--tuksimaailm-ffb.ee\/shop\/electric-signal-for-electric-scooter-for-bicycle\/"},"modified":"2021-01-17T16:51:54","modified_gmt":"2021-01-17T13:51:54","slug":"electric-signal-for-electric-scooter-for-bicycle","status":"publish","type":"product","link":"https:\/\/www.xn--tuksimaailm-ffb.ee\/en\/product\/electric-signal-for-electric-scooter-for-bicycle\/","title":{"rendered":"Electric signal for electric scooter for bicycle"},"content":{"rendered":"<p>Electric signal <a href=\"http:\/\/www.xn--tuksimaailm-ffb.ee\/tootekategooria\/elektritoukeratas\/\">for electric scooter<\/a> or bicycle, with adjustable mounting allowing the signal to be mounted on <b><strong>22mm<\/strong><\/b> and <b><strong>31,8mm<\/strong><\/b> diameter lenses. The electric scooter or bicycle signal is powered by a <b><strong>280mAh <\/strong><\/b>capacity battery and produces a <b><strong>50-100dB<\/strong><\/b> loud audible signal with adjustable loudness. The signal can be recharged via the <b><strong>USB port<\/strong><\/b> and takes approximately <b><strong>1.2 hours<\/strong><\/b> to charge from 0-100%. The signal housing is <b><strong>waterproof (IP65)<\/strong><\/b>, <b><strong>dustproof<\/strong><\/b> and <b><strong>drop resistant<\/strong><\/b>.<\/p>\n","protected":false},"excerpt":{"rendered":"<p>Electric signal for electric scooter or bicycle, with adjustable mounting allowing the signal to be mounted on 22mm and 31,8mm diameter lenses. The electric scooter or bicycle signal is powered by a 280mAh capacity battery and produces a 50-100dB loud audible signal with adjustable loudness. The signal can be recharged &hellip;<\/p>\n","protected":false},"featured_media":12875,"template":"","meta":[],"product_brand":[],"product_cat":[746],"product_tag":[3384],"filter_elektritoukeratas":[],"class_list":{"0":"post-56896","1":"product","2":"type-product","3":"status-publish","4":"has-post-thumbnail","6":"product_cat-accessories","7":"product_tag-signal-bells","8":"pa_colour-must","9":"pa_colour-punane","10":"pa_colour-valge","11":"pa_tootetuup-signal-bells","13":"first","14":"instock","15":"taxable","16":"shipping-taxable","17":"purchasable","18":"product-type-simple"},"yoast_head":"<!-- This site is optimized with the Yoast SEO Premium plugin v26.8 (Yoast SEO v27.5) - https:\/\/yoast.com\/product\/yoast-seo-premium-wordpress\/ -->\n<title>Electric signal for electric scooter for bicycle | T\u00f5uksimaailm<\/title>\n<meta name=\"description\" content=\"Electric signal for electric scooter or bicycle, with adjustable mounting allowing the signal to be mounted on 22mm and 31,8mm lenses.\" \/>\n<meta name=\"robots\" content=\"index, follow, max-snippet:-1, max-image-preview:large, max-video-preview:-1\" \/>\n<link rel=\"canonical\" href=\"https:\/\/www.xn--tuksimaailm-ffb.ee\/en\/product\/electric-signal-for-electric-scooter-for-bicycle\/\" \/>\n<meta property=\"og:locale\" content=\"en_US\" \/>\n<meta property=\"og:type\" content=\"article\" \/>\n<meta property=\"og:title\" content=\"Electric signal for electric scooter for bicycle\" \/>\n<meta property=\"og:description\" content=\"Electric signal for electric scooter or bicycle, with adjustable mounting allowing the signal to be mounted on 22mm and 31,8mm lenses.\" \/>\n<meta property=\"og:url\" content=\"https:\/\/www.xn--tuksimaailm-ffb.ee\/en\/product\/electric-signal-for-electric-scooter-for-bicycle\/\" \/>\n<meta property=\"og:site_name\" content=\"T\u00f5uksimaailm\" \/>\n<meta property=\"article:publisher\" content=\"https:\/\/www.facebook.com\/touksimaailm\/\" \/>\n<meta property=\"og:image\" content=\"https:\/\/www.xn--tuksimaailm-ffb.ee\/wp-content\/uploads\/2021\/01\/elektrikell.jpg\" \/>\n\t<meta property=\"og:image:width\" content=\"552\" \/>\n\t<meta property=\"og:image:height\" content=\"473\" \/>\n\t<meta property=\"og:image:type\" content=\"image\/jpeg\" \/>\n<meta name=\"twitter:card\" content=\"summary_large_image\" \/>\n<meta name=\"twitter:label1\" content=\"Price\" \/>\n\t<meta name=\"twitter:data1\" content=\"&euro;18.00\" \/>\n\t<meta name=\"twitter:label2\" content=\"Availability\" \/>\n\t<meta name=\"twitter:data2\" content=\"In stock\" \/>\n<meta property=\"product:price:amount\" content=\"18.00\" \/>\n<meta property=\"product:price:currency\" content=\"EUR\" \/>\n<meta property=\"og:availability\" content=\"instock\" \/>\n<meta property=\"product:availability\" content=\"instock\" \/>\n<meta property=\"product:retailer_item_id\" content=\"KELL-ELEKTRILINE\" \/>\n<meta property=\"product:condition\" content=\"new\" \/>\n<!-- \/ Yoast SEO Premium plugin. -->","yoast_head_json":{"title":"Electric signal for electric scooter for bicycle | T\u00f5uksimaailm","description":"Electric signal for electric scooter or bicycle, with adjustable mounting allowing the signal to be mounted on 22mm and 31,8mm lenses.","robots":{"index":"index","follow":"follow","max-snippet":"max-snippet:-1","max-image-preview":"max-image-preview:large","max-video-preview":"max-video-preview:-1"},"canonical":"https:\/\/www.xn--tuksimaailm-ffb.ee\/en\/product\/electric-signal-for-electric-scooter-for-bicycle\/","og_locale":"en_US","og_type":"article","og_title":"Electric signal for electric scooter for bicycle","og_description":"Electric signal for electric scooter or bicycle, with adjustable mounting allowing the signal to be mounted on 22mm and 31,8mm lenses.","og_url":"https:\/\/www.xn--tuksimaailm-ffb.ee\/en\/product\/electric-signal-for-electric-scooter-for-bicycle\/","og_site_name":"T\u00f5uksimaailm","article_publisher":"https:\/\/www.facebook.com\/touksimaailm\/","og_image":[{"width":552,"height":473,"url":"https:\/\/www.xn--tuksimaailm-ffb.ee\/wp-content\/uploads\/2021\/01\/elektrikell.jpg","type":"image\/jpeg"}],"twitter_card":"summary_large_image","twitter_misc":{"Price":"&euro;18.00","Availability":"In stock"},"schema":{"@context":"https:\/\/schema.org","@graph":[{"@type":"WebPage","@id":"https:\/\/www.xn--tuksimaailm-ffb.ee\/en\/product\/electric-signal-for-electric-scooter-for-bicycle\/","url":"https:\/\/www.xn--tuksimaailm-ffb.ee\/en\/product\/electric-signal-for-electric-scooter-for-bicycle\/","name":"Electric signal for electric scooter for bicycle | T\u00f5uksimaailm","isPartOf":{"@id":"https:\/\/www.xn--tuksimaailm-ffb.ee\/en\/#website"},"primaryImageOfPage":{"@id":"https:\/\/www.xn--tuksimaailm-ffb.ee\/en\/product\/electric-signal-for-electric-scooter-for-bicycle\/#primaryimage"},"image":{"@id":"https:\/\/www.xn--tuksimaailm-ffb.ee\/en\/product\/electric-signal-for-electric-scooter-for-bicycle\/#primaryimage"},"thumbnailUrl":"https:\/\/www.xn--tuksimaailm-ffb.ee\/wp-content\/uploads\/2021\/01\/elektrikell.jpg","datePublished":"2021-01-17T14:51:54+00:00","description":"Electric signal for electric scooter or bicycle, with adjustable mounting allowing the signal to be mounted on 22mm and 31,8mm lenses.","breadcrumb":{"@id":"https:\/\/www.xn--tuksimaailm-ffb.ee\/en\/product\/electric-signal-for-electric-scooter-for-bicycle\/#breadcrumb"},"inLanguage":"en-US","potentialAction":[{"@type":"ReadAction","target":["https:\/\/www.xn--tuksimaailm-ffb.ee\/en\/product\/electric-signal-for-electric-scooter-for-bicycle\/"]}]},{"@type":"ImageObject","inLanguage":"en-US","@id":"https:\/\/www.xn--tuksimaailm-ffb.ee\/en\/product\/electric-signal-for-electric-scooter-for-bicycle\/#primaryimage","url":"https:\/\/www.xn--tuksimaailm-ffb.ee\/wp-content\/uploads\/2021\/01\/elektrikell.jpg","contentUrl":"https:\/\/www.xn--tuksimaailm-ffb.ee\/wp-content\/uploads\/2021\/01\/elektrikell.jpg","width":552,"height":473,"caption":"Electric signal for electric scooter for bicycle"},{"@type":"BreadcrumbList","@id":"https:\/\/www.xn--tuksimaailm-ffb.ee\/en\/product\/electric-signal-for-electric-scooter-for-bicycle\/#breadcrumb","itemListElement":[{"@type":"ListItem","position":1,"name":"Home","item":"https:\/\/www.xn--tuksimaailm-ffb.ee\/en\/main-page\/"},{"@type":"ListItem","position":2,"name":"Shop","item":"https:\/\/www.xn--tuksimaailm-ffb.ee\/elektritoukerataste-pood\/"},{"@type":"ListItem","position":3,"name":"Electric signal for electric scooter for bicycle"}]},{"@type":"WebSite","@id":"https:\/\/www.xn--tuksimaailm-ffb.ee\/en\/#website","url":"https:\/\/www.xn--tuksimaailm-ffb.ee\/en\/","name":"T\u00f5uksimaailm","description":"Elektrit\u00f5ukerataste m\u00fc\u00fck, remont ja rent","publisher":{"@id":"https:\/\/www.xn--tuksimaailm-ffb.ee\/en\/#organization"},"potentialAction":[{"@type":"SearchAction","target":{"@type":"EntryPoint","urlTemplate":"https:\/\/www.xn--tuksimaailm-ffb.ee\/en\/?s={search_term_string}"},"query-input":{"@type":"PropertyValueSpecification","valueRequired":true,"valueName":"search_term_string"}}],"inLanguage":"en-US"},{"@type":"Organization","@id":"https:\/\/www.xn--tuksimaailm-ffb.ee\/en\/#organization","name":"T\u00f5uksimaailm","url":"https:\/\/www.xn--tuksimaailm-ffb.ee\/en\/","logo":{"@type":"ImageObject","inLanguage":"en-US","@id":"https:\/\/www.xn--tuksimaailm-ffb.ee\/en\/#\/schema\/logo\/image\/","url":"https:\/\/www.xn--tuksimaailm-ffb.ee\/wp-content\/uploads\/2020\/01\/logoz-e1579792875517.png","contentUrl":"https:\/\/www.xn--tuksimaailm-ffb.ee\/wp-content\/uploads\/2020\/01\/logoz-e1579792875517.png","width":250,"height":250,"caption":"T\u00f5uksimaailm"},"image":{"@id":"https:\/\/www.xn--tuksimaailm-ffb.ee\/en\/#\/schema\/logo\/image\/"},"sameAs":["https:\/\/www.facebook.com\/touksimaailm\/","https:\/\/www.instagram.com\/touksimaailm_\/","https:\/\/www.youtube.com\/channel\/UC18ml0EKIDLP1xGuQjFzcXQ"]}]},"product_price_amount":"18.00","product_price_currency":"EUR","og_availability":"instock","product_availability":"instock","product_retailer_item_id":"KELL-ELEKTRILINE","product_condition":"new"},"jetpack_sharing_enabled":true,"_links":{"self":[{"href":"https:\/\/www.xn--tuksimaailm-ffb.ee\/en\/wp-json\/wp\/v2\/product\/56896","targetHints":{"allow":["GET"]}}],"collection":[{"href":"https:\/\/www.xn--tuksimaailm-ffb.ee\/en\/wp-json\/wp\/v2\/product"}],"about":[{"href":"https:\/\/www.xn--tuksimaailm-ffb.ee\/en\/wp-json\/wp\/v2\/types\/product"}],"wp:featuredmedia":[{"embeddable":true,"href":"https:\/\/www.xn--tuksimaailm-ffb.ee\/en\/wp-json\/wp\/v2\/media\/12875"}],"wp:attachment":[{"href":"https:\/\/www.xn--tuksimaailm-ffb.ee\/en\/wp-json\/wp\/v2\/media?parent=56896"}],"wp:term":[{"taxonomy":"product_brand","embeddable":true,"href":"https:\/\/www.xn--tuksimaailm-ffb.ee\/en\/wp-json\/wp\/v2\/product_brand?post=56896"},{"taxonomy":"product_cat","embeddable":true,"href":"https:\/\/www.xn--tuksimaailm-ffb.ee\/en\/wp-json\/wp\/v2\/product_cat?post=56896"},{"taxonomy":"product_tag","embeddable":true,"href":"https:\/\/www.xn--tuksimaailm-ffb.ee\/en\/wp-json\/wp\/v2\/product_tag?post=56896"},{"taxonomy":"filter_elektritoukeratas","embeddable":true,"href":"https:\/\/www.xn--tuksimaailm-ffb.ee\/en\/wp-json\/wp\/v2\/filter_elektritoukeratas?post=56896"}],"curies":[{"name":"wp","href":"https:\/\/api.w.org\/{rel}","templated":true}]}}