{"id":56915,"date":"2021-01-18T17:36:39","date_gmt":"2021-01-18T17:36:39","guid":{"rendered":"http:\/\/www.xn--tuksimaailm-ffb.ee\/shop\/segway-ninebot-es-extra-battery-original-es2-es3-es4\/"},"modified":"2021-01-18T17:36:39","modified_gmt":"2021-01-18T14:36:39","slug":"segway-ninebot-es-extra-battery-original-es2-es3-es4","status":"publish","type":"product","link":"https:\/\/www.xn--tuksimaailm-ffb.ee\/en\/product\/segway-ninebot-es-extra-battery-original-es2-es3-es4\/","title":{"rendered":"Segway Ninebot ES extra battery original ES2 ES3 ES4"},"content":{"rendered":"<p>Segway Ninebot ES extra battery for electric scooter (also external battery, battery, battery pack), rated voltage <b><strong>36VDC <\/strong><\/b>(fully charged<b><strong> 42VDC<\/strong><\/b>), capacity <b><strong>5200mAh \/ 187Wh.<\/strong><\/b> It is <b><strong>an original Segway battery<\/strong><\/b> with high quality and durable battery elements. The high quality and waterproof Segway Ninebot ES extra battery is suitable for the original Segway electric scooter <a href=\"https:\/\/ee-en.segway.com\/products\/ninebot-by-segway-kickscooter-es2\"><b><strong>Ninebot ES2<\/strong><\/b><\/a><b> <\/b>and <a href=\"https:\/\/store.segway.com\/segway-ninebot-kickscooter-es4\"><b><strong>Ninebot ES4<\/strong><\/b><\/a><b><strong>.<\/strong><\/b> The battery is also suitable for the less common <a href=\"https:\/\/ee-en.segway.com\/products\/ninebot-by-segway-kickscooter-es1\"><b><strong>Ninebot ES1<\/strong><\/b><\/a> and <b><strong>ES3<\/strong><\/b> electric scooters<b><strong>.<\/strong><\/b> The battery will also work with the <a href=\"https:\/\/ee-en.segway.com\/products\/ninebot-kickscooter-e25e-powered-by-segway\"><b><strong>Segway Ninebot E25E<\/strong><\/b><\/a> electric scooter.<\/p>\n<p>No software\/firmware change is required when installing the battery - it will start working immediately without any problems. The BMS software of the battery is perfectly compatible with <a href=\"http:\/\/www.xn--tuksimaailm-ffb.ee\/shop\/segway-ninebot-es-kontroller-aju-originaal-es2-es4\/\">the<\/a> original Ninebot electric scooter <a href=\"http:\/\/www.xn--tuksimaailm-ffb.ee\/shop\/segway-ninebot-es-kontroller-aju-originaal-es2-es4\/\">controller<\/a>, which in short means that the installation of the battery will significantly increase the acceleration of the electric scooter as well as the top speed by about <b><strong>5km\/h.<\/strong><\/b> The installation of the BMS software will not require any firmware or software update <b><strong>.<\/strong><\/b> The external battery also <b><strong>doubles<\/strong><\/b> the distance that the electric scooter can travel on a single charge. The battery of an electric scooter also needs to be replaced if the capacity of the battery modules has fallen below the acceptable limit for the owner, either due to very high mileage or even misuse of the electric scooter, i.e. the distance covered on a single charge is no longer sufficient for the owner of the electric scooter. If an electric scooter battery needs to be replaced or repaired, our experienced<a href=\"http:\/\/www.xn--tuksimaailm-ffb.ee\/elektrilise-toukeratta-remont\/\"><b><strong>electric scooter workshop<\/strong><\/b><\/a><b> <\/b> can help.<\/p>\n","protected":false},"excerpt":{"rendered":"<p>Segway Ninebot ES extra battery for electric scooter (also external battery, battery, battery pack), rated voltage 36VDC (fully charged 42VDC), capacity 5200mAh \/ 187Wh. It is an original Segway battery with high quality and durable battery elements. The high quality and waterproof Segway Ninebot ES extra battery is suitable for &hellip;<\/p>\n","protected":false},"featured_media":12917,"template":"","meta":[],"product_brand":[],"product_cat":[726],"product_tag":[3386,3304],"filter_elektritoukeratas":[2636,2635],"class_list":{"0":"post-56915","1":"product","2":"type-product","3":"status-publish","4":"has-post-thumbnail","6":"product_cat-spare-parts","7":"product_tag-batteries","8":"product_tag-segway-ninebot-spare-parts","9":"pa_tootetuup-batteries","10":"filter_elektritoukeratas-ft_segway_ninebot_e22e_e35e_e45e","11":"filter_elektritoukeratas-ft_segway_ninebot_es1_es2_es4","13":"first","14":"outofstock","15":"taxable","16":"shipping-taxable","17":"purchasable","18":"product-type-simple"},"yoast_head":"<!-- This site is optimized with the Yoast SEO Premium plugin v26.8 (Yoast SEO v27.5) - https:\/\/yoast.com\/product\/yoast-seo-premium-wordpress\/ -->\n<title>Segway Ninebot ES extra battery original ES2 ES3 ES4 | T\u00f5uksimaailm<\/title>\n<meta name=\"description\" content=\"Additional battery for Segway Ninebot ES electric scooter (also external battery, battery, battery pack), Segway Ninebot ES1, ES2, ES4 electric scooter.\" \/>\n<meta name=\"robots\" content=\"index, follow, max-snippet:-1, max-image-preview:large, max-video-preview:-1\" \/>\n<link rel=\"canonical\" href=\"https:\/\/www.xn--tuksimaailm-ffb.ee\/en\/product\/segway-ninebot-es-extra-battery-original-es2-es3-es4\/\" \/>\n<meta property=\"og:locale\" content=\"en_US\" \/>\n<meta property=\"og:type\" content=\"article\" \/>\n<meta property=\"og:title\" content=\"Segway Ninebot ES extra battery original ES2 ES3 ES4\" \/>\n<meta property=\"og:description\" content=\"Additional battery for Segway Ninebot ES electric scooter (also external battery, battery, battery pack), Segway Ninebot ES1, ES2, ES4 electric scooter.\" \/>\n<meta property=\"og:url\" content=\"https:\/\/www.xn--tuksimaailm-ffb.ee\/en\/product\/segway-ninebot-es-extra-battery-original-es2-es3-es4\/\" \/>\n<meta property=\"og:site_name\" content=\"T\u00f5uksimaailm\" \/>\n<meta property=\"article:publisher\" content=\"https:\/\/www.facebook.com\/touksimaailm\/\" \/>\n<meta property=\"og:image\" content=\"https:\/\/www.xn--tuksimaailm-ffb.ee\/wp-content\/uploads\/2021\/01\/es-aku-origin-3.jpg\" \/>\n\t<meta property=\"og:image:width\" content=\"559\" \/>\n\t<meta property=\"og:image:height\" content=\"562\" \/>\n\t<meta property=\"og:image:type\" content=\"image\/jpeg\" \/>\n<meta name=\"twitter:card\" content=\"summary_large_image\" \/>\n<meta name=\"twitter:label1\" content=\"Price\" \/>\n\t<meta name=\"twitter:data1\" content=\"&euro;199.50\" \/>\n\t<meta name=\"twitter:label2\" content=\"Availability\" \/>\n\t<meta name=\"twitter:data2\" content=\"Out of stock\" \/>\n<meta property=\"product:price:amount\" content=\"199.50\" \/>\n<meta property=\"product:price:currency\" content=\"EUR\" \/>\n<meta property=\"og:availability\" content=\"out of stock\" \/>\n<meta property=\"product:availability\" content=\"out of stock\" \/>\n<meta property=\"product:retailer_item_id\" content=\"LISAAKU-ES\" \/>\n<meta property=\"product:condition\" content=\"new\" \/>\n<!-- \/ Yoast SEO Premium plugin. -->","yoast_head_json":{"title":"Segway Ninebot ES extra battery original ES2 ES3 ES4 | T\u00f5uksimaailm","description":"Additional battery for Segway Ninebot ES electric scooter (also external battery, battery, battery pack), Segway Ninebot ES1, ES2, ES4 electric scooter.","robots":{"index":"index","follow":"follow","max-snippet":"max-snippet:-1","max-image-preview":"max-image-preview:large","max-video-preview":"max-video-preview:-1"},"canonical":"https:\/\/www.xn--tuksimaailm-ffb.ee\/en\/product\/segway-ninebot-es-extra-battery-original-es2-es3-es4\/","og_locale":"en_US","og_type":"article","og_title":"Segway Ninebot ES extra battery original ES2 ES3 ES4","og_description":"Additional battery for Segway Ninebot ES electric scooter (also external battery, battery, battery pack), Segway Ninebot ES1, ES2, ES4 electric scooter.","og_url":"https:\/\/www.xn--tuksimaailm-ffb.ee\/en\/product\/segway-ninebot-es-extra-battery-original-es2-es3-es4\/","og_site_name":"T\u00f5uksimaailm","article_publisher":"https:\/\/www.facebook.com\/touksimaailm\/","og_image":[{"width":559,"height":562,"url":"https:\/\/www.xn--tuksimaailm-ffb.ee\/wp-content\/uploads\/2021\/01\/es-aku-origin-3.jpg","type":"image\/jpeg"}],"twitter_card":"summary_large_image","twitter_misc":{"Price":"&euro;199.50","Availability":"Out of stock"},"schema":{"@context":"https:\/\/schema.org","@graph":[{"@type":"WebPage","@id":"https:\/\/www.xn--tuksimaailm-ffb.ee\/en\/product\/segway-ninebot-es-extra-battery-original-es2-es3-es4\/","url":"https:\/\/www.xn--tuksimaailm-ffb.ee\/en\/product\/segway-ninebot-es-extra-battery-original-es2-es3-es4\/","name":"Segway Ninebot ES extra battery original ES2 ES3 ES4 | T\u00f5uksimaailm","isPartOf":{"@id":"https:\/\/www.xn--tuksimaailm-ffb.ee\/en\/#website"},"primaryImageOfPage":{"@id":"https:\/\/www.xn--tuksimaailm-ffb.ee\/en\/product\/segway-ninebot-es-extra-battery-original-es2-es3-es4\/#primaryimage"},"image":{"@id":"https:\/\/www.xn--tuksimaailm-ffb.ee\/en\/product\/segway-ninebot-es-extra-battery-original-es2-es3-es4\/#primaryimage"},"thumbnailUrl":"https:\/\/www.xn--tuksimaailm-ffb.ee\/wp-content\/uploads\/2021\/01\/es-aku-origin-3.jpg","datePublished":"2021-01-18T17:36:39+00:00","description":"Additional battery for Segway Ninebot ES electric scooter (also external battery, battery, battery pack), Segway Ninebot ES1, ES2, ES4 electric scooter.","breadcrumb":{"@id":"https:\/\/www.xn--tuksimaailm-ffb.ee\/en\/product\/segway-ninebot-es-extra-battery-original-es2-es3-es4\/#breadcrumb"},"inLanguage":"en-US","potentialAction":[{"@type":"ReadAction","target":["https:\/\/www.xn--tuksimaailm-ffb.ee\/en\/product\/segway-ninebot-es-extra-battery-original-es2-es3-es4\/"]}]},{"@type":"ImageObject","inLanguage":"en-US","@id":"https:\/\/www.xn--tuksimaailm-ffb.ee\/en\/product\/segway-ninebot-es-extra-battery-original-es2-es3-es4\/#primaryimage","url":"https:\/\/www.xn--tuksimaailm-ffb.ee\/wp-content\/uploads\/2021\/01\/es-aku-origin-3.jpg","contentUrl":"https:\/\/www.xn--tuksimaailm-ffb.ee\/wp-content\/uploads\/2021\/01\/es-aku-origin-3.jpg","width":559,"height":562,"caption":"Segway Ninebot ES extra battery original ES2 ES3 ES4"},{"@type":"BreadcrumbList","@id":"https:\/\/www.xn--tuksimaailm-ffb.ee\/en\/product\/segway-ninebot-es-extra-battery-original-es2-es3-es4\/#breadcrumb","itemListElement":[{"@type":"ListItem","position":1,"name":"Home","item":"https:\/\/www.xn--tuksimaailm-ffb.ee\/en\/main-page\/"},{"@type":"ListItem","position":2,"name":"Shop","item":"https:\/\/www.xn--tuksimaailm-ffb.ee\/elektritoukerataste-pood\/"},{"@type":"ListItem","position":3,"name":"Segway Ninebot ES extra battery original ES2 ES3 ES4"}]},{"@type":"WebSite","@id":"https:\/\/www.xn--tuksimaailm-ffb.ee\/en\/#website","url":"https:\/\/www.xn--tuksimaailm-ffb.ee\/en\/","name":"T\u00f5uksimaailm","description":"Elektrit\u00f5ukerataste m\u00fc\u00fck, remont ja rent","publisher":{"@id":"https:\/\/www.xn--tuksimaailm-ffb.ee\/en\/#organization"},"potentialAction":[{"@type":"SearchAction","target":{"@type":"EntryPoint","urlTemplate":"https:\/\/www.xn--tuksimaailm-ffb.ee\/en\/?s={search_term_string}"},"query-input":{"@type":"PropertyValueSpecification","valueRequired":true,"valueName":"search_term_string"}}],"inLanguage":"en-US"},{"@type":"Organization","@id":"https:\/\/www.xn--tuksimaailm-ffb.ee\/en\/#organization","name":"T\u00f5uksimaailm","url":"https:\/\/www.xn--tuksimaailm-ffb.ee\/en\/","logo":{"@type":"ImageObject","inLanguage":"en-US","@id":"https:\/\/www.xn--tuksimaailm-ffb.ee\/en\/#\/schema\/logo\/image\/","url":"https:\/\/www.xn--tuksimaailm-ffb.ee\/wp-content\/uploads\/2020\/01\/logoz-e1579792875517.png","contentUrl":"https:\/\/www.xn--tuksimaailm-ffb.ee\/wp-content\/uploads\/2020\/01\/logoz-e1579792875517.png","width":250,"height":250,"caption":"T\u00f5uksimaailm"},"image":{"@id":"https:\/\/www.xn--tuksimaailm-ffb.ee\/en\/#\/schema\/logo\/image\/"},"sameAs":["https:\/\/www.facebook.com\/touksimaailm\/","https:\/\/www.instagram.com\/touksimaailm_\/","https:\/\/www.youtube.com\/channel\/UC18ml0EKIDLP1xGuQjFzcXQ"]}]},"product_price_amount":"199.50","product_price_currency":"EUR","og_availability":"out of stock","product_availability":"out of stock","product_retailer_item_id":"LISAAKU-ES","product_condition":"new"},"jetpack_sharing_enabled":true,"_links":{"self":[{"href":"https:\/\/www.xn--tuksimaailm-ffb.ee\/en\/wp-json\/wp\/v2\/product\/56915","targetHints":{"allow":["GET"]}}],"collection":[{"href":"https:\/\/www.xn--tuksimaailm-ffb.ee\/en\/wp-json\/wp\/v2\/product"}],"about":[{"href":"https:\/\/www.xn--tuksimaailm-ffb.ee\/en\/wp-json\/wp\/v2\/types\/product"}],"wp:featuredmedia":[{"embeddable":true,"href":"https:\/\/www.xn--tuksimaailm-ffb.ee\/en\/wp-json\/wp\/v2\/media\/12917"}],"wp:attachment":[{"href":"https:\/\/www.xn--tuksimaailm-ffb.ee\/en\/wp-json\/wp\/v2\/media?parent=56915"}],"wp:term":[{"taxonomy":"product_brand","embeddable":true,"href":"https:\/\/www.xn--tuksimaailm-ffb.ee\/en\/wp-json\/wp\/v2\/product_brand?post=56915"},{"taxonomy":"product_cat","embeddable":true,"href":"https:\/\/www.xn--tuksimaailm-ffb.ee\/en\/wp-json\/wp\/v2\/product_cat?post=56915"},{"taxonomy":"product_tag","embeddable":true,"href":"https:\/\/www.xn--tuksimaailm-ffb.ee\/en\/wp-json\/wp\/v2\/product_tag?post=56915"},{"taxonomy":"filter_elektritoukeratas","embeddable":true,"href":"https:\/\/www.xn--tuksimaailm-ffb.ee\/en\/wp-json\/wp\/v2\/filter_elektritoukeratas?post=56915"}],"curies":[{"name":"wp","href":"https:\/\/api.w.org\/{rel}","templated":true}]}}