{"id":56917,"date":"2021-01-18T18:10:03","date_gmt":"2021-01-18T16:10:03","guid":{"rendered":"http:\/\/www.xn--tuksimaailm-ffb.ee\/shop\/segway-ninebot-es-extra-battery-holder-holder-es2-es4\/"},"modified":"2021-01-18T18:10:03","modified_gmt":"2021-01-18T15:10:03","slug":"segway-ninebot-es-extra-battery-holder-holder-es2-es4","status":"publish","type":"product","link":"https:\/\/www.xn--tuksimaailm-ffb.ee\/en\/product\/segway-ninebot-es-extra-battery-holder-holder-es2-es4\/","title":{"rendered":"Segway Ninebot ES extra battery holder \/ holder ES2 ES4"},"content":{"rendered":"<p>Segway Ninebot ES extra battery holder (also external battery holder for frame, battery frame). The external battery holder is required if you have a <a href=\"http:\/\/www.xn--tuksimaailm-ffb.ee\/shop\/segway-ninebot-es-lisaaku-originaal-es1-es2-es3-es4\/\">Ninebot extra battery<\/a>, but it did not come with the battery frame needed to mount the battery. Also, the external battery holder will need to be replaced if the screw threads inside the holder have been damaged or the battery holder has been bent by an external impact and the battery cannot make a proper connection (popular <a href=\"https:\/\/www.passiongadgets.com\/segway-ninebot-es2-error-code\/\">fault number 42<\/a> cause).<\/p>\n<p>The Segway Ninebot ES extra battery holder will fit the original Segway electric scooter <a href=\"https:\/\/ee-en.segway.com\/products\/ninebot-by-segway-kickscooter-es2\"><b><strong>Ninebot ES2<\/strong><\/b><\/a><b> <\/b>and <a href=\"https:\/\/store.segway.com\/segway-ninebot-kickscooter-es4\"><b><strong>Ninebot ES4<\/strong><\/b><\/a><b><strong>.<\/strong><\/b> The battery will also fit the less common <a href=\"https:\/\/ee-en.segway.com\/products\/ninebot-by-segway-kickscooter-es1\"><b><strong>Ninebot ES1<\/strong><\/b><\/a> and <b><strong>ES3<\/strong><\/b> electric scooters<b><strong>.<\/strong><\/b> The extra battery holder is also suitable for the new models Ninebot E22E, E25E and E45E. If you need to repair your scooter or replace the battery holder, our experienced<a href=\"http:\/\/www.xn--tuksimaailm-ffb.ee\/elektrilise-toukeratta-remont\/\"><b><strong>scooter workshop<\/strong><\/b><\/a><b> <\/b> can help.<\/p>\n","protected":false},"excerpt":{"rendered":"<p>Segway Ninebot ES extra battery holder (also external battery holder for frame, battery frame). The external battery holder is required if you have a Ninebot extra battery, but it did not come with the battery frame needed to mount the battery. Also, the external battery holder will need to be &hellip;<\/p>\n","protected":false},"featured_media":12919,"template":"","meta":[],"product_brand":[],"product_cat":[746,726],"product_tag":[3304],"filter_elektritoukeratas":[2636,2635],"class_list":{"0":"post-56917","1":"product","2":"type-product","3":"status-publish","4":"has-post-thumbnail","6":"product_cat-accessories","7":"product_cat-spare-parts","8":"product_tag-segway-ninebot-spare-parts","9":"filter_elektritoukeratas-ft_segway_ninebot_e22e_e35e_e45e","10":"filter_elektritoukeratas-ft_segway_ninebot_es1_es2_es4","12":"first","13":"instock","14":"taxable","15":"shipping-taxable","16":"purchasable","17":"product-type-simple"},"yoast_head":"<!-- This site is optimized with the Yoast SEO Premium plugin v26.8 (Yoast SEO v27.5) - https:\/\/yoast.com\/product\/yoast-seo-premium-wordpress\/ -->\n<title>Segway Ninebot ES extra battery holder \/ holder ES2 ES4 | T\u00f5uksimaailm<\/title>\n<meta name=\"description\" content=\"Segway Ninebot ES extra battery holder (also external battery holder for frame, battery frame), suitable for Segway Ninebot ES1, ES2, ES3, ES4 electric scooter. Segway spare parts.\" \/>\n<meta name=\"robots\" content=\"index, follow, max-snippet:-1, max-image-preview:large, max-video-preview:-1\" \/>\n<link rel=\"canonical\" href=\"https:\/\/www.xn--tuksimaailm-ffb.ee\/en\/product\/segway-ninebot-es-extra-battery-holder-holder-es2-es4\/\" \/>\n<meta property=\"og:locale\" content=\"en_US\" \/>\n<meta property=\"og:type\" content=\"article\" \/>\n<meta property=\"og:title\" content=\"Segway Ninebot ES extra battery holder \/ holder ES2 ES4\" \/>\n<meta property=\"og:description\" content=\"Segway Ninebot ES extra battery holder (also external battery holder for frame, battery frame), suitable for Segway Ninebot ES1, ES2, ES3, ES4 electric scooter. Segway spare parts.\" \/>\n<meta property=\"og:url\" content=\"https:\/\/www.xn--tuksimaailm-ffb.ee\/en\/product\/segway-ninebot-es-extra-battery-holder-holder-es2-es4\/\" \/>\n<meta property=\"og:site_name\" content=\"T\u00f5uksimaailm\" \/>\n<meta property=\"article:publisher\" content=\"https:\/\/www.facebook.com\/touksimaailm\/\" \/>\n<meta property=\"og:image\" content=\"https:\/\/www.xn--tuksimaailm-ffb.ee\/wp-content\/uploads\/2021\/01\/es-aku-hoidja-1.jpg\" \/>\n\t<meta property=\"og:image:width\" content=\"621\" \/>\n\t<meta property=\"og:image:height\" content=\"544\" \/>\n\t<meta property=\"og:image:type\" content=\"image\/jpeg\" \/>\n<meta name=\"twitter:card\" content=\"summary_large_image\" \/>\n<meta name=\"twitter:label1\" content=\"Price\" \/>\n\t<meta name=\"twitter:data1\" content=\"&euro;18.90\" \/>\n\t<meta name=\"twitter:label2\" content=\"Availability\" \/>\n\t<meta name=\"twitter:data2\" content=\"In stock\" \/>\n<meta property=\"product:price:amount\" content=\"18.90\" \/>\n<meta property=\"product:price:currency\" content=\"EUR\" \/>\n<meta property=\"og:availability\" content=\"instock\" \/>\n<meta property=\"product:availability\" content=\"instock\" \/>\n<meta property=\"product:retailer_item_id\" content=\"LISAAKU-ES-HOIDJA\" \/>\n<meta property=\"product:condition\" content=\"new\" \/>\n<!-- \/ Yoast SEO Premium plugin. -->","yoast_head_json":{"title":"Segway Ninebot ES extra battery holder \/ holder ES2 ES4 | T\u00f5uksimaailm","description":"Segway Ninebot ES extra battery holder (also external battery holder for frame, battery frame), suitable for Segway Ninebot ES1, ES2, ES3, ES4 electric scooter. Segway spare parts.","robots":{"index":"index","follow":"follow","max-snippet":"max-snippet:-1","max-image-preview":"max-image-preview:large","max-video-preview":"max-video-preview:-1"},"canonical":"https:\/\/www.xn--tuksimaailm-ffb.ee\/en\/product\/segway-ninebot-es-extra-battery-holder-holder-es2-es4\/","og_locale":"en_US","og_type":"article","og_title":"Segway Ninebot ES extra battery holder \/ holder ES2 ES4","og_description":"Segway Ninebot ES extra battery holder (also external battery holder for frame, battery frame), suitable for Segway Ninebot ES1, ES2, ES3, ES4 electric scooter. Segway spare parts.","og_url":"https:\/\/www.xn--tuksimaailm-ffb.ee\/en\/product\/segway-ninebot-es-extra-battery-holder-holder-es2-es4\/","og_site_name":"T\u00f5uksimaailm","article_publisher":"https:\/\/www.facebook.com\/touksimaailm\/","og_image":[{"width":621,"height":544,"url":"https:\/\/www.xn--tuksimaailm-ffb.ee\/wp-content\/uploads\/2021\/01\/es-aku-hoidja-1.jpg","type":"image\/jpeg"}],"twitter_card":"summary_large_image","twitter_misc":{"Price":"&euro;18.90","Availability":"In stock"},"schema":{"@context":"https:\/\/schema.org","@graph":[{"@type":"WebPage","@id":"https:\/\/www.xn--tuksimaailm-ffb.ee\/en\/product\/segway-ninebot-es-extra-battery-holder-holder-es2-es4\/","url":"https:\/\/www.xn--tuksimaailm-ffb.ee\/en\/product\/segway-ninebot-es-extra-battery-holder-holder-es2-es4\/","name":"Segway Ninebot ES extra battery holder \/ holder ES2 ES4 | T\u00f5uksimaailm","isPartOf":{"@id":"https:\/\/www.xn--tuksimaailm-ffb.ee\/en\/#website"},"primaryImageOfPage":{"@id":"https:\/\/www.xn--tuksimaailm-ffb.ee\/en\/product\/segway-ninebot-es-extra-battery-holder-holder-es2-es4\/#primaryimage"},"image":{"@id":"https:\/\/www.xn--tuksimaailm-ffb.ee\/en\/product\/segway-ninebot-es-extra-battery-holder-holder-es2-es4\/#primaryimage"},"thumbnailUrl":"https:\/\/www.xn--tuksimaailm-ffb.ee\/wp-content\/uploads\/2021\/01\/es-aku-hoidja-1.jpg","datePublished":"2021-01-18T16:10:03+00:00","description":"Segway Ninebot ES extra battery holder (also external battery holder for frame, battery frame), suitable for Segway Ninebot ES1, ES2, ES3, ES4 electric scooter. Segway spare parts.","breadcrumb":{"@id":"https:\/\/www.xn--tuksimaailm-ffb.ee\/en\/product\/segway-ninebot-es-extra-battery-holder-holder-es2-es4\/#breadcrumb"},"inLanguage":"en-US","potentialAction":[{"@type":"ReadAction","target":["https:\/\/www.xn--tuksimaailm-ffb.ee\/en\/product\/segway-ninebot-es-extra-battery-holder-holder-es2-es4\/"]}]},{"@type":"ImageObject","inLanguage":"en-US","@id":"https:\/\/www.xn--tuksimaailm-ffb.ee\/en\/product\/segway-ninebot-es-extra-battery-holder-holder-es2-es4\/#primaryimage","url":"https:\/\/www.xn--tuksimaailm-ffb.ee\/wp-content\/uploads\/2021\/01\/es-aku-hoidja-1.jpg","contentUrl":"https:\/\/www.xn--tuksimaailm-ffb.ee\/wp-content\/uploads\/2021\/01\/es-aku-hoidja-1.jpg","width":621,"height":544,"caption":"Segway Ninebot ES extra battery holder \/ holder ES2 ES4"},{"@type":"BreadcrumbList","@id":"https:\/\/www.xn--tuksimaailm-ffb.ee\/en\/product\/segway-ninebot-es-extra-battery-holder-holder-es2-es4\/#breadcrumb","itemListElement":[{"@type":"ListItem","position":1,"name":"Home","item":"https:\/\/www.xn--tuksimaailm-ffb.ee\/en\/main-page\/"},{"@type":"ListItem","position":2,"name":"Shop","item":"https:\/\/www.xn--tuksimaailm-ffb.ee\/elektritoukerataste-pood\/"},{"@type":"ListItem","position":3,"name":"Segway Ninebot ES extra battery holder \/ holder ES2 ES4"}]},{"@type":"WebSite","@id":"https:\/\/www.xn--tuksimaailm-ffb.ee\/en\/#website","url":"https:\/\/www.xn--tuksimaailm-ffb.ee\/en\/","name":"T\u00f5uksimaailm","description":"Elektrit\u00f5ukerataste m\u00fc\u00fck, remont ja rent","publisher":{"@id":"https:\/\/www.xn--tuksimaailm-ffb.ee\/en\/#organization"},"potentialAction":[{"@type":"SearchAction","target":{"@type":"EntryPoint","urlTemplate":"https:\/\/www.xn--tuksimaailm-ffb.ee\/en\/?s={search_term_string}"},"query-input":{"@type":"PropertyValueSpecification","valueRequired":true,"valueName":"search_term_string"}}],"inLanguage":"en-US"},{"@type":"Organization","@id":"https:\/\/www.xn--tuksimaailm-ffb.ee\/en\/#organization","name":"T\u00f5uksimaailm","url":"https:\/\/www.xn--tuksimaailm-ffb.ee\/en\/","logo":{"@type":"ImageObject","inLanguage":"en-US","@id":"https:\/\/www.xn--tuksimaailm-ffb.ee\/en\/#\/schema\/logo\/image\/","url":"https:\/\/www.xn--tuksimaailm-ffb.ee\/wp-content\/uploads\/2020\/01\/logoz-e1579792875517.png","contentUrl":"https:\/\/www.xn--tuksimaailm-ffb.ee\/wp-content\/uploads\/2020\/01\/logoz-e1579792875517.png","width":250,"height":250,"caption":"T\u00f5uksimaailm"},"image":{"@id":"https:\/\/www.xn--tuksimaailm-ffb.ee\/en\/#\/schema\/logo\/image\/"},"sameAs":["https:\/\/www.facebook.com\/touksimaailm\/","https:\/\/www.instagram.com\/touksimaailm_\/","https:\/\/www.youtube.com\/channel\/UC18ml0EKIDLP1xGuQjFzcXQ"]}]},"product_price_amount":"18.90","product_price_currency":"EUR","og_availability":"instock","product_availability":"instock","product_retailer_item_id":"LISAAKU-ES-HOIDJA","product_condition":"new"},"jetpack_sharing_enabled":true,"_links":{"self":[{"href":"https:\/\/www.xn--tuksimaailm-ffb.ee\/en\/wp-json\/wp\/v2\/product\/56917","targetHints":{"allow":["GET"]}}],"collection":[{"href":"https:\/\/www.xn--tuksimaailm-ffb.ee\/en\/wp-json\/wp\/v2\/product"}],"about":[{"href":"https:\/\/www.xn--tuksimaailm-ffb.ee\/en\/wp-json\/wp\/v2\/types\/product"}],"wp:featuredmedia":[{"embeddable":true,"href":"https:\/\/www.xn--tuksimaailm-ffb.ee\/en\/wp-json\/wp\/v2\/media\/12919"}],"wp:attachment":[{"href":"https:\/\/www.xn--tuksimaailm-ffb.ee\/en\/wp-json\/wp\/v2\/media?parent=56917"}],"wp:term":[{"taxonomy":"product_brand","embeddable":true,"href":"https:\/\/www.xn--tuksimaailm-ffb.ee\/en\/wp-json\/wp\/v2\/product_brand?post=56917"},{"taxonomy":"product_cat","embeddable":true,"href":"https:\/\/www.xn--tuksimaailm-ffb.ee\/en\/wp-json\/wp\/v2\/product_cat?post=56917"},{"taxonomy":"product_tag","embeddable":true,"href":"https:\/\/www.xn--tuksimaailm-ffb.ee\/en\/wp-json\/wp\/v2\/product_tag?post=56917"},{"taxonomy":"filter_elektritoukeratas","embeddable":true,"href":"https:\/\/www.xn--tuksimaailm-ffb.ee\/en\/wp-json\/wp\/v2\/filter_elektritoukeratas?post=56917"}],"curies":[{"name":"wp","href":"https:\/\/api.w.org\/{rel}","templated":true}]}}