{"id":56929,"date":"2021-01-18T19:10:06","date_gmt":"2021-01-18T17:10:06","guid":{"rendered":"http:\/\/www.xn--tuksimaailm-ffb.ee\/shop\/segway-ninebot-handlegrips-es1-es2-es4\/"},"modified":"2021-01-18T19:10:06","modified_gmt":"2021-01-18T16:10:06","slug":"segway-ninebot-handlegrips-es1-es2-es4","status":"publish","type":"product","link":"https:\/\/www.xn--tuksimaailm-ffb.ee\/en\/product\/segway-ninebot-handlegrips-es1-es2-es4\/","title":{"rendered":"Segway Ninebot Handlegrips ES1 ES2 ES4"},"content":{"rendered":"<p>Segway Ninebot grips (also brown, grips), set includes <b><strong>2 grips.<\/strong><\/b> Available in <b><strong>black<\/strong><\/b> and <b><strong>grey<\/strong><\/b>. Segway Ninebot handles fit the original Segway electric scooter <a href=\"https:\/\/ee-en.segway.com\/products\/ninebot-by-segway-kickscooter-es2\"><b><strong>Ninebot ES2<\/strong><\/b><\/a><b> <\/b>and <a href=\"https:\/\/store.segway.com\/segway-ninebot-kickscooter-es4\"><b><strong>Ninebot ES4<\/strong><\/b><\/a><b><strong>.<\/strong><\/b> Handles also fit the less common <a href=\"https:\/\/ee-en.segway.com\/products\/ninebot-by-segway-kickscooter-es1\"><b><strong>Ninebot ES1<\/strong><\/b><\/a> and <b><strong>ES3<\/strong><\/b> electric scooters<b><strong>.<\/strong><\/b> If you need to carry out a Segway Ninebot electric scooter repair or handlebar replacement, our experienced<b> <\/b><a href=\"http:\/\/www.xn--tuksimaailm-ffb.ee\/elektrilise-toukeratta-remont\/\"><b><strong>electric scooter workshop<\/strong><\/b><\/a> can help.<\/p>\n","protected":false},"excerpt":{"rendered":"<p>Segway Ninebot grips (also brown, grips), set includes 2 grips. Available in black and grey. Segway Ninebot handles fit the original Segway electric scooter Ninebot ES2 and Ninebot ES4. Handles also fit the less common Ninebot ES1 and ES3 electric scooters. If you need to carry out a Segway Ninebot &hellip;<\/p>\n","protected":false},"featured_media":12931,"template":"","meta":[],"product_brand":[],"product_cat":[746,726],"product_tag":[3388,3304],"filter_elektritoukeratas":[2636,2635],"class_list":{"0":"post-56929","1":"product","2":"type-product","3":"status-publish","4":"has-post-thumbnail","6":"product_cat-accessories","7":"product_cat-spare-parts","8":"product_tag-handlegrips","9":"product_tag-segway-ninebot-spare-parts","10":"pa_colour-grey-en","11":"pa_colour-must","12":"pa_tootetuup-handlegrips","13":"filter_elektritoukeratas-ft_segway_ninebot_e22e_e35e_e45e","14":"filter_elektritoukeratas-ft_segway_ninebot_es1_es2_es4","16":"first","17":"instock","18":"taxable","19":"shipping-taxable","20":"purchasable","21":"product-type-variable"},"yoast_head":"<!-- This site is optimized with the Yoast SEO Premium plugin v26.8 (Yoast SEO v27.5) - https:\/\/yoast.com\/product\/yoast-seo-premium-wordpress\/ -->\n<title>Segway Ninebot Handlegrips ES1 ES2 ES4 &#8212; T\u00f5uksimaailm<\/title>\n<meta name=\"description\" content=\"Segway Ninebot handles (also grips, grips, grips), 2 handles, for Segway Ninebot ES1, ES2, ES3, ES4 electric scooter. Segway electric scooter and spare parts.\" \/>\n<meta name=\"robots\" content=\"index, follow, max-snippet:-1, max-image-preview:large, max-video-preview:-1\" \/>\n<link rel=\"canonical\" href=\"https:\/\/www.xn--tuksimaailm-ffb.ee\/en\/product\/segway-ninebot-handlegrips-es1-es2-es4\/\" \/>\n<meta property=\"og:locale\" content=\"en_US\" \/>\n<meta property=\"og:type\" content=\"article\" \/>\n<meta property=\"og:title\" content=\"Segway Ninebot Handlegrips ES1 ES2 ES4\" \/>\n<meta property=\"og:description\" content=\"Segway Ninebot handles (also grips, grips, grips), 2 handles, for Segway Ninebot ES1, ES2, ES3, ES4 electric scooter. Segway electric scooter and spare parts.\" \/>\n<meta property=\"og:url\" content=\"https:\/\/www.xn--tuksimaailm-ffb.ee\/en\/product\/segway-ninebot-handlegrips-es1-es2-es4\/\" \/>\n<meta property=\"og:site_name\" content=\"T\u00f5uksimaailm\" \/>\n<meta property=\"article:publisher\" content=\"https:\/\/www.facebook.com\/touksimaailm\/\" \/>\n<meta property=\"og:image\" content=\"https:\/\/www.xn--tuksimaailm-ffb.ee\/wp-content\/uploads\/2021\/01\/segway-k\u00e4epidemed-1.jpg\" \/>\n\t<meta property=\"og:image:width\" content=\"526\" \/>\n\t<meta property=\"og:image:height\" content=\"534\" \/>\n\t<meta property=\"og:image:type\" content=\"image\/jpeg\" \/>\n<meta name=\"twitter:card\" content=\"summary_large_image\" \/>\n<meta name=\"twitter:label1\" content=\"Availability\" \/>\n\t<meta name=\"twitter:data1\" content=\"In stock\" \/>\n<meta property=\"og:availability\" content=\"instock\" \/>\n<meta property=\"product:availability\" content=\"instock\" \/>\n<meta property=\"product:condition\" content=\"new\" \/>\n<!-- \/ Yoast SEO Premium plugin. -->","yoast_head_json":{"title":"Segway Ninebot Handlegrips ES1 ES2 ES4 &#8212; T\u00f5uksimaailm","description":"Segway Ninebot handles (also grips, grips, grips), 2 handles, for Segway Ninebot ES1, ES2, ES3, ES4 electric scooter. Segway electric scooter and spare parts.","robots":{"index":"index","follow":"follow","max-snippet":"max-snippet:-1","max-image-preview":"max-image-preview:large","max-video-preview":"max-video-preview:-1"},"canonical":"https:\/\/www.xn--tuksimaailm-ffb.ee\/en\/product\/segway-ninebot-handlegrips-es1-es2-es4\/","og_locale":"en_US","og_type":"article","og_title":"Segway Ninebot Handlegrips ES1 ES2 ES4","og_description":"Segway Ninebot handles (also grips, grips, grips), 2 handles, for Segway Ninebot ES1, ES2, ES3, ES4 electric scooter. Segway electric scooter and spare parts.","og_url":"https:\/\/www.xn--tuksimaailm-ffb.ee\/en\/product\/segway-ninebot-handlegrips-es1-es2-es4\/","og_site_name":"T\u00f5uksimaailm","article_publisher":"https:\/\/www.facebook.com\/touksimaailm\/","og_image":[{"width":526,"height":534,"url":"https:\/\/www.xn--tuksimaailm-ffb.ee\/wp-content\/uploads\/2021\/01\/segway-k\u00e4epidemed-1.jpg","type":"image\/jpeg"}],"twitter_card":"summary_large_image","twitter_misc":{"Availability":"In stock"},"schema":{"@context":"https:\/\/schema.org","@graph":[{"@type":"WebPage","@id":"https:\/\/www.xn--tuksimaailm-ffb.ee\/en\/product\/segway-ninebot-handlegrips-es1-es2-es4\/","url":"https:\/\/www.xn--tuksimaailm-ffb.ee\/en\/product\/segway-ninebot-handlegrips-es1-es2-es4\/","name":"Segway Ninebot Handlegrips ES1 ES2 ES4 &#8212; T\u00f5uksimaailm","isPartOf":{"@id":"https:\/\/www.xn--tuksimaailm-ffb.ee\/en\/#website"},"primaryImageOfPage":{"@id":"https:\/\/www.xn--tuksimaailm-ffb.ee\/en\/product\/segway-ninebot-handlegrips-es1-es2-es4\/#primaryimage"},"image":{"@id":"https:\/\/www.xn--tuksimaailm-ffb.ee\/en\/product\/segway-ninebot-handlegrips-es1-es2-es4\/#primaryimage"},"thumbnailUrl":"https:\/\/www.xn--tuksimaailm-ffb.ee\/wp-content\/uploads\/2021\/01\/segway-k\u00e4epidemed-1.jpg","datePublished":"2021-01-18T17:10:06+00:00","description":"Segway Ninebot handles (also grips, grips, grips), 2 handles, for Segway Ninebot ES1, ES2, ES3, ES4 electric scooter. Segway electric scooter and spare parts.","breadcrumb":{"@id":"https:\/\/www.xn--tuksimaailm-ffb.ee\/en\/product\/segway-ninebot-handlegrips-es1-es2-es4\/#breadcrumb"},"inLanguage":"en-US","potentialAction":[{"@type":"ReadAction","target":["https:\/\/www.xn--tuksimaailm-ffb.ee\/en\/product\/segway-ninebot-handlegrips-es1-es2-es4\/"]}]},{"@type":"ImageObject","inLanguage":"en-US","@id":"https:\/\/www.xn--tuksimaailm-ffb.ee\/en\/product\/segway-ninebot-handlegrips-es1-es2-es4\/#primaryimage","url":"https:\/\/www.xn--tuksimaailm-ffb.ee\/wp-content\/uploads\/2021\/01\/segway-k\u00e4epidemed-1.jpg","contentUrl":"https:\/\/www.xn--tuksimaailm-ffb.ee\/wp-content\/uploads\/2021\/01\/segway-k\u00e4epidemed-1.jpg","width":526,"height":534,"caption":"Segway Ninebot Handlegrips ES1 ES2 ES4"},{"@type":"BreadcrumbList","@id":"https:\/\/www.xn--tuksimaailm-ffb.ee\/en\/product\/segway-ninebot-handlegrips-es1-es2-es4\/#breadcrumb","itemListElement":[{"@type":"ListItem","position":1,"name":"Home","item":"https:\/\/www.xn--tuksimaailm-ffb.ee\/en\/main-page\/"},{"@type":"ListItem","position":2,"name":"Shop","item":"https:\/\/www.xn--tuksimaailm-ffb.ee\/elektritoukerataste-pood\/"},{"@type":"ListItem","position":3,"name":"Segway Ninebot Handlegrips ES1 ES2 ES4"}]},{"@type":"WebSite","@id":"https:\/\/www.xn--tuksimaailm-ffb.ee\/en\/#website","url":"https:\/\/www.xn--tuksimaailm-ffb.ee\/en\/","name":"T\u00f5uksimaailm","description":"Elektrit\u00f5ukerataste m\u00fc\u00fck, remont ja rent","publisher":{"@id":"https:\/\/www.xn--tuksimaailm-ffb.ee\/en\/#organization"},"potentialAction":[{"@type":"SearchAction","target":{"@type":"EntryPoint","urlTemplate":"https:\/\/www.xn--tuksimaailm-ffb.ee\/en\/?s={search_term_string}"},"query-input":{"@type":"PropertyValueSpecification","valueRequired":true,"valueName":"search_term_string"}}],"inLanguage":"en-US"},{"@type":"Organization","@id":"https:\/\/www.xn--tuksimaailm-ffb.ee\/en\/#organization","name":"T\u00f5uksimaailm","url":"https:\/\/www.xn--tuksimaailm-ffb.ee\/en\/","logo":{"@type":"ImageObject","inLanguage":"en-US","@id":"https:\/\/www.xn--tuksimaailm-ffb.ee\/en\/#\/schema\/logo\/image\/","url":"https:\/\/www.xn--tuksimaailm-ffb.ee\/wp-content\/uploads\/2020\/01\/logoz-e1579792875517.png","contentUrl":"https:\/\/www.xn--tuksimaailm-ffb.ee\/wp-content\/uploads\/2020\/01\/logoz-e1579792875517.png","width":250,"height":250,"caption":"T\u00f5uksimaailm"},"image":{"@id":"https:\/\/www.xn--tuksimaailm-ffb.ee\/en\/#\/schema\/logo\/image\/"},"sameAs":["https:\/\/www.facebook.com\/touksimaailm\/","https:\/\/www.instagram.com\/touksimaailm_\/","https:\/\/www.youtube.com\/channel\/UC18ml0EKIDLP1xGuQjFzcXQ"]}]},"og_availability":"instock","product_availability":"instock","product_condition":"new"},"jetpack_sharing_enabled":true,"_links":{"self":[{"href":"https:\/\/www.xn--tuksimaailm-ffb.ee\/en\/wp-json\/wp\/v2\/product\/56929","targetHints":{"allow":["GET"]}}],"collection":[{"href":"https:\/\/www.xn--tuksimaailm-ffb.ee\/en\/wp-json\/wp\/v2\/product"}],"about":[{"href":"https:\/\/www.xn--tuksimaailm-ffb.ee\/en\/wp-json\/wp\/v2\/types\/product"}],"wp:featuredmedia":[{"embeddable":true,"href":"https:\/\/www.xn--tuksimaailm-ffb.ee\/en\/wp-json\/wp\/v2\/media\/12931"}],"wp:attachment":[{"href":"https:\/\/www.xn--tuksimaailm-ffb.ee\/en\/wp-json\/wp\/v2\/media?parent=56929"}],"wp:term":[{"taxonomy":"product_brand","embeddable":true,"href":"https:\/\/www.xn--tuksimaailm-ffb.ee\/en\/wp-json\/wp\/v2\/product_brand?post=56929"},{"taxonomy":"product_cat","embeddable":true,"href":"https:\/\/www.xn--tuksimaailm-ffb.ee\/en\/wp-json\/wp\/v2\/product_cat?post=56929"},{"taxonomy":"product_tag","embeddable":true,"href":"https:\/\/www.xn--tuksimaailm-ffb.ee\/en\/wp-json\/wp\/v2\/product_tag?post=56929"},{"taxonomy":"filter_elektritoukeratas","embeddable":true,"href":"https:\/\/www.xn--tuksimaailm-ffb.ee\/en\/wp-json\/wp\/v2\/filter_elektritoukeratas?post=56929"}],"curies":[{"name":"wp","href":"https:\/\/api.w.org\/{rel}","templated":true}]}}