{"id":56936,"date":"2021-01-19T18:59:21","date_gmt":"2021-01-19T16:59:21","guid":{"rendered":"http:\/\/www.xn--tuksimaailm-ffb.ee\/shop\/segway-ninebot-es-rear-mudguard-es2-es3-es4\/"},"modified":"2021-01-19T18:59:21","modified_gmt":"2021-01-19T15:59:21","slug":"segway-ninebot-es-rear-mudguard-es2-es3-es4","status":"publish","type":"product","link":"https:\/\/www.xn--tuksimaailm-ffb.ee\/en\/product\/segway-ninebot-es-rear-mudguard-es2-es3-es4\/","title":{"rendered":"Segway Ninebot ES rear mudguard ES2 ES3 ES4"},"content":{"rendered":"<p>Segway Ninebot ES tagaporilaud (ka tagumine porilaud, taga porilaud, poritiib, porilapats, porikas, porikaitse), plastmassist kattega ja metallist alumise konstruktsiooniga, musta v\u00e4rvi. On the Segway Ninebot ES series electric scooters, the rear mudguard usually breaks from the metal footrest structure under the mudguard and the entire mudguard assembly must be replaced. There is a <a href=\"http:\/\/www.xn--tuksimaailm-ffb.ee\/shop\/segway-ninebot-es-kokku-murdmise-konks-es2-es4\/\">hook<\/a> socket on the rear mudguard that can be used to lock the scooter when it breaks.<\/p>\n<p>The Segway Ninebot ES rear mudguard is a perfect fit for the popular <a href=\"https:\/\/ee-en.segway.com\/products\/ninebot-by-segway-kickscooter-es2\"><b><strong>Ninebot ES2<\/strong><\/b><\/a><b> <\/b>and <a href=\"https:\/\/store.segway.com\/segway-ninebot-kickscooter-es4\"><b><strong>Ninebot ES4<\/strong><\/b><\/a> electric scooters<b><strong>.<\/strong><\/b> The rear mudguard is also suitable for the less popular <a href=\"https:\/\/ee-en.segway.com\/products\/ninebot-by-segway-kickscooter-es1\"><b><strong>Ninebot ES1<\/strong><\/b><\/a> and <b><strong>ES3<\/strong><\/b> electric scooters<b><strong>.<\/strong><\/b> To prevent the rear of the scooter from getting wet during the ride, we recommend fitting rear and front mudguard <a href=\"http:\/\/www.xn--tuksimaailm-ffb.ee\/shop\/segway-ninebot-porilaua-pikendused-es1-es2-es3-es4\/\"><b><strong>extensions<\/strong><\/b><\/a> to the ends of the rear mudguard<b><strong>.<\/strong><\/b> If you have problems replacing the rear mudguard of your electric scooter or carrying out any other repair work on your own, our <a href=\"http:\/\/www.xn--tuksimaailm-ffb.ee\/elektrilise-toukeratta-remont\/\">workshop<\/a> specialising in electric scooters can help.<\/p>\n","protected":false},"excerpt":{"rendered":"<p>Segway Ninebot ES tagaporilaud (ka tagumine porilaud, taga porilaud, poritiib, porilapats, porikas, porikaitse), plastmassist kattega ja metallist alumise konstruktsiooniga, musta v\u00e4rvi. On the Segway Ninebot ES series electric scooters, the rear mudguard usually breaks from the metal footrest structure under the mudguard and the entire mudguard assembly must be replaced. &hellip;<\/p>\n","protected":false},"featured_media":12951,"template":"","meta":[],"product_brand":[],"product_cat":[726],"product_tag":[3304],"filter_elektritoukeratas":[2635],"class_list":{"0":"post-56936","1":"product","2":"type-product","3":"status-publish","4":"has-post-thumbnail","6":"product_cat-spare-parts","7":"product_tag-segway-ninebot-spare-parts","8":"filter_elektritoukeratas-ft_segway_ninebot_es1_es2_es4","10":"first","11":"instock","12":"taxable","13":"shipping-taxable","14":"purchasable","15":"product-type-simple"},"yoast_head":"<!-- This site is optimized with the Yoast SEO Premium plugin v26.8 (Yoast SEO v27.3) - https:\/\/yoast.com\/product\/yoast-seo-premium-wordpress\/ -->\n<title>Segway Ninebot ES rear mudguard ES2 ES3 ES4 | T\u00f5uksimaailm<\/title>\n<meta name=\"description\" content=\"Segway Ninebot ES rear mudguard (also rear mudguard, rear mudguard, mudguard, mudguard), for electric scooter Ninebot ES1, ES2, ES3, ES4. Ninebot spare parts.\" \/>\n<meta name=\"robots\" content=\"index, follow, max-snippet:-1, max-image-preview:large, max-video-preview:-1\" \/>\n<link rel=\"canonical\" href=\"https:\/\/www.xn--tuksimaailm-ffb.ee\/en\/product\/segway-ninebot-es-rear-mudguard-es2-es3-es4\/\" \/>\n<meta property=\"og:locale\" content=\"en_US\" \/>\n<meta property=\"og:type\" content=\"article\" \/>\n<meta property=\"og:title\" content=\"Segway Ninebot ES rear mudguard ES2 ES3 ES4\" \/>\n<meta property=\"og:description\" content=\"Segway Ninebot ES rear mudguard (also rear mudguard, rear mudguard, mudguard, mudguard), for electric scooter Ninebot ES1, ES2, ES3, ES4. Ninebot spare parts.\" \/>\n<meta property=\"og:url\" content=\"https:\/\/www.xn--tuksimaailm-ffb.ee\/en\/product\/segway-ninebot-es-rear-mudguard-es2-es3-es4\/\" \/>\n<meta property=\"og:site_name\" content=\"T\u00f5uksimaailm\" \/>\n<meta property=\"article:publisher\" content=\"https:\/\/www.facebook.com\/touksimaailm\/\" \/>\n<meta property=\"og:image\" content=\"https:\/\/www.xn--tuksimaailm-ffb.ee\/wp-content\/uploads\/2021\/01\/es-taga-pori-1.jpg\" \/>\n\t<meta property=\"og:image:width\" content=\"599\" \/>\n\t<meta property=\"og:image:height\" content=\"518\" \/>\n\t<meta property=\"og:image:type\" content=\"image\/jpeg\" \/>\n<meta name=\"twitter:card\" content=\"summary_large_image\" \/>\n<meta name=\"twitter:label1\" content=\"Price\" \/>\n\t<meta name=\"twitter:data1\" content=\"&euro;20.00\" \/>\n\t<meta name=\"twitter:label2\" content=\"Availability\" \/>\n\t<meta name=\"twitter:data2\" content=\"In stock\" \/>\n<meta property=\"product:price:amount\" content=\"20.00\" \/>\n<meta property=\"product:price:currency\" content=\"EUR\" \/>\n<meta property=\"og:availability\" content=\"instock\" \/>\n<meta property=\"product:availability\" content=\"instock\" \/>\n<meta property=\"product:retailer_item_id\" content=\"PORILAUD-ES-TAGUMINE\" \/>\n<meta property=\"product:condition\" content=\"new\" \/>\n<!-- \/ Yoast SEO Premium plugin. -->","yoast_head_json":{"title":"Segway Ninebot ES rear mudguard ES2 ES3 ES4 | T\u00f5uksimaailm","description":"Segway Ninebot ES rear mudguard (also rear mudguard, rear mudguard, mudguard, mudguard), for electric scooter Ninebot ES1, ES2, ES3, ES4. Ninebot spare parts.","robots":{"index":"index","follow":"follow","max-snippet":"max-snippet:-1","max-image-preview":"max-image-preview:large","max-video-preview":"max-video-preview:-1"},"canonical":"https:\/\/www.xn--tuksimaailm-ffb.ee\/en\/product\/segway-ninebot-es-rear-mudguard-es2-es3-es4\/","og_locale":"en_US","og_type":"article","og_title":"Segway Ninebot ES rear mudguard ES2 ES3 ES4","og_description":"Segway Ninebot ES rear mudguard (also rear mudguard, rear mudguard, mudguard, mudguard), for electric scooter Ninebot ES1, ES2, ES3, ES4. Ninebot spare parts.","og_url":"https:\/\/www.xn--tuksimaailm-ffb.ee\/en\/product\/segway-ninebot-es-rear-mudguard-es2-es3-es4\/","og_site_name":"T\u00f5uksimaailm","article_publisher":"https:\/\/www.facebook.com\/touksimaailm\/","og_image":[{"width":599,"height":518,"url":"https:\/\/www.xn--tuksimaailm-ffb.ee\/wp-content\/uploads\/2021\/01\/es-taga-pori-1.jpg","type":"image\/jpeg"}],"twitter_card":"summary_large_image","twitter_misc":{"Price":"&euro;20.00","Availability":"In stock"},"schema":{"@context":"https:\/\/schema.org","@graph":[{"@type":"WebPage","@id":"https:\/\/www.xn--tuksimaailm-ffb.ee\/en\/product\/segway-ninebot-es-rear-mudguard-es2-es3-es4\/","url":"https:\/\/www.xn--tuksimaailm-ffb.ee\/en\/product\/segway-ninebot-es-rear-mudguard-es2-es3-es4\/","name":"Segway Ninebot ES rear mudguard ES2 ES3 ES4 | T\u00f5uksimaailm","isPartOf":{"@id":"https:\/\/www.xn--tuksimaailm-ffb.ee\/en\/#website"},"primaryImageOfPage":{"@id":"https:\/\/www.xn--tuksimaailm-ffb.ee\/en\/product\/segway-ninebot-es-rear-mudguard-es2-es3-es4\/#primaryimage"},"image":{"@id":"https:\/\/www.xn--tuksimaailm-ffb.ee\/en\/product\/segway-ninebot-es-rear-mudguard-es2-es3-es4\/#primaryimage"},"thumbnailUrl":"https:\/\/www.xn--tuksimaailm-ffb.ee\/wp-content\/uploads\/2021\/01\/es-taga-pori-1.jpg","datePublished":"2021-01-19T16:59:21+00:00","description":"Segway Ninebot ES rear mudguard (also rear mudguard, rear mudguard, mudguard, mudguard), for electric scooter Ninebot ES1, ES2, ES3, ES4. Ninebot spare parts.","breadcrumb":{"@id":"https:\/\/www.xn--tuksimaailm-ffb.ee\/en\/product\/segway-ninebot-es-rear-mudguard-es2-es3-es4\/#breadcrumb"},"inLanguage":"en-US","potentialAction":[{"@type":"ReadAction","target":["https:\/\/www.xn--tuksimaailm-ffb.ee\/en\/product\/segway-ninebot-es-rear-mudguard-es2-es3-es4\/"]}]},{"@type":"ImageObject","inLanguage":"en-US","@id":"https:\/\/www.xn--tuksimaailm-ffb.ee\/en\/product\/segway-ninebot-es-rear-mudguard-es2-es3-es4\/#primaryimage","url":"https:\/\/www.xn--tuksimaailm-ffb.ee\/wp-content\/uploads\/2021\/01\/es-taga-pori-1.jpg","contentUrl":"https:\/\/www.xn--tuksimaailm-ffb.ee\/wp-content\/uploads\/2021\/01\/es-taga-pori-1.jpg","width":599,"height":518,"caption":"Segway Ninebot ES rear mudguard ES2 ES3 ES4"},{"@type":"BreadcrumbList","@id":"https:\/\/www.xn--tuksimaailm-ffb.ee\/en\/product\/segway-ninebot-es-rear-mudguard-es2-es3-es4\/#breadcrumb","itemListElement":[{"@type":"ListItem","position":1,"name":"Home","item":"https:\/\/www.xn--tuksimaailm-ffb.ee\/en\/main-page\/"},{"@type":"ListItem","position":2,"name":"Shop","item":"https:\/\/www.xn--tuksimaailm-ffb.ee\/elektritoukerataste-pood\/"},{"@type":"ListItem","position":3,"name":"Segway Ninebot ES rear mudguard ES2 ES3 ES4"}]},{"@type":"WebSite","@id":"https:\/\/www.xn--tuksimaailm-ffb.ee\/en\/#website","url":"https:\/\/www.xn--tuksimaailm-ffb.ee\/en\/","name":"T\u00f5uksimaailm","description":"Elektrit\u00f5ukerataste m\u00fc\u00fck, remont ja rent","publisher":{"@id":"https:\/\/www.xn--tuksimaailm-ffb.ee\/en\/#organization"},"potentialAction":[{"@type":"SearchAction","target":{"@type":"EntryPoint","urlTemplate":"https:\/\/www.xn--tuksimaailm-ffb.ee\/en\/?s={search_term_string}"},"query-input":{"@type":"PropertyValueSpecification","valueRequired":true,"valueName":"search_term_string"}}],"inLanguage":"en-US"},{"@type":"Organization","@id":"https:\/\/www.xn--tuksimaailm-ffb.ee\/en\/#organization","name":"T\u00f5uksimaailm","url":"https:\/\/www.xn--tuksimaailm-ffb.ee\/en\/","logo":{"@type":"ImageObject","inLanguage":"en-US","@id":"https:\/\/www.xn--tuksimaailm-ffb.ee\/en\/#\/schema\/logo\/image\/","url":"https:\/\/www.xn--tuksimaailm-ffb.ee\/wp-content\/uploads\/2020\/01\/logoz-e1579792875517.png","contentUrl":"https:\/\/www.xn--tuksimaailm-ffb.ee\/wp-content\/uploads\/2020\/01\/logoz-e1579792875517.png","width":250,"height":250,"caption":"T\u00f5uksimaailm"},"image":{"@id":"https:\/\/www.xn--tuksimaailm-ffb.ee\/en\/#\/schema\/logo\/image\/"},"sameAs":["https:\/\/www.facebook.com\/touksimaailm\/","https:\/\/www.instagram.com\/touksimaailm_\/","https:\/\/www.youtube.com\/channel\/UC18ml0EKIDLP1xGuQjFzcXQ"]}]},"product_price_amount":"20.00","product_price_currency":"EUR","og_availability":"instock","product_availability":"instock","product_retailer_item_id":"PORILAUD-ES-TAGUMINE","product_condition":"new"},"jetpack_sharing_enabled":true,"_links":{"self":[{"href":"https:\/\/www.xn--tuksimaailm-ffb.ee\/en\/wp-json\/wp\/v2\/product\/56936","targetHints":{"allow":["GET"]}}],"collection":[{"href":"https:\/\/www.xn--tuksimaailm-ffb.ee\/en\/wp-json\/wp\/v2\/product"}],"about":[{"href":"https:\/\/www.xn--tuksimaailm-ffb.ee\/en\/wp-json\/wp\/v2\/types\/product"}],"wp:featuredmedia":[{"embeddable":true,"href":"https:\/\/www.xn--tuksimaailm-ffb.ee\/en\/wp-json\/wp\/v2\/media\/12951"}],"wp:attachment":[{"href":"https:\/\/www.xn--tuksimaailm-ffb.ee\/en\/wp-json\/wp\/v2\/media?parent=56936"}],"wp:term":[{"taxonomy":"product_brand","embeddable":true,"href":"https:\/\/www.xn--tuksimaailm-ffb.ee\/en\/wp-json\/wp\/v2\/product_brand?post=56936"},{"taxonomy":"product_cat","embeddable":true,"href":"https:\/\/www.xn--tuksimaailm-ffb.ee\/en\/wp-json\/wp\/v2\/product_cat?post=56936"},{"taxonomy":"product_tag","embeddable":true,"href":"https:\/\/www.xn--tuksimaailm-ffb.ee\/en\/wp-json\/wp\/v2\/product_tag?post=56936"},{"taxonomy":"filter_elektritoukeratas","embeddable":true,"href":"https:\/\/www.xn--tuksimaailm-ffb.ee\/en\/wp-json\/wp\/v2\/filter_elektritoukeratas?post=56936"}],"curies":[{"name":"wp","href":"https:\/\/api.w.org\/{rel}","templated":true}]}}