{"id":56941,"date":"2021-01-21T17:51:06","date_gmt":"2021-01-21T15:51:06","guid":{"rendered":"http:\/\/www.xn--tuksimaailm-ffb.ee\/shop\/segway-ninebot-es-solid-tyre-8x2-es2-es3-es4\/"},"modified":"2021-01-21T17:51:06","modified_gmt":"2021-01-21T14:51:06","slug":"segway-ninebot-es-solid-tyre-8x2-es2-es3-es4","status":"publish","type":"product","link":"https:\/\/www.xn--tuksimaailm-ffb.ee\/en\/product\/segway-ninebot-es-solid-tyre-8x2-es2-es3-es4\/","title":{"rendered":"Segway Ninebot ES solid tyre 8x2\" ES2 ES3 ES4"},"content":{"rendered":"<p>Segway Ninebot ES solid tyre<b><strong> 8x2 <\/strong><\/b>(solid). Suitable for fitting to the popular <a href=\"https:\/\/ee-en.segway.com\/products\/ninebot-by-segway-kickscooter-es1\"><b><strong>Segway Ninebot ES1<\/strong><\/b><\/a><b><strong>, <\/strong><\/b><a href=\"https:\/\/ee-en.segway.com\/products\/ninebot-by-segway-kickscooter-es2\"><b><strong>ES2<\/strong><\/b><\/a><b><strong>, ES3 <\/strong><\/b>and <a href=\"https:\/\/store.segway.com\/segway-ninebot-kickscooter-es4\"><b><strong>ES4<\/strong><\/b><\/a> electric scooters, the tyre is also ideal for all Segway ride sharing versions. We also offer a more comfortable driving performance <a href=\"http:\/\/www.xn--tuksimaailm-ffb.ee\/shop\/segway-ninebot-es-rehv-8x2-es2-es4-kargrehv\/\"><b><strong>bead tyre<\/strong><\/b><\/a> for the Segway ES series. If you are struggling to <a href=\"https:\/\/www.youtube.com\/watch?v=PlW6PiG1asY\">change a full tyre<\/a> on your scooter on your own, our <a href=\"http:\/\/www.xn--tuksimaailm-ffb.ee\/elektrilise-toukeratta-remont\/\">scooter workshop<\/a> can help.<\/p>\n<p><b><strong>NOTE:<\/strong><\/b> It is possible but difficult to fit the tyre to the front wheel of the Segway Ninebot ES.<\/p>\n","protected":false},"excerpt":{"rendered":"<p>Segway Ninebot ES solid tyre 8x2 (solid). Suitable for fitting to the popular Segway Ninebot ES1, ES2, ES3 and ES4 electric scooters, the tyre is also ideal for all Segway ride sharing versions. We also offer a more comfortable driving performance bead tyre for the Segway ES series. If you &hellip;<\/p>\n","protected":false},"featured_media":12971,"template":"","meta":[],"product_brand":[],"product_cat":[726],"product_tag":[3304,3211],"filter_elektritoukeratas":[2635],"class_list":{"0":"post-56941","1":"product","2":"type-product","3":"status-publish","4":"has-post-thumbnail","6":"product_cat-spare-parts","7":"product_tag-segway-ninebot-spare-parts","8":"product_tag-solid-tyres-honeycomb-tyres","9":"pa_tootetuup-solid-tyres-honeycomb-tyres","10":"filter_elektritoukeratas-ft_segway_ninebot_es1_es2_es4","12":"first","13":"outofstock","14":"taxable","15":"shipping-taxable","16":"purchasable","17":"product-type-simple"},"yoast_head":"<!-- This site is optimized with the Yoast SEO Premium plugin v26.8 (Yoast SEO v27.5) - https:\/\/yoast.com\/product\/yoast-seo-premium-wordpress\/ -->\n<title>Segway Ninebot ES solid tyre 8x2&quot; ES2 ES3 ES4 | T\u00f5uksimaailm<\/title>\n<meta name=\"description\" content=\"Segway Ninebot ES solid tyre 8x2&quot;. Suitable for Segway Ninebot ES1, ES2, ES3 and ES4 models, as well as ride-sharing (rental) electric scooters. Segway spare parts.\" \/>\n<meta name=\"robots\" content=\"index, follow, max-snippet:-1, max-image-preview:large, max-video-preview:-1\" \/>\n<link rel=\"canonical\" href=\"https:\/\/www.xn--tuksimaailm-ffb.ee\/en\/product\/segway-ninebot-es-solid-tyre-8x2-es2-es3-es4\/\" \/>\n<meta property=\"og:locale\" content=\"en_US\" \/>\n<meta property=\"og:type\" content=\"article\" \/>\n<meta property=\"og:title\" content=\"Segway Ninebot ES solid tyre 8x2&quot; ES2 ES3 ES4\" \/>\n<meta property=\"og:description\" content=\"Segway Ninebot ES solid tyre 8x2&quot;. Suitable for Segway Ninebot ES1, ES2, ES3 and ES4 models, as well as ride-sharing (rental) electric scooters. Segway spare parts.\" \/>\n<meta property=\"og:url\" content=\"https:\/\/www.xn--tuksimaailm-ffb.ee\/en\/product\/segway-ninebot-es-solid-tyre-8x2-es2-es3-es4\/\" \/>\n<meta property=\"og:site_name\" content=\"T\u00f5uksimaailm\" \/>\n<meta property=\"article:publisher\" content=\"https:\/\/www.facebook.com\/touksimaailm\/\" \/>\n<meta property=\"og:image\" content=\"https:\/\/www.xn--tuksimaailm-ffb.ee\/wp-content\/uploads\/2021\/01\/es-t\u00e4isrehv-2.jpg\" \/>\n\t<meta property=\"og:image:width\" content=\"600\" \/>\n\t<meta property=\"og:image:height\" content=\"568\" \/>\n\t<meta property=\"og:image:type\" content=\"image\/jpeg\" \/>\n<meta name=\"twitter:card\" content=\"summary_large_image\" \/>\n<meta name=\"twitter:label1\" content=\"Price\" \/>\n\t<meta name=\"twitter:data1\" content=\"&euro;25.00\" \/>\n\t<meta name=\"twitter:label2\" content=\"Availability\" \/>\n\t<meta name=\"twitter:data2\" content=\"Out of stock\" \/>\n<meta property=\"product:price:amount\" content=\"25.00\" \/>\n<meta property=\"product:price:currency\" content=\"EUR\" \/>\n<meta property=\"og:availability\" content=\"out of stock\" \/>\n<meta property=\"product:availability\" content=\"out of stock\" \/>\n<meta property=\"product:retailer_item_id\" content=\"TR-ES\" \/>\n<meta property=\"product:condition\" content=\"new\" \/>\n<!-- \/ Yoast SEO Premium plugin. -->","yoast_head_json":{"title":"Segway Ninebot ES solid tyre 8x2\" ES2 ES3 ES4 | T\u00f5uksimaailm","description":"Segway Ninebot ES solid tyre 8x2\". Suitable for Segway Ninebot ES1, ES2, ES3 and ES4 models, as well as ride-sharing (rental) electric scooters. Segway spare parts.","robots":{"index":"index","follow":"follow","max-snippet":"max-snippet:-1","max-image-preview":"max-image-preview:large","max-video-preview":"max-video-preview:-1"},"canonical":"https:\/\/www.xn--tuksimaailm-ffb.ee\/en\/product\/segway-ninebot-es-solid-tyre-8x2-es2-es3-es4\/","og_locale":"en_US","og_type":"article","og_title":"Segway Ninebot ES solid tyre 8x2\" ES2 ES3 ES4","og_description":"Segway Ninebot ES solid tyre 8x2\". Suitable for Segway Ninebot ES1, ES2, ES3 and ES4 models, as well as ride-sharing (rental) electric scooters. Segway spare parts.","og_url":"https:\/\/www.xn--tuksimaailm-ffb.ee\/en\/product\/segway-ninebot-es-solid-tyre-8x2-es2-es3-es4\/","og_site_name":"T\u00f5uksimaailm","article_publisher":"https:\/\/www.facebook.com\/touksimaailm\/","og_image":[{"width":600,"height":568,"url":"https:\/\/www.xn--tuksimaailm-ffb.ee\/wp-content\/uploads\/2021\/01\/es-t\u00e4isrehv-2.jpg","type":"image\/jpeg"}],"twitter_card":"summary_large_image","twitter_misc":{"Price":"&euro;25.00","Availability":"Out of stock"},"schema":{"@context":"https:\/\/schema.org","@graph":[{"@type":"WebPage","@id":"https:\/\/www.xn--tuksimaailm-ffb.ee\/en\/product\/segway-ninebot-es-solid-tyre-8x2-es2-es3-es4\/","url":"https:\/\/www.xn--tuksimaailm-ffb.ee\/en\/product\/segway-ninebot-es-solid-tyre-8x2-es2-es3-es4\/","name":"Segway Ninebot ES solid tyre 8x2\" ES2 ES3 ES4 | T\u00f5uksimaailm","isPartOf":{"@id":"https:\/\/www.xn--tuksimaailm-ffb.ee\/en\/#website"},"primaryImageOfPage":{"@id":"https:\/\/www.xn--tuksimaailm-ffb.ee\/en\/product\/segway-ninebot-es-solid-tyre-8x2-es2-es3-es4\/#primaryimage"},"image":{"@id":"https:\/\/www.xn--tuksimaailm-ffb.ee\/en\/product\/segway-ninebot-es-solid-tyre-8x2-es2-es3-es4\/#primaryimage"},"thumbnailUrl":"https:\/\/www.xn--tuksimaailm-ffb.ee\/wp-content\/uploads\/2021\/01\/es-t\u00e4isrehv-2.jpg","datePublished":"2021-01-21T15:51:06+00:00","description":"Segway Ninebot ES solid tyre 8x2\". Suitable for Segway Ninebot ES1, ES2, ES3 and ES4 models, as well as ride-sharing (rental) electric scooters. Segway spare parts.","breadcrumb":{"@id":"https:\/\/www.xn--tuksimaailm-ffb.ee\/en\/product\/segway-ninebot-es-solid-tyre-8x2-es2-es3-es4\/#breadcrumb"},"inLanguage":"en-US","potentialAction":[{"@type":"ReadAction","target":["https:\/\/www.xn--tuksimaailm-ffb.ee\/en\/product\/segway-ninebot-es-solid-tyre-8x2-es2-es3-es4\/"]}]},{"@type":"ImageObject","inLanguage":"en-US","@id":"https:\/\/www.xn--tuksimaailm-ffb.ee\/en\/product\/segway-ninebot-es-solid-tyre-8x2-es2-es3-es4\/#primaryimage","url":"https:\/\/www.xn--tuksimaailm-ffb.ee\/wp-content\/uploads\/2021\/01\/es-t\u00e4isrehv-2.jpg","contentUrl":"https:\/\/www.xn--tuksimaailm-ffb.ee\/wp-content\/uploads\/2021\/01\/es-t\u00e4isrehv-2.jpg","width":600,"height":568,"caption":"Segway Ninebot ES solid tyre 8x2\" ES2 ES3 ES4"},{"@type":"BreadcrumbList","@id":"https:\/\/www.xn--tuksimaailm-ffb.ee\/en\/product\/segway-ninebot-es-solid-tyre-8x2-es2-es3-es4\/#breadcrumb","itemListElement":[{"@type":"ListItem","position":1,"name":"Home","item":"https:\/\/www.xn--tuksimaailm-ffb.ee\/en\/main-page\/"},{"@type":"ListItem","position":2,"name":"Shop","item":"https:\/\/www.xn--tuksimaailm-ffb.ee\/elektritoukerataste-pood\/"},{"@type":"ListItem","position":3,"name":"Segway Ninebot ES solid tyre 8x2\" ES2 ES3 ES4"}]},{"@type":"WebSite","@id":"https:\/\/www.xn--tuksimaailm-ffb.ee\/en\/#website","url":"https:\/\/www.xn--tuksimaailm-ffb.ee\/en\/","name":"T\u00f5uksimaailm","description":"Elektrit\u00f5ukerataste m\u00fc\u00fck, remont ja rent","publisher":{"@id":"https:\/\/www.xn--tuksimaailm-ffb.ee\/en\/#organization"},"potentialAction":[{"@type":"SearchAction","target":{"@type":"EntryPoint","urlTemplate":"https:\/\/www.xn--tuksimaailm-ffb.ee\/en\/?s={search_term_string}"},"query-input":{"@type":"PropertyValueSpecification","valueRequired":true,"valueName":"search_term_string"}}],"inLanguage":"en-US"},{"@type":"Organization","@id":"https:\/\/www.xn--tuksimaailm-ffb.ee\/en\/#organization","name":"T\u00f5uksimaailm","url":"https:\/\/www.xn--tuksimaailm-ffb.ee\/en\/","logo":{"@type":"ImageObject","inLanguage":"en-US","@id":"https:\/\/www.xn--tuksimaailm-ffb.ee\/en\/#\/schema\/logo\/image\/","url":"https:\/\/www.xn--tuksimaailm-ffb.ee\/wp-content\/uploads\/2020\/01\/logoz-e1579792875517.png","contentUrl":"https:\/\/www.xn--tuksimaailm-ffb.ee\/wp-content\/uploads\/2020\/01\/logoz-e1579792875517.png","width":250,"height":250,"caption":"T\u00f5uksimaailm"},"image":{"@id":"https:\/\/www.xn--tuksimaailm-ffb.ee\/en\/#\/schema\/logo\/image\/"},"sameAs":["https:\/\/www.facebook.com\/touksimaailm\/","https:\/\/www.instagram.com\/touksimaailm_\/","https:\/\/www.youtube.com\/channel\/UC18ml0EKIDLP1xGuQjFzcXQ"]}]},"product_price_amount":"25.00","product_price_currency":"EUR","og_availability":"out of stock","product_availability":"out of stock","product_retailer_item_id":"TR-ES","product_condition":"new"},"jetpack_sharing_enabled":true,"_links":{"self":[{"href":"https:\/\/www.xn--tuksimaailm-ffb.ee\/en\/wp-json\/wp\/v2\/product\/56941","targetHints":{"allow":["GET"]}}],"collection":[{"href":"https:\/\/www.xn--tuksimaailm-ffb.ee\/en\/wp-json\/wp\/v2\/product"}],"about":[{"href":"https:\/\/www.xn--tuksimaailm-ffb.ee\/en\/wp-json\/wp\/v2\/types\/product"}],"wp:featuredmedia":[{"embeddable":true,"href":"https:\/\/www.xn--tuksimaailm-ffb.ee\/en\/wp-json\/wp\/v2\/media\/12971"}],"wp:attachment":[{"href":"https:\/\/www.xn--tuksimaailm-ffb.ee\/en\/wp-json\/wp\/v2\/media?parent=56941"}],"wp:term":[{"taxonomy":"product_brand","embeddable":true,"href":"https:\/\/www.xn--tuksimaailm-ffb.ee\/en\/wp-json\/wp\/v2\/product_brand?post=56941"},{"taxonomy":"product_cat","embeddable":true,"href":"https:\/\/www.xn--tuksimaailm-ffb.ee\/en\/wp-json\/wp\/v2\/product_cat?post=56941"},{"taxonomy":"product_tag","embeddable":true,"href":"https:\/\/www.xn--tuksimaailm-ffb.ee\/en\/wp-json\/wp\/v2\/product_tag?post=56941"},{"taxonomy":"filter_elektritoukeratas","embeddable":true,"href":"https:\/\/www.xn--tuksimaailm-ffb.ee\/en\/wp-json\/wp\/v2\/filter_elektritoukeratas?post=56941"}],"curies":[{"name":"wp","href":"https:\/\/api.w.org\/{rel}","templated":true}]}}