{"id":56942,"date":"2021-01-21T18:43:36","date_gmt":"2021-01-21T16:43:36","guid":{"rendered":"http:\/\/www.xn--tuksimaailm-ffb.ee\/shop\/xiaomi-strong-bag-hook-for-m365-1s-pro-2\/"},"modified":"2021-01-21T18:43:36","modified_gmt":"2021-01-21T15:43:36","slug":"xiaomi-strong-bag-hook-for-m365-1s-pro-2","status":"publish","type":"product","link":"https:\/\/www.xn--tuksimaailm-ffb.ee\/en\/product\/xiaomi-strong-bag-hook-for-m365-1s-pro-2\/","title":{"rendered":"Xiaomi strong bag hook for M365 1S Pro 2"},"content":{"rendered":"<p>Xiaomi Strong Bag Hook (also known as a hook) - suitable for hanging shopping bags on an electric scooter. Available in <b><strong>black<\/strong><\/b>, <b><strong>red<\/strong><\/b> and <b><strong>white<\/strong><\/b>. The Xiaomi strong bag hook is suitable for the popular <a href=\"http:\/\/www.xn--tuksimaailm-ffb.ee\/shop\/elektritouks_xiaomi-360\/\"><b><strong>Xiaomi M365<\/strong><\/b><\/a><b><strong>, <\/strong><\/b><a href=\"http:\/\/www.xn--tuksimaailm-ffb.ee\/shop\/elektriline-toukeratas-xiaomi-mi-m365-pro\/\"><b><strong>Xiaomi M365 Pro<\/strong><\/b><\/a><b><strong>, <\/strong><\/b><a href=\"http:\/\/www.xn--tuksimaailm-ffb.ee\/shop\/xiaomi-1s-elektritoukeratas\/\"><b><strong>Xiaomi Mi 1S<\/strong><\/b><\/a><b> <\/b>and<b> <\/b><a href=\"https:\/\/www.mi.com\/global\/mi-electric-scooter-Pro2\/\"><b><strong>Xiaomi Mi Pro 2<\/strong><\/b><\/a> electric scooters<b><strong>.<\/strong><\/b> We also offer <a href=\"http:\/\/www.xn--tuksimaailm-ffb.ee\/shop\/xiaomi-metallist-konks-m365-1s-pro-2\/\"><b><strong>a metal hook<\/strong><\/b><\/a> for heavy bags for the Xiaomi Mi electric scooter.<\/p>\n","protected":false},"excerpt":{"rendered":"<p>Xiaomi Strong Bag Hook (also known as a hook) - suitable for hanging shopping bags on an electric scooter. Available in black, red and white. The Xiaomi strong bag hook is suitable for the popular Xiaomi M365, Xiaomi M365 Pro, Xiaomi Mi 1S and Xiaomi Mi Pro 2 electric scooters. &hellip;<\/p>\n","protected":false},"featured_media":12975,"template":"","meta":[],"product_brand":[],"product_cat":[746],"product_tag":[3370,3209],"filter_elektritoukeratas":[],"class_list":{"0":"post-56942","1":"product","2":"type-product","3":"status-publish","4":"has-post-thumbnail","6":"product_cat-accessories","7":"product_tag-bag-hooks","8":"product_tag-xiaomi-spare-parts","9":"pa_colour-must","10":"pa_colour-punane","11":"pa_colour-valge","12":"pa_tootetuup-bag-hooks","14":"first","15":"instock","16":"taxable","17":"shipping-taxable","18":"purchasable","19":"product-type-variable"},"yoast_head":"<!-- This site is optimized with the Yoast SEO Premium plugin v26.8 (Yoast SEO v27.5) - https:\/\/yoast.com\/product\/yoast-seo-premium-wordpress\/ -->\n<title>Xiaomi strong bag hook for M365 1S Pro 2 | T\u00f5uksimaailm | Accessories<\/title>\n<meta name=\"description\" content=\"Xiaomi sturdy bag hook (also known as hook), suitable for the popular Xiaomi M365, Xiaomi M365 Pro, Xiaomi Mi 1S and Xiaomi Mi Pro 2 electric scooters. Accessories.\" \/>\n<meta name=\"robots\" content=\"index, follow, max-snippet:-1, max-image-preview:large, max-video-preview:-1\" \/>\n<link rel=\"canonical\" href=\"https:\/\/www.xn--tuksimaailm-ffb.ee\/en\/product\/xiaomi-strong-bag-hook-for-m365-1s-pro-2\/\" \/>\n<meta property=\"og:locale\" content=\"en_US\" \/>\n<meta property=\"og:type\" content=\"article\" \/>\n<meta property=\"og:title\" content=\"Xiaomi strong bag hook for M365 1S Pro 2\" \/>\n<meta property=\"og:description\" content=\"Xiaomi sturdy bag hook (also known as hook), suitable for the popular Xiaomi M365, Xiaomi M365 Pro, Xiaomi Mi 1S and Xiaomi Mi Pro 2 electric scooters. Accessories.\" \/>\n<meta property=\"og:url\" content=\"https:\/\/www.xn--tuksimaailm-ffb.ee\/en\/product\/xiaomi-strong-bag-hook-for-m365-1s-pro-2\/\" \/>\n<meta property=\"og:site_name\" content=\"T\u00f5uksimaailm\" \/>\n<meta property=\"article:publisher\" content=\"https:\/\/www.facebook.com\/touksimaailm\/\" \/>\n<meta property=\"og:image\" content=\"https:\/\/www.xn--tuksimaailm-ffb.ee\/wp-content\/uploads\/2021\/01\/tugev-xiaomi-konks-1.jpg\" \/>\n\t<meta property=\"og:image:width\" content=\"557\" \/>\n\t<meta property=\"og:image:height\" content=\"528\" \/>\n\t<meta property=\"og:image:type\" content=\"image\/jpeg\" \/>\n<meta name=\"twitter:card\" content=\"summary_large_image\" \/>\n<meta name=\"twitter:label1\" content=\"Availability\" \/>\n\t<meta name=\"twitter:data1\" content=\"In stock\" \/>\n<meta property=\"og:availability\" content=\"instock\" \/>\n<meta property=\"product:availability\" content=\"instock\" \/>\n<meta property=\"product:condition\" content=\"new\" \/>\n<!-- \/ Yoast SEO Premium plugin. -->","yoast_head_json":{"title":"Xiaomi strong bag hook for M365 1S Pro 2 | T\u00f5uksimaailm | Accessories","description":"Xiaomi sturdy bag hook (also known as hook), suitable for the popular Xiaomi M365, Xiaomi M365 Pro, Xiaomi Mi 1S and Xiaomi Mi Pro 2 electric scooters. Accessories.","robots":{"index":"index","follow":"follow","max-snippet":"max-snippet:-1","max-image-preview":"max-image-preview:large","max-video-preview":"max-video-preview:-1"},"canonical":"https:\/\/www.xn--tuksimaailm-ffb.ee\/en\/product\/xiaomi-strong-bag-hook-for-m365-1s-pro-2\/","og_locale":"en_US","og_type":"article","og_title":"Xiaomi strong bag hook for M365 1S Pro 2","og_description":"Xiaomi sturdy bag hook (also known as hook), suitable for the popular Xiaomi M365, Xiaomi M365 Pro, Xiaomi Mi 1S and Xiaomi Mi Pro 2 electric scooters. Accessories.","og_url":"https:\/\/www.xn--tuksimaailm-ffb.ee\/en\/product\/xiaomi-strong-bag-hook-for-m365-1s-pro-2\/","og_site_name":"T\u00f5uksimaailm","article_publisher":"https:\/\/www.facebook.com\/touksimaailm\/","og_image":[{"width":557,"height":528,"url":"https:\/\/www.xn--tuksimaailm-ffb.ee\/wp-content\/uploads\/2021\/01\/tugev-xiaomi-konks-1.jpg","type":"image\/jpeg"}],"twitter_card":"summary_large_image","twitter_misc":{"Availability":"In stock"},"schema":{"@context":"https:\/\/schema.org","@graph":[{"@type":"WebPage","@id":"https:\/\/www.xn--tuksimaailm-ffb.ee\/en\/product\/xiaomi-strong-bag-hook-for-m365-1s-pro-2\/","url":"https:\/\/www.xn--tuksimaailm-ffb.ee\/en\/product\/xiaomi-strong-bag-hook-for-m365-1s-pro-2\/","name":"Xiaomi strong bag hook for M365 1S Pro 2 | T\u00f5uksimaailm | Accessories","isPartOf":{"@id":"https:\/\/www.xn--tuksimaailm-ffb.ee\/en\/#website"},"primaryImageOfPage":{"@id":"https:\/\/www.xn--tuksimaailm-ffb.ee\/en\/product\/xiaomi-strong-bag-hook-for-m365-1s-pro-2\/#primaryimage"},"image":{"@id":"https:\/\/www.xn--tuksimaailm-ffb.ee\/en\/product\/xiaomi-strong-bag-hook-for-m365-1s-pro-2\/#primaryimage"},"thumbnailUrl":"https:\/\/www.xn--tuksimaailm-ffb.ee\/wp-content\/uploads\/2021\/01\/tugev-xiaomi-konks-1.jpg","datePublished":"2021-01-21T16:43:36+00:00","description":"Xiaomi sturdy bag hook (also known as hook), suitable for the popular Xiaomi M365, Xiaomi M365 Pro, Xiaomi Mi 1S and Xiaomi Mi Pro 2 electric scooters. Accessories.","breadcrumb":{"@id":"https:\/\/www.xn--tuksimaailm-ffb.ee\/en\/product\/xiaomi-strong-bag-hook-for-m365-1s-pro-2\/#breadcrumb"},"inLanguage":"en-US","potentialAction":[{"@type":"ReadAction","target":["https:\/\/www.xn--tuksimaailm-ffb.ee\/en\/product\/xiaomi-strong-bag-hook-for-m365-1s-pro-2\/"]}]},{"@type":"ImageObject","inLanguage":"en-US","@id":"https:\/\/www.xn--tuksimaailm-ffb.ee\/en\/product\/xiaomi-strong-bag-hook-for-m365-1s-pro-2\/#primaryimage","url":"https:\/\/www.xn--tuksimaailm-ffb.ee\/wp-content\/uploads\/2021\/01\/tugev-xiaomi-konks-1.jpg","contentUrl":"https:\/\/www.xn--tuksimaailm-ffb.ee\/wp-content\/uploads\/2021\/01\/tugev-xiaomi-konks-1.jpg","width":557,"height":528,"caption":"Xiaomi strong bag hook for M365 1S Pro 2"},{"@type":"BreadcrumbList","@id":"https:\/\/www.xn--tuksimaailm-ffb.ee\/en\/product\/xiaomi-strong-bag-hook-for-m365-1s-pro-2\/#breadcrumb","itemListElement":[{"@type":"ListItem","position":1,"name":"Home","item":"https:\/\/www.xn--tuksimaailm-ffb.ee\/en\/main-page\/"},{"@type":"ListItem","position":2,"name":"Shop","item":"https:\/\/www.xn--tuksimaailm-ffb.ee\/elektritoukerataste-pood\/"},{"@type":"ListItem","position":3,"name":"Xiaomi strong bag hook for M365 1S Pro 2"}]},{"@type":"WebSite","@id":"https:\/\/www.xn--tuksimaailm-ffb.ee\/en\/#website","url":"https:\/\/www.xn--tuksimaailm-ffb.ee\/en\/","name":"T\u00f5uksimaailm","description":"Elektrit\u00f5ukerataste m\u00fc\u00fck, remont ja rent","publisher":{"@id":"https:\/\/www.xn--tuksimaailm-ffb.ee\/en\/#organization"},"potentialAction":[{"@type":"SearchAction","target":{"@type":"EntryPoint","urlTemplate":"https:\/\/www.xn--tuksimaailm-ffb.ee\/en\/?s={search_term_string}"},"query-input":{"@type":"PropertyValueSpecification","valueRequired":true,"valueName":"search_term_string"}}],"inLanguage":"en-US"},{"@type":"Organization","@id":"https:\/\/www.xn--tuksimaailm-ffb.ee\/en\/#organization","name":"T\u00f5uksimaailm","url":"https:\/\/www.xn--tuksimaailm-ffb.ee\/en\/","logo":{"@type":"ImageObject","inLanguage":"en-US","@id":"https:\/\/www.xn--tuksimaailm-ffb.ee\/en\/#\/schema\/logo\/image\/","url":"https:\/\/www.xn--tuksimaailm-ffb.ee\/wp-content\/uploads\/2020\/01\/logoz-e1579792875517.png","contentUrl":"https:\/\/www.xn--tuksimaailm-ffb.ee\/wp-content\/uploads\/2020\/01\/logoz-e1579792875517.png","width":250,"height":250,"caption":"T\u00f5uksimaailm"},"image":{"@id":"https:\/\/www.xn--tuksimaailm-ffb.ee\/en\/#\/schema\/logo\/image\/"},"sameAs":["https:\/\/www.facebook.com\/touksimaailm\/","https:\/\/www.instagram.com\/touksimaailm_\/","https:\/\/www.youtube.com\/channel\/UC18ml0EKIDLP1xGuQjFzcXQ"]}]},"og_availability":"instock","product_availability":"instock","product_condition":"new"},"jetpack_sharing_enabled":true,"_links":{"self":[{"href":"https:\/\/www.xn--tuksimaailm-ffb.ee\/en\/wp-json\/wp\/v2\/product\/56942","targetHints":{"allow":["GET"]}}],"collection":[{"href":"https:\/\/www.xn--tuksimaailm-ffb.ee\/en\/wp-json\/wp\/v2\/product"}],"about":[{"href":"https:\/\/www.xn--tuksimaailm-ffb.ee\/en\/wp-json\/wp\/v2\/types\/product"}],"wp:featuredmedia":[{"embeddable":true,"href":"https:\/\/www.xn--tuksimaailm-ffb.ee\/en\/wp-json\/wp\/v2\/media\/12975"}],"wp:attachment":[{"href":"https:\/\/www.xn--tuksimaailm-ffb.ee\/en\/wp-json\/wp\/v2\/media?parent=56942"}],"wp:term":[{"taxonomy":"product_brand","embeddable":true,"href":"https:\/\/www.xn--tuksimaailm-ffb.ee\/en\/wp-json\/wp\/v2\/product_brand?post=56942"},{"taxonomy":"product_cat","embeddable":true,"href":"https:\/\/www.xn--tuksimaailm-ffb.ee\/en\/wp-json\/wp\/v2\/product_cat?post=56942"},{"taxonomy":"product_tag","embeddable":true,"href":"https:\/\/www.xn--tuksimaailm-ffb.ee\/en\/wp-json\/wp\/v2\/product_tag?post=56942"},{"taxonomy":"filter_elektritoukeratas","embeddable":true,"href":"https:\/\/www.xn--tuksimaailm-ffb.ee\/en\/wp-json\/wp\/v2\/filter_elektritoukeratas?post=56942"}],"curies":[{"name":"wp","href":"https:\/\/api.w.org\/{rel}","templated":true}]}}