{"id":56947,"date":"2021-01-21T19:12:49","date_gmt":"2021-01-21T19:12:49","guid":{"rendered":"http:\/\/www.xn--tuksimaailm-ffb.ee\/shop\/tyres-for-balance-board-electric-scooter-10x2-125\/"},"modified":"2021-01-21T19:12:49","modified_gmt":"2021-01-21T16:12:49","slug":"tyres-for-balance-board-electric-scooter-10x2-125","status":"publish","type":"product","link":"https:\/\/www.xn--tuksimaailm-ffb.ee\/en\/product\/tyres-for-balance-board-electric-scooter-10x2-125\/","title":{"rendered":"Tyres for balance board \/ electric scooter 10x2.125\""},"content":{"rendered":"<p>Balance bike \/ electric scooter tyre 10x2.125\" (also outer tyre, outer rubber, casing), size <b><strong>10x2.125\"<\/strong><\/b>. Suitable for fitting in place of <b><strong>10x2.125\" or 10x2.25\" <\/strong><\/b>outer tyre. Balance bike\/electric scooter tyre 10x2.125\"\" is particularly suitable for all balance bikes with 10\" tyres. As the tyres of electric scooters and balance scooters, due to their small dimensions and air capacity, are prone to internal tyre rupture due to impact, we recommend checking the tyre pressure once every 2 weeks or before each ride if the scooter is ridden less frequently.<\/p>\n<p>When inflating tyres, we strongly recommend the use of <a href=\"http:\/\/www.xn--tuksimaailm-ffb.ee\/tootekategooria\/lisavarustus\/\">pressure gauge pumps<\/a> to ensure the exact tyre pressure recommended by the vehicle manufacturer. If repairing an electric scooter or balance bike is too much for you or you don't have the means, our <a href=\"http:\/\/www.xn--tuksimaailm-ffb.ee\/elektrilise-toukeratta-remont\/\">workshop<\/a> specialising in electric light scooters can help. We can also carry out inner tyre replacements on a stand-by basis. You can read more about electric scooter tyre replacement in our <a href=\"http:\/\/www.xn--tuksimaailm-ffb.ee\/elektritoukeratta-rehvivahetus\/\">blog post<\/a>.<\/p>\n","protected":false},"excerpt":{"rendered":"<p>Balance bike \/ electric scooter tyre 10x2.125\" (also outer tyre, outer rubber, casing), size 10x2.125\". Suitable for fitting in place of 10x2.125\" or 10x2.25\" outer tyre. Balance bike\/electric scooter tyre 10x2.125\"\" is particularly suitable for all balance bikes with 10\" tyres. As the tyres of electric scooters and balance scooters, &hellip;<\/p>\n","protected":false},"featured_media":77890,"template":"","meta":[],"product_brand":[],"product_cat":[726],"product_tag":[3393,3392,3391,3208,3390],"filter_elektritoukeratas":[2686,2687,2697,2698,2694,2695,2693,2691,2692],"class_list":{"0":"post-56947","1":"product","2":"type-product","3":"status-publish","4":"has-post-thumbnail","6":"product_cat-spare-parts","7":"product_tag-blaupunkt-spare-parts","8":"product_tag-hx-spare-parts","9":"product_tag-tasakaaluliikuri-hoverboard-spare-parts","10":"product_tag-tyres","11":"product_tag-velt-smart-scooter-spare-parts","12":"pa_tootetuup-hoverboard-spare-parts","13":"pa_tootetuup-tyres","14":"filter_elektritoukeratas-ft_blaupunkt_esc808","15":"filter_elektritoukeratas-ft_blaupunkt_esc910","16":"filter_elektritoukeratas-ft_hx_x7","17":"filter_elektritoukeratas-ft_hx_x8","18":"filter_elektritoukeratas-ft_velt_smart_eco","19":"filter_elektritoukeratas-ft_velt_smart_pro","20":"filter_elektritoukeratas-ft_velt_smart_x7","21":"filter_elektritoukeratas-ft_velt_smart_x8","22":"filter_elektritoukeratas-ft_velt_smart_x8_pro","24":"first","25":"instock","26":"taxable","27":"shipping-taxable","28":"purchasable","29":"product-type-simple"},"yoast_head":"<!-- This site is optimized with the Yoast SEO Premium plugin v26.8 (Yoast SEO v27.5) - https:\/\/yoast.com\/product\/yoast-seo-premium-wordpress\/ -->\n<title>Tyres for balance board \/ electric scooter 10x2.125&quot; | T\u00f5uksimaailm<\/title>\n<meta name=\"description\" content=\"Tire for balance \/ electric scooter 10x2.125&quot; (also outer tyre, outer casing, outer tyre), size 10x2.125&quot;, with 10&quot; tires for Hoverboard.Electric scooter tires.\" \/>\n<meta name=\"robots\" content=\"index, follow, max-snippet:-1, max-image-preview:large, max-video-preview:-1\" \/>\n<link rel=\"canonical\" href=\"https:\/\/www.xn--tuksimaailm-ffb.ee\/en\/product\/tyres-for-balance-board-electric-scooter-10x2-125\/\" \/>\n<meta property=\"og:locale\" content=\"en_US\" \/>\n<meta property=\"og:type\" content=\"article\" \/>\n<meta property=\"og:title\" content=\"Tyres for balance board \/ electric scooter 10x2.125&quot;\" \/>\n<meta property=\"og:description\" content=\"Tire for balance \/ electric scooter 10x2.125&quot; (also outer tyre, outer casing, outer tyre), size 10x2.125&quot;, with 10&quot; tires for Hoverboard.Electric scooter tires.\" \/>\n<meta property=\"og:url\" content=\"https:\/\/www.xn--tuksimaailm-ffb.ee\/en\/product\/tyres-for-balance-board-electric-scooter-10x2-125\/\" \/>\n<meta property=\"og:site_name\" content=\"T\u00f5uksimaailm\" \/>\n<meta property=\"article:publisher\" content=\"https:\/\/www.facebook.com\/touksimaailm\/\" \/>\n<meta property=\"og:image\" content=\"https:\/\/www.xn--tuksimaailm-ffb.ee\/wp-content\/uploads\/2021\/01\/Screenshot-2025-01-11-220622.png\" \/>\n\t<meta property=\"og:image:width\" content=\"1144\" \/>\n\t<meta property=\"og:image:height\" content=\"952\" \/>\n\t<meta property=\"og:image:type\" content=\"image\/png\" \/>\n<meta name=\"twitter:card\" content=\"summary_large_image\" \/>\n<meta name=\"twitter:label1\" content=\"Price\" \/>\n\t<meta name=\"twitter:data1\" content=\"&euro;15.00\" \/>\n\t<meta name=\"twitter:label2\" content=\"Availability\" \/>\n\t<meta name=\"twitter:data2\" content=\"In stock\" \/>\n<meta property=\"product:price:amount\" content=\"15.00\" \/>\n<meta property=\"product:price:currency\" content=\"EUR\" \/>\n<meta property=\"og:availability\" content=\"instock\" \/>\n<meta property=\"product:availability\" content=\"instock\" \/>\n<meta property=\"product:condition\" content=\"new\" \/>\n<!-- \/ Yoast SEO Premium plugin. -->","yoast_head_json":{"title":"Tyres for balance board \/ electric scooter 10x2.125\" | T\u00f5uksimaailm","description":"Tire for balance \/ electric scooter 10x2.125\" (also outer tyre, outer casing, outer tyre), size 10x2.125\", with 10\" tires for Hoverboard.Electric scooter tires.","robots":{"index":"index","follow":"follow","max-snippet":"max-snippet:-1","max-image-preview":"max-image-preview:large","max-video-preview":"max-video-preview:-1"},"canonical":"https:\/\/www.xn--tuksimaailm-ffb.ee\/en\/product\/tyres-for-balance-board-electric-scooter-10x2-125\/","og_locale":"en_US","og_type":"article","og_title":"Tyres for balance board \/ electric scooter 10x2.125\"","og_description":"Tire for balance \/ electric scooter 10x2.125\" (also outer tyre, outer casing, outer tyre), size 10x2.125\", with 10\" tires for Hoverboard.Electric scooter tires.","og_url":"https:\/\/www.xn--tuksimaailm-ffb.ee\/en\/product\/tyres-for-balance-board-electric-scooter-10x2-125\/","og_site_name":"T\u00f5uksimaailm","article_publisher":"https:\/\/www.facebook.com\/touksimaailm\/","og_image":[{"width":1144,"height":952,"url":"https:\/\/www.xn--tuksimaailm-ffb.ee\/wp-content\/uploads\/2021\/01\/Screenshot-2025-01-11-220622.png","type":"image\/png"}],"twitter_card":"summary_large_image","twitter_misc":{"Price":"&euro;15.00","Availability":"In stock"},"schema":{"@context":"https:\/\/schema.org","@graph":[{"@type":"WebPage","@id":"https:\/\/www.xn--tuksimaailm-ffb.ee\/en\/product\/tyres-for-balance-board-electric-scooter-10x2-125\/","url":"https:\/\/www.xn--tuksimaailm-ffb.ee\/en\/product\/tyres-for-balance-board-electric-scooter-10x2-125\/","name":"Tyres for balance board \/ electric scooter 10x2.125\" | T\u00f5uksimaailm","isPartOf":{"@id":"https:\/\/www.xn--tuksimaailm-ffb.ee\/en\/#website"},"primaryImageOfPage":{"@id":"https:\/\/www.xn--tuksimaailm-ffb.ee\/en\/product\/tyres-for-balance-board-electric-scooter-10x2-125\/#primaryimage"},"image":{"@id":"https:\/\/www.xn--tuksimaailm-ffb.ee\/en\/product\/tyres-for-balance-board-electric-scooter-10x2-125\/#primaryimage"},"thumbnailUrl":"https:\/\/www.xn--tuksimaailm-ffb.ee\/wp-content\/uploads\/2021\/01\/Screenshot-2026-02-05-203445.webp","datePublished":"2021-01-21T19:12:49+00:00","description":"Tire for balance \/ electric scooter 10x2.125\" (also outer tyre, outer casing, outer tyre), size 10x2.125\", with 10\" tires for Hoverboard.Electric scooter tires.","breadcrumb":{"@id":"https:\/\/www.xn--tuksimaailm-ffb.ee\/en\/product\/tyres-for-balance-board-electric-scooter-10x2-125\/#breadcrumb"},"inLanguage":"en-US","potentialAction":[{"@type":"ReadAction","target":["https:\/\/www.xn--tuksimaailm-ffb.ee\/en\/product\/tyres-for-balance-board-electric-scooter-10x2-125\/"]}]},{"@type":"ImageObject","inLanguage":"en-US","@id":"https:\/\/www.xn--tuksimaailm-ffb.ee\/en\/product\/tyres-for-balance-board-electric-scooter-10x2-125\/#primaryimage","url":"https:\/\/www.xn--tuksimaailm-ffb.ee\/wp-content\/uploads\/2021\/01\/Screenshot-2026-02-05-203445.webp","contentUrl":"https:\/\/www.xn--tuksimaailm-ffb.ee\/wp-content\/uploads\/2021\/01\/Screenshot-2026-02-05-203445.webp","width":888,"height":733,"caption":"Tasakaaluliikuri \/ Elektrit\u00f5ukeratta rehv 10x2.125\""},{"@type":"BreadcrumbList","@id":"https:\/\/www.xn--tuksimaailm-ffb.ee\/en\/product\/tyres-for-balance-board-electric-scooter-10x2-125\/#breadcrumb","itemListElement":[{"@type":"ListItem","position":1,"name":"Home","item":"https:\/\/www.xn--tuksimaailm-ffb.ee\/en\/main-page\/"},{"@type":"ListItem","position":2,"name":"Shop","item":"https:\/\/www.xn--tuksimaailm-ffb.ee\/elektritoukerataste-pood\/"},{"@type":"ListItem","position":3,"name":"Tyres for balance board \/ electric scooter 10x2.125\""}]},{"@type":"WebSite","@id":"https:\/\/www.xn--tuksimaailm-ffb.ee\/en\/#website","url":"https:\/\/www.xn--tuksimaailm-ffb.ee\/en\/","name":"T\u00f5uksimaailm","description":"Elektrit\u00f5ukerataste m\u00fc\u00fck, remont ja rent","publisher":{"@id":"https:\/\/www.xn--tuksimaailm-ffb.ee\/en\/#organization"},"potentialAction":[{"@type":"SearchAction","target":{"@type":"EntryPoint","urlTemplate":"https:\/\/www.xn--tuksimaailm-ffb.ee\/en\/?s={search_term_string}"},"query-input":{"@type":"PropertyValueSpecification","valueRequired":true,"valueName":"search_term_string"}}],"inLanguage":"en-US"},{"@type":"Organization","@id":"https:\/\/www.xn--tuksimaailm-ffb.ee\/en\/#organization","name":"T\u00f5uksimaailm","url":"https:\/\/www.xn--tuksimaailm-ffb.ee\/en\/","logo":{"@type":"ImageObject","inLanguage":"en-US","@id":"https:\/\/www.xn--tuksimaailm-ffb.ee\/en\/#\/schema\/logo\/image\/","url":"https:\/\/www.xn--tuksimaailm-ffb.ee\/wp-content\/uploads\/2020\/01\/logoz-e1579792875517.png","contentUrl":"https:\/\/www.xn--tuksimaailm-ffb.ee\/wp-content\/uploads\/2020\/01\/logoz-e1579792875517.png","width":250,"height":250,"caption":"T\u00f5uksimaailm"},"image":{"@id":"https:\/\/www.xn--tuksimaailm-ffb.ee\/en\/#\/schema\/logo\/image\/"},"sameAs":["https:\/\/www.facebook.com\/touksimaailm\/","https:\/\/www.instagram.com\/touksimaailm_\/","https:\/\/www.youtube.com\/channel\/UC18ml0EKIDLP1xGuQjFzcXQ"]}]},"product_price_amount":"15.00","product_price_currency":"EUR","og_availability":"instock","product_availability":"instock","product_condition":"new"},"jetpack_sharing_enabled":true,"_links":{"self":[{"href":"https:\/\/www.xn--tuksimaailm-ffb.ee\/en\/wp-json\/wp\/v2\/product\/56947","targetHints":{"allow":["GET"]}}],"collection":[{"href":"https:\/\/www.xn--tuksimaailm-ffb.ee\/en\/wp-json\/wp\/v2\/product"}],"about":[{"href":"https:\/\/www.xn--tuksimaailm-ffb.ee\/en\/wp-json\/wp\/v2\/types\/product"}],"wp:featuredmedia":[{"embeddable":true,"href":"https:\/\/www.xn--tuksimaailm-ffb.ee\/en\/wp-json\/wp\/v2\/media\/77890"}],"wp:attachment":[{"href":"https:\/\/www.xn--tuksimaailm-ffb.ee\/en\/wp-json\/wp\/v2\/media?parent=56947"}],"wp:term":[{"taxonomy":"product_brand","embeddable":true,"href":"https:\/\/www.xn--tuksimaailm-ffb.ee\/en\/wp-json\/wp\/v2\/product_brand?post=56947"},{"taxonomy":"product_cat","embeddable":true,"href":"https:\/\/www.xn--tuksimaailm-ffb.ee\/en\/wp-json\/wp\/v2\/product_cat?post=56947"},{"taxonomy":"product_tag","embeddable":true,"href":"https:\/\/www.xn--tuksimaailm-ffb.ee\/en\/wp-json\/wp\/v2\/product_tag?post=56947"},{"taxonomy":"filter_elektritoukeratas","embeddable":true,"href":"https:\/\/www.xn--tuksimaailm-ffb.ee\/en\/wp-json\/wp\/v2\/filter_elektritoukeratas?post=56947"}],"curies":[{"name":"wp","href":"https:\/\/api.w.org\/{rel}","templated":true}]}}