{"id":56965,"date":"2021-01-22T16:53:47","date_gmt":"2021-01-22T13:53:47","guid":{"rendered":"http:\/\/www.xn--tuksimaailm-ffb.ee\/shop\/xiaomi-rear-wheel-with-punctureproof-tyre-1s-8-1-2x2\/"},"modified":"2021-01-22T16:53:47","modified_gmt":"2021-01-22T13:53:47","slug":"xiaomi-rear-wheel-with-punctureproof-tyre-1s-8-1-2x2","status":"publish","type":"product","link":"https:\/\/www.xn--tuksimaailm-ffb.ee\/en\/product\/xiaomi-rear-wheel-with-punctureproof-tyre-1s-8-1-2x2\/","title":{"rendered":"Xiaomi rear wheel with punctureproof tyre 1S 8 1\/2x2\""},"content":{"rendered":"<p>Xiaomi rear wheel <b><strong>with punctureproof tire <\/strong><\/b>(solid tire\/full tire rear wheel),<b> <\/b>wheel tire diameter<b><strong> 8.5 inch, <\/strong><\/b>tire<b><strong> 8.5x2\" 8 1\/2x2\"<\/strong><\/b>. Xiaomi M365 1S rear wheel with honeycomb tyre is suitable for the popular <a href=\"http:\/\/www.xn--tuksimaailm-ffb.ee\/shop\/elektritouks_xiaomi-360\/\"><b><strong>Xiaomi M365<\/strong><\/b><\/a> and <a href=\"https:\/\/www.mi.com\/global\/mi-electric-scooter-1S\/\"><b><strong>Xiaomi Mi 1S<\/strong><\/b><\/a> electric scooter.' We also offer <a href=\"http:\/\/www.xn--tuksimaailm-ffb.ee\/shop\/xiaomi-tagaratas-rehviga-m365-1s-8-5x2-8-1-2x2\/\">rear wheel with inner tube and outer tyre<\/a>.<\/p>\n<p>By the way, it is also very useful to replace the rear wheel of Xiaomi electric scooters if the rear inner wheel is broken. This is in situations where you don't have the tools or the space to replace it yourself, and it would be difficult to get to the <a href=\"http:\/\/www.xn--tuksimaailm-ffb.ee\/elektrilise-toukeratta-remont\/\">workshop.<\/a> It also makes sense to replace the rear wheel if the wheel bearings are worn.<\/p>\n","protected":false},"excerpt":{"rendered":"<p>Xiaomi rear wheel with punctureproof tire (solid tire\/full tire rear wheel), wheel tire diameter 8.5 inch, tire 8.5x2\" 8 1\/2x2\". Xiaomi M365 1S rear wheel with honeycomb tyre is suitable for the popular Xiaomi M365 and Xiaomi Mi 1S electric scooter.' We also offer rear wheel with inner tube and &hellip;<\/p>\n","protected":false},"featured_media":12995,"template":"","meta":[],"product_brand":[],"product_cat":[726],"product_tag":[3209],"filter_elektritoukeratas":[2613,2612],"class_list":{"0":"post-56965","1":"product","2":"type-product","3":"status-publish","4":"has-post-thumbnail","6":"product_cat-spare-parts","7":"product_tag-xiaomi-spare-parts","8":"filter_elektritoukeratas-ft_xiaomi_1s_mi3_pro_2_3_lite","9":"filter_elektritoukeratas-ft_xiaomi_m365_m365_pro_essential","11":"first","12":"instock","13":"taxable","14":"shipping-taxable","15":"purchasable","16":"product-type-simple"},"yoast_head":"<!-- This site is optimized with the Yoast SEO Premium plugin v26.8 (Yoast SEO v27.5) - https:\/\/yoast.com\/product\/yoast-seo-premium-wordpress\/ -->\n<title>Xiaomi rear wheel with punctureproof tyre 1S 8 1\/2x2&quot; | T\u00f5uksimaailm<\/title>\n<meta name=\"description\" content=\"Xiaomi rear wheel with punctureproof tyre for Xiaomi M365, Xiaomi 1S, Pro 2, Mi 3 electric scooter with 8.5x2&quot; tyre. Suitable for replacing a wheel with a broken tyre.\" \/>\n<meta name=\"robots\" content=\"index, follow, max-snippet:-1, max-image-preview:large, max-video-preview:-1\" \/>\n<link rel=\"canonical\" href=\"https:\/\/www.xn--tuksimaailm-ffb.ee\/en\/product\/xiaomi-rear-wheel-with-punctureproof-tyre-1s-8-1-2x2\/\" \/>\n<meta property=\"og:locale\" content=\"en_US\" \/>\n<meta property=\"og:type\" content=\"article\" \/>\n<meta property=\"og:title\" content=\"Xiaomi rear wheel with punctureproof tyre 1S 8 1\/2x2&quot;\" \/>\n<meta property=\"og:description\" content=\"Xiaomi rear wheel with punctureproof tyre for Xiaomi M365, Xiaomi 1S, Pro 2, Mi 3 electric scooter with 8.5x2&quot; tyre. Suitable for replacing a wheel with a broken tyre.\" \/>\n<meta property=\"og:url\" content=\"https:\/\/www.xn--tuksimaailm-ffb.ee\/en\/product\/xiaomi-rear-wheel-with-punctureproof-tyre-1s-8-1-2x2\/\" \/>\n<meta property=\"og:site_name\" content=\"T\u00f5uksimaailm\" \/>\n<meta property=\"article:publisher\" content=\"https:\/\/www.facebook.com\/touksimaailm\/\" \/>\n<meta property=\"og:image\" content=\"https:\/\/www.xn--tuksimaailm-ffb.ee\/wp-content\/uploads\/2021\/01\/kargrehviga-tagar-3.jpg\" \/>\n\t<meta property=\"og:image:width\" content=\"568\" \/>\n\t<meta property=\"og:image:height\" content=\"563\" \/>\n\t<meta property=\"og:image:type\" content=\"image\/jpeg\" \/>\n<meta name=\"twitter:card\" content=\"summary_large_image\" \/>\n<meta name=\"twitter:label1\" content=\"Price\" \/>\n\t<meta name=\"twitter:data1\" content=\"&euro;75.00\" \/>\n\t<meta name=\"twitter:label2\" content=\"Availability\" \/>\n\t<meta name=\"twitter:data2\" content=\"In stock\" \/>\n<meta property=\"product:price:amount\" content=\"75.00\" \/>\n<meta property=\"product:price:currency\" content=\"EUR\" \/>\n<meta property=\"og:availability\" content=\"instock\" \/>\n<meta property=\"product:availability\" content=\"instock\" \/>\n<meta property=\"product:condition\" content=\"new\" \/>\n<!-- \/ Yoast SEO Premium plugin. -->","yoast_head_json":{"title":"Xiaomi rear wheel with punctureproof tyre 1S 8 1\/2x2\" | T\u00f5uksimaailm","description":"Xiaomi rear wheel with punctureproof tyre for Xiaomi M365, Xiaomi 1S, Pro 2, Mi 3 electric scooter with 8.5x2\" tyre. Suitable for replacing a wheel with a broken tyre.","robots":{"index":"index","follow":"follow","max-snippet":"max-snippet:-1","max-image-preview":"max-image-preview:large","max-video-preview":"max-video-preview:-1"},"canonical":"https:\/\/www.xn--tuksimaailm-ffb.ee\/en\/product\/xiaomi-rear-wheel-with-punctureproof-tyre-1s-8-1-2x2\/","og_locale":"en_US","og_type":"article","og_title":"Xiaomi rear wheel with punctureproof tyre 1S 8 1\/2x2\"","og_description":"Xiaomi rear wheel with punctureproof tyre for Xiaomi M365, Xiaomi 1S, Pro 2, Mi 3 electric scooter with 8.5x2\" tyre. Suitable for replacing a wheel with a broken tyre.","og_url":"https:\/\/www.xn--tuksimaailm-ffb.ee\/en\/product\/xiaomi-rear-wheel-with-punctureproof-tyre-1s-8-1-2x2\/","og_site_name":"T\u00f5uksimaailm","article_publisher":"https:\/\/www.facebook.com\/touksimaailm\/","og_image":[{"width":568,"height":563,"url":"https:\/\/www.xn--tuksimaailm-ffb.ee\/wp-content\/uploads\/2021\/01\/kargrehviga-tagar-3.jpg","type":"image\/jpeg"}],"twitter_card":"summary_large_image","twitter_misc":{"Price":"&euro;75.00","Availability":"In stock"},"schema":{"@context":"https:\/\/schema.org","@graph":[{"@type":"WebPage","@id":"https:\/\/www.xn--tuksimaailm-ffb.ee\/en\/product\/xiaomi-rear-wheel-with-punctureproof-tyre-1s-8-1-2x2\/","url":"https:\/\/www.xn--tuksimaailm-ffb.ee\/en\/product\/xiaomi-rear-wheel-with-punctureproof-tyre-1s-8-1-2x2\/","name":"Xiaomi rear wheel with punctureproof tyre 1S 8 1\/2x2\" | T\u00f5uksimaailm","isPartOf":{"@id":"https:\/\/www.xn--tuksimaailm-ffb.ee\/en\/#website"},"primaryImageOfPage":{"@id":"https:\/\/www.xn--tuksimaailm-ffb.ee\/en\/product\/xiaomi-rear-wheel-with-punctureproof-tyre-1s-8-1-2x2\/#primaryimage"},"image":{"@id":"https:\/\/www.xn--tuksimaailm-ffb.ee\/en\/product\/xiaomi-rear-wheel-with-punctureproof-tyre-1s-8-1-2x2\/#primaryimage"},"thumbnailUrl":"https:\/\/www.xn--tuksimaailm-ffb.ee\/wp-content\/uploads\/2021\/01\/kargrehviga-tagar-3.jpg","datePublished":"2021-01-22T13:53:47+00:00","description":"Xiaomi rear wheel with punctureproof tyre for Xiaomi M365, Xiaomi 1S, Pro 2, Mi 3 electric scooter with 8.5x2\" tyre. Suitable for replacing a wheel with a broken tyre.","breadcrumb":{"@id":"https:\/\/www.xn--tuksimaailm-ffb.ee\/en\/product\/xiaomi-rear-wheel-with-punctureproof-tyre-1s-8-1-2x2\/#breadcrumb"},"inLanguage":"en-US","potentialAction":[{"@type":"ReadAction","target":["https:\/\/www.xn--tuksimaailm-ffb.ee\/en\/product\/xiaomi-rear-wheel-with-punctureproof-tyre-1s-8-1-2x2\/"]}]},{"@type":"ImageObject","inLanguage":"en-US","@id":"https:\/\/www.xn--tuksimaailm-ffb.ee\/en\/product\/xiaomi-rear-wheel-with-punctureproof-tyre-1s-8-1-2x2\/#primaryimage","url":"https:\/\/www.xn--tuksimaailm-ffb.ee\/wp-content\/uploads\/2021\/01\/kargrehviga-tagar-3.jpg","contentUrl":"https:\/\/www.xn--tuksimaailm-ffb.ee\/wp-content\/uploads\/2021\/01\/kargrehviga-tagar-3.jpg","width":568,"height":563,"caption":"Xiaomi rear wheel with punctureproof tyre 1S 8 1\/2x2\""},{"@type":"BreadcrumbList","@id":"https:\/\/www.xn--tuksimaailm-ffb.ee\/en\/product\/xiaomi-rear-wheel-with-punctureproof-tyre-1s-8-1-2x2\/#breadcrumb","itemListElement":[{"@type":"ListItem","position":1,"name":"Home","item":"https:\/\/www.xn--tuksimaailm-ffb.ee\/en\/main-page\/"},{"@type":"ListItem","position":2,"name":"Shop","item":"https:\/\/www.xn--tuksimaailm-ffb.ee\/elektritoukerataste-pood\/"},{"@type":"ListItem","position":3,"name":"Xiaomi rear wheel with punctureproof tyre 1S 8 1\/2x2\""}]},{"@type":"WebSite","@id":"https:\/\/www.xn--tuksimaailm-ffb.ee\/en\/#website","url":"https:\/\/www.xn--tuksimaailm-ffb.ee\/en\/","name":"T\u00f5uksimaailm","description":"Elektrit\u00f5ukerataste m\u00fc\u00fck, remont ja rent","publisher":{"@id":"https:\/\/www.xn--tuksimaailm-ffb.ee\/en\/#organization"},"potentialAction":[{"@type":"SearchAction","target":{"@type":"EntryPoint","urlTemplate":"https:\/\/www.xn--tuksimaailm-ffb.ee\/en\/?s={search_term_string}"},"query-input":{"@type":"PropertyValueSpecification","valueRequired":true,"valueName":"search_term_string"}}],"inLanguage":"en-US"},{"@type":"Organization","@id":"https:\/\/www.xn--tuksimaailm-ffb.ee\/en\/#organization","name":"T\u00f5uksimaailm","url":"https:\/\/www.xn--tuksimaailm-ffb.ee\/en\/","logo":{"@type":"ImageObject","inLanguage":"en-US","@id":"https:\/\/www.xn--tuksimaailm-ffb.ee\/en\/#\/schema\/logo\/image\/","url":"https:\/\/www.xn--tuksimaailm-ffb.ee\/wp-content\/uploads\/2020\/01\/logoz-e1579792875517.png","contentUrl":"https:\/\/www.xn--tuksimaailm-ffb.ee\/wp-content\/uploads\/2020\/01\/logoz-e1579792875517.png","width":250,"height":250,"caption":"T\u00f5uksimaailm"},"image":{"@id":"https:\/\/www.xn--tuksimaailm-ffb.ee\/en\/#\/schema\/logo\/image\/"},"sameAs":["https:\/\/www.facebook.com\/touksimaailm\/","https:\/\/www.instagram.com\/touksimaailm_\/","https:\/\/www.youtube.com\/channel\/UC18ml0EKIDLP1xGuQjFzcXQ"]}]},"product_price_amount":"75.00","product_price_currency":"EUR","og_availability":"instock","product_availability":"instock","product_condition":"new"},"jetpack_sharing_enabled":true,"_links":{"self":[{"href":"https:\/\/www.xn--tuksimaailm-ffb.ee\/en\/wp-json\/wp\/v2\/product\/56965","targetHints":{"allow":["GET"]}}],"collection":[{"href":"https:\/\/www.xn--tuksimaailm-ffb.ee\/en\/wp-json\/wp\/v2\/product"}],"about":[{"href":"https:\/\/www.xn--tuksimaailm-ffb.ee\/en\/wp-json\/wp\/v2\/types\/product"}],"wp:featuredmedia":[{"embeddable":true,"href":"https:\/\/www.xn--tuksimaailm-ffb.ee\/en\/wp-json\/wp\/v2\/media\/12995"}],"wp:attachment":[{"href":"https:\/\/www.xn--tuksimaailm-ffb.ee\/en\/wp-json\/wp\/v2\/media?parent=56965"}],"wp:term":[{"taxonomy":"product_brand","embeddable":true,"href":"https:\/\/www.xn--tuksimaailm-ffb.ee\/en\/wp-json\/wp\/v2\/product_brand?post=56965"},{"taxonomy":"product_cat","embeddable":true,"href":"https:\/\/www.xn--tuksimaailm-ffb.ee\/en\/wp-json\/wp\/v2\/product_cat?post=56965"},{"taxonomy":"product_tag","embeddable":true,"href":"https:\/\/www.xn--tuksimaailm-ffb.ee\/en\/wp-json\/wp\/v2\/product_tag?post=56965"},{"taxonomy":"filter_elektritoukeratas","embeddable":true,"href":"https:\/\/www.xn--tuksimaailm-ffb.ee\/en\/wp-json\/wp\/v2\/filter_elektritoukeratas?post=56965"}],"curies":[{"name":"wp","href":"https:\/\/api.w.org\/{rel}","templated":true}]}}