{"id":56973,"date":"2021-01-22T18:06:17","date_gmt":"2021-01-22T18:06:17","guid":{"rendered":"http:\/\/www.xn--tuksimaailm-ffb.ee\/shop\/xiaomi-hydraulic-brake-xtech-m365-1s-pro-2\/"},"modified":"2021-01-22T18:06:17","modified_gmt":"2021-01-22T15:06:17","slug":"xiaomi-hydraulic-brake-xtech-m365-1s-pro-2","status":"publish","type":"product","link":"https:\/\/www.xn--tuksimaailm-ffb.ee\/en\/product\/xiaomi-hydraulic-brake-xtech-m365-1s-pro-2\/","title":{"rendered":"Xiaomi hydraulic brake Xtech M365 1S Pro 2"},"content":{"rendered":"<p>Xiaomi hydraulic brake Xtech (also hydraulic brake support, oil brake). The kit includes a red <b><strong>brake support<\/strong><\/b>, <b><strong>a 120mm brake chain<\/strong><\/b> with <b><strong>mounting screws<\/strong><\/b> and a <b><strong>funnel mounting base \/ transition<\/strong><\/b>. The kit also includes all the <b><strong>screws \/ bolts<\/strong><\/b> needed for brake installation. The Xiaomi Hydraulic Brake Xtech is suitable for the popular electric scooter <a href=\"http:\/\/www.xn--tuksimaailm-ffb.ee\/shop\/elektritouks_xiaomi-360\/\">Xiaomi Mi M365<\/a>, <a href=\"http:\/\/www.xn--tuksimaailm-ffb.ee\/shop\/elektriline-toukeratas-xiaomi-mi-m365-pro\/\">Xiaomi Mi M365 Pro<\/a>, <a href=\"http:\/\/www.xn--tuksimaailm-ffb.ee\/shop\/xiaomi-1s-elektritoukeratas\/\">Xiaomi Mi Pro 2<\/a>, <a href=\"https:\/\/www.mi.com\/global\/mi-electric-scooter-1S\/\">Xiaomi Mi 1S<\/a> models and most Xiaomi clones \/ copies (Macwheel, Sermangreen, Citiway, E-Wheels E2S V2, Xiaomi Essential and many others).<\/p>\n<p>Inside the Xtech brake hose there is a hydraulic cylinder that can be pulled by a brake cable (similar to a mechanical disc brake). When pulled, the hydraulic fluid inside the brake funnel causes the cylinder to actuate the brake pads, which press the brake pads evenly against <a href=\"http:\/\/www.xn--tuksimaailm-ffb.ee\/shop\/xiaomi-pro-piduriketas-120mm-mi-m365-pro\/\">the 120mm brake chain<\/a>. This is the advantage of the Xtech brake over the original Xiaomi brake - both brake pads wear evenly (no need to replace the kit when one pad is worn out and the other still has plenty of material) and the brake chain does not have to bend (if adjusted correctly) to reach the other pad. The Xtech brake pads also have a much larger contact surface compared to <a href=\"http:\/\/www.xn--tuksimaailm-ffb.ee\/shop\/xiaomi-piduriklotsid-mi-m365\/\">the original Xiaomi pads<\/a> - the brake pads wear more slowly and provide much better braking performance. Driving with hydraulic brakes, among other benefits, the brake feel is significantly better than with mechanical brakes. If you are having trouble installing or adjusting your electric scooter hydraulic brake kit on your own, our <a href=\"http:\/\/www.xn--tuksimaailm-ffb.ee\/elektrilise-toukeratta-remont\/\">workshop<\/a> specialising in electric scooters and other light motorcycles can help.<\/p>\n","protected":false},"excerpt":{"rendered":"<p>Xiaomi hydraulic brake Xtech (also hydraulic brake support, oil brake). The kit includes a red brake support, a 120mm brake chain with mounting screws and a funnel mounting base \/ transition. The kit also includes all the screws \/ bolts needed for brake installation. The Xiaomi Hydraulic Brake Xtech is &hellip;<\/p>\n","protected":false},"featured_media":13015,"template":"","meta":[],"product_brand":[],"product_cat":[726],"product_tag":[3226,3209],"filter_elektritoukeratas":[2613,2612],"class_list":{"0":"post-56973","1":"product","2":"type-product","3":"status-publish","4":"has-post-thumbnail","6":"product_cat-spare-parts","7":"product_tag-brakedetails","8":"product_tag-xiaomi-spare-parts","9":"pa_colour-must","10":"pa_colour-punane","11":"pa_tootetuup-brakedetails","12":"filter_elektritoukeratas-ft_xiaomi_1s_mi3_pro_2_3_lite","13":"filter_elektritoukeratas-ft_xiaomi_m365_m365_pro_essential","15":"first","16":"instock","17":"taxable","18":"shipping-taxable","19":"purchasable","20":"product-type-variable"},"yoast_head":"<!-- This site is optimized with the Yoast SEO Premium plugin v26.8 (Yoast SEO v27.5) - https:\/\/yoast.com\/product\/yoast-seo-premium-wordpress\/ -->\n<title>Xiaomi hydraulic brake Xtech M365 1S Pro 2 | T\u00f5uksimaailm<\/title>\n<meta name=\"description\" content=\"Xiaomi hydraulic brake Xtech (also known as hydraulic brake support, oil brake), for Xiaomi M365 (Pro), Xiaomi 1S \/ Pro 2. Xiaomi accessories.\" \/>\n<meta name=\"robots\" content=\"index, follow, max-snippet:-1, max-image-preview:large, max-video-preview:-1\" \/>\n<link rel=\"canonical\" href=\"https:\/\/www.xn--tuksimaailm-ffb.ee\/en\/product\/xiaomi-hydraulic-brake-xtech-m365-1s-pro-2\/\" \/>\n<meta property=\"og:locale\" content=\"en_US\" \/>\n<meta property=\"og:type\" content=\"article\" \/>\n<meta property=\"og:title\" content=\"Xiaomi hydraulic brake Xtech M365 1S Pro 2\" \/>\n<meta property=\"og:description\" content=\"Xiaomi hydraulic brake Xtech (also known as hydraulic brake support, oil brake), for Xiaomi M365 (Pro), Xiaomi 1S \/ Pro 2. Xiaomi accessories.\" \/>\n<meta property=\"og:url\" content=\"https:\/\/www.xn--tuksimaailm-ffb.ee\/en\/product\/xiaomi-hydraulic-brake-xtech-m365-1s-pro-2\/\" \/>\n<meta property=\"og:site_name\" content=\"T\u00f5uksimaailm\" \/>\n<meta property=\"article:publisher\" content=\"https:\/\/www.facebook.com\/touksimaailm\/\" \/>\n<meta property=\"og:image\" content=\"https:\/\/www.xn--tuksimaailm-ffb.ee\/wp-content\/uploads\/2021\/01\/xtech-4.jpg\" \/>\n\t<meta property=\"og:image:width\" content=\"586\" \/>\n\t<meta property=\"og:image:height\" content=\"529\" \/>\n\t<meta property=\"og:image:type\" content=\"image\/jpeg\" \/>\n<meta name=\"twitter:card\" content=\"summary_large_image\" \/>\n<meta name=\"twitter:label1\" content=\"Availability\" \/>\n\t<meta name=\"twitter:data1\" content=\"In stock\" \/>\n<meta property=\"og:availability\" content=\"instock\" \/>\n<meta property=\"product:availability\" content=\"instock\" \/>\n<meta property=\"product:condition\" content=\"new\" \/>\n<!-- \/ Yoast SEO Premium plugin. -->","yoast_head_json":{"title":"Xiaomi hydraulic brake Xtech M365 1S Pro 2 | T\u00f5uksimaailm","description":"Xiaomi hydraulic brake Xtech (also known as hydraulic brake support, oil brake), for Xiaomi M365 (Pro), Xiaomi 1S \/ Pro 2. Xiaomi accessories.","robots":{"index":"index","follow":"follow","max-snippet":"max-snippet:-1","max-image-preview":"max-image-preview:large","max-video-preview":"max-video-preview:-1"},"canonical":"https:\/\/www.xn--tuksimaailm-ffb.ee\/en\/product\/xiaomi-hydraulic-brake-xtech-m365-1s-pro-2\/","og_locale":"en_US","og_type":"article","og_title":"Xiaomi hydraulic brake Xtech M365 1S Pro 2","og_description":"Xiaomi hydraulic brake Xtech (also known as hydraulic brake support, oil brake), for Xiaomi M365 (Pro), Xiaomi 1S \/ Pro 2. Xiaomi accessories.","og_url":"https:\/\/www.xn--tuksimaailm-ffb.ee\/en\/product\/xiaomi-hydraulic-brake-xtech-m365-1s-pro-2\/","og_site_name":"T\u00f5uksimaailm","article_publisher":"https:\/\/www.facebook.com\/touksimaailm\/","og_image":[{"width":586,"height":529,"url":"https:\/\/www.xn--tuksimaailm-ffb.ee\/wp-content\/uploads\/2021\/01\/xtech-4.jpg","type":"image\/jpeg"}],"twitter_card":"summary_large_image","twitter_misc":{"Availability":"In stock"},"schema":{"@context":"https:\/\/schema.org","@graph":[{"@type":"WebPage","@id":"https:\/\/www.xn--tuksimaailm-ffb.ee\/en\/product\/xiaomi-hydraulic-brake-xtech-m365-1s-pro-2\/","url":"https:\/\/www.xn--tuksimaailm-ffb.ee\/en\/product\/xiaomi-hydraulic-brake-xtech-m365-1s-pro-2\/","name":"Xiaomi hydraulic brake Xtech M365 1S Pro 2 | T\u00f5uksimaailm","isPartOf":{"@id":"https:\/\/www.xn--tuksimaailm-ffb.ee\/en\/#website"},"primaryImageOfPage":{"@id":"https:\/\/www.xn--tuksimaailm-ffb.ee\/en\/product\/xiaomi-hydraulic-brake-xtech-m365-1s-pro-2\/#primaryimage"},"image":{"@id":"https:\/\/www.xn--tuksimaailm-ffb.ee\/en\/product\/xiaomi-hydraulic-brake-xtech-m365-1s-pro-2\/#primaryimage"},"thumbnailUrl":"https:\/\/www.xn--tuksimaailm-ffb.ee\/wp-content\/uploads\/2021\/01\/xtech-4.jpg","datePublished":"2021-01-22T18:06:17+00:00","description":"Xiaomi hydraulic brake Xtech (also known as hydraulic brake support, oil brake), for Xiaomi M365 (Pro), Xiaomi 1S \/ Pro 2. Xiaomi accessories.","breadcrumb":{"@id":"https:\/\/www.xn--tuksimaailm-ffb.ee\/en\/product\/xiaomi-hydraulic-brake-xtech-m365-1s-pro-2\/#breadcrumb"},"inLanguage":"en-US","potentialAction":[{"@type":"ReadAction","target":["https:\/\/www.xn--tuksimaailm-ffb.ee\/en\/product\/xiaomi-hydraulic-brake-xtech-m365-1s-pro-2\/"]}]},{"@type":"ImageObject","inLanguage":"en-US","@id":"https:\/\/www.xn--tuksimaailm-ffb.ee\/en\/product\/xiaomi-hydraulic-brake-xtech-m365-1s-pro-2\/#primaryimage","url":"https:\/\/www.xn--tuksimaailm-ffb.ee\/wp-content\/uploads\/2021\/01\/xtech-4.jpg","contentUrl":"https:\/\/www.xn--tuksimaailm-ffb.ee\/wp-content\/uploads\/2021\/01\/xtech-4.jpg","width":586,"height":529,"caption":"Xiaomi hydraulic brake Xtech M365 1S Pro 2"},{"@type":"BreadcrumbList","@id":"https:\/\/www.xn--tuksimaailm-ffb.ee\/en\/product\/xiaomi-hydraulic-brake-xtech-m365-1s-pro-2\/#breadcrumb","itemListElement":[{"@type":"ListItem","position":1,"name":"Home","item":"https:\/\/www.xn--tuksimaailm-ffb.ee\/en\/main-page\/"},{"@type":"ListItem","position":2,"name":"Shop","item":"https:\/\/www.xn--tuksimaailm-ffb.ee\/elektritoukerataste-pood\/"},{"@type":"ListItem","position":3,"name":"Xiaomi hydraulic brake Xtech M365 1S Pro 2"}]},{"@type":"WebSite","@id":"https:\/\/www.xn--tuksimaailm-ffb.ee\/en\/#website","url":"https:\/\/www.xn--tuksimaailm-ffb.ee\/en\/","name":"T\u00f5uksimaailm","description":"Elektrit\u00f5ukerataste m\u00fc\u00fck, remont ja rent","publisher":{"@id":"https:\/\/www.xn--tuksimaailm-ffb.ee\/en\/#organization"},"potentialAction":[{"@type":"SearchAction","target":{"@type":"EntryPoint","urlTemplate":"https:\/\/www.xn--tuksimaailm-ffb.ee\/en\/?s={search_term_string}"},"query-input":{"@type":"PropertyValueSpecification","valueRequired":true,"valueName":"search_term_string"}}],"inLanguage":"en-US"},{"@type":"Organization","@id":"https:\/\/www.xn--tuksimaailm-ffb.ee\/en\/#organization","name":"T\u00f5uksimaailm","url":"https:\/\/www.xn--tuksimaailm-ffb.ee\/en\/","logo":{"@type":"ImageObject","inLanguage":"en-US","@id":"https:\/\/www.xn--tuksimaailm-ffb.ee\/en\/#\/schema\/logo\/image\/","url":"https:\/\/www.xn--tuksimaailm-ffb.ee\/wp-content\/uploads\/2020\/01\/logoz-e1579792875517.png","contentUrl":"https:\/\/www.xn--tuksimaailm-ffb.ee\/wp-content\/uploads\/2020\/01\/logoz-e1579792875517.png","width":250,"height":250,"caption":"T\u00f5uksimaailm"},"image":{"@id":"https:\/\/www.xn--tuksimaailm-ffb.ee\/en\/#\/schema\/logo\/image\/"},"sameAs":["https:\/\/www.facebook.com\/touksimaailm\/","https:\/\/www.instagram.com\/touksimaailm_\/","https:\/\/www.youtube.com\/channel\/UC18ml0EKIDLP1xGuQjFzcXQ"]}]},"og_availability":"instock","product_availability":"instock","product_condition":"new"},"jetpack_sharing_enabled":true,"_links":{"self":[{"href":"https:\/\/www.xn--tuksimaailm-ffb.ee\/en\/wp-json\/wp\/v2\/product\/56973","targetHints":{"allow":["GET"]}}],"collection":[{"href":"https:\/\/www.xn--tuksimaailm-ffb.ee\/en\/wp-json\/wp\/v2\/product"}],"about":[{"href":"https:\/\/www.xn--tuksimaailm-ffb.ee\/en\/wp-json\/wp\/v2\/types\/product"}],"wp:featuredmedia":[{"embeddable":true,"href":"https:\/\/www.xn--tuksimaailm-ffb.ee\/en\/wp-json\/wp\/v2\/media\/13015"}],"wp:attachment":[{"href":"https:\/\/www.xn--tuksimaailm-ffb.ee\/en\/wp-json\/wp\/v2\/media?parent=56973"}],"wp:term":[{"taxonomy":"product_brand","embeddable":true,"href":"https:\/\/www.xn--tuksimaailm-ffb.ee\/en\/wp-json\/wp\/v2\/product_brand?post=56973"},{"taxonomy":"product_cat","embeddable":true,"href":"https:\/\/www.xn--tuksimaailm-ffb.ee\/en\/wp-json\/wp\/v2\/product_cat?post=56973"},{"taxonomy":"product_tag","embeddable":true,"href":"https:\/\/www.xn--tuksimaailm-ffb.ee\/en\/wp-json\/wp\/v2\/product_tag?post=56973"},{"taxonomy":"filter_elektritoukeratas","embeddable":true,"href":"https:\/\/www.xn--tuksimaailm-ffb.ee\/en\/wp-json\/wp\/v2\/filter_elektritoukeratas?post=56973"}],"curies":[{"name":"wp","href":"https:\/\/api.w.org\/{rel}","templated":true}]}}