{"id":56990,"date":"2021-01-22T19:31:08","date_gmt":"2021-01-22T17:31:08","guid":{"rendered":"http:\/\/www.xn--tuksimaailm-ffb.ee\/shop\/extra-large-electric-scooter-handlebar-bag-black-8l\/"},"modified":"2021-01-22T19:31:08","modified_gmt":"2021-01-22T16:31:08","slug":"extra-large-electric-scooter-handlebar-bag-black-8l","status":"publish","type":"product","link":"https:\/\/www.xn--tuksimaailm-ffb.ee\/en\/product\/extra-large-electric-scooter-handlebar-bag-black-8l\/","title":{"rendered":"Extra large electric scooter handlebar bag black 8L"},"content":{"rendered":"<p>Very large electric scooter handlebar bag (also front bag, handlebar bag), <b><strong>black<\/strong><\/b>. The bag has a capacity of <b><strong>8 litres.<\/strong><\/b> The bag is ideal <b><strong>for the electric<\/strong><\/b> scooter <b><strong>enthusiast<\/strong><\/b> who often spends his free time touring around on his electric scooter and discovering new and exciting places. The bag can accommodate both a camera and picnic material.<\/p>\n<p>The very large electric scooter lens bag attaches <b><strong>with adjustable clips<\/strong><\/b> (straps). With the attachment straps, the lens bag goes around the electric scooter lens and the lens tube (steerer tube). The lens bag is more suitable for larger<a href=\"http:\/\/www.xn--tuksimaailm-ffb.ee\/tootekategooria\/elektritoukeratas\/\"> electric scooters<\/a>.<\/p>\n","protected":false},"excerpt":{"rendered":"<p>Very large electric scooter handlebar bag (also front bag, handlebar bag), black. The bag has a capacity of 8 litres. The bag is ideal for the electric scooter enthusiast who often spends his free time touring around on his electric scooter and discovering new and exciting places. The bag can &hellip;<\/p>\n","protected":false},"featured_media":13027,"template":"","meta":[],"product_brand":[],"product_cat":[746],"product_tag":[3367],"filter_elektritoukeratas":[],"class_list":{"0":"post-56990","1":"product","2":"type-product","3":"status-publish","4":"has-post-thumbnail","6":"product_cat-accessories","7":"product_tag-handlebar-bags","8":"pa_colour-must","9":"pa_tootetuup-handlebar-bags","11":"first","12":"instock","13":"taxable","14":"shipping-taxable","15":"purchasable","16":"product-type-simple"},"yoast_head":"<!-- This site is optimized with the Yoast SEO Premium plugin v26.8 (Yoast SEO v27.5) - https:\/\/yoast.com\/product\/yoast-seo-premium-wordpress\/ -->\n<title>Extra large electric scooter handlebar bag black 8L | T\u00f5uksimaailm<\/title>\n<meta name=\"description\" content=\"Extra large electric scooter handlebar bag (also front bag, handlebar bag), black, capacity 8L. Suitable for larger electric scooters. Pushchair bags.\" \/>\n<meta name=\"robots\" content=\"index, follow, max-snippet:-1, max-image-preview:large, max-video-preview:-1\" \/>\n<link rel=\"canonical\" href=\"https:\/\/www.xn--tuksimaailm-ffb.ee\/en\/product\/extra-large-electric-scooter-handlebar-bag-black-8l\/\" \/>\n<meta property=\"og:locale\" content=\"en_US\" \/>\n<meta property=\"og:type\" content=\"article\" \/>\n<meta property=\"og:title\" content=\"Extra large electric scooter handlebar bag black 8L\" \/>\n<meta property=\"og:description\" content=\"Extra large electric scooter handlebar bag (also front bag, handlebar bag), black, capacity 8L. Suitable for larger electric scooters. Pushchair bags.\" \/>\n<meta property=\"og:url\" content=\"https:\/\/www.xn--tuksimaailm-ffb.ee\/en\/product\/extra-large-electric-scooter-handlebar-bag-black-8l\/\" \/>\n<meta property=\"og:site_name\" content=\"T\u00f5uksimaailm\" \/>\n<meta property=\"article:publisher\" content=\"https:\/\/www.facebook.com\/touksimaailm\/\" \/>\n<meta property=\"og:image\" content=\"https:\/\/www.xn--tuksimaailm-ffb.ee\/wp-content\/uploads\/2021\/01\/8l-kott.jpg\" \/>\n\t<meta property=\"og:image:width\" content=\"304\" \/>\n\t<meta property=\"og:image:height\" content=\"283\" \/>\n\t<meta property=\"og:image:type\" content=\"image\/jpeg\" \/>\n<meta name=\"twitter:card\" content=\"summary_large_image\" \/>\n<meta name=\"twitter:label1\" content=\"Price\" \/>\n\t<meta name=\"twitter:data1\" content=\"&euro;59.50\" \/>\n\t<meta name=\"twitter:label2\" content=\"Availability\" \/>\n\t<meta name=\"twitter:data2\" content=\"In stock\" \/>\n<meta property=\"product:price:amount\" content=\"59.50\" \/>\n<meta property=\"product:price:currency\" content=\"EUR\" \/>\n<meta property=\"og:availability\" content=\"instock\" \/>\n<meta property=\"product:availability\" content=\"instock\" \/>\n<meta property=\"product:retailer_item_id\" content=\"LK-SUUR-8L\" \/>\n<meta property=\"product:condition\" content=\"new\" \/>\n<!-- \/ Yoast SEO Premium plugin. -->","yoast_head_json":{"title":"Extra large electric scooter handlebar bag black 8L | T\u00f5uksimaailm","description":"Extra large electric scooter handlebar bag (also front bag, handlebar bag), black, capacity 8L. Suitable for larger electric scooters. Pushchair bags.","robots":{"index":"index","follow":"follow","max-snippet":"max-snippet:-1","max-image-preview":"max-image-preview:large","max-video-preview":"max-video-preview:-1"},"canonical":"https:\/\/www.xn--tuksimaailm-ffb.ee\/en\/product\/extra-large-electric-scooter-handlebar-bag-black-8l\/","og_locale":"en_US","og_type":"article","og_title":"Extra large electric scooter handlebar bag black 8L","og_description":"Extra large electric scooter handlebar bag (also front bag, handlebar bag), black, capacity 8L. Suitable for larger electric scooters. Pushchair bags.","og_url":"https:\/\/www.xn--tuksimaailm-ffb.ee\/en\/product\/extra-large-electric-scooter-handlebar-bag-black-8l\/","og_site_name":"T\u00f5uksimaailm","article_publisher":"https:\/\/www.facebook.com\/touksimaailm\/","og_image":[{"width":304,"height":283,"url":"https:\/\/www.xn--tuksimaailm-ffb.ee\/wp-content\/uploads\/2021\/01\/8l-kott.jpg","type":"image\/jpeg"}],"twitter_card":"summary_large_image","twitter_misc":{"Price":"&euro;59.50","Availability":"In stock"},"schema":{"@context":"https:\/\/schema.org","@graph":[{"@type":"WebPage","@id":"https:\/\/www.xn--tuksimaailm-ffb.ee\/en\/product\/extra-large-electric-scooter-handlebar-bag-black-8l\/","url":"https:\/\/www.xn--tuksimaailm-ffb.ee\/en\/product\/extra-large-electric-scooter-handlebar-bag-black-8l\/","name":"Extra large electric scooter handlebar bag black 8L | T\u00f5uksimaailm","isPartOf":{"@id":"https:\/\/www.xn--tuksimaailm-ffb.ee\/en\/#website"},"primaryImageOfPage":{"@id":"https:\/\/www.xn--tuksimaailm-ffb.ee\/en\/product\/extra-large-electric-scooter-handlebar-bag-black-8l\/#primaryimage"},"image":{"@id":"https:\/\/www.xn--tuksimaailm-ffb.ee\/en\/product\/extra-large-electric-scooter-handlebar-bag-black-8l\/#primaryimage"},"thumbnailUrl":"https:\/\/www.xn--tuksimaailm-ffb.ee\/wp-content\/uploads\/2021\/01\/8l-kott.jpg","datePublished":"2021-01-22T17:31:08+00:00","description":"Extra large electric scooter handlebar bag (also front bag, handlebar bag), black, capacity 8L. Suitable for larger electric scooters. Pushchair bags.","breadcrumb":{"@id":"https:\/\/www.xn--tuksimaailm-ffb.ee\/en\/product\/extra-large-electric-scooter-handlebar-bag-black-8l\/#breadcrumb"},"inLanguage":"en-US","potentialAction":[{"@type":"ReadAction","target":["https:\/\/www.xn--tuksimaailm-ffb.ee\/en\/product\/extra-large-electric-scooter-handlebar-bag-black-8l\/"]}]},{"@type":"ImageObject","inLanguage":"en-US","@id":"https:\/\/www.xn--tuksimaailm-ffb.ee\/en\/product\/extra-large-electric-scooter-handlebar-bag-black-8l\/#primaryimage","url":"https:\/\/www.xn--tuksimaailm-ffb.ee\/wp-content\/uploads\/2021\/01\/8l-kott.jpg","contentUrl":"https:\/\/www.xn--tuksimaailm-ffb.ee\/wp-content\/uploads\/2021\/01\/8l-kott.jpg","width":304,"height":283,"caption":"Extra large electric scooter handlebar bag black 8L"},{"@type":"BreadcrumbList","@id":"https:\/\/www.xn--tuksimaailm-ffb.ee\/en\/product\/extra-large-electric-scooter-handlebar-bag-black-8l\/#breadcrumb","itemListElement":[{"@type":"ListItem","position":1,"name":"Home","item":"https:\/\/www.xn--tuksimaailm-ffb.ee\/en\/main-page\/"},{"@type":"ListItem","position":2,"name":"Shop","item":"https:\/\/www.xn--tuksimaailm-ffb.ee\/elektritoukerataste-pood\/"},{"@type":"ListItem","position":3,"name":"Extra large electric scooter handlebar bag black 8L"}]},{"@type":"WebSite","@id":"https:\/\/www.xn--tuksimaailm-ffb.ee\/en\/#website","url":"https:\/\/www.xn--tuksimaailm-ffb.ee\/en\/","name":"T\u00f5uksimaailm","description":"Elektrit\u00f5ukerataste m\u00fc\u00fck, remont ja rent","publisher":{"@id":"https:\/\/www.xn--tuksimaailm-ffb.ee\/en\/#organization"},"potentialAction":[{"@type":"SearchAction","target":{"@type":"EntryPoint","urlTemplate":"https:\/\/www.xn--tuksimaailm-ffb.ee\/en\/?s={search_term_string}"},"query-input":{"@type":"PropertyValueSpecification","valueRequired":true,"valueName":"search_term_string"}}],"inLanguage":"en-US"},{"@type":"Organization","@id":"https:\/\/www.xn--tuksimaailm-ffb.ee\/en\/#organization","name":"T\u00f5uksimaailm","url":"https:\/\/www.xn--tuksimaailm-ffb.ee\/en\/","logo":{"@type":"ImageObject","inLanguage":"en-US","@id":"https:\/\/www.xn--tuksimaailm-ffb.ee\/en\/#\/schema\/logo\/image\/","url":"https:\/\/www.xn--tuksimaailm-ffb.ee\/wp-content\/uploads\/2020\/01\/logoz-e1579792875517.png","contentUrl":"https:\/\/www.xn--tuksimaailm-ffb.ee\/wp-content\/uploads\/2020\/01\/logoz-e1579792875517.png","width":250,"height":250,"caption":"T\u00f5uksimaailm"},"image":{"@id":"https:\/\/www.xn--tuksimaailm-ffb.ee\/en\/#\/schema\/logo\/image\/"},"sameAs":["https:\/\/www.facebook.com\/touksimaailm\/","https:\/\/www.instagram.com\/touksimaailm_\/","https:\/\/www.youtube.com\/channel\/UC18ml0EKIDLP1xGuQjFzcXQ"]}]},"product_price_amount":"59.50","product_price_currency":"EUR","og_availability":"instock","product_availability":"instock","product_retailer_item_id":"LK-SUUR-8L","product_condition":"new"},"jetpack_sharing_enabled":true,"_links":{"self":[{"href":"https:\/\/www.xn--tuksimaailm-ffb.ee\/en\/wp-json\/wp\/v2\/product\/56990","targetHints":{"allow":["GET"]}}],"collection":[{"href":"https:\/\/www.xn--tuksimaailm-ffb.ee\/en\/wp-json\/wp\/v2\/product"}],"about":[{"href":"https:\/\/www.xn--tuksimaailm-ffb.ee\/en\/wp-json\/wp\/v2\/types\/product"}],"wp:featuredmedia":[{"embeddable":true,"href":"https:\/\/www.xn--tuksimaailm-ffb.ee\/en\/wp-json\/wp\/v2\/media\/13027"}],"wp:attachment":[{"href":"https:\/\/www.xn--tuksimaailm-ffb.ee\/en\/wp-json\/wp\/v2\/media?parent=56990"}],"wp:term":[{"taxonomy":"product_brand","embeddable":true,"href":"https:\/\/www.xn--tuksimaailm-ffb.ee\/en\/wp-json\/wp\/v2\/product_brand?post=56990"},{"taxonomy":"product_cat","embeddable":true,"href":"https:\/\/www.xn--tuksimaailm-ffb.ee\/en\/wp-json\/wp\/v2\/product_cat?post=56990"},{"taxonomy":"product_tag","embeddable":true,"href":"https:\/\/www.xn--tuksimaailm-ffb.ee\/en\/wp-json\/wp\/v2\/product_tag?post=56990"},{"taxonomy":"filter_elektritoukeratas","embeddable":true,"href":"https:\/\/www.xn--tuksimaailm-ffb.ee\/en\/wp-json\/wp\/v2\/filter_elektritoukeratas?post=56990"}],"curies":[{"name":"wp","href":"https:\/\/api.w.org\/{rel}","templated":true}]}}