{"id":56991,"date":"2021-01-23T10:01:42","date_gmt":"2021-01-23T07:01:42","guid":{"rendered":"http:\/\/www.xn--tuksimaailm-ffb.ee\/shop\/xiaomi-rear-mudguard-strong-support-mi-m365-pro\/"},"modified":"2021-01-23T10:01:42","modified_gmt":"2021-01-23T07:01:42","slug":"xiaomi-rear-mudguard-strong-support-mi-m365-pro","status":"publish","type":"product","link":"https:\/\/www.xn--tuksimaailm-ffb.ee\/en\/product\/xiaomi-rear-mudguard-strong-support-mi-m365-pro\/","title":{"rendered":"Xiaomi rear mudguard strong support Mi M365 Pro"},"content":{"rendered":"<p>Strong Xiaomi rear mudguard support, available in <b><strong>black, red and white<\/strong><\/b>, made of strong <b><strong>nylon<\/strong><\/b>, high quality rear mudguard supports. The backrest support has a socket for the tail light cable. If you're tired of your Xiaomi's ever-breaking rear <a href=\"http:\/\/www.xn--tuksimaailm-ffb.ee\/shop\/xiaomi-tagumine-porilaud-mi-m365-pro\/\">kickstand<\/a> and taillight cable, which the upgraded (<a href=\"https:\/\/www.mi.com\/global\/mi-electric-scooter-1S\/\"><b><strong>1S<\/strong><\/b><\/a> and <a href=\"https:\/\/www.mi.com\/global\/mi-electric-scooter-Pro2\/\"><b><strong>Pro 2<\/strong><\/b><\/a>) versions already come with a factory-installed rear kickstand support, this kickstand support is the solution to that problem!<\/p>\n<p>The mudguard support attaches directly under the rear wheel shaft mounting bolt for the best possible securement. The Xiaomi rear mudguard support is suitable for the popular Xiaomi electric scooter <a href=\"http:\/\/www.xn--tuksimaailm-ffb.ee\/shop\/elektriline-toukeratas-xiaomi-mi-m365-pro\/\"><b><strong>Xiaomi M365 Pro<\/strong><\/b><\/a> and<b> <\/b><a href=\"http:\/\/www.xn--tuksimaailm-ffb.ee\/shop\/elektritouks_xiaomi-360\/\"><b><strong>Xiaomi M365<\/strong><\/b><\/a><b><strong>.<\/strong><\/b><\/p>\n","protected":false},"excerpt":{"rendered":"<p>Strong Xiaomi rear mudguard support, available in black, red and white, made of strong nylon, high quality rear mudguard supports. The backrest support has a socket for the tail light cable. If you're tired of your Xiaomi's ever-breaking rear kickstand and taillight cable, which the upgraded (1S and Pro 2) &hellip;<\/p>\n","protected":false},"featured_media":13029,"template":"","meta":[],"product_brand":[],"product_cat":[746,726],"product_tag":[],"filter_elektritoukeratas":[2613,2612],"class_list":{"0":"post-56991","1":"product","2":"type-product","3":"status-publish","4":"has-post-thumbnail","6":"product_cat-accessories","7":"product_cat-spare-parts","8":"pa_colour-must","9":"pa_colour-punane","10":"pa_colour-valge","11":"filter_elektritoukeratas-ft_xiaomi_1s_mi3_pro_2_3_lite","12":"filter_elektritoukeratas-ft_xiaomi_m365_m365_pro_essential","14":"first","15":"instock","16":"taxable","17":"shipping-taxable","18":"purchasable","19":"product-type-variable"},"yoast_head":"<!-- This site is optimized with the Yoast SEO Premium plugin v26.8 (Yoast SEO v27.5) - https:\/\/yoast.com\/product\/yoast-seo-premium-wordpress\/ -->\n<title>Xiaomi rear mudguard strong support Mi M365 Pro | T\u00f5uksimaailm<\/title>\n<meta name=\"description\" content=\"Xiaomi rear mudguard strong support, black \/ red \/ white, nylon, for Xiaomi Mi M365, Xiaomi Mi M365 Pro. Xiaomi accessories.\" \/>\n<meta name=\"robots\" content=\"index, follow, max-snippet:-1, max-image-preview:large, max-video-preview:-1\" \/>\n<link rel=\"canonical\" href=\"https:\/\/www.xn--tuksimaailm-ffb.ee\/en\/product\/xiaomi-rear-mudguard-strong-support-mi-m365-pro\/\" \/>\n<meta property=\"og:locale\" content=\"en_US\" \/>\n<meta property=\"og:type\" content=\"article\" \/>\n<meta property=\"og:title\" content=\"Xiaomi rear mudguard strong support Mi M365 Pro\" \/>\n<meta property=\"og:description\" content=\"Xiaomi rear mudguard strong support, black \/ red \/ white, nylon, for Xiaomi Mi M365, Xiaomi Mi M365 Pro. Xiaomi accessories.\" \/>\n<meta property=\"og:url\" content=\"https:\/\/www.xn--tuksimaailm-ffb.ee\/en\/product\/xiaomi-rear-mudguard-strong-support-mi-m365-pro\/\" \/>\n<meta property=\"og:site_name\" content=\"T\u00f5uksimaailm\" \/>\n<meta property=\"article:publisher\" content=\"https:\/\/www.facebook.com\/touksimaailm\/\" \/>\n<meta property=\"og:image\" content=\"https:\/\/www.xn--tuksimaailm-ffb.ee\/wp-content\/uploads\/2021\/01\/tugev-tugi-1.jpg\" \/>\n\t<meta property=\"og:image:width\" content=\"835\" \/>\n\t<meta property=\"og:image:height\" content=\"835\" \/>\n\t<meta property=\"og:image:type\" content=\"image\/jpeg\" \/>\n<meta name=\"twitter:card\" content=\"summary_large_image\" \/>\n<meta name=\"twitter:label1\" content=\"Availability\" \/>\n\t<meta name=\"twitter:data1\" content=\"In stock\" \/>\n<meta property=\"og:availability\" content=\"instock\" \/>\n<meta property=\"product:availability\" content=\"instock\" \/>\n<meta property=\"product:condition\" content=\"new\" \/>\n<!-- \/ Yoast SEO Premium plugin. -->","yoast_head_json":{"title":"Xiaomi rear mudguard strong support Mi M365 Pro | T\u00f5uksimaailm","description":"Xiaomi rear mudguard strong support, black \/ red \/ white, nylon, for Xiaomi Mi M365, Xiaomi Mi M365 Pro. Xiaomi accessories.","robots":{"index":"index","follow":"follow","max-snippet":"max-snippet:-1","max-image-preview":"max-image-preview:large","max-video-preview":"max-video-preview:-1"},"canonical":"https:\/\/www.xn--tuksimaailm-ffb.ee\/en\/product\/xiaomi-rear-mudguard-strong-support-mi-m365-pro\/","og_locale":"en_US","og_type":"article","og_title":"Xiaomi rear mudguard strong support Mi M365 Pro","og_description":"Xiaomi rear mudguard strong support, black \/ red \/ white, nylon, for Xiaomi Mi M365, Xiaomi Mi M365 Pro. Xiaomi accessories.","og_url":"https:\/\/www.xn--tuksimaailm-ffb.ee\/en\/product\/xiaomi-rear-mudguard-strong-support-mi-m365-pro\/","og_site_name":"T\u00f5uksimaailm","article_publisher":"https:\/\/www.facebook.com\/touksimaailm\/","og_image":[{"width":835,"height":835,"url":"https:\/\/www.xn--tuksimaailm-ffb.ee\/wp-content\/uploads\/2021\/01\/tugev-tugi-1.jpg","type":"image\/jpeg"}],"twitter_card":"summary_large_image","twitter_misc":{"Availability":"In stock"},"schema":{"@context":"https:\/\/schema.org","@graph":[{"@type":"WebPage","@id":"https:\/\/www.xn--tuksimaailm-ffb.ee\/en\/product\/xiaomi-rear-mudguard-strong-support-mi-m365-pro\/","url":"https:\/\/www.xn--tuksimaailm-ffb.ee\/en\/product\/xiaomi-rear-mudguard-strong-support-mi-m365-pro\/","name":"Xiaomi rear mudguard strong support Mi M365 Pro | T\u00f5uksimaailm","isPartOf":{"@id":"https:\/\/www.xn--tuksimaailm-ffb.ee\/en\/#website"},"primaryImageOfPage":{"@id":"https:\/\/www.xn--tuksimaailm-ffb.ee\/en\/product\/xiaomi-rear-mudguard-strong-support-mi-m365-pro\/#primaryimage"},"image":{"@id":"https:\/\/www.xn--tuksimaailm-ffb.ee\/en\/product\/xiaomi-rear-mudguard-strong-support-mi-m365-pro\/#primaryimage"},"thumbnailUrl":"https:\/\/www.xn--tuksimaailm-ffb.ee\/wp-content\/uploads\/2021\/01\/tugev-tugi-1.jpg","datePublished":"2021-01-23T07:01:42+00:00","description":"Xiaomi rear mudguard strong support, black \/ red \/ white, nylon, for Xiaomi Mi M365, Xiaomi Mi M365 Pro. Xiaomi accessories.","breadcrumb":{"@id":"https:\/\/www.xn--tuksimaailm-ffb.ee\/en\/product\/xiaomi-rear-mudguard-strong-support-mi-m365-pro\/#breadcrumb"},"inLanguage":"en-US","potentialAction":[{"@type":"ReadAction","target":["https:\/\/www.xn--tuksimaailm-ffb.ee\/en\/product\/xiaomi-rear-mudguard-strong-support-mi-m365-pro\/"]}]},{"@type":"ImageObject","inLanguage":"en-US","@id":"https:\/\/www.xn--tuksimaailm-ffb.ee\/en\/product\/xiaomi-rear-mudguard-strong-support-mi-m365-pro\/#primaryimage","url":"https:\/\/www.xn--tuksimaailm-ffb.ee\/wp-content\/uploads\/2021\/01\/tugev-tugi-1.jpg","contentUrl":"https:\/\/www.xn--tuksimaailm-ffb.ee\/wp-content\/uploads\/2021\/01\/tugev-tugi-1.jpg","width":835,"height":835,"caption":"Xiaomi rear mudguard strong support Mi M365 Pro"},{"@type":"BreadcrumbList","@id":"https:\/\/www.xn--tuksimaailm-ffb.ee\/en\/product\/xiaomi-rear-mudguard-strong-support-mi-m365-pro\/#breadcrumb","itemListElement":[{"@type":"ListItem","position":1,"name":"Home","item":"https:\/\/www.xn--tuksimaailm-ffb.ee\/en\/main-page\/"},{"@type":"ListItem","position":2,"name":"Shop","item":"https:\/\/www.xn--tuksimaailm-ffb.ee\/elektritoukerataste-pood\/"},{"@type":"ListItem","position":3,"name":"Xiaomi rear mudguard strong support Mi M365 Pro"}]},{"@type":"WebSite","@id":"https:\/\/www.xn--tuksimaailm-ffb.ee\/en\/#website","url":"https:\/\/www.xn--tuksimaailm-ffb.ee\/en\/","name":"T\u00f5uksimaailm","description":"Elektrit\u00f5ukerataste m\u00fc\u00fck, remont ja rent","publisher":{"@id":"https:\/\/www.xn--tuksimaailm-ffb.ee\/en\/#organization"},"potentialAction":[{"@type":"SearchAction","target":{"@type":"EntryPoint","urlTemplate":"https:\/\/www.xn--tuksimaailm-ffb.ee\/en\/?s={search_term_string}"},"query-input":{"@type":"PropertyValueSpecification","valueRequired":true,"valueName":"search_term_string"}}],"inLanguage":"en-US"},{"@type":"Organization","@id":"https:\/\/www.xn--tuksimaailm-ffb.ee\/en\/#organization","name":"T\u00f5uksimaailm","url":"https:\/\/www.xn--tuksimaailm-ffb.ee\/en\/","logo":{"@type":"ImageObject","inLanguage":"en-US","@id":"https:\/\/www.xn--tuksimaailm-ffb.ee\/en\/#\/schema\/logo\/image\/","url":"https:\/\/www.xn--tuksimaailm-ffb.ee\/wp-content\/uploads\/2020\/01\/logoz-e1579792875517.png","contentUrl":"https:\/\/www.xn--tuksimaailm-ffb.ee\/wp-content\/uploads\/2020\/01\/logoz-e1579792875517.png","width":250,"height":250,"caption":"T\u00f5uksimaailm"},"image":{"@id":"https:\/\/www.xn--tuksimaailm-ffb.ee\/en\/#\/schema\/logo\/image\/"},"sameAs":["https:\/\/www.facebook.com\/touksimaailm\/","https:\/\/www.instagram.com\/touksimaailm_\/","https:\/\/www.youtube.com\/channel\/UC18ml0EKIDLP1xGuQjFzcXQ"]}]},"og_availability":"instock","product_availability":"instock","product_condition":"new"},"jetpack_sharing_enabled":true,"_links":{"self":[{"href":"https:\/\/www.xn--tuksimaailm-ffb.ee\/en\/wp-json\/wp\/v2\/product\/56991","targetHints":{"allow":["GET"]}}],"collection":[{"href":"https:\/\/www.xn--tuksimaailm-ffb.ee\/en\/wp-json\/wp\/v2\/product"}],"about":[{"href":"https:\/\/www.xn--tuksimaailm-ffb.ee\/en\/wp-json\/wp\/v2\/types\/product"}],"wp:featuredmedia":[{"embeddable":true,"href":"https:\/\/www.xn--tuksimaailm-ffb.ee\/en\/wp-json\/wp\/v2\/media\/13029"}],"wp:attachment":[{"href":"https:\/\/www.xn--tuksimaailm-ffb.ee\/en\/wp-json\/wp\/v2\/media?parent=56991"}],"wp:term":[{"taxonomy":"product_brand","embeddable":true,"href":"https:\/\/www.xn--tuksimaailm-ffb.ee\/en\/wp-json\/wp\/v2\/product_brand?post=56991"},{"taxonomy":"product_cat","embeddable":true,"href":"https:\/\/www.xn--tuksimaailm-ffb.ee\/en\/wp-json\/wp\/v2\/product_cat?post=56991"},{"taxonomy":"product_tag","embeddable":true,"href":"https:\/\/www.xn--tuksimaailm-ffb.ee\/en\/wp-json\/wp\/v2\/product_tag?post=56991"},{"taxonomy":"filter_elektritoukeratas","embeddable":true,"href":"https:\/\/www.xn--tuksimaailm-ffb.ee\/en\/wp-json\/wp\/v2\/filter_elektritoukeratas?post=56991"}],"curies":[{"name":"wp","href":"https:\/\/api.w.org\/{rel}","templated":true}]}}