{"id":57005,"date":"2021-01-23T13:02:47","date_gmt":"2021-01-23T10:02:47","guid":{"rendered":"http:\/\/www.xn--tuksimaailm-ffb.ee\/shop\/zoom-hb875-hydraulic-disc-brake-set\/"},"modified":"2021-01-23T13:02:47","modified_gmt":"2021-01-23T10:02:47","slug":"zoom-hb875-hydraulic-disc-brake-set","status":"publish","type":"product","link":"https:\/\/www.xn--tuksimaailm-ffb.ee\/en\/product\/zoom-hb875-hydraulic-disc-brake-set\/","title":{"rendered":"Zoom HB875 hydraulic disc brake set"},"content":{"rendered":"<p>Zoom HB875 hydraulic disc brake kit for electric scooter or bicycle (also hydraulic brake, oil brake). It is a <b><strong>complete kit<\/strong><\/b> with both front and rear brake. Both <b><strong>red<\/strong><\/b> and <b><strong>black<\/strong><\/b> brake kits are available. The length of the front brake hose is <b><strong>800mm<\/strong><\/b> and the length of the rear brake hose is <b><strong>1400mm.<\/strong><\/b> The brake link is suitable for a <b><strong>22mm<\/strong><\/b> lens. What makes the hydraulic brake better than the mechanical disc brake is that both brake pads wear evenly (no need to replace the set when one pad is worn out and the other pad still has plenty of material) and the brake chain does not have to bend (if adjusted correctly) to reach the second pad.<\/p>\n<p>Driving with hydraulic disc brakes has, among other advantages, a much better brake feel than with mechanical brakes. If you are having trouble fitting or adjusting a hydraulic brake kit for an electric scooter on your own, our <a href=\"http:\/\/www.xn--tuksimaailm-ffb.ee\/elektrilise-toukeratta-remont\/\">workshop<\/a> specialising in electric scooters and other light motorcycles can help.<\/p>\n","protected":false},"excerpt":{"rendered":"<p>Zoom HB875 hydraulic disc brake kit for electric scooter or bicycle (also hydraulic brake, oil brake). It is a complete kit with both front and rear brake. Both red and black brake kits are available. The length of the front brake hose is 800mm and the length of the rear &hellip;<\/p>\n","protected":false},"featured_media":13063,"template":"","meta":[],"product_brand":[],"product_cat":[746,726],"product_tag":[3226],"filter_elektritoukeratas":[],"class_list":{"0":"post-57005","1":"product","2":"type-product","3":"status-publish","4":"has-post-thumbnail","6":"product_cat-accessories","7":"product_cat-spare-parts","8":"product_tag-brakedetails","9":"pa_colour-must","10":"pa_colour-punane","11":"pa_tootetuup-brakedetails","13":"first","14":"instock","15":"taxable","16":"shipping-taxable","17":"purchasable","18":"product-type-variable"},"yoast_head":"<!-- This site is optimized with the Yoast SEO Premium plugin v26.8 (Yoast SEO v27.3) - https:\/\/yoast.com\/product\/yoast-seo-premium-wordpress\/ -->\n<title>Zoom HB875 hydraulic disc brake set | T\u00f5uksimaailm<\/title>\n<meta name=\"description\" content=\"Zoom HB875 hydraulic disc brake kit for electric scooter or bicycle (also hydraulic brake, oil brake), complete set. Electric scooter spare parts.\" \/>\n<meta name=\"robots\" content=\"index, follow, max-snippet:-1, max-image-preview:large, max-video-preview:-1\" \/>\n<link rel=\"canonical\" href=\"https:\/\/www.xn--tuksimaailm-ffb.ee\/en\/product\/zoom-hb875-hydraulic-disc-brake-set\/\" \/>\n<meta property=\"og:locale\" content=\"en_US\" \/>\n<meta property=\"og:type\" content=\"article\" \/>\n<meta property=\"og:title\" content=\"Zoom HB875 hydraulic disc brake set\" \/>\n<meta property=\"og:description\" content=\"Zoom HB875 hydraulic disc brake kit for electric scooter or bicycle (also hydraulic brake, oil brake), complete set. Electric scooter spare parts.\" \/>\n<meta property=\"og:url\" content=\"https:\/\/www.xn--tuksimaailm-ffb.ee\/en\/product\/zoom-hb875-hydraulic-disc-brake-set\/\" \/>\n<meta property=\"og:site_name\" content=\"T\u00f5uksimaailm\" \/>\n<meta property=\"article:publisher\" content=\"https:\/\/www.facebook.com\/touksimaailm\/\" \/>\n<meta property=\"og:image\" content=\"https:\/\/www.xn--tuksimaailm-ffb.ee\/wp-content\/uploads\/2021\/01\/zoom-1.jpg\" \/>\n\t<meta property=\"og:image:width\" content=\"575\" \/>\n\t<meta property=\"og:image:height\" content=\"565\" \/>\n\t<meta property=\"og:image:type\" content=\"image\/jpeg\" \/>\n<meta name=\"twitter:card\" content=\"summary_large_image\" \/>\n<meta name=\"twitter:label1\" content=\"Availability\" \/>\n\t<meta name=\"twitter:data1\" content=\"In stock\" \/>\n<meta property=\"og:availability\" content=\"instock\" \/>\n<meta property=\"product:availability\" content=\"instock\" \/>\n<meta property=\"product:condition\" content=\"new\" \/>\n<!-- \/ Yoast SEO Premium plugin. -->","yoast_head_json":{"title":"Zoom HB875 hydraulic disc brake set | T\u00f5uksimaailm","description":"Zoom HB875 hydraulic disc brake kit for electric scooter or bicycle (also hydraulic brake, oil brake), complete set. Electric scooter spare parts.","robots":{"index":"index","follow":"follow","max-snippet":"max-snippet:-1","max-image-preview":"max-image-preview:large","max-video-preview":"max-video-preview:-1"},"canonical":"https:\/\/www.xn--tuksimaailm-ffb.ee\/en\/product\/zoom-hb875-hydraulic-disc-brake-set\/","og_locale":"en_US","og_type":"article","og_title":"Zoom HB875 hydraulic disc brake set","og_description":"Zoom HB875 hydraulic disc brake kit for electric scooter or bicycle (also hydraulic brake, oil brake), complete set. Electric scooter spare parts.","og_url":"https:\/\/www.xn--tuksimaailm-ffb.ee\/en\/product\/zoom-hb875-hydraulic-disc-brake-set\/","og_site_name":"T\u00f5uksimaailm","article_publisher":"https:\/\/www.facebook.com\/touksimaailm\/","og_image":[{"width":575,"height":565,"url":"https:\/\/www.xn--tuksimaailm-ffb.ee\/wp-content\/uploads\/2021\/01\/zoom-1.jpg","type":"image\/jpeg"}],"twitter_card":"summary_large_image","twitter_misc":{"Availability":"In stock"},"schema":{"@context":"https:\/\/schema.org","@graph":[{"@type":"WebPage","@id":"https:\/\/www.xn--tuksimaailm-ffb.ee\/en\/product\/zoom-hb875-hydraulic-disc-brake-set\/","url":"https:\/\/www.xn--tuksimaailm-ffb.ee\/en\/product\/zoom-hb875-hydraulic-disc-brake-set\/","name":"Zoom HB875 hydraulic disc brake set | T\u00f5uksimaailm","isPartOf":{"@id":"https:\/\/www.xn--tuksimaailm-ffb.ee\/en\/#website"},"primaryImageOfPage":{"@id":"https:\/\/www.xn--tuksimaailm-ffb.ee\/en\/product\/zoom-hb875-hydraulic-disc-brake-set\/#primaryimage"},"image":{"@id":"https:\/\/www.xn--tuksimaailm-ffb.ee\/en\/product\/zoom-hb875-hydraulic-disc-brake-set\/#primaryimage"},"thumbnailUrl":"https:\/\/www.xn--tuksimaailm-ffb.ee\/wp-content\/uploads\/2021\/01\/zoom-1.jpg","datePublished":"2021-01-23T10:02:47+00:00","description":"Zoom HB875 hydraulic disc brake kit for electric scooter or bicycle (also hydraulic brake, oil brake), complete set. Electric scooter spare parts.","breadcrumb":{"@id":"https:\/\/www.xn--tuksimaailm-ffb.ee\/en\/product\/zoom-hb875-hydraulic-disc-brake-set\/#breadcrumb"},"inLanguage":"en-US","potentialAction":[{"@type":"ReadAction","target":["https:\/\/www.xn--tuksimaailm-ffb.ee\/en\/product\/zoom-hb875-hydraulic-disc-brake-set\/"]}]},{"@type":"ImageObject","inLanguage":"en-US","@id":"https:\/\/www.xn--tuksimaailm-ffb.ee\/en\/product\/zoom-hb875-hydraulic-disc-brake-set\/#primaryimage","url":"https:\/\/www.xn--tuksimaailm-ffb.ee\/wp-content\/uploads\/2021\/01\/zoom-1.jpg","contentUrl":"https:\/\/www.xn--tuksimaailm-ffb.ee\/wp-content\/uploads\/2021\/01\/zoom-1.jpg","width":575,"height":565,"caption":"Zoom HB875 hydraulic disc brake set"},{"@type":"BreadcrumbList","@id":"https:\/\/www.xn--tuksimaailm-ffb.ee\/en\/product\/zoom-hb875-hydraulic-disc-brake-set\/#breadcrumb","itemListElement":[{"@type":"ListItem","position":1,"name":"Home","item":"https:\/\/www.xn--tuksimaailm-ffb.ee\/en\/main-page\/"},{"@type":"ListItem","position":2,"name":"Shop","item":"https:\/\/www.xn--tuksimaailm-ffb.ee\/elektritoukerataste-pood\/"},{"@type":"ListItem","position":3,"name":"Zoom HB875 hydraulic disc brake set"}]},{"@type":"WebSite","@id":"https:\/\/www.xn--tuksimaailm-ffb.ee\/en\/#website","url":"https:\/\/www.xn--tuksimaailm-ffb.ee\/en\/","name":"T\u00f5uksimaailm","description":"Elektrit\u00f5ukerataste m\u00fc\u00fck, remont ja rent","publisher":{"@id":"https:\/\/www.xn--tuksimaailm-ffb.ee\/en\/#organization"},"potentialAction":[{"@type":"SearchAction","target":{"@type":"EntryPoint","urlTemplate":"https:\/\/www.xn--tuksimaailm-ffb.ee\/en\/?s={search_term_string}"},"query-input":{"@type":"PropertyValueSpecification","valueRequired":true,"valueName":"search_term_string"}}],"inLanguage":"en-US"},{"@type":"Organization","@id":"https:\/\/www.xn--tuksimaailm-ffb.ee\/en\/#organization","name":"T\u00f5uksimaailm","url":"https:\/\/www.xn--tuksimaailm-ffb.ee\/en\/","logo":{"@type":"ImageObject","inLanguage":"en-US","@id":"https:\/\/www.xn--tuksimaailm-ffb.ee\/en\/#\/schema\/logo\/image\/","url":"https:\/\/www.xn--tuksimaailm-ffb.ee\/wp-content\/uploads\/2020\/01\/logoz-e1579792875517.png","contentUrl":"https:\/\/www.xn--tuksimaailm-ffb.ee\/wp-content\/uploads\/2020\/01\/logoz-e1579792875517.png","width":250,"height":250,"caption":"T\u00f5uksimaailm"},"image":{"@id":"https:\/\/www.xn--tuksimaailm-ffb.ee\/en\/#\/schema\/logo\/image\/"},"sameAs":["https:\/\/www.facebook.com\/touksimaailm\/","https:\/\/www.instagram.com\/touksimaailm_\/","https:\/\/www.youtube.com\/channel\/UC18ml0EKIDLP1xGuQjFzcXQ"]}]},"og_availability":"instock","product_availability":"instock","product_condition":"new"},"jetpack_sharing_enabled":true,"_links":{"self":[{"href":"https:\/\/www.xn--tuksimaailm-ffb.ee\/en\/wp-json\/wp\/v2\/product\/57005","targetHints":{"allow":["GET"]}}],"collection":[{"href":"https:\/\/www.xn--tuksimaailm-ffb.ee\/en\/wp-json\/wp\/v2\/product"}],"about":[{"href":"https:\/\/www.xn--tuksimaailm-ffb.ee\/en\/wp-json\/wp\/v2\/types\/product"}],"wp:featuredmedia":[{"embeddable":true,"href":"https:\/\/www.xn--tuksimaailm-ffb.ee\/en\/wp-json\/wp\/v2\/media\/13063"}],"wp:attachment":[{"href":"https:\/\/www.xn--tuksimaailm-ffb.ee\/en\/wp-json\/wp\/v2\/media?parent=57005"}],"wp:term":[{"taxonomy":"product_brand","embeddable":true,"href":"https:\/\/www.xn--tuksimaailm-ffb.ee\/en\/wp-json\/wp\/v2\/product_brand?post=57005"},{"taxonomy":"product_cat","embeddable":true,"href":"https:\/\/www.xn--tuksimaailm-ffb.ee\/en\/wp-json\/wp\/v2\/product_cat?post=57005"},{"taxonomy":"product_tag","embeddable":true,"href":"https:\/\/www.xn--tuksimaailm-ffb.ee\/en\/wp-json\/wp\/v2\/product_tag?post=57005"},{"taxonomy":"filter_elektritoukeratas","embeddable":true,"href":"https:\/\/www.xn--tuksimaailm-ffb.ee\/en\/wp-json\/wp\/v2\/filter_elektritoukeratas?post=57005"}],"curies":[{"name":"wp","href":"https:\/\/api.w.org\/{rel}","templated":true}]}}