{"id":57008,"date":"2021-01-23T13:20:56","date_gmt":"2021-01-23T11:20:56","guid":{"rendered":"http:\/\/www.xn--tuksimaailm-ffb.ee\/shop\/front-light-for-electric-scooter-for-handlebars\/"},"modified":"2021-01-23T13:20:56","modified_gmt":"2021-01-23T10:20:56","slug":"front-light-for-electric-scooter-for-handlebars","status":"publish","type":"product","link":"https:\/\/www.xn--tuksimaailm-ffb.ee\/en\/product\/front-light-for-electric-scooter-for-handlebars\/","title":{"rendered":"Front light for electric scooter for handlebars"},"content":{"rendered":"<p>Front light for electric scooter for handlebars (also first light, auxiliary light, lantern). Also suitable for (electric) bicycle. The front light is adjustable and fits all <b><strong>22mm<\/strong><\/b> and <b><strong>31,8mm<\/strong><\/b> handlebars. The light source is a CREE XPG <b><strong>LED light<\/strong><\/b>. The headlamp for the automatic handlebars of electric bicycles is equipped with <a href=\"https:\/\/en.wikipedia.org\/wiki\/Photodetector\"><b><strong>a light sensor<\/strong><\/b><\/a> that measures the ambient light level and adjusts the lighting power of the headlamp accordingly. The lens light with uniform light distribution is equipped with a lithium-ion battery, which is rechargeable via a USB charger, similar to smartphones. Charging from 0-100% takes approximately <b><strong>3 hours<\/strong><\/b>. The first light has <b><strong>4 operating modes<\/strong><\/b>:<\/p>\n<ol>\n<li>Smart mode (autonomous on-off switching)<\/li>\n<li>Day mode (suitable for low-light, low-light mode).<\/li>\n<li>Night mode (suitable for pitch dark, high luminance mode).<\/li>\n<li>Flashing (ideal when battery levels are low, also provides the most attention when driving on footpaths\/light traffic roads)<\/li>\n<\/ol>\n<p>Most <a href=\"http:\/\/www.xn--tuksimaailm-ffb.ee\/tootekategooria\/elektritoukeratas\/\">electric scooters<\/a> already come with some kind of lighting solution from the factory, but often it is not enough to ensure that fellow riders can see you, or that you can spot obstacles far enough away when riding in the dark. Therefore, we strongly recommend that you assess the effectiveness of your electric scooter's lighting and, if necessary, improve it with additional lights - safety first! We also offer lens-mounted <a href=\"http:\/\/www.xn--tuksimaailm-ffb.ee\/shop\/tohus-elektritoukeratta-esituli-veekindel-ip6x\/\"><b><strong>waterproof lights<\/strong><\/b><\/a>. The range of lights is available in our <a href=\"http:\/\/www.xn--tuksimaailm-ffb.ee\/kontakt\/\"><b><strong>shop<\/strong><\/b><\/a>.<\/p>\n","protected":false},"excerpt":{"rendered":"<p>Front light for electric scooter for handlebars (also first light, auxiliary light, lantern). Also suitable for (electric) bicycle. The front light is adjustable and fits all 22mm and 31,8mm handlebars. The light source is a CREE XPG LED light. The headlamp for the automatic handlebars of electric bicycles is equipped &hellip;<\/p>\n","protected":false},"featured_media":13067,"template":"","meta":[],"product_brand":[],"product_cat":[746],"product_tag":[3382],"filter_elektritoukeratas":[],"class_list":{"0":"post-57008","1":"product","2":"type-product","3":"status-publish","4":"has-post-thumbnail","6":"product_cat-accessories","7":"product_tag-lights","8":"pa_colour-must","9":"pa_tootetuup-lights","11":"first","12":"instock","13":"taxable","14":"shipping-taxable","15":"purchasable","16":"product-type-simple"},"yoast_head":"<!-- This site is optimized with the Yoast SEO Premium plugin v26.8 (Yoast SEO v27.5) - https:\/\/yoast.com\/product\/yoast-seo-premium-wordpress\/ -->\n<title>Front light for electric scooter for handlebars | T\u00f5uksimaailm<\/title>\n<meta name=\"description\" content=\"Front light for electric scooter for handlebars (also first light, auxiliary light). Also suitable for (electric) bicycle. Smart headlight, with light sensor. LED lights.\" \/>\n<meta name=\"robots\" content=\"index, follow, max-snippet:-1, max-image-preview:large, max-video-preview:-1\" \/>\n<link rel=\"canonical\" href=\"https:\/\/www.xn--tuksimaailm-ffb.ee\/en\/product\/front-light-for-electric-scooter-for-handlebars\/\" \/>\n<meta property=\"og:locale\" content=\"en_US\" \/>\n<meta property=\"og:type\" content=\"article\" \/>\n<meta property=\"og:title\" content=\"Front light for electric scooter for handlebars\" \/>\n<meta property=\"og:description\" content=\"Front light for electric scooter for handlebars (also first light, auxiliary light). Also suitable for (electric) bicycle. Smart headlight, with light sensor. LED lights.\" \/>\n<meta property=\"og:url\" content=\"https:\/\/www.xn--tuksimaailm-ffb.ee\/en\/product\/front-light-for-electric-scooter-for-handlebars\/\" \/>\n<meta property=\"og:site_name\" content=\"T\u00f5uksimaailm\" \/>\n<meta property=\"article:publisher\" content=\"https:\/\/www.facebook.com\/touksimaailm\/\" \/>\n<meta property=\"og:image\" content=\"https:\/\/www.xn--tuksimaailm-ffb.ee\/wp-content\/uploads\/2021\/01\/tark-tuli-1.jpg\" \/>\n\t<meta property=\"og:image:width\" content=\"339\" \/>\n\t<meta property=\"og:image:height\" content=\"280\" \/>\n\t<meta property=\"og:image:type\" content=\"image\/jpeg\" \/>\n<meta name=\"twitter:card\" content=\"summary_large_image\" \/>\n<meta name=\"twitter:label1\" content=\"Price\" \/>\n\t<meta name=\"twitter:data1\" content=\"&euro;39.50\" \/>\n\t<meta name=\"twitter:label2\" content=\"Availability\" \/>\n\t<meta name=\"twitter:data2\" content=\"In stock\" \/>\n<meta property=\"product:price:amount\" content=\"39.50\" \/>\n<meta property=\"product:price:currency\" content=\"EUR\" \/>\n<meta property=\"og:availability\" content=\"instock\" \/>\n<meta property=\"product:availability\" content=\"instock\" \/>\n<meta property=\"product:condition\" content=\"new\" \/>\n<!-- \/ Yoast SEO Premium plugin. -->","yoast_head_json":{"title":"Front light for electric scooter for handlebars | T\u00f5uksimaailm","description":"Front light for electric scooter for handlebars (also first light, auxiliary light). Also suitable for (electric) bicycle. Smart headlight, with light sensor. LED lights.","robots":{"index":"index","follow":"follow","max-snippet":"max-snippet:-1","max-image-preview":"max-image-preview:large","max-video-preview":"max-video-preview:-1"},"canonical":"https:\/\/www.xn--tuksimaailm-ffb.ee\/en\/product\/front-light-for-electric-scooter-for-handlebars\/","og_locale":"en_US","og_type":"article","og_title":"Front light for electric scooter for handlebars","og_description":"Front light for electric scooter for handlebars (also first light, auxiliary light). Also suitable for (electric) bicycle. Smart headlight, with light sensor. LED lights.","og_url":"https:\/\/www.xn--tuksimaailm-ffb.ee\/en\/product\/front-light-for-electric-scooter-for-handlebars\/","og_site_name":"T\u00f5uksimaailm","article_publisher":"https:\/\/www.facebook.com\/touksimaailm\/","og_image":[{"width":339,"height":280,"url":"https:\/\/www.xn--tuksimaailm-ffb.ee\/wp-content\/uploads\/2021\/01\/tark-tuli-1.jpg","type":"image\/jpeg"}],"twitter_card":"summary_large_image","twitter_misc":{"Price":"&euro;39.50","Availability":"In stock"},"schema":{"@context":"https:\/\/schema.org","@graph":[{"@type":"WebPage","@id":"https:\/\/www.xn--tuksimaailm-ffb.ee\/en\/product\/front-light-for-electric-scooter-for-handlebars\/","url":"https:\/\/www.xn--tuksimaailm-ffb.ee\/en\/product\/front-light-for-electric-scooter-for-handlebars\/","name":"Front light for electric scooter for handlebars | T\u00f5uksimaailm","isPartOf":{"@id":"https:\/\/www.xn--tuksimaailm-ffb.ee\/en\/#website"},"primaryImageOfPage":{"@id":"https:\/\/www.xn--tuksimaailm-ffb.ee\/en\/product\/front-light-for-electric-scooter-for-handlebars\/#primaryimage"},"image":{"@id":"https:\/\/www.xn--tuksimaailm-ffb.ee\/en\/product\/front-light-for-electric-scooter-for-handlebars\/#primaryimage"},"thumbnailUrl":"https:\/\/www.xn--tuksimaailm-ffb.ee\/wp-content\/uploads\/2021\/01\/tark-tuli-1.jpg","datePublished":"2021-01-23T11:20:56+00:00","description":"Front light for electric scooter for handlebars (also first light, auxiliary light). Also suitable for (electric) bicycle. Smart headlight, with light sensor. LED lights.","breadcrumb":{"@id":"https:\/\/www.xn--tuksimaailm-ffb.ee\/en\/product\/front-light-for-electric-scooter-for-handlebars\/#breadcrumb"},"inLanguage":"en-US","potentialAction":[{"@type":"ReadAction","target":["https:\/\/www.xn--tuksimaailm-ffb.ee\/en\/product\/front-light-for-electric-scooter-for-handlebars\/"]}]},{"@type":"ImageObject","inLanguage":"en-US","@id":"https:\/\/www.xn--tuksimaailm-ffb.ee\/en\/product\/front-light-for-electric-scooter-for-handlebars\/#primaryimage","url":"https:\/\/www.xn--tuksimaailm-ffb.ee\/wp-content\/uploads\/2021\/01\/tark-tuli-1.jpg","contentUrl":"https:\/\/www.xn--tuksimaailm-ffb.ee\/wp-content\/uploads\/2021\/01\/tark-tuli-1.jpg","width":339,"height":280,"caption":"Front light for electric scooter for handlebars"},{"@type":"BreadcrumbList","@id":"https:\/\/www.xn--tuksimaailm-ffb.ee\/en\/product\/front-light-for-electric-scooter-for-handlebars\/#breadcrumb","itemListElement":[{"@type":"ListItem","position":1,"name":"Home","item":"https:\/\/www.xn--tuksimaailm-ffb.ee\/en\/main-page\/"},{"@type":"ListItem","position":2,"name":"Shop","item":"https:\/\/www.xn--tuksimaailm-ffb.ee\/elektritoukerataste-pood\/"},{"@type":"ListItem","position":3,"name":"Front light for electric scooter for handlebars"}]},{"@type":"WebSite","@id":"https:\/\/www.xn--tuksimaailm-ffb.ee\/en\/#website","url":"https:\/\/www.xn--tuksimaailm-ffb.ee\/en\/","name":"T\u00f5uksimaailm","description":"Elektrit\u00f5ukerataste m\u00fc\u00fck, remont ja rent","publisher":{"@id":"https:\/\/www.xn--tuksimaailm-ffb.ee\/en\/#organization"},"potentialAction":[{"@type":"SearchAction","target":{"@type":"EntryPoint","urlTemplate":"https:\/\/www.xn--tuksimaailm-ffb.ee\/en\/?s={search_term_string}"},"query-input":{"@type":"PropertyValueSpecification","valueRequired":true,"valueName":"search_term_string"}}],"inLanguage":"en-US"},{"@type":"Organization","@id":"https:\/\/www.xn--tuksimaailm-ffb.ee\/en\/#organization","name":"T\u00f5uksimaailm","url":"https:\/\/www.xn--tuksimaailm-ffb.ee\/en\/","logo":{"@type":"ImageObject","inLanguage":"en-US","@id":"https:\/\/www.xn--tuksimaailm-ffb.ee\/en\/#\/schema\/logo\/image\/","url":"https:\/\/www.xn--tuksimaailm-ffb.ee\/wp-content\/uploads\/2020\/01\/logoz-e1579792875517.png","contentUrl":"https:\/\/www.xn--tuksimaailm-ffb.ee\/wp-content\/uploads\/2020\/01\/logoz-e1579792875517.png","width":250,"height":250,"caption":"T\u00f5uksimaailm"},"image":{"@id":"https:\/\/www.xn--tuksimaailm-ffb.ee\/en\/#\/schema\/logo\/image\/"},"sameAs":["https:\/\/www.facebook.com\/touksimaailm\/","https:\/\/www.instagram.com\/touksimaailm_\/","https:\/\/www.youtube.com\/channel\/UC18ml0EKIDLP1xGuQjFzcXQ"]}]},"product_price_amount":"39.50","product_price_currency":"EUR","og_availability":"instock","product_availability":"instock","product_condition":"new"},"jetpack_sharing_enabled":true,"_links":{"self":[{"href":"https:\/\/www.xn--tuksimaailm-ffb.ee\/en\/wp-json\/wp\/v2\/product\/57008","targetHints":{"allow":["GET"]}}],"collection":[{"href":"https:\/\/www.xn--tuksimaailm-ffb.ee\/en\/wp-json\/wp\/v2\/product"}],"about":[{"href":"https:\/\/www.xn--tuksimaailm-ffb.ee\/en\/wp-json\/wp\/v2\/types\/product"}],"wp:featuredmedia":[{"embeddable":true,"href":"https:\/\/www.xn--tuksimaailm-ffb.ee\/en\/wp-json\/wp\/v2\/media\/13067"}],"wp:attachment":[{"href":"https:\/\/www.xn--tuksimaailm-ffb.ee\/en\/wp-json\/wp\/v2\/media?parent=57008"}],"wp:term":[{"taxonomy":"product_brand","embeddable":true,"href":"https:\/\/www.xn--tuksimaailm-ffb.ee\/en\/wp-json\/wp\/v2\/product_brand?post=57008"},{"taxonomy":"product_cat","embeddable":true,"href":"https:\/\/www.xn--tuksimaailm-ffb.ee\/en\/wp-json\/wp\/v2\/product_cat?post=57008"},{"taxonomy":"product_tag","embeddable":true,"href":"https:\/\/www.xn--tuksimaailm-ffb.ee\/en\/wp-json\/wp\/v2\/product_tag?post=57008"},{"taxonomy":"filter_elektritoukeratas","embeddable":true,"href":"https:\/\/www.xn--tuksimaailm-ffb.ee\/en\/wp-json\/wp\/v2\/filter_elektritoukeratas?post=57008"}],"curies":[{"name":"wp","href":"https:\/\/api.w.org\/{rel}","templated":true}]}}