{"id":57009,"date":"2021-01-23T14:16:48","date_gmt":"2021-01-23T14:16:48","guid":{"rendered":"http:\/\/www.xn--tuksimaailm-ffb.ee\/shop\/efficient-electric-scooter-headlight-ip6x\/"},"modified":"2021-01-23T14:16:48","modified_gmt":"2021-01-23T11:16:48","slug":"efficient-electric-scooter-headlight-ip6x","status":"publish","type":"product","link":"https:\/\/www.xn--tuksimaailm-ffb.ee\/en\/product\/efficient-electric-scooter-headlight-ip6x\/","title":{"rendered":"Efficient electric scooter headlight IP6X"},"content":{"rendered":"<p>Efficient electric scooter headlight,<b> <\/b><a href=\"https:\/\/et.wikipedia.org\/wiki\/IP-kood\"><b><strong>IP6X rated<\/strong><\/b><\/a> (also first light, auxiliary light, lantern). Also suitable for electric bicycle. The headlight is screw adjustable and fits all <b><strong>22mm<\/strong><\/b> and <b><strong>31,8mm<\/strong><\/b> handlebars. The light source is two powerful <b><strong>LED lights<\/strong><\/b>. Most <a href=\"http:\/\/www.xn--tuksimaailm-ffb.ee\/tootekategooria\/elektritoukeratas\/\">electric scooters<\/a> come with some kind of lighting solution already fitted at the factory, but often it is not enough to ensure that fellow cyclists can see you, or that obstacles can be detected from a sufficient distance when riding in the dark. Therefore, we strongly recommend that you assess the effectiveness of your electric scooter's lighting and, if necessary, improve it with additional lights - safety first! You can find out more about the range of lights in our <a href=\"http:\/\/www.xn--tuksimaailm-ffb.ee\/kontakt\/\"><b><strong>shop<\/strong><\/b><\/a>.<\/p>\n","protected":false},"excerpt":{"rendered":"<p>Efficient electric scooter headlight, IP6X rated (also first light, auxiliary light, lantern). Also suitable for electric bicycle. The headlight is screw adjustable and fits all 22mm and 31,8mm handlebars. The light source is two powerful LED lights. Most electric scooters come with some kind of lighting solution already fitted at &hellip;<\/p>\n","protected":false},"featured_media":13073,"template":"","meta":[],"product_brand":[],"product_cat":[746],"product_tag":[3382],"filter_elektritoukeratas":[],"class_list":{"0":"post-57009","1":"product","2":"type-product","3":"status-publish","4":"has-post-thumbnail","6":"product_cat-accessories","7":"product_tag-lights","8":"pa_colour-must","9":"pa_tootetuup-lights","11":"first","12":"instock","13":"taxable","14":"shipping-taxable","15":"purchasable","16":"product-type-simple"},"yoast_head":"<!-- This site is optimized with the Yoast SEO Premium plugin v26.8 (Yoast SEO v27.5) - https:\/\/yoast.com\/product\/yoast-seo-premium-wordpress\/ -->\n<title>Efficient electric scooter headlight IP6X &#8212; T\u00f5uksimaailm - Lights<\/title>\n<meta name=\"description\" content=\"Efficient electric scooter headlight, waterproof, IP6X rated (also first light, auxiliary light, lantern). Also suitable for electric bikes. Electric scooter and lights.\" \/>\n<meta name=\"robots\" content=\"index, follow, max-snippet:-1, max-image-preview:large, max-video-preview:-1\" \/>\n<link rel=\"canonical\" href=\"https:\/\/www.xn--tuksimaailm-ffb.ee\/en\/product\/efficient-electric-scooter-headlight-ip6x\/\" \/>\n<meta property=\"og:locale\" content=\"en_US\" \/>\n<meta property=\"og:type\" content=\"article\" \/>\n<meta property=\"og:title\" content=\"Efficient electric scooter headlight IP6X\" \/>\n<meta property=\"og:description\" content=\"Efficient electric scooter headlight, waterproof, IP6X rated (also first light, auxiliary light, lantern). Also suitable for electric bikes. Electric scooter and lights.\" \/>\n<meta property=\"og:url\" content=\"https:\/\/www.xn--tuksimaailm-ffb.ee\/en\/product\/efficient-electric-scooter-headlight-ip6x\/\" \/>\n<meta property=\"og:site_name\" content=\"T\u00f5uksimaailm\" \/>\n<meta property=\"article:publisher\" content=\"https:\/\/www.facebook.com\/touksimaailm\/\" \/>\n<meta property=\"og:image\" content=\"https:\/\/www.xn--tuksimaailm-ffb.ee\/wp-content\/uploads\/2021\/01\/veekindel-tuli-1.jpg\" \/>\n\t<meta property=\"og:image:width\" content=\"557\" \/>\n\t<meta property=\"og:image:height\" content=\"443\" \/>\n\t<meta property=\"og:image:type\" content=\"image\/jpeg\" \/>\n<meta name=\"twitter:card\" content=\"summary_large_image\" \/>\n<meta name=\"twitter:label1\" content=\"Price\" \/>\n\t<meta name=\"twitter:data1\" content=\"&euro;59.50\" \/>\n\t<meta name=\"twitter:label2\" content=\"Availability\" \/>\n\t<meta name=\"twitter:data2\" content=\"In stock\" \/>\n<meta property=\"product:price:amount\" content=\"59.50\" \/>\n<meta property=\"product:price:currency\" content=\"EUR\" \/>\n<meta property=\"og:availability\" content=\"instock\" \/>\n<meta property=\"product:availability\" content=\"instock\" \/>\n<meta property=\"product:condition\" content=\"new\" \/>\n<!-- \/ Yoast SEO Premium plugin. -->","yoast_head_json":{"title":"Efficient electric scooter headlight IP6X &#8212; T\u00f5uksimaailm - Lights","description":"Efficient electric scooter headlight, waterproof, IP6X rated (also first light, auxiliary light, lantern). Also suitable for electric bikes. Electric scooter and lights.","robots":{"index":"index","follow":"follow","max-snippet":"max-snippet:-1","max-image-preview":"max-image-preview:large","max-video-preview":"max-video-preview:-1"},"canonical":"https:\/\/www.xn--tuksimaailm-ffb.ee\/en\/product\/efficient-electric-scooter-headlight-ip6x\/","og_locale":"en_US","og_type":"article","og_title":"Efficient electric scooter headlight IP6X","og_description":"Efficient electric scooter headlight, waterproof, IP6X rated (also first light, auxiliary light, lantern). Also suitable for electric bikes. Electric scooter and lights.","og_url":"https:\/\/www.xn--tuksimaailm-ffb.ee\/en\/product\/efficient-electric-scooter-headlight-ip6x\/","og_site_name":"T\u00f5uksimaailm","article_publisher":"https:\/\/www.facebook.com\/touksimaailm\/","og_image":[{"width":557,"height":443,"url":"https:\/\/www.xn--tuksimaailm-ffb.ee\/wp-content\/uploads\/2021\/01\/veekindel-tuli-1.jpg","type":"image\/jpeg"}],"twitter_card":"summary_large_image","twitter_misc":{"Price":"&euro;59.50","Availability":"In stock"},"schema":{"@context":"https:\/\/schema.org","@graph":[{"@type":"WebPage","@id":"https:\/\/www.xn--tuksimaailm-ffb.ee\/en\/product\/efficient-electric-scooter-headlight-ip6x\/","url":"https:\/\/www.xn--tuksimaailm-ffb.ee\/en\/product\/efficient-electric-scooter-headlight-ip6x\/","name":"Efficient electric scooter headlight IP6X &#8212; T\u00f5uksimaailm - Lights","isPartOf":{"@id":"https:\/\/www.xn--tuksimaailm-ffb.ee\/en\/#website"},"primaryImageOfPage":{"@id":"https:\/\/www.xn--tuksimaailm-ffb.ee\/en\/product\/efficient-electric-scooter-headlight-ip6x\/#primaryimage"},"image":{"@id":"https:\/\/www.xn--tuksimaailm-ffb.ee\/en\/product\/efficient-electric-scooter-headlight-ip6x\/#primaryimage"},"thumbnailUrl":"https:\/\/www.xn--tuksimaailm-ffb.ee\/wp-content\/uploads\/2021\/01\/veekindel-tuli-1.jpg","datePublished":"2021-01-23T14:16:48+00:00","description":"Efficient electric scooter headlight, waterproof, IP6X rated (also first light, auxiliary light, lantern). Also suitable for electric bikes. Electric scooter and lights.","breadcrumb":{"@id":"https:\/\/www.xn--tuksimaailm-ffb.ee\/en\/product\/efficient-electric-scooter-headlight-ip6x\/#breadcrumb"},"inLanguage":"en-US","potentialAction":[{"@type":"ReadAction","target":["https:\/\/www.xn--tuksimaailm-ffb.ee\/en\/product\/efficient-electric-scooter-headlight-ip6x\/"]}]},{"@type":"ImageObject","inLanguage":"en-US","@id":"https:\/\/www.xn--tuksimaailm-ffb.ee\/en\/product\/efficient-electric-scooter-headlight-ip6x\/#primaryimage","url":"https:\/\/www.xn--tuksimaailm-ffb.ee\/wp-content\/uploads\/2021\/01\/veekindel-tuli-1.jpg","contentUrl":"https:\/\/www.xn--tuksimaailm-ffb.ee\/wp-content\/uploads\/2021\/01\/veekindel-tuli-1.jpg","width":557,"height":443,"caption":"Efficient electric scooter headlight IP6X"},{"@type":"BreadcrumbList","@id":"https:\/\/www.xn--tuksimaailm-ffb.ee\/en\/product\/efficient-electric-scooter-headlight-ip6x\/#breadcrumb","itemListElement":[{"@type":"ListItem","position":1,"name":"Home","item":"https:\/\/www.xn--tuksimaailm-ffb.ee\/en\/main-page\/"},{"@type":"ListItem","position":2,"name":"Shop","item":"https:\/\/www.xn--tuksimaailm-ffb.ee\/elektritoukerataste-pood\/"},{"@type":"ListItem","position":3,"name":"Efficient electric scooter headlight IP6X"}]},{"@type":"WebSite","@id":"https:\/\/www.xn--tuksimaailm-ffb.ee\/en\/#website","url":"https:\/\/www.xn--tuksimaailm-ffb.ee\/en\/","name":"T\u00f5uksimaailm","description":"Elektrit\u00f5ukerataste m\u00fc\u00fck, remont ja rent","publisher":{"@id":"https:\/\/www.xn--tuksimaailm-ffb.ee\/en\/#organization"},"potentialAction":[{"@type":"SearchAction","target":{"@type":"EntryPoint","urlTemplate":"https:\/\/www.xn--tuksimaailm-ffb.ee\/en\/?s={search_term_string}"},"query-input":{"@type":"PropertyValueSpecification","valueRequired":true,"valueName":"search_term_string"}}],"inLanguage":"en-US"},{"@type":"Organization","@id":"https:\/\/www.xn--tuksimaailm-ffb.ee\/en\/#organization","name":"T\u00f5uksimaailm","url":"https:\/\/www.xn--tuksimaailm-ffb.ee\/en\/","logo":{"@type":"ImageObject","inLanguage":"en-US","@id":"https:\/\/www.xn--tuksimaailm-ffb.ee\/en\/#\/schema\/logo\/image\/","url":"https:\/\/www.xn--tuksimaailm-ffb.ee\/wp-content\/uploads\/2020\/01\/logoz-e1579792875517.png","contentUrl":"https:\/\/www.xn--tuksimaailm-ffb.ee\/wp-content\/uploads\/2020\/01\/logoz-e1579792875517.png","width":250,"height":250,"caption":"T\u00f5uksimaailm"},"image":{"@id":"https:\/\/www.xn--tuksimaailm-ffb.ee\/en\/#\/schema\/logo\/image\/"},"sameAs":["https:\/\/www.facebook.com\/touksimaailm\/","https:\/\/www.instagram.com\/touksimaailm_\/","https:\/\/www.youtube.com\/channel\/UC18ml0EKIDLP1xGuQjFzcXQ"]}]},"product_price_amount":"59.50","product_price_currency":"EUR","og_availability":"instock","product_availability":"instock","product_condition":"new"},"jetpack_sharing_enabled":true,"_links":{"self":[{"href":"https:\/\/www.xn--tuksimaailm-ffb.ee\/en\/wp-json\/wp\/v2\/product\/57009","targetHints":{"allow":["GET"]}}],"collection":[{"href":"https:\/\/www.xn--tuksimaailm-ffb.ee\/en\/wp-json\/wp\/v2\/product"}],"about":[{"href":"https:\/\/www.xn--tuksimaailm-ffb.ee\/en\/wp-json\/wp\/v2\/types\/product"}],"wp:featuredmedia":[{"embeddable":true,"href":"https:\/\/www.xn--tuksimaailm-ffb.ee\/en\/wp-json\/wp\/v2\/media\/13073"}],"wp:attachment":[{"href":"https:\/\/www.xn--tuksimaailm-ffb.ee\/en\/wp-json\/wp\/v2\/media?parent=57009"}],"wp:term":[{"taxonomy":"product_brand","embeddable":true,"href":"https:\/\/www.xn--tuksimaailm-ffb.ee\/en\/wp-json\/wp\/v2\/product_brand?post=57009"},{"taxonomy":"product_cat","embeddable":true,"href":"https:\/\/www.xn--tuksimaailm-ffb.ee\/en\/wp-json\/wp\/v2\/product_cat?post=57009"},{"taxonomy":"product_tag","embeddable":true,"href":"https:\/\/www.xn--tuksimaailm-ffb.ee\/en\/wp-json\/wp\/v2\/product_tag?post=57009"},{"taxonomy":"filter_elektritoukeratas","embeddable":true,"href":"https:\/\/www.xn--tuksimaailm-ffb.ee\/en\/wp-json\/wp\/v2\/filter_elektritoukeratas?post=57009"}],"curies":[{"name":"wp","href":"https:\/\/api.w.org\/{rel}","templated":true}]}}