{"id":57010,"date":"2021-01-23T14:47:28","date_gmt":"2021-01-23T12:47:28","guid":{"rendered":"http:\/\/www.xn--tuksimaailm-ffb.ee\/shop\/powerful-electric-scooter-headlight-waterproof-ip65\/"},"modified":"2021-01-23T14:47:28","modified_gmt":"2021-01-23T11:47:28","slug":"powerful-electric-scooter-headlight-waterproof-ip65","status":"publish","type":"product","link":"https:\/\/www.xn--tuksimaailm-ffb.ee\/en\/product\/powerful-electric-scooter-headlight-waterproof-ip65\/","title":{"rendered":"Powerful electric scooter headlight waterproof IP65"},"content":{"rendered":"<p>Powerful electric scooter headlight waterproof,<b> <\/b><a href=\"https:\/\/et.wikipedia.org\/wiki\/IP-kood\"><b><strong>IP65 rated<\/strong><\/b><\/a> (also first light, auxiliary light, lantern). Also suitable for electric bikes. The handlebar-mounted first light has a hexagonal screw-adjustable fixing and is suitable for all <b><strong>22mm<\/strong><\/b> and <b><strong>31.8mm<\/strong><\/b> handlebars \/ handlebars - with the 22mm handlebar you must use the gasket supplied with the light and with the 31.8mm handlebar you can mount the light without the gasket. The light source is two powerful <b><strong>LED lights<\/strong><\/b>.<\/p>\n<p>Most <a href=\"http:\/\/www.xn--tuksimaailm-ffb.ee\/tootekategooria\/elektritoukeratas\/\">electric scooters<\/a> come with some kind of lighting solution already fitted at the factory, but often it is not enough to ensure that fellow riders can see you, or that you can spot obstacles far enough away when riding in the dark. Therefore, we strongly recommend that you assess the effectiveness of your electric scooter's lighting and, if necessary, improve it with additional lights - safety first! You can find out more about the range of lights in our <a href=\"http:\/\/www.xn--tuksimaailm-ffb.ee\/kontakt\/\"><b><strong>shop<\/strong><\/b><\/a>.<\/p>\n","protected":false},"excerpt":{"rendered":"<p>Powerful electric scooter headlight waterproof, IP65 rated (also first light, auxiliary light, lantern). Also suitable for electric bikes. The handlebar-mounted first light has a hexagonal screw-adjustable fixing and is suitable for all 22mm and 31.8mm handlebars \/ handlebars - with the 22mm handlebar you must use the gasket supplied with &hellip;<\/p>\n","protected":false},"featured_media":13077,"template":"","meta":[],"product_brand":[],"product_cat":[746],"product_tag":[3382],"filter_elektritoukeratas":[],"class_list":{"0":"post-57010","1":"product","2":"type-product","3":"status-publish","4":"has-post-thumbnail","6":"product_cat-accessories","7":"product_tag-lights","8":"pa_colour-must","9":"pa_tootetuup-lights","11":"first","12":"instock","13":"taxable","14":"shipping-taxable","15":"purchasable","16":"product-type-simple"},"yoast_head":"<!-- This site is optimized with the Yoast SEO Premium plugin v26.8 (Yoast SEO v27.5) - https:\/\/yoast.com\/product\/yoast-seo-premium-wordpress\/ -->\n<title>Powerful electric scooter headlight waterproof IP65 | T\u00f5uksimaailm<\/title>\n<meta name=\"description\" content=\"Powerful electric scooter headlight, waterproof, IP65 rated (also first light, auxiliary light, lantern). Also suitable for electric bikes. LED lights.\" \/>\n<meta name=\"robots\" content=\"index, follow, max-snippet:-1, max-image-preview:large, max-video-preview:-1\" \/>\n<link rel=\"canonical\" href=\"https:\/\/www.xn--tuksimaailm-ffb.ee\/en\/product\/powerful-electric-scooter-headlight-waterproof-ip65\/\" \/>\n<meta property=\"og:locale\" content=\"en_US\" \/>\n<meta property=\"og:type\" content=\"article\" \/>\n<meta property=\"og:title\" content=\"Powerful electric scooter headlight waterproof IP65\" \/>\n<meta property=\"og:description\" content=\"Powerful electric scooter headlight, waterproof, IP65 rated (also first light, auxiliary light, lantern). Also suitable for electric bikes. LED lights.\" \/>\n<meta property=\"og:url\" content=\"https:\/\/www.xn--tuksimaailm-ffb.ee\/en\/product\/powerful-electric-scooter-headlight-waterproof-ip65\/\" \/>\n<meta property=\"og:site_name\" content=\"T\u00f5uksimaailm\" \/>\n<meta property=\"article:publisher\" content=\"https:\/\/www.facebook.com\/touksimaailm\/\" \/>\n<meta property=\"og:image\" content=\"https:\/\/www.XN--TUKSIMAAILM-FFB.EE\/wp-content\/uploads\/2021\/01\/veekindel-tuli-3.jpg\" \/>\n\t<meta property=\"og:image:width\" content=\"411\" \/>\n\t<meta property=\"og:image:height\" content=\"409\" \/>\n\t<meta property=\"og:image:type\" content=\"image\/jpeg\" \/>\n<meta name=\"twitter:card\" content=\"summary_large_image\" \/>\n<meta name=\"twitter:label1\" content=\"Price\" \/>\n\t<meta name=\"twitter:data1\" content=\"&euro;69.50\" \/>\n\t<meta name=\"twitter:label2\" content=\"Availability\" \/>\n\t<meta name=\"twitter:data2\" content=\"In stock\" \/>\n<meta property=\"product:price:amount\" content=\"69.50\" \/>\n<meta property=\"product:price:currency\" content=\"EUR\" \/>\n<meta property=\"og:availability\" content=\"instock\" \/>\n<meta property=\"product:availability\" content=\"instock\" \/>\n<meta property=\"product:retailer_item_id\" content=\"LISATULI-VEEKINDEL-IP65\" \/>\n<meta property=\"product:condition\" content=\"new\" \/>\n<!-- \/ Yoast SEO Premium plugin. -->","yoast_head_json":{"title":"Powerful electric scooter headlight waterproof IP65 | T\u00f5uksimaailm","description":"Powerful electric scooter headlight, waterproof, IP65 rated (also first light, auxiliary light, lantern). Also suitable for electric bikes. LED lights.","robots":{"index":"index","follow":"follow","max-snippet":"max-snippet:-1","max-image-preview":"max-image-preview:large","max-video-preview":"max-video-preview:-1"},"canonical":"https:\/\/www.xn--tuksimaailm-ffb.ee\/en\/product\/powerful-electric-scooter-headlight-waterproof-ip65\/","og_locale":"en_US","og_type":"article","og_title":"Powerful electric scooter headlight waterproof IP65","og_description":"Powerful electric scooter headlight, waterproof, IP65 rated (also first light, auxiliary light, lantern). Also suitable for electric bikes. LED lights.","og_url":"https:\/\/www.xn--tuksimaailm-ffb.ee\/en\/product\/powerful-electric-scooter-headlight-waterproof-ip65\/","og_site_name":"T\u00f5uksimaailm","article_publisher":"https:\/\/www.facebook.com\/touksimaailm\/","og_image":[{"width":411,"height":409,"url":"https:\/\/www.XN--TUKSIMAAILM-FFB.EE\/wp-content\/uploads\/2021\/01\/veekindel-tuli-3.jpg","type":"image\/jpeg"}],"twitter_card":"summary_large_image","twitter_misc":{"Price":"&euro;69.50","Availability":"In stock"},"schema":{"@context":"https:\/\/schema.org","@graph":[{"@type":"WebPage","@id":"https:\/\/www.xn--tuksimaailm-ffb.ee\/en\/product\/powerful-electric-scooter-headlight-waterproof-ip65\/","url":"https:\/\/www.xn--tuksimaailm-ffb.ee\/en\/product\/powerful-electric-scooter-headlight-waterproof-ip65\/","name":"Powerful electric scooter headlight waterproof IP65 | T\u00f5uksimaailm","isPartOf":{"@id":"https:\/\/www.xn--tuksimaailm-ffb.ee\/en\/#website"},"primaryImageOfPage":{"@id":"https:\/\/www.xn--tuksimaailm-ffb.ee\/en\/product\/powerful-electric-scooter-headlight-waterproof-ip65\/#primaryimage"},"image":{"@id":"https:\/\/www.xn--tuksimaailm-ffb.ee\/en\/product\/powerful-electric-scooter-headlight-waterproof-ip65\/#primaryimage"},"thumbnailUrl":"https:\/\/www.xn--tuksimaailm-ffb.ee\/wp-content\/uploads\/2021\/01\/veekindel-tuli-3.jpg","datePublished":"2021-01-23T12:47:28+00:00","description":"Powerful electric scooter headlight, waterproof, IP65 rated (also first light, auxiliary light, lantern). Also suitable for electric bikes. LED lights.","breadcrumb":{"@id":"https:\/\/www.xn--tuksimaailm-ffb.ee\/en\/product\/powerful-electric-scooter-headlight-waterproof-ip65\/#breadcrumb"},"inLanguage":"en-US","potentialAction":[{"@type":"ReadAction","target":["https:\/\/www.xn--tuksimaailm-ffb.ee\/en\/product\/powerful-electric-scooter-headlight-waterproof-ip65\/"]}]},{"@type":"ImageObject","inLanguage":"en-US","@id":"https:\/\/www.xn--tuksimaailm-ffb.ee\/en\/product\/powerful-electric-scooter-headlight-waterproof-ip65\/#primaryimage","url":"https:\/\/www.xn--tuksimaailm-ffb.ee\/wp-content\/uploads\/2021\/01\/veekindel-tuli-3.jpg","contentUrl":"https:\/\/www.xn--tuksimaailm-ffb.ee\/wp-content\/uploads\/2021\/01\/veekindel-tuli-3.jpg","width":411,"height":409,"caption":"Powerful electric scooter headlight waterproof IP65"},{"@type":"BreadcrumbList","@id":"https:\/\/www.xn--tuksimaailm-ffb.ee\/en\/product\/powerful-electric-scooter-headlight-waterproof-ip65\/#breadcrumb","itemListElement":[{"@type":"ListItem","position":1,"name":"Home","item":"https:\/\/www.xn--tuksimaailm-ffb.ee\/en\/main-page\/"},{"@type":"ListItem","position":2,"name":"Shop","item":"https:\/\/www.xn--tuksimaailm-ffb.ee\/elektritoukerataste-pood\/"},{"@type":"ListItem","position":3,"name":"Powerful electric scooter headlight waterproof IP65"}]},{"@type":"WebSite","@id":"https:\/\/www.xn--tuksimaailm-ffb.ee\/en\/#website","url":"https:\/\/www.xn--tuksimaailm-ffb.ee\/en\/","name":"T\u00f5uksimaailm","description":"Elektrit\u00f5ukerataste m\u00fc\u00fck, remont ja rent","publisher":{"@id":"https:\/\/www.xn--tuksimaailm-ffb.ee\/en\/#organization"},"potentialAction":[{"@type":"SearchAction","target":{"@type":"EntryPoint","urlTemplate":"https:\/\/www.xn--tuksimaailm-ffb.ee\/en\/?s={search_term_string}"},"query-input":{"@type":"PropertyValueSpecification","valueRequired":true,"valueName":"search_term_string"}}],"inLanguage":"en-US"},{"@type":"Organization","@id":"https:\/\/www.xn--tuksimaailm-ffb.ee\/en\/#organization","name":"T\u00f5uksimaailm","url":"https:\/\/www.xn--tuksimaailm-ffb.ee\/en\/","logo":{"@type":"ImageObject","inLanguage":"en-US","@id":"https:\/\/www.xn--tuksimaailm-ffb.ee\/en\/#\/schema\/logo\/image\/","url":"https:\/\/www.xn--tuksimaailm-ffb.ee\/wp-content\/uploads\/2020\/01\/logoz-e1579792875517.png","contentUrl":"https:\/\/www.xn--tuksimaailm-ffb.ee\/wp-content\/uploads\/2020\/01\/logoz-e1579792875517.png","width":250,"height":250,"caption":"T\u00f5uksimaailm"},"image":{"@id":"https:\/\/www.xn--tuksimaailm-ffb.ee\/en\/#\/schema\/logo\/image\/"},"sameAs":["https:\/\/www.facebook.com\/touksimaailm\/","https:\/\/www.instagram.com\/touksimaailm_\/","https:\/\/www.youtube.com\/channel\/UC18ml0EKIDLP1xGuQjFzcXQ"]}]},"product_price_amount":"69.50","product_price_currency":"EUR","og_availability":"instock","product_availability":"instock","product_retailer_item_id":"LISATULI-VEEKINDEL-IP65","product_condition":"new"},"jetpack_sharing_enabled":true,"_links":{"self":[{"href":"https:\/\/www.xn--tuksimaailm-ffb.ee\/en\/wp-json\/wp\/v2\/product\/57010","targetHints":{"allow":["GET"]}}],"collection":[{"href":"https:\/\/www.xn--tuksimaailm-ffb.ee\/en\/wp-json\/wp\/v2\/product"}],"about":[{"href":"https:\/\/www.xn--tuksimaailm-ffb.ee\/en\/wp-json\/wp\/v2\/types\/product"}],"wp:featuredmedia":[{"embeddable":true,"href":"https:\/\/www.xn--tuksimaailm-ffb.ee\/en\/wp-json\/wp\/v2\/media\/13077"}],"wp:attachment":[{"href":"https:\/\/www.xn--tuksimaailm-ffb.ee\/en\/wp-json\/wp\/v2\/media?parent=57010"}],"wp:term":[{"taxonomy":"product_brand","embeddable":true,"href":"https:\/\/www.xn--tuksimaailm-ffb.ee\/en\/wp-json\/wp\/v2\/product_brand?post=57010"},{"taxonomy":"product_cat","embeddable":true,"href":"https:\/\/www.xn--tuksimaailm-ffb.ee\/en\/wp-json\/wp\/v2\/product_cat?post=57010"},{"taxonomy":"product_tag","embeddable":true,"href":"https:\/\/www.xn--tuksimaailm-ffb.ee\/en\/wp-json\/wp\/v2\/product_tag?post=57010"},{"taxonomy":"filter_elektritoukeratas","embeddable":true,"href":"https:\/\/www.xn--tuksimaailm-ffb.ee\/en\/wp-json\/wp\/v2\/filter_elektritoukeratas?post=57010"}],"curies":[{"name":"wp","href":"https:\/\/api.w.org\/{rel}","templated":true}]}}