{"id":57016,"date":"2021-01-23T16:08:33","date_gmt":"2021-01-23T16:08:33","guid":{"rendered":"http:\/\/www.xn--tuksimaailm-ffb.ee\/shop\/ninebot-max-charging-connector-kit-g30-g30p\/"},"modified":"2021-01-23T16:08:33","modified_gmt":"2021-01-23T13:08:33","slug":"ninebot-max-charging-connector-kit-g30-g30p","status":"publish","type":"product","link":"https:\/\/www.xn--tuksimaailm-ffb.ee\/en\/product\/ninebot-max-charging-connector-kit-g30-g30p\/","title":{"rendered":"Ninebot Max charging connector kit G30 G30P"},"content":{"rendered":"<p>Ninebot Max charger plug set (also charger socket set), <b><strong>original spare part<\/strong><\/b>. The kit includes both charger and rapid charger sockets with connecting cables. The Ninebot Max charger socket kit is ideal for the original Segway electric scooter <a href=\"http:\/\/www.xn--tuksimaailm-ffb.ee\/shop\/elektriline-toukeratas-ninebot-max-g30\/\"><b><strong>Ninebot Max G30<\/strong><\/b><\/a>. The charger socket kit is also suitable for the original <b><strong>Ninebot Max G30P<\/strong><\/b> models produced for the US and Chinese markets but also popular in Estonia.<\/p>\n<p>The charger plugs need to be replaced if the sockets are corroded, the charger does not get a good connection when charging and the socket gets hot and starts to melt the plastic around it. Also, the charger plug set needs to be replaced if a short circuit has occurred in the charger input and the contacts are burnt out. If repairing your electric scooter or replacing the charging plugs is too much for you, our specialist electric scooter <a href=\"http:\/\/www.xn--tuksimaailm-ffb.ee\/elektrilise-toukeratta-remont\/\"><b><strong>workshop<\/strong><\/b><\/a> can help.<\/p>\n","protected":false},"excerpt":{"rendered":"<p>Ninebot Max charger plug set (also charger socket set), original spare part. The kit includes both charger and rapid charger sockets with connecting cables. The Ninebot Max charger socket kit is ideal for the original Segway electric scooter Ninebot Max G30. The charger socket kit is also suitable for the &hellip;<\/p>\n","protected":false},"featured_media":54153,"template":"","meta":[],"product_brand":[],"product_cat":[726],"product_tag":[3304],"filter_elektritoukeratas":[2638,2637],"class_list":{"0":"post-57016","1":"product","2":"type-product","3":"status-publish","4":"has-post-thumbnail","6":"product_cat-spare-parts","7":"product_tag-segway-ninebot-spare-parts","8":"filter_elektritoukeratas-ft_segway_ninebot_max_g2e_g65","9":"filter_elektritoukeratas-ft_segway_ninebot_max_g30p_g30le_g30e_ii_g30lp_ii","11":"first","12":"instock","13":"taxable","14":"shipping-taxable","15":"purchasable","16":"product-type-simple"},"yoast_head":"<!-- This site is optimized with the Yoast SEO Premium plugin v26.8 (Yoast SEO v27.5) - https:\/\/yoast.com\/product\/yoast-seo-premium-wordpress\/ -->\n<title>Ninebot Max charging connector kit G30 G30P | T\u00f5uksimaailm<\/title>\n<meta name=\"description\" content=\"Ninebot Max charger socket set (also charger socket set), original, for Segway Ninebot Max G30 and G30P. Segway Max spare parts.\" \/>\n<meta name=\"robots\" content=\"index, follow, max-snippet:-1, max-image-preview:large, max-video-preview:-1\" \/>\n<link rel=\"canonical\" href=\"https:\/\/www.xn--tuksimaailm-ffb.ee\/en\/product\/ninebot-max-charging-connector-kit-g30-g30p\/\" \/>\n<meta property=\"og:locale\" content=\"en_US\" \/>\n<meta property=\"og:type\" content=\"article\" \/>\n<meta property=\"og:title\" content=\"Ninebot Max charging connector kit G30 G30P\" \/>\n<meta property=\"og:description\" content=\"Ninebot Max charger socket set (also charger socket set), original, for Segway Ninebot Max G30 and G30P. Segway Max spare parts.\" \/>\n<meta property=\"og:url\" content=\"https:\/\/www.xn--tuksimaailm-ffb.ee\/en\/product\/ninebot-max-charging-connector-kit-g30-g30p\/\" \/>\n<meta property=\"og:site_name\" content=\"T\u00f5uksimaailm\" \/>\n<meta property=\"article:publisher\" content=\"https:\/\/www.facebook.com\/touksimaailm\/\" \/>\n<meta property=\"og:image\" content=\"https:\/\/www.xn--tuksimaailm-ffb.ee\/wp-content\/uploads\/2021\/01\/Screenshot-2025-01-11-204425.webp\" \/>\n\t<meta property=\"og:image:width\" content=\"1424\" \/>\n\t<meta property=\"og:image:height\" content=\"1020\" \/>\n\t<meta property=\"og:image:type\" content=\"image\/webp\" \/>\n<meta name=\"twitter:card\" content=\"summary_large_image\" \/>\n<meta name=\"twitter:label1\" content=\"Price\" \/>\n\t<meta name=\"twitter:data1\" content=\"&euro;16.00\" \/>\n\t<meta name=\"twitter:label2\" content=\"Availability\" \/>\n\t<meta name=\"twitter:data2\" content=\"In stock\" \/>\n<meta property=\"product:price:amount\" content=\"16.00\" \/>\n<meta property=\"product:price:currency\" content=\"EUR\" \/>\n<meta property=\"og:availability\" content=\"instock\" \/>\n<meta property=\"product:availability\" content=\"instock\" \/>\n<meta property=\"product:condition\" content=\"new\" \/>\n<!-- \/ Yoast SEO Premium plugin. -->","yoast_head_json":{"title":"Ninebot Max charging connector kit G30 G30P | T\u00f5uksimaailm","description":"Ninebot Max charger socket set (also charger socket set), original, for Segway Ninebot Max G30 and G30P. Segway Max spare parts.","robots":{"index":"index","follow":"follow","max-snippet":"max-snippet:-1","max-image-preview":"max-image-preview:large","max-video-preview":"max-video-preview:-1"},"canonical":"https:\/\/www.xn--tuksimaailm-ffb.ee\/en\/product\/ninebot-max-charging-connector-kit-g30-g30p\/","og_locale":"en_US","og_type":"article","og_title":"Ninebot Max charging connector kit G30 G30P","og_description":"Ninebot Max charger socket set (also charger socket set), original, for Segway Ninebot Max G30 and G30P. Segway Max spare parts.","og_url":"https:\/\/www.xn--tuksimaailm-ffb.ee\/en\/product\/ninebot-max-charging-connector-kit-g30-g30p\/","og_site_name":"T\u00f5uksimaailm","article_publisher":"https:\/\/www.facebook.com\/touksimaailm\/","og_image":[{"width":1424,"height":1020,"url":"https:\/\/www.xn--tuksimaailm-ffb.ee\/wp-content\/uploads\/2021\/01\/Screenshot-2025-01-11-204425.webp","type":"image\/webp"}],"twitter_card":"summary_large_image","twitter_misc":{"Price":"&euro;16.00","Availability":"In stock"},"schema":{"@context":"https:\/\/schema.org","@graph":[{"@type":"WebPage","@id":"https:\/\/www.xn--tuksimaailm-ffb.ee\/en\/product\/ninebot-max-charging-connector-kit-g30-g30p\/","url":"https:\/\/www.xn--tuksimaailm-ffb.ee\/en\/product\/ninebot-max-charging-connector-kit-g30-g30p\/","name":"Ninebot Max charging connector kit G30 G30P | T\u00f5uksimaailm","isPartOf":{"@id":"https:\/\/www.xn--tuksimaailm-ffb.ee\/en\/#website"},"primaryImageOfPage":{"@id":"https:\/\/www.xn--tuksimaailm-ffb.ee\/en\/product\/ninebot-max-charging-connector-kit-g30-g30p\/#primaryimage"},"image":{"@id":"https:\/\/www.xn--tuksimaailm-ffb.ee\/en\/product\/ninebot-max-charging-connector-kit-g30-g30p\/#primaryimage"},"thumbnailUrl":"https:\/\/www.xn--tuksimaailm-ffb.ee\/wp-content\/uploads\/2021\/01\/Screenshot-2025-01-11-204425.webp","datePublished":"2021-01-23T16:08:33+00:00","description":"Ninebot Max charger socket set (also charger socket set), original, for Segway Ninebot Max G30 and G30P. Segway Max spare parts.","breadcrumb":{"@id":"https:\/\/www.xn--tuksimaailm-ffb.ee\/en\/product\/ninebot-max-charging-connector-kit-g30-g30p\/#breadcrumb"},"inLanguage":"en-US","potentialAction":[{"@type":"ReadAction","target":["https:\/\/www.xn--tuksimaailm-ffb.ee\/en\/product\/ninebot-max-charging-connector-kit-g30-g30p\/"]}]},{"@type":"ImageObject","inLanguage":"en-US","@id":"https:\/\/www.xn--tuksimaailm-ffb.ee\/en\/product\/ninebot-max-charging-connector-kit-g30-g30p\/#primaryimage","url":"https:\/\/www.xn--tuksimaailm-ffb.ee\/wp-content\/uploads\/2021\/01\/Screenshot-2025-01-11-204425.webp","contentUrl":"https:\/\/www.xn--tuksimaailm-ffb.ee\/wp-content\/uploads\/2021\/01\/Screenshot-2025-01-11-204425.webp","width":1424,"height":1020,"caption":"Ninebot Max charging connector kit G30 G30P"},{"@type":"BreadcrumbList","@id":"https:\/\/www.xn--tuksimaailm-ffb.ee\/en\/product\/ninebot-max-charging-connector-kit-g30-g30p\/#breadcrumb","itemListElement":[{"@type":"ListItem","position":1,"name":"Home","item":"https:\/\/www.xn--tuksimaailm-ffb.ee\/en\/main-page\/"},{"@type":"ListItem","position":2,"name":"Shop","item":"https:\/\/www.xn--tuksimaailm-ffb.ee\/elektritoukerataste-pood\/"},{"@type":"ListItem","position":3,"name":"Ninebot Max charging connector kit G30 G30P"}]},{"@type":"WebSite","@id":"https:\/\/www.xn--tuksimaailm-ffb.ee\/en\/#website","url":"https:\/\/www.xn--tuksimaailm-ffb.ee\/en\/","name":"T\u00f5uksimaailm","description":"Elektrit\u00f5ukerataste m\u00fc\u00fck, remont ja rent","publisher":{"@id":"https:\/\/www.xn--tuksimaailm-ffb.ee\/en\/#organization"},"potentialAction":[{"@type":"SearchAction","target":{"@type":"EntryPoint","urlTemplate":"https:\/\/www.xn--tuksimaailm-ffb.ee\/en\/?s={search_term_string}"},"query-input":{"@type":"PropertyValueSpecification","valueRequired":true,"valueName":"search_term_string"}}],"inLanguage":"en-US"},{"@type":"Organization","@id":"https:\/\/www.xn--tuksimaailm-ffb.ee\/en\/#organization","name":"T\u00f5uksimaailm","url":"https:\/\/www.xn--tuksimaailm-ffb.ee\/en\/","logo":{"@type":"ImageObject","inLanguage":"en-US","@id":"https:\/\/www.xn--tuksimaailm-ffb.ee\/en\/#\/schema\/logo\/image\/","url":"https:\/\/www.xn--tuksimaailm-ffb.ee\/wp-content\/uploads\/2020\/01\/logoz-e1579792875517.png","contentUrl":"https:\/\/www.xn--tuksimaailm-ffb.ee\/wp-content\/uploads\/2020\/01\/logoz-e1579792875517.png","width":250,"height":250,"caption":"T\u00f5uksimaailm"},"image":{"@id":"https:\/\/www.xn--tuksimaailm-ffb.ee\/en\/#\/schema\/logo\/image\/"},"sameAs":["https:\/\/www.facebook.com\/touksimaailm\/","https:\/\/www.instagram.com\/touksimaailm_\/","https:\/\/www.youtube.com\/channel\/UC18ml0EKIDLP1xGuQjFzcXQ"]}]},"product_price_amount":"16.00","product_price_currency":"EUR","og_availability":"instock","product_availability":"instock","product_condition":"new"},"jetpack_sharing_enabled":true,"_links":{"self":[{"href":"https:\/\/www.xn--tuksimaailm-ffb.ee\/en\/wp-json\/wp\/v2\/product\/57016","targetHints":{"allow":["GET"]}}],"collection":[{"href":"https:\/\/www.xn--tuksimaailm-ffb.ee\/en\/wp-json\/wp\/v2\/product"}],"about":[{"href":"https:\/\/www.xn--tuksimaailm-ffb.ee\/en\/wp-json\/wp\/v2\/types\/product"}],"wp:featuredmedia":[{"embeddable":true,"href":"https:\/\/www.xn--tuksimaailm-ffb.ee\/en\/wp-json\/wp\/v2\/media\/54153"}],"wp:attachment":[{"href":"https:\/\/www.xn--tuksimaailm-ffb.ee\/en\/wp-json\/wp\/v2\/media?parent=57016"}],"wp:term":[{"taxonomy":"product_brand","embeddable":true,"href":"https:\/\/www.xn--tuksimaailm-ffb.ee\/en\/wp-json\/wp\/v2\/product_brand?post=57016"},{"taxonomy":"product_cat","embeddable":true,"href":"https:\/\/www.xn--tuksimaailm-ffb.ee\/en\/wp-json\/wp\/v2\/product_cat?post=57016"},{"taxonomy":"product_tag","embeddable":true,"href":"https:\/\/www.xn--tuksimaailm-ffb.ee\/en\/wp-json\/wp\/v2\/product_tag?post=57016"},{"taxonomy":"filter_elektritoukeratas","embeddable":true,"href":"https:\/\/www.xn--tuksimaailm-ffb.ee\/en\/wp-json\/wp\/v2\/filter_elektritoukeratas?post=57016"}],"curies":[{"name":"wp","href":"https:\/\/api.w.org\/{rel}","templated":true}]}}