{"id":57017,"date":"2021-01-23T16:22:25","date_gmt":"2021-01-23T14:22:25","guid":{"rendered":"http:\/\/www.xn--tuksimaailm-ffb.ee\/shop\/ninebot-max-brake-link-original-g30-g30le-g30p\/"},"modified":"2021-01-23T16:22:25","modified_gmt":"2021-01-23T13:22:25","slug":"ninebot-max-brake-link-original-g30-g30le-g30p","status":"publish","type":"product","link":"https:\/\/www.xn--tuksimaailm-ffb.ee\/en\/product\/ninebot-max-brake-link-original-g30-g30le-g30p\/","title":{"rendered":"Ninebot Max brake link original G30 G30LE G30P"},"content":{"rendered":"<p>Electric scooter Ninebot Max brake link (also brake lever, brake, brake lever, brake pedal), <b><strong>original spare part<\/strong><\/b>. Brake lever with magnetic sensor. By pressing the brake link, the brake sends a command to the electric scooter controller to stop the engine. The brake link for the Ninebot Max electric scooter will definitely fit the following popular Segway models: <a href=\"http:\/\/www.xn--tuksimaailm-ffb.ee\/shop\/elektriline-toukeratas-ninebot-max-g30\/\"><b><strong>Ninebot Max G30<\/strong><\/b><\/a><b><strong>, <\/strong><\/b><a href=\"https:\/\/ee-en.segway.com\/products\/ninebot-kickscooter-max-g30le-powered-by-segway\"><b><strong>Ninebot Max G30LE<\/strong><\/b><\/a><b><strong>, Ninebot Max G30P.<\/strong><\/b><\/p>\n<p>The brake link is suitable for all electric scooters or other electric scooters with a controller with an active brake link (3-wire) output. If you need to replace or repair the brake linkage of your electric scooter on your own, our <a href=\"http:\/\/www.xn--tuksimaailm-ffb.ee\/elektrilise-toukeratta-remont\/\">workshop<\/a> specialised in electric scooters and other light motorcycles can help.<\/p>\n","protected":false},"excerpt":{"rendered":"<p>Electric scooter Ninebot Max brake link (also brake lever, brake, brake lever, brake pedal), original spare part. Brake lever with magnetic sensor. By pressing the brake link, the brake sends a command to the electric scooter controller to stop the engine. The brake link for the Ninebot Max electric scooter &hellip;<\/p>\n","protected":false},"featured_media":13103,"template":"","meta":[],"product_brand":[],"product_cat":[726],"product_tag":[3304],"filter_elektritoukeratas":[2637],"class_list":{"0":"post-57017","1":"product","2":"type-product","3":"status-publish","4":"has-post-thumbnail","6":"product_cat-spare-parts","7":"product_tag-segway-ninebot-spare-parts","8":"pa_tootetuup-brakedetails","9":"filter_elektritoukeratas-ft_segway_ninebot_max_g30p_g30le_g30e_ii_g30lp_ii","11":"first","12":"instock","13":"taxable","14":"shipping-taxable","15":"purchasable","16":"product-type-simple"},"yoast_head":"<!-- This site is optimized with the Yoast SEO Premium plugin v26.8 (Yoast SEO v27.3) - https:\/\/yoast.com\/product\/yoast-seo-premium-wordpress\/ -->\n<title>Ninebot Max brake link original G30 G30LE G30P | T\u00f5uksimaailm<\/title>\n<meta name=\"description\" content=\"Original Ninebot Max electric scooter brake link suitable for the following models: Ninebot Max G30, Max G30LE, Max G30P. Electric scooter spare parts.\" \/>\n<meta name=\"robots\" content=\"index, follow, max-snippet:-1, max-image-preview:large, max-video-preview:-1\" \/>\n<link rel=\"canonical\" href=\"https:\/\/www.xn--tuksimaailm-ffb.ee\/en\/product\/ninebot-max-brake-link-original-g30-g30le-g30p\/\" \/>\n<meta property=\"og:locale\" content=\"en_US\" \/>\n<meta property=\"og:type\" content=\"article\" \/>\n<meta property=\"og:title\" content=\"Ninebot Max brake link original G30 G30LE G30P\" \/>\n<meta property=\"og:description\" content=\"Original Ninebot Max electric scooter brake link suitable for the following models: Ninebot Max G30, Max G30LE, Max G30P. Electric scooter spare parts.\" \/>\n<meta property=\"og:url\" content=\"https:\/\/www.xn--tuksimaailm-ffb.ee\/en\/product\/ninebot-max-brake-link-original-g30-g30le-g30p\/\" \/>\n<meta property=\"og:site_name\" content=\"T\u00f5uksimaailm\" \/>\n<meta property=\"article:publisher\" content=\"https:\/\/www.facebook.com\/touksimaailm\/\" \/>\n<meta property=\"og:image\" content=\"https:\/\/www.xn--tuksimaailm-ffb.ee\/wp-content\/uploads\/2021\/01\/touksimaailm-05064-scaled.jpg\" \/>\n\t<meta property=\"og:image:width\" content=\"2560\" \/>\n\t<meta property=\"og:image:height\" content=\"1773\" \/>\n\t<meta property=\"og:image:type\" content=\"image\/jpeg\" \/>\n<meta name=\"twitter:card\" content=\"summary_large_image\" \/>\n<meta name=\"twitter:label1\" content=\"Price\" \/>\n\t<meta name=\"twitter:data1\" content=\"&euro;49.50\" \/>\n\t<meta name=\"twitter:label2\" content=\"Availability\" \/>\n\t<meta name=\"twitter:data2\" content=\"In stock\" \/>\n<meta property=\"product:price:amount\" content=\"49.50\" \/>\n<meta property=\"product:price:currency\" content=\"EUR\" \/>\n<meta property=\"og:availability\" content=\"instock\" \/>\n<meta property=\"product:availability\" content=\"instock\" \/>\n<meta property=\"product:condition\" content=\"new\" \/>\n<!-- \/ Yoast SEO Premium plugin. -->","yoast_head_json":{"title":"Ninebot Max brake link original G30 G30LE G30P | T\u00f5uksimaailm","description":"Original Ninebot Max electric scooter brake link suitable for the following models: Ninebot Max G30, Max G30LE, Max G30P. Electric scooter spare parts.","robots":{"index":"index","follow":"follow","max-snippet":"max-snippet:-1","max-image-preview":"max-image-preview:large","max-video-preview":"max-video-preview:-1"},"canonical":"https:\/\/www.xn--tuksimaailm-ffb.ee\/en\/product\/ninebot-max-brake-link-original-g30-g30le-g30p\/","og_locale":"en_US","og_type":"article","og_title":"Ninebot Max brake link original G30 G30LE G30P","og_description":"Original Ninebot Max electric scooter brake link suitable for the following models: Ninebot Max G30, Max G30LE, Max G30P. Electric scooter spare parts.","og_url":"https:\/\/www.xn--tuksimaailm-ffb.ee\/en\/product\/ninebot-max-brake-link-original-g30-g30le-g30p\/","og_site_name":"T\u00f5uksimaailm","article_publisher":"https:\/\/www.facebook.com\/touksimaailm\/","og_image":[{"width":2560,"height":1773,"url":"https:\/\/www.xn--tuksimaailm-ffb.ee\/wp-content\/uploads\/2021\/01\/touksimaailm-05064-scaled.jpg","type":"image\/jpeg"}],"twitter_card":"summary_large_image","twitter_misc":{"Price":"&euro;49.50","Availability":"In stock"},"schema":{"@context":"https:\/\/schema.org","@graph":[{"@type":"WebPage","@id":"https:\/\/www.xn--tuksimaailm-ffb.ee\/en\/product\/ninebot-max-brake-link-original-g30-g30le-g30p\/","url":"https:\/\/www.xn--tuksimaailm-ffb.ee\/en\/product\/ninebot-max-brake-link-original-g30-g30le-g30p\/","name":"Ninebot Max brake link original G30 G30LE G30P | T\u00f5uksimaailm","isPartOf":{"@id":"https:\/\/www.xn--tuksimaailm-ffb.ee\/en\/#website"},"primaryImageOfPage":{"@id":"https:\/\/www.xn--tuksimaailm-ffb.ee\/en\/product\/ninebot-max-brake-link-original-g30-g30le-g30p\/#primaryimage"},"image":{"@id":"https:\/\/www.xn--tuksimaailm-ffb.ee\/en\/product\/ninebot-max-brake-link-original-g30-g30le-g30p\/#primaryimage"},"thumbnailUrl":"https:\/\/www.xn--tuksimaailm-ffb.ee\/wp-content\/uploads\/2021\/01\/touksimaailm-05064-scaled.jpg","datePublished":"2021-01-23T14:22:25+00:00","description":"Original Ninebot Max electric scooter brake link suitable for the following models: Ninebot Max G30, Max G30LE, Max G30P. Electric scooter spare parts.","breadcrumb":{"@id":"https:\/\/www.xn--tuksimaailm-ffb.ee\/en\/product\/ninebot-max-brake-link-original-g30-g30le-g30p\/#breadcrumb"},"inLanguage":"en-US","potentialAction":[{"@type":"ReadAction","target":["https:\/\/www.xn--tuksimaailm-ffb.ee\/en\/product\/ninebot-max-brake-link-original-g30-g30le-g30p\/"]}]},{"@type":"ImageObject","inLanguage":"en-US","@id":"https:\/\/www.xn--tuksimaailm-ffb.ee\/en\/product\/ninebot-max-brake-link-original-g30-g30le-g30p\/#primaryimage","url":"https:\/\/www.xn--tuksimaailm-ffb.ee\/wp-content\/uploads\/2021\/01\/touksimaailm-05064-scaled.jpg","contentUrl":"https:\/\/www.xn--tuksimaailm-ffb.ee\/wp-content\/uploads\/2021\/01\/touksimaailm-05064-scaled.jpg","width":2560,"height":1773,"caption":"Ninebot Max brake link original G30 G30LE G30P"},{"@type":"BreadcrumbList","@id":"https:\/\/www.xn--tuksimaailm-ffb.ee\/en\/product\/ninebot-max-brake-link-original-g30-g30le-g30p\/#breadcrumb","itemListElement":[{"@type":"ListItem","position":1,"name":"Home","item":"https:\/\/www.xn--tuksimaailm-ffb.ee\/en\/main-page\/"},{"@type":"ListItem","position":2,"name":"Shop","item":"https:\/\/www.xn--tuksimaailm-ffb.ee\/elektritoukerataste-pood\/"},{"@type":"ListItem","position":3,"name":"Ninebot Max brake link original G30 G30LE G30P"}]},{"@type":"WebSite","@id":"https:\/\/www.xn--tuksimaailm-ffb.ee\/en\/#website","url":"https:\/\/www.xn--tuksimaailm-ffb.ee\/en\/","name":"T\u00f5uksimaailm","description":"Elektrit\u00f5ukerataste m\u00fc\u00fck, remont ja rent","publisher":{"@id":"https:\/\/www.xn--tuksimaailm-ffb.ee\/en\/#organization"},"potentialAction":[{"@type":"SearchAction","target":{"@type":"EntryPoint","urlTemplate":"https:\/\/www.xn--tuksimaailm-ffb.ee\/en\/?s={search_term_string}"},"query-input":{"@type":"PropertyValueSpecification","valueRequired":true,"valueName":"search_term_string"}}],"inLanguage":"en-US"},{"@type":"Organization","@id":"https:\/\/www.xn--tuksimaailm-ffb.ee\/en\/#organization","name":"T\u00f5uksimaailm","url":"https:\/\/www.xn--tuksimaailm-ffb.ee\/en\/","logo":{"@type":"ImageObject","inLanguage":"en-US","@id":"https:\/\/www.xn--tuksimaailm-ffb.ee\/en\/#\/schema\/logo\/image\/","url":"https:\/\/www.xn--tuksimaailm-ffb.ee\/wp-content\/uploads\/2020\/01\/logoz-e1579792875517.png","contentUrl":"https:\/\/www.xn--tuksimaailm-ffb.ee\/wp-content\/uploads\/2020\/01\/logoz-e1579792875517.png","width":250,"height":250,"caption":"T\u00f5uksimaailm"},"image":{"@id":"https:\/\/www.xn--tuksimaailm-ffb.ee\/en\/#\/schema\/logo\/image\/"},"sameAs":["https:\/\/www.facebook.com\/touksimaailm\/","https:\/\/www.instagram.com\/touksimaailm_\/","https:\/\/www.youtube.com\/channel\/UC18ml0EKIDLP1xGuQjFzcXQ"]}]},"product_price_amount":"49.50","product_price_currency":"EUR","og_availability":"instock","product_availability":"instock","product_condition":"new"},"jetpack_sharing_enabled":true,"_links":{"self":[{"href":"https:\/\/www.xn--tuksimaailm-ffb.ee\/en\/wp-json\/wp\/v2\/product\/57017","targetHints":{"allow":["GET"]}}],"collection":[{"href":"https:\/\/www.xn--tuksimaailm-ffb.ee\/en\/wp-json\/wp\/v2\/product"}],"about":[{"href":"https:\/\/www.xn--tuksimaailm-ffb.ee\/en\/wp-json\/wp\/v2\/types\/product"}],"wp:featuredmedia":[{"embeddable":true,"href":"https:\/\/www.xn--tuksimaailm-ffb.ee\/en\/wp-json\/wp\/v2\/media\/13103"}],"wp:attachment":[{"href":"https:\/\/www.xn--tuksimaailm-ffb.ee\/en\/wp-json\/wp\/v2\/media?parent=57017"}],"wp:term":[{"taxonomy":"product_brand","embeddable":true,"href":"https:\/\/www.xn--tuksimaailm-ffb.ee\/en\/wp-json\/wp\/v2\/product_brand?post=57017"},{"taxonomy":"product_cat","embeddable":true,"href":"https:\/\/www.xn--tuksimaailm-ffb.ee\/en\/wp-json\/wp\/v2\/product_cat?post=57017"},{"taxonomy":"product_tag","embeddable":true,"href":"https:\/\/www.xn--tuksimaailm-ffb.ee\/en\/wp-json\/wp\/v2\/product_tag?post=57017"},{"taxonomy":"filter_elektritoukeratas","embeddable":true,"href":"https:\/\/www.xn--tuksimaailm-ffb.ee\/en\/wp-json\/wp\/v2\/filter_elektritoukeratas?post=57017"}],"curies":[{"name":"wp","href":"https:\/\/api.w.org\/{rel}","templated":true}]}}