{"id":57266,"date":"2021-01-24T13:46:04","date_gmt":"2021-01-24T10:46:04","guid":{"rendered":"http:\/\/www.xn--tuksimaailm-ffb.ee\/shop\/ninebot-max-g30-brake-cable-g30le-g30p\/"},"modified":"2021-01-24T13:46:04","modified_gmt":"2021-01-24T10:46:04","slug":"ninebot-max-g30-brake-cable-g30le-g30p","status":"publish","type":"product","link":"https:\/\/www.xn--tuksimaailm-ffb.ee\/en\/product\/ninebot-max-g30-brake-cable-g30le-g30p\/","title":{"rendered":"Ninebot Max G30 brake cable G30LE G30P"},"content":{"rendered":"<p>Ninebot Max G30 brake cable \/ throttle (also first drum brake cable). Includes steel brake cable with caliper and spring. Cable length 130mm. The Ninebot Max G30 brake cable \/ throttle fits the popular original Segway electric scooter Ninebot Max G30, Ninebot Max G30LE, Ninebot Max G30P. The brake caliper needs to be replaced if it is rusty or the brake cable no longer moves well inside the caliper. If the scooter no longer brakes when the brake is pressed, it is not necessary to replace the brake components but to carry out a brake adjustment. If a Segway electric scooter repair is too much for you, our workshop specialising in electric scooter repairs can help.<\/p>\n","protected":false},"excerpt":{"rendered":"<p>Ninebot Max G30 brake cable \/ throttle (also first drum brake cable). Includes steel brake cable with caliper and spring. Cable length 130mm. The Ninebot Max G30 brake cable \/ throttle fits the popular original Segway electric scooter Ninebot Max G30, Ninebot Max G30LE, Ninebot Max G30P. The brake caliper &hellip;<\/p>\n","protected":false},"featured_media":13163,"template":"","meta":[],"product_brand":[],"product_cat":[726],"product_tag":[3226,3304],"filter_elektritoukeratas":[2637],"class_list":{"0":"post-57266","1":"product","2":"type-product","3":"status-publish","4":"has-post-thumbnail","6":"product_cat-spare-parts","7":"product_tag-brakedetails","8":"product_tag-segway-ninebot-spare-parts","9":"pa_tootetuup-brakedetails","10":"filter_elektritoukeratas-ft_segway_ninebot_max_g30p_g30le_g30e_ii_g30lp_ii","12":"first","13":"instock","14":"taxable","15":"shipping-taxable","16":"purchasable","17":"product-type-simple"},"yoast_head":"<!-- This site is optimized with the Yoast SEO Premium plugin v26.8 (Yoast SEO v27.5) - https:\/\/yoast.com\/product\/yoast-seo-premium-wordpress\/ -->\n<title>Ninebot Max G30 brake cable G30LE G30P | T\u00f5uksimaailm<\/title>\n<meta name=\"description\" content=\"Ninebot Max G30 brake cable \/ throttle (also cable for first drum brake), for Segway Ninebot Max G30, Max G30LE, Max G30P. Segway spare parts.\" \/>\n<meta name=\"robots\" content=\"index, follow, max-snippet:-1, max-image-preview:large, max-video-preview:-1\" \/>\n<link rel=\"canonical\" href=\"https:\/\/www.xn--tuksimaailm-ffb.ee\/en\/product\/ninebot-max-g30-brake-cable-g30le-g30p\/\" \/>\n<meta property=\"og:locale\" content=\"en_US\" \/>\n<meta property=\"og:type\" content=\"article\" \/>\n<meta property=\"og:title\" content=\"Ninebot Max G30 brake cable G30LE G30P\" \/>\n<meta property=\"og:description\" content=\"Ninebot Max G30 brake cable \/ throttle (also cable for first drum brake), for Segway Ninebot Max G30, Max G30LE, Max G30P. Segway spare parts.\" \/>\n<meta property=\"og:url\" content=\"https:\/\/www.xn--tuksimaailm-ffb.ee\/en\/product\/ninebot-max-g30-brake-cable-g30le-g30p\/\" \/>\n<meta property=\"og:site_name\" content=\"T\u00f5uksimaailm\" \/>\n<meta property=\"article:publisher\" content=\"https:\/\/www.facebook.com\/touksimaailm\/\" \/>\n<meta property=\"og:image\" content=\"https:\/\/www.xn--tuksimaailm-ffb.ee\/wp-content\/uploads\/2021\/01\/max-tross-1.png\" \/>\n\t<meta property=\"og:image:width\" content=\"685\" \/>\n\t<meta property=\"og:image:height\" content=\"580\" \/>\n\t<meta property=\"og:image:type\" content=\"image\/png\" \/>\n<meta name=\"twitter:card\" content=\"summary_large_image\" \/>\n<meta name=\"twitter:label1\" content=\"Price\" \/>\n\t<meta name=\"twitter:data1\" content=\"&euro;12.00\" \/>\n\t<meta name=\"twitter:label2\" content=\"Availability\" \/>\n\t<meta name=\"twitter:data2\" content=\"In stock\" \/>\n<meta property=\"product:price:amount\" content=\"12.00\" \/>\n<meta property=\"product:price:currency\" content=\"EUR\" \/>\n<meta property=\"og:availability\" content=\"instock\" \/>\n<meta property=\"product:availability\" content=\"instock\" \/>\n<meta property=\"product:retailer_item_id\" content=\"TROSS-G30\" \/>\n<meta property=\"product:condition\" content=\"new\" \/>\n<!-- \/ Yoast SEO Premium plugin. -->","yoast_head_json":{"title":"Ninebot Max G30 brake cable G30LE G30P | T\u00f5uksimaailm","description":"Ninebot Max G30 brake cable \/ throttle (also cable for first drum brake), for Segway Ninebot Max G30, Max G30LE, Max G30P. Segway spare parts.","robots":{"index":"index","follow":"follow","max-snippet":"max-snippet:-1","max-image-preview":"max-image-preview:large","max-video-preview":"max-video-preview:-1"},"canonical":"https:\/\/www.xn--tuksimaailm-ffb.ee\/en\/product\/ninebot-max-g30-brake-cable-g30le-g30p\/","og_locale":"en_US","og_type":"article","og_title":"Ninebot Max G30 brake cable G30LE G30P","og_description":"Ninebot Max G30 brake cable \/ throttle (also cable for first drum brake), for Segway Ninebot Max G30, Max G30LE, Max G30P. Segway spare parts.","og_url":"https:\/\/www.xn--tuksimaailm-ffb.ee\/en\/product\/ninebot-max-g30-brake-cable-g30le-g30p\/","og_site_name":"T\u00f5uksimaailm","article_publisher":"https:\/\/www.facebook.com\/touksimaailm\/","og_image":[{"width":685,"height":580,"url":"https:\/\/www.xn--tuksimaailm-ffb.ee\/wp-content\/uploads\/2021\/01\/max-tross-1.png","type":"image\/png"}],"twitter_card":"summary_large_image","twitter_misc":{"Price":"&euro;12.00","Availability":"In stock"},"schema":{"@context":"https:\/\/schema.org","@graph":[{"@type":"WebPage","@id":"https:\/\/www.xn--tuksimaailm-ffb.ee\/en\/product\/ninebot-max-g30-brake-cable-g30le-g30p\/","url":"https:\/\/www.xn--tuksimaailm-ffb.ee\/en\/product\/ninebot-max-g30-brake-cable-g30le-g30p\/","name":"Ninebot Max G30 brake cable G30LE G30P | T\u00f5uksimaailm","isPartOf":{"@id":"https:\/\/www.xn--tuksimaailm-ffb.ee\/en\/#website"},"primaryImageOfPage":{"@id":"https:\/\/www.xn--tuksimaailm-ffb.ee\/en\/product\/ninebot-max-g30-brake-cable-g30le-g30p\/#primaryimage"},"image":{"@id":"https:\/\/www.xn--tuksimaailm-ffb.ee\/en\/product\/ninebot-max-g30-brake-cable-g30le-g30p\/#primaryimage"},"thumbnailUrl":"https:\/\/www.xn--tuksimaailm-ffb.ee\/wp-content\/uploads\/2021\/01\/max-tross-1.png","datePublished":"2021-01-24T10:46:04+00:00","description":"Ninebot Max G30 brake cable \/ throttle (also cable for first drum brake), for Segway Ninebot Max G30, Max G30LE, Max G30P. Segway spare parts.","breadcrumb":{"@id":"https:\/\/www.xn--tuksimaailm-ffb.ee\/en\/product\/ninebot-max-g30-brake-cable-g30le-g30p\/#breadcrumb"},"inLanguage":"en-US","potentialAction":[{"@type":"ReadAction","target":["https:\/\/www.xn--tuksimaailm-ffb.ee\/en\/product\/ninebot-max-g30-brake-cable-g30le-g30p\/"]}]},{"@type":"ImageObject","inLanguage":"en-US","@id":"https:\/\/www.xn--tuksimaailm-ffb.ee\/en\/product\/ninebot-max-g30-brake-cable-g30le-g30p\/#primaryimage","url":"https:\/\/www.xn--tuksimaailm-ffb.ee\/wp-content\/uploads\/2021\/01\/max-tross-1.png","contentUrl":"https:\/\/www.xn--tuksimaailm-ffb.ee\/wp-content\/uploads\/2021\/01\/max-tross-1.png","width":685,"height":580,"caption":"Ninebot Max G30 brake cable G30LE G30P"},{"@type":"BreadcrumbList","@id":"https:\/\/www.xn--tuksimaailm-ffb.ee\/en\/product\/ninebot-max-g30-brake-cable-g30le-g30p\/#breadcrumb","itemListElement":[{"@type":"ListItem","position":1,"name":"Home","item":"https:\/\/www.xn--tuksimaailm-ffb.ee\/en\/main-page\/"},{"@type":"ListItem","position":2,"name":"Shop","item":"https:\/\/www.xn--tuksimaailm-ffb.ee\/elektritoukerataste-pood\/"},{"@type":"ListItem","position":3,"name":"Ninebot Max G30 brake cable G30LE G30P"}]},{"@type":"WebSite","@id":"https:\/\/www.xn--tuksimaailm-ffb.ee\/en\/#website","url":"https:\/\/www.xn--tuksimaailm-ffb.ee\/en\/","name":"T\u00f5uksimaailm","description":"Elektrit\u00f5ukerataste m\u00fc\u00fck, remont ja rent","publisher":{"@id":"https:\/\/www.xn--tuksimaailm-ffb.ee\/en\/#organization"},"potentialAction":[{"@type":"SearchAction","target":{"@type":"EntryPoint","urlTemplate":"https:\/\/www.xn--tuksimaailm-ffb.ee\/en\/?s={search_term_string}"},"query-input":{"@type":"PropertyValueSpecification","valueRequired":true,"valueName":"search_term_string"}}],"inLanguage":"en-US"},{"@type":"Organization","@id":"https:\/\/www.xn--tuksimaailm-ffb.ee\/en\/#organization","name":"T\u00f5uksimaailm","url":"https:\/\/www.xn--tuksimaailm-ffb.ee\/en\/","logo":{"@type":"ImageObject","inLanguage":"en-US","@id":"https:\/\/www.xn--tuksimaailm-ffb.ee\/en\/#\/schema\/logo\/image\/","url":"https:\/\/www.xn--tuksimaailm-ffb.ee\/wp-content\/uploads\/2020\/01\/logoz-e1579792875517.png","contentUrl":"https:\/\/www.xn--tuksimaailm-ffb.ee\/wp-content\/uploads\/2020\/01\/logoz-e1579792875517.png","width":250,"height":250,"caption":"T\u00f5uksimaailm"},"image":{"@id":"https:\/\/www.xn--tuksimaailm-ffb.ee\/en\/#\/schema\/logo\/image\/"},"sameAs":["https:\/\/www.facebook.com\/touksimaailm\/","https:\/\/www.instagram.com\/touksimaailm_\/","https:\/\/www.youtube.com\/channel\/UC18ml0EKIDLP1xGuQjFzcXQ"]}]},"product_price_amount":"12.00","product_price_currency":"EUR","og_availability":"instock","product_availability":"instock","product_retailer_item_id":"TROSS-G30","product_condition":"new"},"jetpack_sharing_enabled":true,"_links":{"self":[{"href":"https:\/\/www.xn--tuksimaailm-ffb.ee\/en\/wp-json\/wp\/v2\/product\/57266","targetHints":{"allow":["GET"]}}],"collection":[{"href":"https:\/\/www.xn--tuksimaailm-ffb.ee\/en\/wp-json\/wp\/v2\/product"}],"about":[{"href":"https:\/\/www.xn--tuksimaailm-ffb.ee\/en\/wp-json\/wp\/v2\/types\/product"}],"wp:featuredmedia":[{"embeddable":true,"href":"https:\/\/www.xn--tuksimaailm-ffb.ee\/en\/wp-json\/wp\/v2\/media\/13163"}],"wp:attachment":[{"href":"https:\/\/www.xn--tuksimaailm-ffb.ee\/en\/wp-json\/wp\/v2\/media?parent=57266"}],"wp:term":[{"taxonomy":"product_brand","embeddable":true,"href":"https:\/\/www.xn--tuksimaailm-ffb.ee\/en\/wp-json\/wp\/v2\/product_brand?post=57266"},{"taxonomy":"product_cat","embeddable":true,"href":"https:\/\/www.xn--tuksimaailm-ffb.ee\/en\/wp-json\/wp\/v2\/product_cat?post=57266"},{"taxonomy":"product_tag","embeddable":true,"href":"https:\/\/www.xn--tuksimaailm-ffb.ee\/en\/wp-json\/wp\/v2\/product_tag?post=57266"},{"taxonomy":"filter_elektritoukeratas","embeddable":true,"href":"https:\/\/www.xn--tuksimaailm-ffb.ee\/en\/wp-json\/wp\/v2\/filter_elektritoukeratas?post=57266"}],"curies":[{"name":"wp","href":"https:\/\/api.w.org\/{rel}","templated":true}]}}