{"id":57342,"date":"2021-01-30T14:34:59","date_gmt":"2021-01-30T11:34:59","guid":{"rendered":"http:\/\/www.xn--tuksimaailm-ffb.ee\/shop\/star-fangled-nut-for-electric-scooter-1-1-8\/"},"modified":"2021-01-30T14:34:59","modified_gmt":"2021-01-30T11:34:59","slug":"star-fangled-nut-for-electric-scooter-1-1-8","status":"publish","type":"product","link":"https:\/\/www.xn--tuksimaailm-ffb.ee\/en\/product\/star-fangled-nut-for-electric-scooter-1-1-8\/","title":{"rendered":"Star fangled nut for electric scooter 1-1\/8\""},"content":{"rendered":"<p>Star fangled nut for electric pushbike (also fork fangled nut, collar tightening bolt\/screw), complete with neck flange and lid bolt. The electric scooter neck bucket fits all <b><strong>1-1\/8<\/strong><\/b> \" diameter electric scooter forks that use a neck tightening system similar to <a href=\"https:\/\/en.wikipedia.org\/wiki\/Stem_(bicycle_part)\">the Ahead Stem on<\/a> bicycles <a href=\"https:\/\/en.wikipedia.org\/wiki\/Stem_(bicycle_part)\">.<\/a> The inner cone of the fork will usually break if the cone pin is tightened too tight (from incorrect neck collar adjustment technique). If you need an electric scooter repair or a fork cage replacement, our experienced<a href=\"http:\/\/www.xn--tuksimaailm-ffb.ee\/elektrilise-toukeratta-remont\/\"><b><strong>electric scooter workshop<\/strong><\/b><\/a><b> <\/b> can help.<\/p>\n","protected":false},"excerpt":{"rendered":"<p>Star fangled nut for electric pushbike (also fork fangled nut, collar tightening bolt\/screw), complete with neck flange and lid bolt. The electric scooter neck bucket fits all 1-1\/8 \" diameter electric scooter forks that use a neck tightening system similar to the Ahead Stem on bicycles . The inner cone &hellip;<\/p>\n","protected":false},"featured_media":13313,"template":"","meta":[],"product_brand":[],"product_cat":[726],"product_tag":[3410],"filter_elektritoukeratas":[2637,2613,2619,2612],"class_list":{"0":"post-57342","1":"product","2":"type-product","3":"status-publish","4":"has-post-thumbnail","6":"product_cat-spare-parts","7":"product_tag-universal-electricscooter-spare-parts","8":"pa_colour-grey-en","9":"pa_colour-must","10":"pa_tootetuup-universal-electricscooter-spare-parts","11":"filter_elektritoukeratas-ft_segway_ninebot_max_g30p_g30le_g30e_ii_g30lp_ii","12":"filter_elektritoukeratas-ft_xiaomi_1s_mi3_pro_2_3_lite","13":"filter_elektritoukeratas-ft_xiaomi_4_4_lite_4_pro","14":"filter_elektritoukeratas-ft_xiaomi_m365_m365_pro_essential","16":"first","17":"instock","18":"taxable","19":"shipping-taxable","20":"purchasable","21":"product-type-simple"},"yoast_head":"<!-- This site is optimized with the Yoast SEO Premium plugin v26.8 (Yoast SEO v27.5) - https:\/\/yoast.com\/product\/yoast-seo-premium-wordpress\/ -->\n<title>Star fangled nut for electric scooter 1-1\/8&quot; &#8212; T\u00f5uksimaailm - Spare Parts<\/title>\n<meta name=\"description\" content=\"Star fangled nut for electric pushbike (also fork fangled nut, collar bolt\/screw), complete with collar and lid bolt, for 1-1\/8&quot; forks.\" \/>\n<meta name=\"robots\" content=\"index, follow, max-snippet:-1, max-image-preview:large, max-video-preview:-1\" \/>\n<link rel=\"canonical\" href=\"https:\/\/www.xn--tuksimaailm-ffb.ee\/en\/product\/star-fangled-nut-for-electric-scooter-1-1-8\/\" \/>\n<meta property=\"og:locale\" content=\"en_US\" \/>\n<meta property=\"og:type\" content=\"article\" \/>\n<meta property=\"og:title\" content=\"Star fangled nut for electric scooter 1-1\/8&quot;\" \/>\n<meta property=\"og:description\" content=\"Star fangled nut for electric pushbike (also fork fangled nut, collar bolt\/screw), complete with collar and lid bolt, for 1-1\/8&quot; forks.\" \/>\n<meta property=\"og:url\" content=\"https:\/\/www.xn--tuksimaailm-ffb.ee\/en\/product\/star-fangled-nut-for-electric-scooter-1-1-8\/\" \/>\n<meta property=\"og:site_name\" content=\"T\u00f5uksimaailm\" \/>\n<meta property=\"article:publisher\" content=\"https:\/\/www.facebook.com\/touksimaailm\/\" \/>\n<meta property=\"og:image\" content=\"https:\/\/www.xn--tuksimaailm-ffb.ee\/wp-content\/uploads\/2021\/01\/kaelak\u00e4bi-1.jpg\" \/>\n\t<meta property=\"og:image:width\" content=\"666\" \/>\n\t<meta property=\"og:image:height\" content=\"580\" \/>\n\t<meta property=\"og:image:type\" content=\"image\/jpeg\" \/>\n<meta name=\"twitter:card\" content=\"summary_large_image\" \/>\n<meta name=\"twitter:label1\" content=\"Price\" \/>\n\t<meta name=\"twitter:data1\" content=\"&euro;5.00\" \/>\n\t<meta name=\"twitter:label2\" content=\"Availability\" \/>\n\t<meta name=\"twitter:data2\" content=\"In stock\" \/>\n<meta property=\"product:price:amount\" content=\"5.00\" \/>\n<meta property=\"product:price:currency\" content=\"EUR\" \/>\n<meta property=\"og:availability\" content=\"instock\" \/>\n<meta property=\"product:availability\" content=\"instock\" \/>\n<meta property=\"product:condition\" content=\"new\" \/>\n<!-- \/ Yoast SEO Premium plugin. -->","yoast_head_json":{"title":"Star fangled nut for electric scooter 1-1\/8\" &#8212; T\u00f5uksimaailm - Spare Parts","description":"Star fangled nut for electric pushbike (also fork fangled nut, collar bolt\/screw), complete with collar and lid bolt, for 1-1\/8\" forks.","robots":{"index":"index","follow":"follow","max-snippet":"max-snippet:-1","max-image-preview":"max-image-preview:large","max-video-preview":"max-video-preview:-1"},"canonical":"https:\/\/www.xn--tuksimaailm-ffb.ee\/en\/product\/star-fangled-nut-for-electric-scooter-1-1-8\/","og_locale":"en_US","og_type":"article","og_title":"Star fangled nut for electric scooter 1-1\/8\"","og_description":"Star fangled nut for electric pushbike (also fork fangled nut, collar bolt\/screw), complete with collar and lid bolt, for 1-1\/8\" forks.","og_url":"https:\/\/www.xn--tuksimaailm-ffb.ee\/en\/product\/star-fangled-nut-for-electric-scooter-1-1-8\/","og_site_name":"T\u00f5uksimaailm","article_publisher":"https:\/\/www.facebook.com\/touksimaailm\/","og_image":[{"width":666,"height":580,"url":"https:\/\/www.xn--tuksimaailm-ffb.ee\/wp-content\/uploads\/2021\/01\/kaelak\u00e4bi-1.jpg","type":"image\/jpeg"}],"twitter_card":"summary_large_image","twitter_misc":{"Price":"&euro;5.00","Availability":"In stock"},"schema":{"@context":"https:\/\/schema.org","@graph":[{"@type":"WebPage","@id":"https:\/\/www.xn--tuksimaailm-ffb.ee\/en\/product\/star-fangled-nut-for-electric-scooter-1-1-8\/","url":"https:\/\/www.xn--tuksimaailm-ffb.ee\/en\/product\/star-fangled-nut-for-electric-scooter-1-1-8\/","name":"Star fangled nut for electric scooter 1-1\/8\" &#8212; T\u00f5uksimaailm - Spare Parts","isPartOf":{"@id":"https:\/\/www.xn--tuksimaailm-ffb.ee\/en\/#website"},"primaryImageOfPage":{"@id":"https:\/\/www.xn--tuksimaailm-ffb.ee\/en\/product\/star-fangled-nut-for-electric-scooter-1-1-8\/#primaryimage"},"image":{"@id":"https:\/\/www.xn--tuksimaailm-ffb.ee\/en\/product\/star-fangled-nut-for-electric-scooter-1-1-8\/#primaryimage"},"thumbnailUrl":"https:\/\/www.xn--tuksimaailm-ffb.ee\/wp-content\/uploads\/2021\/01\/kaelak\u00e4bi-1.jpg","datePublished":"2021-01-30T11:34:59+00:00","description":"Star fangled nut for electric pushbike (also fork fangled nut, collar bolt\/screw), complete with collar and lid bolt, for 1-1\/8\" forks.","breadcrumb":{"@id":"https:\/\/www.xn--tuksimaailm-ffb.ee\/en\/product\/star-fangled-nut-for-electric-scooter-1-1-8\/#breadcrumb"},"inLanguage":"en-US","potentialAction":[{"@type":"ReadAction","target":["https:\/\/www.xn--tuksimaailm-ffb.ee\/en\/product\/star-fangled-nut-for-electric-scooter-1-1-8\/"]}]},{"@type":"ImageObject","inLanguage":"en-US","@id":"https:\/\/www.xn--tuksimaailm-ffb.ee\/en\/product\/star-fangled-nut-for-electric-scooter-1-1-8\/#primaryimage","url":"https:\/\/www.xn--tuksimaailm-ffb.ee\/wp-content\/uploads\/2021\/01\/kaelak\u00e4bi-1.jpg","contentUrl":"https:\/\/www.xn--tuksimaailm-ffb.ee\/wp-content\/uploads\/2021\/01\/kaelak\u00e4bi-1.jpg","width":666,"height":580,"caption":"Star fangled nut for electric scooter 1-1\/8\""},{"@type":"BreadcrumbList","@id":"https:\/\/www.xn--tuksimaailm-ffb.ee\/en\/product\/star-fangled-nut-for-electric-scooter-1-1-8\/#breadcrumb","itemListElement":[{"@type":"ListItem","position":1,"name":"Home","item":"https:\/\/www.xn--tuksimaailm-ffb.ee\/en\/main-page\/"},{"@type":"ListItem","position":2,"name":"Shop","item":"https:\/\/www.xn--tuksimaailm-ffb.ee\/elektritoukerataste-pood\/"},{"@type":"ListItem","position":3,"name":"Star fangled nut for electric scooter 1-1\/8\""}]},{"@type":"WebSite","@id":"https:\/\/www.xn--tuksimaailm-ffb.ee\/en\/#website","url":"https:\/\/www.xn--tuksimaailm-ffb.ee\/en\/","name":"T\u00f5uksimaailm","description":"Elektrit\u00f5ukerataste m\u00fc\u00fck, remont ja rent","publisher":{"@id":"https:\/\/www.xn--tuksimaailm-ffb.ee\/en\/#organization"},"potentialAction":[{"@type":"SearchAction","target":{"@type":"EntryPoint","urlTemplate":"https:\/\/www.xn--tuksimaailm-ffb.ee\/en\/?s={search_term_string}"},"query-input":{"@type":"PropertyValueSpecification","valueRequired":true,"valueName":"search_term_string"}}],"inLanguage":"en-US"},{"@type":"Organization","@id":"https:\/\/www.xn--tuksimaailm-ffb.ee\/en\/#organization","name":"T\u00f5uksimaailm","url":"https:\/\/www.xn--tuksimaailm-ffb.ee\/en\/","logo":{"@type":"ImageObject","inLanguage":"en-US","@id":"https:\/\/www.xn--tuksimaailm-ffb.ee\/en\/#\/schema\/logo\/image\/","url":"https:\/\/www.xn--tuksimaailm-ffb.ee\/wp-content\/uploads\/2020\/01\/logoz-e1579792875517.png","contentUrl":"https:\/\/www.xn--tuksimaailm-ffb.ee\/wp-content\/uploads\/2020\/01\/logoz-e1579792875517.png","width":250,"height":250,"caption":"T\u00f5uksimaailm"},"image":{"@id":"https:\/\/www.xn--tuksimaailm-ffb.ee\/en\/#\/schema\/logo\/image\/"},"sameAs":["https:\/\/www.facebook.com\/touksimaailm\/","https:\/\/www.instagram.com\/touksimaailm_\/","https:\/\/www.youtube.com\/channel\/UC18ml0EKIDLP1xGuQjFzcXQ"]}]},"product_price_amount":"5.00","product_price_currency":"EUR","og_availability":"instock","product_availability":"instock","product_condition":"new"},"jetpack_sharing_enabled":true,"_links":{"self":[{"href":"https:\/\/www.xn--tuksimaailm-ffb.ee\/en\/wp-json\/wp\/v2\/product\/57342","targetHints":{"allow":["GET"]}}],"collection":[{"href":"https:\/\/www.xn--tuksimaailm-ffb.ee\/en\/wp-json\/wp\/v2\/product"}],"about":[{"href":"https:\/\/www.xn--tuksimaailm-ffb.ee\/en\/wp-json\/wp\/v2\/types\/product"}],"wp:featuredmedia":[{"embeddable":true,"href":"https:\/\/www.xn--tuksimaailm-ffb.ee\/en\/wp-json\/wp\/v2\/media\/13313"}],"wp:attachment":[{"href":"https:\/\/www.xn--tuksimaailm-ffb.ee\/en\/wp-json\/wp\/v2\/media?parent=57342"}],"wp:term":[{"taxonomy":"product_brand","embeddable":true,"href":"https:\/\/www.xn--tuksimaailm-ffb.ee\/en\/wp-json\/wp\/v2\/product_brand?post=57342"},{"taxonomy":"product_cat","embeddable":true,"href":"https:\/\/www.xn--tuksimaailm-ffb.ee\/en\/wp-json\/wp\/v2\/product_cat?post=57342"},{"taxonomy":"product_tag","embeddable":true,"href":"https:\/\/www.xn--tuksimaailm-ffb.ee\/en\/wp-json\/wp\/v2\/product_tag?post=57342"},{"taxonomy":"filter_elektritoukeratas","embeddable":true,"href":"https:\/\/www.xn--tuksimaailm-ffb.ee\/en\/wp-json\/wp\/v2\/filter_elektritoukeratas?post=57342"}],"curies":[{"name":"wp","href":"https:\/\/api.w.org\/{rel}","templated":true}]}}