{"id":57343,"date":"2021-01-30T14:49:55","date_gmt":"2021-01-30T11:49:55","guid":{"rendered":"http:\/\/www.xn--tuksimaailm-ffb.ee\/shop\/kugoo-s1-s2-s3-pro-screen-display-housing\/"},"modified":"2021-01-30T14:49:55","modified_gmt":"2021-01-30T11:49:55","slug":"kugoo-s1-s2-s3-pro-screen-display-housing","status":"publish","type":"product","link":"https:\/\/www.xn--tuksimaailm-ffb.ee\/en\/product\/kugoo-s1-s2-s3-pro-screen-display-housing\/","title":{"rendered":"Kugoo S1 \/ S2 \/ S3 Pro screen \/ display housing"},"content":{"rendered":"<p>Kugoo S1 \/ S2 \/ S3 Pro screen \/ display housing, plastic, <b><strong>black<\/strong><\/b>. The Kugoo S1 \/ S2 \/ S3 Pro screen \/ display housing is suitable for the electric scooter <a href=\"https:\/\/kugoo.eu\/products\/kugoo-s1-folding-electric-scooter-350w-motor-lcd-display-screen-3-speed-modes-max-30km-h-black?variant=31558894157917\"><b><strong>Kugoo S1<\/strong><\/b><\/a><b><strong>, Kugoo S3 , which<\/strong><\/b> are popular in Estonia. The housing is also suitable for the Pro versions of these electric scooters<a href=\"https:\/\/kugoo.eu\/products\/kugoo-s1-pro-folding-electric-scooter-350w-motor-lcd-display-screen-3-speed-modes-max-30km-h-black-white?variant=31795194560605\"><b><strong> Kugoo S1 Pro<\/strong><\/b><\/a><b> <\/b>and <b><strong>Kugoo S3 Pro.<\/strong><\/b> If repairing your Kugoo electric scooter or replacing the screen housing is too much for you, our specialist electric scooter <a href=\"http:\/\/www.xn--tuksimaailm-ffb.ee\/elektrilise-toukeratta-remont\/\">workshop<\/a> can help.<\/p>\n","protected":false},"excerpt":{"rendered":"<p>Kugoo S1 \/ S2 \/ S3 Pro screen \/ display housing, plastic, black. The Kugoo S1 \/ S2 \/ S3 Pro screen \/ display housing is suitable for the electric scooter Kugoo S1, Kugoo S3 , which are popular in Estonia. The housing is also suitable for the Pro versions &hellip;<\/p>\n","protected":false},"featured_media":13317,"template":"","meta":[],"product_brand":[],"product_cat":[726],"product_tag":[3411],"filter_elektritoukeratas":[2649,2650,2651],"class_list":{"0":"post-57343","1":"product","2":"type-product","3":"status-publish","4":"has-post-thumbnail","6":"product_cat-spare-parts","7":"product_tag-kugoo-spare-parts","8":"filter_elektritoukeratas-ft_kugoo_s1_s1_plus_s1_pro_s1_max","9":"filter_elektritoukeratas-ft_kugoo_s2_s2_pro","10":"filter_elektritoukeratas-ft_kugoo_s3_s3_plus_s3_pro","12":"first","13":"instock","14":"taxable","15":"shipping-taxable","16":"purchasable","17":"product-type-simple"},"yoast_head":"<!-- This site is optimized with the Yoast SEO Premium plugin v26.8 (Yoast SEO v27.3) - https:\/\/yoast.com\/product\/yoast-seo-premium-wordpress\/ -->\n<title>Kugoo S1 \/ S2 \/ S3 Pro screen \/ display housing &#8212; T\u00f5uksimaailm<\/title>\n<meta name=\"description\" content=\"Kugoo S1 \/ S2 \/ S3 Pro screen \/ display housing, plastic, black, original Kugoo S series electric scooter spare part.\" \/>\n<meta name=\"robots\" content=\"index, follow, max-snippet:-1, max-image-preview:large, max-video-preview:-1\" \/>\n<link rel=\"canonical\" href=\"https:\/\/www.xn--tuksimaailm-ffb.ee\/en\/product\/kugoo-s1-s2-s3-pro-screen-display-housing\/\" \/>\n<meta property=\"og:locale\" content=\"en_US\" \/>\n<meta property=\"og:type\" content=\"article\" \/>\n<meta property=\"og:title\" content=\"Kugoo S1 \/ S2 \/ S3 Pro screen \/ display housing\" \/>\n<meta property=\"og:description\" content=\"Kugoo S1 \/ S2 \/ S3 Pro screen \/ display housing, plastic, black, original Kugoo S series electric scooter spare part.\" \/>\n<meta property=\"og:url\" content=\"https:\/\/www.xn--tuksimaailm-ffb.ee\/en\/product\/kugoo-s1-s2-s3-pro-screen-display-housing\/\" \/>\n<meta property=\"og:site_name\" content=\"T\u00f5uksimaailm\" \/>\n<meta property=\"article:publisher\" content=\"https:\/\/www.facebook.com\/touksimaailm\/\" \/>\n<meta property=\"og:image\" content=\"https:\/\/www.xn--tuksimaailm-ffb.ee\/wp-content\/uploads\/2021\/01\/kugoo-dp-1.jpg\" \/>\n\t<meta property=\"og:image:width\" content=\"886\" \/>\n\t<meta property=\"og:image:height\" content=\"796\" \/>\n\t<meta property=\"og:image:type\" content=\"image\/jpeg\" \/>\n<meta name=\"twitter:card\" content=\"summary_large_image\" \/>\n<meta name=\"twitter:label1\" content=\"Price\" \/>\n\t<meta name=\"twitter:data1\" content=\"&euro;25.00\" \/>\n\t<meta name=\"twitter:label2\" content=\"Availability\" \/>\n\t<meta name=\"twitter:data2\" content=\"In stock\" \/>\n<meta property=\"product:price:amount\" content=\"25.00\" \/>\n<meta property=\"product:price:currency\" content=\"EUR\" \/>\n<meta property=\"og:availability\" content=\"instock\" \/>\n<meta property=\"product:availability\" content=\"instock\" \/>\n<meta property=\"product:condition\" content=\"new\" \/>\n<!-- \/ Yoast SEO Premium plugin. -->","yoast_head_json":{"title":"Kugoo S1 \/ S2 \/ S3 Pro screen \/ display housing &#8212; T\u00f5uksimaailm","description":"Kugoo S1 \/ S2 \/ S3 Pro screen \/ display housing, plastic, black, original Kugoo S series electric scooter spare part.","robots":{"index":"index","follow":"follow","max-snippet":"max-snippet:-1","max-image-preview":"max-image-preview:large","max-video-preview":"max-video-preview:-1"},"canonical":"https:\/\/www.xn--tuksimaailm-ffb.ee\/en\/product\/kugoo-s1-s2-s3-pro-screen-display-housing\/","og_locale":"en_US","og_type":"article","og_title":"Kugoo S1 \/ S2 \/ S3 Pro screen \/ display housing","og_description":"Kugoo S1 \/ S2 \/ S3 Pro screen \/ display housing, plastic, black, original Kugoo S series electric scooter spare part.","og_url":"https:\/\/www.xn--tuksimaailm-ffb.ee\/en\/product\/kugoo-s1-s2-s3-pro-screen-display-housing\/","og_site_name":"T\u00f5uksimaailm","article_publisher":"https:\/\/www.facebook.com\/touksimaailm\/","og_image":[{"width":886,"height":796,"url":"https:\/\/www.xn--tuksimaailm-ffb.ee\/wp-content\/uploads\/2021\/01\/kugoo-dp-1.jpg","type":"image\/jpeg"}],"twitter_card":"summary_large_image","twitter_misc":{"Price":"&euro;25.00","Availability":"In stock"},"schema":{"@context":"https:\/\/schema.org","@graph":[{"@type":"WebPage","@id":"https:\/\/www.xn--tuksimaailm-ffb.ee\/en\/product\/kugoo-s1-s2-s3-pro-screen-display-housing\/","url":"https:\/\/www.xn--tuksimaailm-ffb.ee\/en\/product\/kugoo-s1-s2-s3-pro-screen-display-housing\/","name":"Kugoo S1 \/ S2 \/ S3 Pro screen \/ display housing &#8212; T\u00f5uksimaailm","isPartOf":{"@id":"https:\/\/www.xn--tuksimaailm-ffb.ee\/en\/#website"},"primaryImageOfPage":{"@id":"https:\/\/www.xn--tuksimaailm-ffb.ee\/en\/product\/kugoo-s1-s2-s3-pro-screen-display-housing\/#primaryimage"},"image":{"@id":"https:\/\/www.xn--tuksimaailm-ffb.ee\/en\/product\/kugoo-s1-s2-s3-pro-screen-display-housing\/#primaryimage"},"thumbnailUrl":"https:\/\/www.xn--tuksimaailm-ffb.ee\/wp-content\/uploads\/2021\/01\/kugoo-dp-1.jpg","datePublished":"2021-01-30T11:49:55+00:00","description":"Kugoo S1 \/ S2 \/ S3 Pro screen \/ display housing, plastic, black, original Kugoo S series electric scooter spare part.","breadcrumb":{"@id":"https:\/\/www.xn--tuksimaailm-ffb.ee\/en\/product\/kugoo-s1-s2-s3-pro-screen-display-housing\/#breadcrumb"},"inLanguage":"en-US","potentialAction":[{"@type":"ReadAction","target":["https:\/\/www.xn--tuksimaailm-ffb.ee\/en\/product\/kugoo-s1-s2-s3-pro-screen-display-housing\/"]}]},{"@type":"ImageObject","inLanguage":"en-US","@id":"https:\/\/www.xn--tuksimaailm-ffb.ee\/en\/product\/kugoo-s1-s2-s3-pro-screen-display-housing\/#primaryimage","url":"https:\/\/www.xn--tuksimaailm-ffb.ee\/wp-content\/uploads\/2021\/01\/kugoo-dp-1.jpg","contentUrl":"https:\/\/www.xn--tuksimaailm-ffb.ee\/wp-content\/uploads\/2021\/01\/kugoo-dp-1.jpg","width":886,"height":796,"caption":"Kugoo S1 \/ S2 \/ S3 Pro screen \/ display housing"},{"@type":"BreadcrumbList","@id":"https:\/\/www.xn--tuksimaailm-ffb.ee\/en\/product\/kugoo-s1-s2-s3-pro-screen-display-housing\/#breadcrumb","itemListElement":[{"@type":"ListItem","position":1,"name":"Home","item":"https:\/\/www.xn--tuksimaailm-ffb.ee\/en\/main-page\/"},{"@type":"ListItem","position":2,"name":"Shop","item":"https:\/\/www.xn--tuksimaailm-ffb.ee\/elektritoukerataste-pood\/"},{"@type":"ListItem","position":3,"name":"Kugoo S1 \/ S2 \/ S3 Pro screen \/ display housing"}]},{"@type":"WebSite","@id":"https:\/\/www.xn--tuksimaailm-ffb.ee\/en\/#website","url":"https:\/\/www.xn--tuksimaailm-ffb.ee\/en\/","name":"T\u00f5uksimaailm","description":"Elektrit\u00f5ukerataste m\u00fc\u00fck, remont ja rent","publisher":{"@id":"https:\/\/www.xn--tuksimaailm-ffb.ee\/en\/#organization"},"potentialAction":[{"@type":"SearchAction","target":{"@type":"EntryPoint","urlTemplate":"https:\/\/www.xn--tuksimaailm-ffb.ee\/en\/?s={search_term_string}"},"query-input":{"@type":"PropertyValueSpecification","valueRequired":true,"valueName":"search_term_string"}}],"inLanguage":"en-US"},{"@type":"Organization","@id":"https:\/\/www.xn--tuksimaailm-ffb.ee\/en\/#organization","name":"T\u00f5uksimaailm","url":"https:\/\/www.xn--tuksimaailm-ffb.ee\/en\/","logo":{"@type":"ImageObject","inLanguage":"en-US","@id":"https:\/\/www.xn--tuksimaailm-ffb.ee\/en\/#\/schema\/logo\/image\/","url":"https:\/\/www.xn--tuksimaailm-ffb.ee\/wp-content\/uploads\/2020\/01\/logoz-e1579792875517.png","contentUrl":"https:\/\/www.xn--tuksimaailm-ffb.ee\/wp-content\/uploads\/2020\/01\/logoz-e1579792875517.png","width":250,"height":250,"caption":"T\u00f5uksimaailm"},"image":{"@id":"https:\/\/www.xn--tuksimaailm-ffb.ee\/en\/#\/schema\/logo\/image\/"},"sameAs":["https:\/\/www.facebook.com\/touksimaailm\/","https:\/\/www.instagram.com\/touksimaailm_\/","https:\/\/www.youtube.com\/channel\/UC18ml0EKIDLP1xGuQjFzcXQ"]}]},"product_price_amount":"25.00","product_price_currency":"EUR","og_availability":"instock","product_availability":"instock","product_condition":"new"},"jetpack_sharing_enabled":true,"_links":{"self":[{"href":"https:\/\/www.xn--tuksimaailm-ffb.ee\/en\/wp-json\/wp\/v2\/product\/57343","targetHints":{"allow":["GET"]}}],"collection":[{"href":"https:\/\/www.xn--tuksimaailm-ffb.ee\/en\/wp-json\/wp\/v2\/product"}],"about":[{"href":"https:\/\/www.xn--tuksimaailm-ffb.ee\/en\/wp-json\/wp\/v2\/types\/product"}],"wp:featuredmedia":[{"embeddable":true,"href":"https:\/\/www.xn--tuksimaailm-ffb.ee\/en\/wp-json\/wp\/v2\/media\/13317"}],"wp:attachment":[{"href":"https:\/\/www.xn--tuksimaailm-ffb.ee\/en\/wp-json\/wp\/v2\/media?parent=57343"}],"wp:term":[{"taxonomy":"product_brand","embeddable":true,"href":"https:\/\/www.xn--tuksimaailm-ffb.ee\/en\/wp-json\/wp\/v2\/product_brand?post=57343"},{"taxonomy":"product_cat","embeddable":true,"href":"https:\/\/www.xn--tuksimaailm-ffb.ee\/en\/wp-json\/wp\/v2\/product_cat?post=57343"},{"taxonomy":"product_tag","embeddable":true,"href":"https:\/\/www.xn--tuksimaailm-ffb.ee\/en\/wp-json\/wp\/v2\/product_tag?post=57343"},{"taxonomy":"filter_elektritoukeratas","embeddable":true,"href":"https:\/\/www.xn--tuksimaailm-ffb.ee\/en\/wp-json\/wp\/v2\/filter_elektritoukeratas?post=57343"}],"curies":[{"name":"wp","href":"https:\/\/api.w.org\/{rel}","templated":true}]}}