{"id":57350,"date":"2021-01-30T15:14:53","date_gmt":"2021-01-30T13:14:53","guid":{"rendered":"http:\/\/www.xn--tuksimaailm-ffb.ee\/shop\/electric-scooter-brake-disc-140mm-inokim-ox\/"},"modified":"2021-01-30T15:14:53","modified_gmt":"2021-01-30T12:14:53","slug":"electric-scooter-brake-disc-140mm-inokim-ox","status":"publish","type":"product","link":"https:\/\/www.xn--tuksimaailm-ffb.ee\/en\/product\/electric-scooter-brake-disc-140mm-inokim-ox\/","title":{"rendered":"Electric scooter brake disc 140mm Inokim OX"},"content":{"rendered":"<p>Electric scooter brake disc 140mm (also rotor, brake rotor). High quality brake rotor made of strong metal alloy. The disc has a diameter of <b><strong>140mm <\/strong><\/b>and <b><strong>6<\/strong><\/b> mounting bolts. The thickness of the brake disc is <b><strong>2mm, <\/strong><\/b>which makes the disc particularly strong and resistant to external damage. Metallic brake disc. It also means that, in use, the disc wears for longer. The 140mm electric scooter brake disc is suitable for the popular <b><strong>Inokim OX (<\/strong><\/b><a href=\"http:\/\/www.xn--tuksimaailm-ffb.ee\/shop\/elektriline-toukeratas-inokim-ox-eco\/\"><b><strong>Eco<\/strong><\/b><\/a><b><strong>, <\/strong><\/b><a href=\"http:\/\/www.xn--tuksimaailm-ffb.ee\/shop\/inokim-ox-hero-elektritoukeratas\/\"><b><strong>Hero<\/strong><\/b><\/a><b><strong>, <\/strong><\/b><a href=\"http:\/\/www.xn--tuksimaailm-ffb.ee\/shop\/inokim-ox-super-elektritoukeratas\/\"><b><strong>Super<\/strong><\/b><\/a><b><strong>), <\/strong><\/b><a href=\"http:\/\/www.xn--tuksimaailm-ffb.ee\/shop\/elektriline-toukeratas-inokim-oxo\/\"><b><strong>OXO<\/strong><\/b><\/a><b><strong> and <\/strong><\/b><a href=\"https:\/\/www.veltekspert.ee\/elektritoukerattad-elektritoukeratas-inokim-quick-3super-valge\"><b><strong>Quick 3+<\/strong><\/b><\/a> electric scooters<b><strong>.<\/strong><\/b> It is also suitable for the<b><strong> Kugoo G-Booster, Gpad Storm (also Max), Gpad Foxen, <\/strong><\/b><a href=\"http:\/\/kaabo.com\/product_info\/38\/en\"><b><strong>Kaabo Mantis 10<\/strong><\/b><\/a><b><strong>. In addition, <\/strong><\/b>it is also suitable for the<b><strong> Techlife X7 (X7S), <\/strong><\/b><a href=\"https:\/\/minimotorsusa.com\/products\/dualtron-iii\"><b><strong>Dualtron 3 <\/strong><\/b><\/a>and<a href=\"https:\/\/minimotorsusa.com\/products\/dualtron-spider\"><b><strong> Spider <\/strong><\/b><\/a>electric scooters, as well as all other electric scooters that use 140mm 6-pole brake rotors.<\/p>\n<p>If you need to change your electric scooter brake disc or if you are having trouble with the brake adjustment that usually accompanies the replacement, our specialist electric scooter <a href=\"http:\/\/www.xn--tuksimaailm-ffb.ee\/elektrilise-toukeratta-remont\/\">workshop<\/a> can help. Replacement of the brake rotor of an electric scooter is necessary if the disc is twisted or worn thin over time due to an accident or other external damage. In the first case, straightening the brake disc may also help.<\/p>\n","protected":false},"excerpt":{"rendered":"<p>Electric scooter brake disc 140mm (also rotor, brake rotor). High quality brake rotor made of strong metal alloy. The disc has a diameter of 140mm and 6 mounting bolts. The thickness of the brake disc is 2mm, which makes the disc particularly strong and resistant to external damage. Metallic brake &hellip;<\/p>\n","protected":false},"featured_media":14633,"template":"","meta":[],"product_brand":[],"product_cat":[726],"product_tag":[3226,3221],"filter_elektritoukeratas":[2705,2706,2714,2715,2720,2726,2724,2678,2679,2672,2670,2673,2674,2675,2668,2677,2740,2640,2755,2646,2750],"class_list":{"0":"post-57350","1":"product","2":"type-product","3":"status-publish","4":"has-post-thumbnail","6":"product_cat-spare-parts","7":"product_tag-brakedetails","8":"product_tag-inokim-spare-parts","9":"pa_tootetuup-brakedetails","10":"filter_elektritoukeratas-ft_gpad_foxen","11":"filter_elektritoukeratas-ft_gpad_storm","12":"filter_elektritoukeratas-ft_inokim_ox_eco_hero_super","13":"filter_elektritoukeratas-ft_inokim_oxo","14":"filter_elektritoukeratas-ft_joyor_s5_s10-s_s_pro","15":"filter_elektritoukeratas-ft_kaabo_mantis_10","16":"filter_elektritoukeratas-ft_kaabo_skywalker","17":"filter_elektritoukeratas-ft_kugoo_g_booster","18":"filter_elektritoukeratas-ft_kugoo_g1","19":"filter_elektritoukeratas-ft_kugoo_g2_master","20":"filter_elektritoukeratas-ft_kugoo_g2_max","21":"filter_elektritoukeratas-ft_kugoo_g3","22":"filter_elektritoukeratas-ft_kugoo_g3_pro","23":"filter_elektritoukeratas-ft_kugoo_g4","24":"filter_elektritoukeratas-ft_kugoo_m4_m4_pro","25":"filter_elektritoukeratas-ft_kugoo_m5_pro","26":"filter_elektritoukeratas-ft_nanrobot_d4_plus","27":"filter_elektritoukeratas-ft_segway_ninebot_f20d_f25e_ii_f30d_f40d_f40d_ii","28":"filter_elektritoukeratas-ft_techlife_x7_x7_lite_x7s","29":"filter_elektritoukeratas-ft_vsett_10_plus","30":"filter_elektritoukeratas-ft_zero_10x","32":"first","33":"instock","34":"taxable","35":"shipping-taxable","36":"purchasable","37":"product-type-simple"},"yoast_head":"<!-- This site is optimized with the Yoast SEO Premium plugin v26.8 (Yoast SEO v27.5) - https:\/\/yoast.com\/product\/yoast-seo-premium-wordpress\/ -->\n<title>Electric scooter brake disc 140mm Inokim OX | T\u00f5uksimaailm<\/title>\n<meta name=\"description\" content=\"Electric scooter brake disc 140mm (also rotor, brake rotor), 140mm, suitable for Inokim OX \/ OXO, Dualtron 3 \/ Spider, Gpad Storm \/ Foxen.\" \/>\n<meta name=\"robots\" content=\"index, follow, max-snippet:-1, max-image-preview:large, max-video-preview:-1\" \/>\n<link rel=\"canonical\" href=\"https:\/\/www.xn--tuksimaailm-ffb.ee\/en\/product\/electric-scooter-brake-disc-140mm-inokim-ox\/\" \/>\n<meta property=\"og:locale\" content=\"en_US\" \/>\n<meta property=\"og:type\" content=\"article\" \/>\n<meta property=\"og:title\" content=\"Electric scooter brake disc 140mm Inokim OX\" \/>\n<meta property=\"og:description\" content=\"Electric scooter brake disc 140mm (also rotor, brake rotor), 140mm, suitable for Inokim OX \/ OXO, Dualtron 3 \/ Spider, Gpad Storm \/ Foxen.\" \/>\n<meta property=\"og:url\" content=\"https:\/\/www.xn--tuksimaailm-ffb.ee\/en\/product\/electric-scooter-brake-disc-140mm-inokim-ox\/\" \/>\n<meta property=\"og:site_name\" content=\"T\u00f5uksimaailm\" \/>\n<meta property=\"article:publisher\" content=\"https:\/\/www.facebook.com\/touksimaailm\/\" \/>\n<meta property=\"og:image\" content=\"https:\/\/www.xn--tuksimaailm-ffb.ee\/wp-content\/uploads\/2021\/01\/140mm-piduriketas-1.png\" \/>\n\t<meta property=\"og:image:width\" content=\"924\" \/>\n\t<meta property=\"og:image:height\" content=\"796\" \/>\n\t<meta property=\"og:image:type\" content=\"image\/png\" \/>\n<meta name=\"twitter:card\" content=\"summary_large_image\" \/>\n<meta name=\"twitter:label1\" content=\"Price\" \/>\n\t<meta name=\"twitter:data1\" content=\"&euro;14.50\" \/>\n\t<meta name=\"twitter:label2\" content=\"Availability\" \/>\n\t<meta name=\"twitter:data2\" content=\"In stock\" \/>\n<meta property=\"product:price:amount\" content=\"14.50\" \/>\n<meta property=\"product:price:currency\" content=\"EUR\" \/>\n<meta property=\"og:availability\" content=\"instock\" \/>\n<meta property=\"product:availability\" content=\"instock\" \/>\n<meta property=\"product:condition\" content=\"new\" \/>\n<!-- \/ Yoast SEO Premium plugin. -->","yoast_head_json":{"title":"Electric scooter brake disc 140mm Inokim OX | T\u00f5uksimaailm","description":"Electric scooter brake disc 140mm (also rotor, brake rotor), 140mm, suitable for Inokim OX \/ OXO, Dualtron 3 \/ Spider, Gpad Storm \/ Foxen.","robots":{"index":"index","follow":"follow","max-snippet":"max-snippet:-1","max-image-preview":"max-image-preview:large","max-video-preview":"max-video-preview:-1"},"canonical":"https:\/\/www.xn--tuksimaailm-ffb.ee\/en\/product\/electric-scooter-brake-disc-140mm-inokim-ox\/","og_locale":"en_US","og_type":"article","og_title":"Electric scooter brake disc 140mm Inokim OX","og_description":"Electric scooter brake disc 140mm (also rotor, brake rotor), 140mm, suitable for Inokim OX \/ OXO, Dualtron 3 \/ Spider, Gpad Storm \/ Foxen.","og_url":"https:\/\/www.xn--tuksimaailm-ffb.ee\/en\/product\/electric-scooter-brake-disc-140mm-inokim-ox\/","og_site_name":"T\u00f5uksimaailm","article_publisher":"https:\/\/www.facebook.com\/touksimaailm\/","og_image":[{"width":924,"height":796,"url":"https:\/\/www.xn--tuksimaailm-ffb.ee\/wp-content\/uploads\/2021\/01\/140mm-piduriketas-1.png","type":"image\/png"}],"twitter_card":"summary_large_image","twitter_misc":{"Price":"&euro;14.50","Availability":"In stock"},"schema":{"@context":"https:\/\/schema.org","@graph":[{"@type":"WebPage","@id":"https:\/\/www.xn--tuksimaailm-ffb.ee\/en\/product\/electric-scooter-brake-disc-140mm-inokim-ox\/","url":"https:\/\/www.xn--tuksimaailm-ffb.ee\/en\/product\/electric-scooter-brake-disc-140mm-inokim-ox\/","name":"Electric scooter brake disc 140mm Inokim OX | T\u00f5uksimaailm","isPartOf":{"@id":"https:\/\/www.xn--tuksimaailm-ffb.ee\/en\/#website"},"primaryImageOfPage":{"@id":"https:\/\/www.xn--tuksimaailm-ffb.ee\/en\/product\/electric-scooter-brake-disc-140mm-inokim-ox\/#primaryimage"},"image":{"@id":"https:\/\/www.xn--tuksimaailm-ffb.ee\/en\/product\/electric-scooter-brake-disc-140mm-inokim-ox\/#primaryimage"},"thumbnailUrl":"https:\/\/www.xn--tuksimaailm-ffb.ee\/wp-content\/uploads\/2021\/01\/140mm-piduriketas-1.png","datePublished":"2021-01-30T13:14:53+00:00","description":"Electric scooter brake disc 140mm (also rotor, brake rotor), 140mm, suitable for Inokim OX \/ OXO, Dualtron 3 \/ Spider, Gpad Storm \/ Foxen.","breadcrumb":{"@id":"https:\/\/www.xn--tuksimaailm-ffb.ee\/en\/product\/electric-scooter-brake-disc-140mm-inokim-ox\/#breadcrumb"},"inLanguage":"en-US","potentialAction":[{"@type":"ReadAction","target":["https:\/\/www.xn--tuksimaailm-ffb.ee\/en\/product\/electric-scooter-brake-disc-140mm-inokim-ox\/"]}]},{"@type":"ImageObject","inLanguage":"en-US","@id":"https:\/\/www.xn--tuksimaailm-ffb.ee\/en\/product\/electric-scooter-brake-disc-140mm-inokim-ox\/#primaryimage","url":"https:\/\/www.xn--tuksimaailm-ffb.ee\/wp-content\/uploads\/2021\/01\/140mm-piduriketas-1.png","contentUrl":"https:\/\/www.xn--tuksimaailm-ffb.ee\/wp-content\/uploads\/2021\/01\/140mm-piduriketas-1.png","width":924,"height":796,"caption":"Electric scooter brake disc 140mm Inokim OX"},{"@type":"BreadcrumbList","@id":"https:\/\/www.xn--tuksimaailm-ffb.ee\/en\/product\/electric-scooter-brake-disc-140mm-inokim-ox\/#breadcrumb","itemListElement":[{"@type":"ListItem","position":1,"name":"Home","item":"https:\/\/www.xn--tuksimaailm-ffb.ee\/en\/main-page\/"},{"@type":"ListItem","position":2,"name":"Shop","item":"https:\/\/www.xn--tuksimaailm-ffb.ee\/elektritoukerataste-pood\/"},{"@type":"ListItem","position":3,"name":"Electric scooter brake disc 140mm Inokim OX"}]},{"@type":"WebSite","@id":"https:\/\/www.xn--tuksimaailm-ffb.ee\/en\/#website","url":"https:\/\/www.xn--tuksimaailm-ffb.ee\/en\/","name":"T\u00f5uksimaailm","description":"Elektrit\u00f5ukerataste m\u00fc\u00fck, remont ja rent","publisher":{"@id":"https:\/\/www.xn--tuksimaailm-ffb.ee\/en\/#organization"},"potentialAction":[{"@type":"SearchAction","target":{"@type":"EntryPoint","urlTemplate":"https:\/\/www.xn--tuksimaailm-ffb.ee\/en\/?s={search_term_string}"},"query-input":{"@type":"PropertyValueSpecification","valueRequired":true,"valueName":"search_term_string"}}],"inLanguage":"en-US"},{"@type":"Organization","@id":"https:\/\/www.xn--tuksimaailm-ffb.ee\/en\/#organization","name":"T\u00f5uksimaailm","url":"https:\/\/www.xn--tuksimaailm-ffb.ee\/en\/","logo":{"@type":"ImageObject","inLanguage":"en-US","@id":"https:\/\/www.xn--tuksimaailm-ffb.ee\/en\/#\/schema\/logo\/image\/","url":"https:\/\/www.xn--tuksimaailm-ffb.ee\/wp-content\/uploads\/2020\/01\/logoz-e1579792875517.png","contentUrl":"https:\/\/www.xn--tuksimaailm-ffb.ee\/wp-content\/uploads\/2020\/01\/logoz-e1579792875517.png","width":250,"height":250,"caption":"T\u00f5uksimaailm"},"image":{"@id":"https:\/\/www.xn--tuksimaailm-ffb.ee\/en\/#\/schema\/logo\/image\/"},"sameAs":["https:\/\/www.facebook.com\/touksimaailm\/","https:\/\/www.instagram.com\/touksimaailm_\/","https:\/\/www.youtube.com\/channel\/UC18ml0EKIDLP1xGuQjFzcXQ"]}]},"product_price_amount":"14.50","product_price_currency":"EUR","og_availability":"instock","product_availability":"instock","product_condition":"new"},"jetpack_sharing_enabled":true,"_links":{"self":[{"href":"https:\/\/www.xn--tuksimaailm-ffb.ee\/en\/wp-json\/wp\/v2\/product\/57350","targetHints":{"allow":["GET"]}}],"collection":[{"href":"https:\/\/www.xn--tuksimaailm-ffb.ee\/en\/wp-json\/wp\/v2\/product"}],"about":[{"href":"https:\/\/www.xn--tuksimaailm-ffb.ee\/en\/wp-json\/wp\/v2\/types\/product"}],"wp:featuredmedia":[{"embeddable":true,"href":"https:\/\/www.xn--tuksimaailm-ffb.ee\/en\/wp-json\/wp\/v2\/media\/14633"}],"wp:attachment":[{"href":"https:\/\/www.xn--tuksimaailm-ffb.ee\/en\/wp-json\/wp\/v2\/media?parent=57350"}],"wp:term":[{"taxonomy":"product_brand","embeddable":true,"href":"https:\/\/www.xn--tuksimaailm-ffb.ee\/en\/wp-json\/wp\/v2\/product_brand?post=57350"},{"taxonomy":"product_cat","embeddable":true,"href":"https:\/\/www.xn--tuksimaailm-ffb.ee\/en\/wp-json\/wp\/v2\/product_cat?post=57350"},{"taxonomy":"product_tag","embeddable":true,"href":"https:\/\/www.xn--tuksimaailm-ffb.ee\/en\/wp-json\/wp\/v2\/product_tag?post=57350"},{"taxonomy":"filter_elektritoukeratas","embeddable":true,"href":"https:\/\/www.xn--tuksimaailm-ffb.ee\/en\/wp-json\/wp\/v2\/filter_elektritoukeratas?post=57350"}],"curies":[{"name":"wp","href":"https:\/\/api.w.org\/{rel}","templated":true}]}}