{"id":57365,"date":"2021-01-30T18:07:15","date_gmt":"2021-01-30T15:07:15","guid":{"rendered":"http:\/\/www.xn--tuksimaailm-ffb.ee\/shop\/electric-scooter-shock-absorber-rear-130x50mm\/"},"modified":"2021-01-30T18:07:15","modified_gmt":"2021-01-30T15:07:15","slug":"electric-scooter-shock-absorber-rear-130x50mm","status":"publish","type":"product","link":"https:\/\/www.xn--tuksimaailm-ffb.ee\/en\/product\/electric-scooter-shock-absorber-rear-130x50mm\/","title":{"rendered":"Electric scooter shock absorber rear 130x50mm"},"content":{"rendered":"<p>Rear shock absorber (rear shock absorber), length <b><strong>130mm<\/strong><\/b> (mounting hole spacing), width<b><strong> 50mm<\/strong><\/b>, black-silver. If you need the rear shock absorber for an electric scooter fitted, our <a href=\"http:\/\/www.xn--tuksimaailm-ffb.ee\/elektrilise-toukeratta-remont\/\">workshop<\/a> specialising in electric scooters can help.<\/p>\n","protected":false},"excerpt":{"rendered":"<p>Rear shock absorber (rear shock absorber), length 130mm (mounting hole spacing), width 50mm, black-silver. If you need the rear shock absorber for an electric scooter fitted, our workshop specialising in electric scooters can help.<\/p>\n","protected":false},"featured_media":13337,"template":"","meta":[],"product_brand":[],"product_cat":[726],"product_tag":[3395],"filter_elektritoukeratas":[],"class_list":{"0":"post-57365","1":"product","2":"type-product","3":"status-publish","4":"has-post-thumbnail","6":"product_cat-spare-parts","7":"product_tag-shock-absorbers","8":"pa_colour-must","9":"pa_colour-punane","10":"pa_tootetuup-shock-absorbers","12":"first","13":"instock","14":"taxable","15":"shipping-taxable","16":"purchasable","17":"product-type-simple"},"yoast_head":"<!-- This site is optimized with the Yoast SEO Premium plugin v26.8 (Yoast SEO v27.5) - https:\/\/yoast.com\/product\/yoast-seo-premium-wordpress\/ -->\n<title>Electric scooter shock absorber rear 130x50mm | T\u00f5uksimaailm<\/title>\n<meta name=\"description\" content=\"Strong rear shock absorber (rear shock absorber), length 130mm (mounting hole spacing), width 50mm, black-silver.\" \/>\n<meta name=\"robots\" content=\"index, follow, max-snippet:-1, max-image-preview:large, max-video-preview:-1\" \/>\n<link rel=\"canonical\" href=\"https:\/\/www.xn--tuksimaailm-ffb.ee\/en\/product\/electric-scooter-shock-absorber-rear-130x50mm\/\" \/>\n<meta property=\"og:locale\" content=\"en_US\" \/>\n<meta property=\"og:type\" content=\"article\" \/>\n<meta property=\"og:title\" content=\"Electric scooter shock absorber rear 130x50mm\" \/>\n<meta property=\"og:description\" content=\"Strong rear shock absorber (rear shock absorber), length 130mm (mounting hole spacing), width 50mm, black-silver.\" \/>\n<meta property=\"og:url\" content=\"https:\/\/www.xn--tuksimaailm-ffb.ee\/en\/product\/electric-scooter-shock-absorber-rear-130x50mm\/\" \/>\n<meta property=\"og:site_name\" content=\"T\u00f5uksimaailm\" \/>\n<meta property=\"article:publisher\" content=\"https:\/\/www.facebook.com\/touksimaailm\/\" \/>\n<meta property=\"og:image\" content=\"https:\/\/www.xn--tuksimaailm-ffb.ee\/wp-content\/uploads\/2021\/01\/tagumine-amortisaator-1.jpg\" \/>\n\t<meta property=\"og:image:width\" content=\"723\" \/>\n\t<meta property=\"og:image:height\" content=\"791\" \/>\n\t<meta property=\"og:image:type\" content=\"image\/jpeg\" \/>\n<meta name=\"twitter:card\" content=\"summary_large_image\" \/>\n<meta name=\"twitter:label1\" content=\"Price\" \/>\n\t<meta name=\"twitter:data1\" content=\"&euro;49.50\" \/>\n\t<meta name=\"twitter:label2\" content=\"Availability\" \/>\n\t<meta name=\"twitter:data2\" content=\"In stock\" \/>\n<meta property=\"product:price:amount\" content=\"49.50\" \/>\n<meta property=\"product:price:currency\" content=\"EUR\" \/>\n<meta property=\"og:availability\" content=\"instock\" \/>\n<meta property=\"product:availability\" content=\"instock\" \/>\n<meta property=\"product:condition\" content=\"new\" \/>\n<!-- \/ Yoast SEO Premium plugin. -->","yoast_head_json":{"title":"Electric scooter shock absorber rear 130x50mm | T\u00f5uksimaailm","description":"Strong rear shock absorber (rear shock absorber), length 130mm (mounting hole spacing), width 50mm, black-silver.","robots":{"index":"index","follow":"follow","max-snippet":"max-snippet:-1","max-image-preview":"max-image-preview:large","max-video-preview":"max-video-preview:-1"},"canonical":"https:\/\/www.xn--tuksimaailm-ffb.ee\/en\/product\/electric-scooter-shock-absorber-rear-130x50mm\/","og_locale":"en_US","og_type":"article","og_title":"Electric scooter shock absorber rear 130x50mm","og_description":"Strong rear shock absorber (rear shock absorber), length 130mm (mounting hole spacing), width 50mm, black-silver.","og_url":"https:\/\/www.xn--tuksimaailm-ffb.ee\/en\/product\/electric-scooter-shock-absorber-rear-130x50mm\/","og_site_name":"T\u00f5uksimaailm","article_publisher":"https:\/\/www.facebook.com\/touksimaailm\/","og_image":[{"width":723,"height":791,"url":"https:\/\/www.xn--tuksimaailm-ffb.ee\/wp-content\/uploads\/2021\/01\/tagumine-amortisaator-1.jpg","type":"image\/jpeg"}],"twitter_card":"summary_large_image","twitter_misc":{"Price":"&euro;49.50","Availability":"In stock"},"schema":{"@context":"https:\/\/schema.org","@graph":[{"@type":"WebPage","@id":"https:\/\/www.xn--tuksimaailm-ffb.ee\/en\/product\/electric-scooter-shock-absorber-rear-130x50mm\/","url":"https:\/\/www.xn--tuksimaailm-ffb.ee\/en\/product\/electric-scooter-shock-absorber-rear-130x50mm\/","name":"Electric scooter shock absorber rear 130x50mm | T\u00f5uksimaailm","isPartOf":{"@id":"https:\/\/www.xn--tuksimaailm-ffb.ee\/en\/#website"},"primaryImageOfPage":{"@id":"https:\/\/www.xn--tuksimaailm-ffb.ee\/en\/product\/electric-scooter-shock-absorber-rear-130x50mm\/#primaryimage"},"image":{"@id":"https:\/\/www.xn--tuksimaailm-ffb.ee\/en\/product\/electric-scooter-shock-absorber-rear-130x50mm\/#primaryimage"},"thumbnailUrl":"https:\/\/www.xn--tuksimaailm-ffb.ee\/wp-content\/uploads\/2021\/01\/tagumine-amortisaator-1.jpg","datePublished":"2021-01-30T15:07:15+00:00","description":"Strong rear shock absorber (rear shock absorber), length 130mm (mounting hole spacing), width 50mm, black-silver.","breadcrumb":{"@id":"https:\/\/www.xn--tuksimaailm-ffb.ee\/en\/product\/electric-scooter-shock-absorber-rear-130x50mm\/#breadcrumb"},"inLanguage":"en-US","potentialAction":[{"@type":"ReadAction","target":["https:\/\/www.xn--tuksimaailm-ffb.ee\/en\/product\/electric-scooter-shock-absorber-rear-130x50mm\/"]}]},{"@type":"ImageObject","inLanguage":"en-US","@id":"https:\/\/www.xn--tuksimaailm-ffb.ee\/en\/product\/electric-scooter-shock-absorber-rear-130x50mm\/#primaryimage","url":"https:\/\/www.xn--tuksimaailm-ffb.ee\/wp-content\/uploads\/2021\/01\/tagumine-amortisaator-1.jpg","contentUrl":"https:\/\/www.xn--tuksimaailm-ffb.ee\/wp-content\/uploads\/2021\/01\/tagumine-amortisaator-1.jpg","width":723,"height":791,"caption":"Electric scooter shock absorber rear 130x50mm"},{"@type":"BreadcrumbList","@id":"https:\/\/www.xn--tuksimaailm-ffb.ee\/en\/product\/electric-scooter-shock-absorber-rear-130x50mm\/#breadcrumb","itemListElement":[{"@type":"ListItem","position":1,"name":"Home","item":"https:\/\/www.xn--tuksimaailm-ffb.ee\/en\/main-page\/"},{"@type":"ListItem","position":2,"name":"Shop","item":"https:\/\/www.xn--tuksimaailm-ffb.ee\/elektritoukerataste-pood\/"},{"@type":"ListItem","position":3,"name":"Electric scooter shock absorber rear 130x50mm"}]},{"@type":"WebSite","@id":"https:\/\/www.xn--tuksimaailm-ffb.ee\/en\/#website","url":"https:\/\/www.xn--tuksimaailm-ffb.ee\/en\/","name":"T\u00f5uksimaailm","description":"Elektrit\u00f5ukerataste m\u00fc\u00fck, remont ja rent","publisher":{"@id":"https:\/\/www.xn--tuksimaailm-ffb.ee\/en\/#organization"},"potentialAction":[{"@type":"SearchAction","target":{"@type":"EntryPoint","urlTemplate":"https:\/\/www.xn--tuksimaailm-ffb.ee\/en\/?s={search_term_string}"},"query-input":{"@type":"PropertyValueSpecification","valueRequired":true,"valueName":"search_term_string"}}],"inLanguage":"en-US"},{"@type":"Organization","@id":"https:\/\/www.xn--tuksimaailm-ffb.ee\/en\/#organization","name":"T\u00f5uksimaailm","url":"https:\/\/www.xn--tuksimaailm-ffb.ee\/en\/","logo":{"@type":"ImageObject","inLanguage":"en-US","@id":"https:\/\/www.xn--tuksimaailm-ffb.ee\/en\/#\/schema\/logo\/image\/","url":"https:\/\/www.xn--tuksimaailm-ffb.ee\/wp-content\/uploads\/2020\/01\/logoz-e1579792875517.png","contentUrl":"https:\/\/www.xn--tuksimaailm-ffb.ee\/wp-content\/uploads\/2020\/01\/logoz-e1579792875517.png","width":250,"height":250,"caption":"T\u00f5uksimaailm"},"image":{"@id":"https:\/\/www.xn--tuksimaailm-ffb.ee\/en\/#\/schema\/logo\/image\/"},"sameAs":["https:\/\/www.facebook.com\/touksimaailm\/","https:\/\/www.instagram.com\/touksimaailm_\/","https:\/\/www.youtube.com\/channel\/UC18ml0EKIDLP1xGuQjFzcXQ"]}]},"product_price_amount":"49.50","product_price_currency":"EUR","og_availability":"instock","product_availability":"instock","product_condition":"new"},"jetpack_sharing_enabled":true,"_links":{"self":[{"href":"https:\/\/www.xn--tuksimaailm-ffb.ee\/en\/wp-json\/wp\/v2\/product\/57365","targetHints":{"allow":["GET"]}}],"collection":[{"href":"https:\/\/www.xn--tuksimaailm-ffb.ee\/en\/wp-json\/wp\/v2\/product"}],"about":[{"href":"https:\/\/www.xn--tuksimaailm-ffb.ee\/en\/wp-json\/wp\/v2\/types\/product"}],"wp:featuredmedia":[{"embeddable":true,"href":"https:\/\/www.xn--tuksimaailm-ffb.ee\/en\/wp-json\/wp\/v2\/media\/13337"}],"wp:attachment":[{"href":"https:\/\/www.xn--tuksimaailm-ffb.ee\/en\/wp-json\/wp\/v2\/media?parent=57365"}],"wp:term":[{"taxonomy":"product_brand","embeddable":true,"href":"https:\/\/www.xn--tuksimaailm-ffb.ee\/en\/wp-json\/wp\/v2\/product_brand?post=57365"},{"taxonomy":"product_cat","embeddable":true,"href":"https:\/\/www.xn--tuksimaailm-ffb.ee\/en\/wp-json\/wp\/v2\/product_cat?post=57365"},{"taxonomy":"product_tag","embeddable":true,"href":"https:\/\/www.xn--tuksimaailm-ffb.ee\/en\/wp-json\/wp\/v2\/product_tag?post=57365"},{"taxonomy":"filter_elektritoukeratas","embeddable":true,"href":"https:\/\/www.xn--tuksimaailm-ffb.ee\/en\/wp-json\/wp\/v2\/filter_elektritoukeratas?post=57365"}],"curies":[{"name":"wp","href":"https:\/\/api.w.org\/{rel}","templated":true}]}}