{"id":57980,"date":"2021-02-06T12:47:05","date_gmt":"2021-02-06T12:47:05","guid":{"rendered":"http:\/\/www.xn--tuksimaailm-ffb.ee\/shop\/brake-pads-kugoo-g-booster-gpad-storm\/"},"modified":"2025-02-20T12:02:08","modified_gmt":"2025-02-20T09:02:08","slug":"brake-pads-kugoo-g-booster-gpad-storm","status":"publish","type":"product","link":"https:\/\/www.xn--tuksimaailm-ffb.ee\/en\/product\/brake-pads-kugoo-g-booster-gpad-storm\/","title":{"rendered":"Brake pads Kugoo G-Booster \/ Gpad Storm"},"content":{"rendered":"<p>Brake pads Kugoo G-Booster \/ Avid Elixir Sram XX XO, for electric scooter or bicycle. Set includes 1 pair (2 pads). Wear material <b><strong>resin<\/strong><\/b>. Brake pads are suitable for the popular electric pushbike in Estonia<b> <\/b> Kugoo<a href=\"https:\/\/kugoo.eu\/products\/kugoo-g-booster-folding-electric-scooter-dual-800w-motors-3-speed-modes-max-55km-h-10-inch-tire-black?variant=31529644327005\" data-mce-href=\"https:\/\/kugoo.eu\/products\/kugoo-g-booster-folding-electric-scooter-dual-800w-motors-3-speed-modes-max-55km-h-10-inch-tire-black?variant=31529644327005\"><b><strong>G-Booster<\/strong><\/b><\/a>. Also suitable for<b><strong> Avid Elixir<\/strong><\/b> and <b><strong>Sram XX\/XO<\/strong><\/b> disc brakes. The pads are also suitable for the <b><strong>Gpad Storm<\/strong><\/b> and <b><strong>Cityway X Pro<\/strong><\/b> electric scooters.<\/p>\n<p><b><strong>NB:<\/strong><\/b> Some versions of the Kugoo G-Booster electric scooter will fit <a href=\"http:\/\/www.xn--tuksimaailm-ffb.ee\/shop\/piduriklotsid-gpad-joyride-inokim-ox-shimano-xtr\/\" data-mce-href=\"http:\/\/www.xn--tuksimaailm-ffb.ee\/shop\/piduriklotsid-gpad-joyride-inokim-ox-shimano-xtr\/\"><b><strong>different brake pads<\/strong><\/b><\/a>. We also offer <a href=\"http:\/\/www.xn--tuksimaailm-ffb.ee\/shop\/piduriklotsid-avid-elixir-sramxx-kugoo-g-booster-metall\/\" data-mce-href=\"http:\/\/www.xn--tuksimaailm-ffb.ee\/shop\/piduriklotsid-avid-elixir-sramxx-kugoo-g-booster-metall\/\"><b><strong>metal<\/strong><\/b><\/a>, <a href=\"http:\/\/www.xn--tuksimaailm-ffb.ee\/shop\/piduriklotsid-jagwire-kugoo-g-booster-avid-poolmetall\/\" data-mce-href=\"http:\/\/www.xn--tuksimaailm-ffb.ee\/shop\/piduriklotsid-jagwire-kugoo-g-booster-avid-poolmetall\/\"><b><strong>semi-metal<\/strong><\/b><\/a> and <a href=\"http:\/\/www.xn--tuksimaailm-ffb.ee\/shop\/piduriklotsid-avid-elixir-kugoo-g-booster-keraamilised\/\" data-mce-href=\"http:\/\/www.xn--tuksimaailm-ffb.ee\/shop\/piduriklotsid-avid-elixir-kugoo-g-booster-keraamilised\/\"><b><strong>ceramic<\/strong><\/b><\/a> brake pads of this type. Our <a href=\"http:\/\/www.xn--tuksimaailm-ffb.ee\/elektrilise-toukeratta-remont\/\" data-mce-href=\"http:\/\/www.xn--tuksimaailm-ffb.ee\/elektrilise-toukeratta-remont\/\">workshop<\/a> can help you with the replacement of the brake pads on your electric scooter or with the brake adjustment that always accompanies their replacement. Before purchasing new brake pads, we recommend checking that the poor braking performance is definitely due to pad wear (or contamination) or just a stretched cable that needs tightening. In most cases, it is the brake adjustment that is needed, not the replacement of the brake pads.<\/p>\n","protected":false},"excerpt":{"rendered":"<p><br data-mce-bogus=\"1\"><\/p>\n","protected":false},"featured_media":13575,"template":"","meta":[],"product_brand":[],"product_cat":[726],"product_tag":[3236],"filter_elektritoukeratas":[2706,2679,2755,2750],"class_list":{"0":"post-57980","1":"product","2":"type-product","3":"status-publish","4":"has-post-thumbnail","6":"product_cat-spare-parts","7":"product_tag-brake-pads","8":"pa_tootetuup-brake-pads","9":"filter_elektritoukeratas-ft_gpad_storm","10":"filter_elektritoukeratas-ft_kugoo_g1","11":"filter_elektritoukeratas-ft_techlife_x7_x7_lite_x7s","12":"filter_elektritoukeratas-ft_zero_10x","14":"first","15":"instock","16":"taxable","17":"shipping-taxable","18":"purchasable","19":"product-type-simple"},"yoast_head":"<!-- This site is optimized with the Yoast SEO Premium plugin v26.8 (Yoast SEO v27.5) - https:\/\/yoast.com\/product\/yoast-seo-premium-wordpress\/ -->\n<title>Brake pads Kugoo G-Booster \/ Gpad Storm | T\u00f5uksimaailm<\/title>\n<meta name=\"description\" content=\"Brake pads Kugoo G-Booster \/ Gpad Storm \/ Cityway X Pro., for electric scooter or bicycle. Silent, 2 pads included. Kugoo spare parts.\" \/>\n<meta name=\"robots\" content=\"index, follow, max-snippet:-1, max-image-preview:large, max-video-preview:-1\" \/>\n<link rel=\"canonical\" href=\"https:\/\/www.xn--tuksimaailm-ffb.ee\/en\/product\/brake-pads-kugoo-g-booster-gpad-storm\/\" \/>\n<meta property=\"og:locale\" content=\"en_US\" \/>\n<meta property=\"og:type\" content=\"article\" \/>\n<meta property=\"og:title\" content=\"Brake pads Kugoo G-Booster \/ Gpad Storm\" \/>\n<meta property=\"og:description\" content=\"Brake pads Kugoo G-Booster \/ Gpad Storm \/ Cityway X Pro., for electric scooter or bicycle. Silent, 2 pads included. Kugoo spare parts.\" \/>\n<meta property=\"og:url\" content=\"https:\/\/www.xn--tuksimaailm-ffb.ee\/en\/product\/brake-pads-kugoo-g-booster-gpad-storm\/\" \/>\n<meta property=\"og:site_name\" content=\"T\u00f5uksimaailm\" \/>\n<meta property=\"article:publisher\" content=\"https:\/\/www.facebook.com\/touksimaailm\/\" \/>\n<meta property=\"article:modified_time\" content=\"2025-02-20T09:02:08+00:00\" \/>\n<meta property=\"og:image\" content=\"https:\/\/www.xn--tuksimaailm-ffb.ee\/wp-content\/uploads\/2021\/02\/crbp001-vaik.png\" \/>\n\t<meta property=\"og:image:width\" content=\"709\" \/>\n\t<meta property=\"og:image:height\" content=\"447\" \/>\n\t<meta property=\"og:image:type\" content=\"image\/png\" \/>\n<meta name=\"twitter:card\" content=\"summary_large_image\" \/>\n<meta name=\"twitter:label1\" content=\"Price\" \/>\n\t<meta name=\"twitter:data1\" content=\"&euro;7.50\" \/>\n\t<meta name=\"twitter:label2\" content=\"Availability\" \/>\n\t<meta name=\"twitter:data2\" content=\"In stock\" \/>\n<meta property=\"product:price:amount\" content=\"7.50\" \/>\n<meta property=\"product:price:currency\" content=\"EUR\" \/>\n<meta property=\"og:availability\" content=\"instock\" \/>\n<meta property=\"product:availability\" content=\"instock\" \/>\n<meta property=\"product:condition\" content=\"new\" \/>\n<!-- \/ Yoast SEO Premium plugin. -->","yoast_head_json":{"title":"Brake pads Kugoo G-Booster \/ Gpad Storm | T\u00f5uksimaailm","description":"Brake pads Kugoo G-Booster \/ Gpad Storm \/ Cityway X Pro., for electric scooter or bicycle. Silent, 2 pads included. Kugoo spare parts.","robots":{"index":"index","follow":"follow","max-snippet":"max-snippet:-1","max-image-preview":"max-image-preview:large","max-video-preview":"max-video-preview:-1"},"canonical":"https:\/\/www.xn--tuksimaailm-ffb.ee\/en\/product\/brake-pads-kugoo-g-booster-gpad-storm\/","og_locale":"en_US","og_type":"article","og_title":"Brake pads Kugoo G-Booster \/ Gpad Storm","og_description":"Brake pads Kugoo G-Booster \/ Gpad Storm \/ Cityway X Pro., for electric scooter or bicycle. Silent, 2 pads included. Kugoo spare parts.","og_url":"https:\/\/www.xn--tuksimaailm-ffb.ee\/en\/product\/brake-pads-kugoo-g-booster-gpad-storm\/","og_site_name":"T\u00f5uksimaailm","article_publisher":"https:\/\/www.facebook.com\/touksimaailm\/","article_modified_time":"2025-02-20T09:02:08+00:00","og_image":[{"width":709,"height":447,"url":"https:\/\/www.xn--tuksimaailm-ffb.ee\/wp-content\/uploads\/2021\/02\/crbp001-vaik.png","type":"image\/png"}],"twitter_card":"summary_large_image","twitter_misc":{"Price":"&euro;7.50","Availability":"In stock"},"schema":{"@context":"https:\/\/schema.org","@graph":[{"@type":"WebPage","@id":"https:\/\/www.xn--tuksimaailm-ffb.ee\/en\/product\/brake-pads-kugoo-g-booster-gpad-storm\/","url":"https:\/\/www.xn--tuksimaailm-ffb.ee\/en\/product\/brake-pads-kugoo-g-booster-gpad-storm\/","name":"Brake pads Kugoo G-Booster \/ Gpad Storm | T\u00f5uksimaailm","isPartOf":{"@id":"https:\/\/www.xn--tuksimaailm-ffb.ee\/en\/#website"},"primaryImageOfPage":{"@id":"https:\/\/www.xn--tuksimaailm-ffb.ee\/en\/product\/brake-pads-kugoo-g-booster-gpad-storm\/#primaryimage"},"image":{"@id":"https:\/\/www.xn--tuksimaailm-ffb.ee\/en\/product\/brake-pads-kugoo-g-booster-gpad-storm\/#primaryimage"},"thumbnailUrl":"https:\/\/www.xn--tuksimaailm-ffb.ee\/wp-content\/uploads\/2021\/02\/crbp001-vaik.png","datePublished":"2021-02-06T12:47:05+00:00","dateModified":"2025-02-20T09:02:08+00:00","description":"Brake pads Kugoo G-Booster \/ Gpad Storm \/ Cityway X Pro., for electric scooter or bicycle. Silent, 2 pads included. Kugoo spare parts.","breadcrumb":{"@id":"https:\/\/www.xn--tuksimaailm-ffb.ee\/en\/product\/brake-pads-kugoo-g-booster-gpad-storm\/#breadcrumb"},"inLanguage":"en-US","potentialAction":[{"@type":"ReadAction","target":["https:\/\/www.xn--tuksimaailm-ffb.ee\/en\/product\/brake-pads-kugoo-g-booster-gpad-storm\/"]}]},{"@type":"ImageObject","inLanguage":"en-US","@id":"https:\/\/www.xn--tuksimaailm-ffb.ee\/en\/product\/brake-pads-kugoo-g-booster-gpad-storm\/#primaryimage","url":"https:\/\/www.xn--tuksimaailm-ffb.ee\/wp-content\/uploads\/2021\/02\/crbp001-vaik.png","contentUrl":"https:\/\/www.xn--tuksimaailm-ffb.ee\/wp-content\/uploads\/2021\/02\/crbp001-vaik.png","width":709,"height":447,"caption":"Brake pads Kugoo G-Booster \/ Gpad Storm"},{"@type":"BreadcrumbList","@id":"https:\/\/www.xn--tuksimaailm-ffb.ee\/en\/product\/brake-pads-kugoo-g-booster-gpad-storm\/#breadcrumb","itemListElement":[{"@type":"ListItem","position":1,"name":"Home","item":"https:\/\/www.xn--tuksimaailm-ffb.ee\/en\/main-page\/"},{"@type":"ListItem","position":2,"name":"Shop","item":"https:\/\/www.xn--tuksimaailm-ffb.ee\/elektritoukerataste-pood\/"},{"@type":"ListItem","position":3,"name":"Brake pads Kugoo G-Booster \/ Gpad Storm"}]},{"@type":"WebSite","@id":"https:\/\/www.xn--tuksimaailm-ffb.ee\/en\/#website","url":"https:\/\/www.xn--tuksimaailm-ffb.ee\/en\/","name":"T\u00f5uksimaailm","description":"Elektrit\u00f5ukerataste m\u00fc\u00fck, remont ja rent","publisher":{"@id":"https:\/\/www.xn--tuksimaailm-ffb.ee\/en\/#organization"},"potentialAction":[{"@type":"SearchAction","target":{"@type":"EntryPoint","urlTemplate":"https:\/\/www.xn--tuksimaailm-ffb.ee\/en\/?s={search_term_string}"},"query-input":{"@type":"PropertyValueSpecification","valueRequired":true,"valueName":"search_term_string"}}],"inLanguage":"en-US"},{"@type":"Organization","@id":"https:\/\/www.xn--tuksimaailm-ffb.ee\/en\/#organization","name":"T\u00f5uksimaailm","url":"https:\/\/www.xn--tuksimaailm-ffb.ee\/en\/","logo":{"@type":"ImageObject","inLanguage":"en-US","@id":"https:\/\/www.xn--tuksimaailm-ffb.ee\/en\/#\/schema\/logo\/image\/","url":"https:\/\/www.xn--tuksimaailm-ffb.ee\/wp-content\/uploads\/2020\/01\/logoz-e1579792875517.png","contentUrl":"https:\/\/www.xn--tuksimaailm-ffb.ee\/wp-content\/uploads\/2020\/01\/logoz-e1579792875517.png","width":250,"height":250,"caption":"T\u00f5uksimaailm"},"image":{"@id":"https:\/\/www.xn--tuksimaailm-ffb.ee\/en\/#\/schema\/logo\/image\/"},"sameAs":["https:\/\/www.facebook.com\/touksimaailm\/","https:\/\/www.instagram.com\/touksimaailm_\/","https:\/\/www.youtube.com\/channel\/UC18ml0EKIDLP1xGuQjFzcXQ"]}]},"product_price_amount":"7.50","product_price_currency":"EUR","og_availability":"instock","product_availability":"instock","product_condition":"new"},"jetpack_sharing_enabled":true,"_links":{"self":[{"href":"https:\/\/www.xn--tuksimaailm-ffb.ee\/en\/wp-json\/wp\/v2\/product\/57980","targetHints":{"allow":["GET"]}}],"collection":[{"href":"https:\/\/www.xn--tuksimaailm-ffb.ee\/en\/wp-json\/wp\/v2\/product"}],"about":[{"href":"https:\/\/www.xn--tuksimaailm-ffb.ee\/en\/wp-json\/wp\/v2\/types\/product"}],"wp:featuredmedia":[{"embeddable":true,"href":"https:\/\/www.xn--tuksimaailm-ffb.ee\/en\/wp-json\/wp\/v2\/media\/13575"}],"wp:attachment":[{"href":"https:\/\/www.xn--tuksimaailm-ffb.ee\/en\/wp-json\/wp\/v2\/media?parent=57980"}],"wp:term":[{"taxonomy":"product_brand","embeddable":true,"href":"https:\/\/www.xn--tuksimaailm-ffb.ee\/en\/wp-json\/wp\/v2\/product_brand?post=57980"},{"taxonomy":"product_cat","embeddable":true,"href":"https:\/\/www.xn--tuksimaailm-ffb.ee\/en\/wp-json\/wp\/v2\/product_cat?post=57980"},{"taxonomy":"product_tag","embeddable":true,"href":"https:\/\/www.xn--tuksimaailm-ffb.ee\/en\/wp-json\/wp\/v2\/product_tag?post=57980"},{"taxonomy":"filter_elektritoukeratas","embeddable":true,"href":"https:\/\/www.xn--tuksimaailm-ffb.ee\/en\/wp-json\/wp\/v2\/filter_elektritoukeratas?post=57980"}],"curies":[{"name":"wp","href":"https:\/\/api.w.org\/{rel}","templated":true}]}}