{"id":57982,"date":"2021-02-06T13:44:09","date_gmt":"2021-02-06T13:44:09","guid":{"rendered":"http:\/\/www.xn--tuksimaailm-ffb.ee\/shop\/brake-pads-avid-bb7-juicy-3-5-7\/"},"modified":"2021-02-06T13:44:09","modified_gmt":"2021-02-06T10:44:09","slug":"brake-pads-avid-bb7-juicy-3-5-7","status":"publish","type":"product","link":"https:\/\/www.xn--tuksimaailm-ffb.ee\/en\/product\/brake-pads-avid-bb7-juicy-3-5-7\/","title":{"rendered":"Brake pads Avid BB7 Juicy 3 \/ 5 \/ 7"},"content":{"rendered":"<p>Brake pads Avid BB7 Juicy 3\/5\/7, for bicycle or electric scooter. Set includes 1 pair (2 pads). Wear material <b><strong>resin<\/strong><\/b>. Brake pads suitable for<b><strong> Avid BB7 Juicy 3\/5\/7<\/strong><\/b> disc brakes. Our <a href=\"http:\/\/www.xn--tuksimaailm-ffb.ee\/elektrilise-toukeratta-remont\/\">workshop<\/a> can help you with the replacement of brake pads for your bicycle or electric scooter or with the brake adjustment that always accompanies their replacement. Before you buy new brake pads, we recommend checking whether the poor braking performance is definitely due to pad wear (or contamination) or whether it is just a stretched cable that needs tightening. In most cases, it is the brake adjustment that is needed, not the replacement of the brake pads.<\/p>\n","protected":false},"excerpt":{"rendered":"<p>Brake pads Avid BB7 Juicy 3\/5\/7, for bicycle or electric scooter. Set includes 1 pair (2 pads). Wear material resin. Brake pads suitable for Avid BB7 Juicy 3\/5\/7 disc brakes. Our workshop can help you with the replacement of brake pads for your bicycle or electric scooter or with the &hellip;<\/p>\n","protected":false},"featured_media":13583,"template":"","meta":[],"product_brand":[],"product_cat":[726],"product_tag":[3236],"filter_elektritoukeratas":[],"class_list":{"0":"post-57982","1":"product","2":"type-product","3":"status-publish","4":"has-post-thumbnail","6":"product_cat-spare-parts","7":"product_tag-brake-pads","8":"pa_tootetuup-brake-pads","10":"first","11":"instock","12":"taxable","13":"shipping-taxable","14":"purchasable","15":"product-type-simple"},"yoast_head":"<!-- This site is optimized with the Yoast SEO Premium plugin v26.8 (Yoast SEO v27.5) - https:\/\/yoast.com\/product\/yoast-seo-premium-wordpress\/ -->\n<title>Brake pads Avid BB7 Juicy 3 \/ 5 \/ 7 | T\u00f5uksimaailm | Spare Parts<\/title>\n<meta name=\"description\" content=\"Brake pads Avid BB7 Juicy 3\/5\/7 for bicycle or electric scooter. Set includes 1 pair (2 pads). Wear material is resin. Disc brake pads\" \/>\n<meta name=\"robots\" content=\"index, follow, max-snippet:-1, max-image-preview:large, max-video-preview:-1\" \/>\n<link rel=\"canonical\" href=\"https:\/\/www.xn--tuksimaailm-ffb.ee\/en\/product\/brake-pads-avid-bb7-juicy-3-5-7\/\" \/>\n<meta property=\"og:locale\" content=\"en_US\" \/>\n<meta property=\"og:type\" content=\"article\" \/>\n<meta property=\"og:title\" content=\"Brake pads Avid BB7 Juicy 3 \/ 5 \/ 7\" \/>\n<meta property=\"og:description\" content=\"Brake pads Avid BB7 Juicy 3\/5\/7 for bicycle or electric scooter. Set includes 1 pair (2 pads). Wear material is resin. Disc brake pads\" \/>\n<meta property=\"og:url\" content=\"https:\/\/www.xn--tuksimaailm-ffb.ee\/en\/product\/brake-pads-avid-bb7-juicy-3-5-7\/\" \/>\n<meta property=\"og:site_name\" content=\"T\u00f5uksimaailm\" \/>\n<meta property=\"article:publisher\" content=\"https:\/\/www.facebook.com\/touksimaailm\/\" \/>\n<meta property=\"og:image\" content=\"https:\/\/www.xn--tuksimaailm-ffb.ee\/wp-content\/uploads\/2021\/02\/crbp002-vaik.png\" \/>\n\t<meta property=\"og:image:width\" content=\"1177\" \/>\n\t<meta property=\"og:image:height\" content=\"879\" \/>\n\t<meta property=\"og:image:type\" content=\"image\/png\" \/>\n<meta name=\"twitter:card\" content=\"summary_large_image\" \/>\n<meta name=\"twitter:label1\" content=\"Price\" \/>\n\t<meta name=\"twitter:data1\" content=\"&euro;7.50\" \/>\n\t<meta name=\"twitter:label2\" content=\"Availability\" \/>\n\t<meta name=\"twitter:data2\" content=\"In stock\" \/>\n<meta property=\"product:price:amount\" content=\"7.50\" \/>\n<meta property=\"product:price:currency\" content=\"EUR\" \/>\n<meta property=\"og:availability\" content=\"instock\" \/>\n<meta property=\"product:availability\" content=\"instock\" \/>\n<meta property=\"product:condition\" content=\"new\" \/>\n<!-- \/ Yoast SEO Premium plugin. -->","yoast_head_json":{"title":"Brake pads Avid BB7 Juicy 3 \/ 5 \/ 7 | T\u00f5uksimaailm | Spare Parts","description":"Brake pads Avid BB7 Juicy 3\/5\/7 for bicycle or electric scooter. Set includes 1 pair (2 pads). Wear material is resin. Disc brake pads","robots":{"index":"index","follow":"follow","max-snippet":"max-snippet:-1","max-image-preview":"max-image-preview:large","max-video-preview":"max-video-preview:-1"},"canonical":"https:\/\/www.xn--tuksimaailm-ffb.ee\/en\/product\/brake-pads-avid-bb7-juicy-3-5-7\/","og_locale":"en_US","og_type":"article","og_title":"Brake pads Avid BB7 Juicy 3 \/ 5 \/ 7","og_description":"Brake pads Avid BB7 Juicy 3\/5\/7 for bicycle or electric scooter. Set includes 1 pair (2 pads). Wear material is resin. Disc brake pads","og_url":"https:\/\/www.xn--tuksimaailm-ffb.ee\/en\/product\/brake-pads-avid-bb7-juicy-3-5-7\/","og_site_name":"T\u00f5uksimaailm","article_publisher":"https:\/\/www.facebook.com\/touksimaailm\/","og_image":[{"width":1177,"height":879,"url":"https:\/\/www.xn--tuksimaailm-ffb.ee\/wp-content\/uploads\/2021\/02\/crbp002-vaik.png","type":"image\/png"}],"twitter_card":"summary_large_image","twitter_misc":{"Price":"&euro;7.50","Availability":"In stock"},"schema":{"@context":"https:\/\/schema.org","@graph":[{"@type":"WebPage","@id":"https:\/\/www.xn--tuksimaailm-ffb.ee\/en\/product\/brake-pads-avid-bb7-juicy-3-5-7\/","url":"https:\/\/www.xn--tuksimaailm-ffb.ee\/en\/product\/brake-pads-avid-bb7-juicy-3-5-7\/","name":"Brake pads Avid BB7 Juicy 3 \/ 5 \/ 7 | T\u00f5uksimaailm | Spare Parts","isPartOf":{"@id":"https:\/\/www.xn--tuksimaailm-ffb.ee\/en\/#website"},"primaryImageOfPage":{"@id":"https:\/\/www.xn--tuksimaailm-ffb.ee\/en\/product\/brake-pads-avid-bb7-juicy-3-5-7\/#primaryimage"},"image":{"@id":"https:\/\/www.xn--tuksimaailm-ffb.ee\/en\/product\/brake-pads-avid-bb7-juicy-3-5-7\/#primaryimage"},"thumbnailUrl":"https:\/\/www.xn--tuksimaailm-ffb.ee\/wp-content\/uploads\/2021\/02\/crbp002-vaik.png","datePublished":"2021-02-06T13:44:09+00:00","description":"Brake pads Avid BB7 Juicy 3\/5\/7 for bicycle or electric scooter. Set includes 1 pair (2 pads). Wear material is resin. Disc brake pads","breadcrumb":{"@id":"https:\/\/www.xn--tuksimaailm-ffb.ee\/en\/product\/brake-pads-avid-bb7-juicy-3-5-7\/#breadcrumb"},"inLanguage":"en-US","potentialAction":[{"@type":"ReadAction","target":["https:\/\/www.xn--tuksimaailm-ffb.ee\/en\/product\/brake-pads-avid-bb7-juicy-3-5-7\/"]}]},{"@type":"ImageObject","inLanguage":"en-US","@id":"https:\/\/www.xn--tuksimaailm-ffb.ee\/en\/product\/brake-pads-avid-bb7-juicy-3-5-7\/#primaryimage","url":"https:\/\/www.xn--tuksimaailm-ffb.ee\/wp-content\/uploads\/2021\/02\/crbp002-vaik.png","contentUrl":"https:\/\/www.xn--tuksimaailm-ffb.ee\/wp-content\/uploads\/2021\/02\/crbp002-vaik.png","width":1177,"height":879,"caption":"Brake pads Avid BB7 Juicy 3 \/ 5 \/ 7"},{"@type":"BreadcrumbList","@id":"https:\/\/www.xn--tuksimaailm-ffb.ee\/en\/product\/brake-pads-avid-bb7-juicy-3-5-7\/#breadcrumb","itemListElement":[{"@type":"ListItem","position":1,"name":"Home","item":"https:\/\/www.xn--tuksimaailm-ffb.ee\/en\/main-page\/"},{"@type":"ListItem","position":2,"name":"Shop","item":"https:\/\/www.xn--tuksimaailm-ffb.ee\/elektritoukerataste-pood\/"},{"@type":"ListItem","position":3,"name":"Brake pads Avid BB7 Juicy 3 \/ 5 \/ 7"}]},{"@type":"WebSite","@id":"https:\/\/www.xn--tuksimaailm-ffb.ee\/en\/#website","url":"https:\/\/www.xn--tuksimaailm-ffb.ee\/en\/","name":"T\u00f5uksimaailm","description":"Elektrit\u00f5ukerataste m\u00fc\u00fck, remont ja rent","publisher":{"@id":"https:\/\/www.xn--tuksimaailm-ffb.ee\/en\/#organization"},"potentialAction":[{"@type":"SearchAction","target":{"@type":"EntryPoint","urlTemplate":"https:\/\/www.xn--tuksimaailm-ffb.ee\/en\/?s={search_term_string}"},"query-input":{"@type":"PropertyValueSpecification","valueRequired":true,"valueName":"search_term_string"}}],"inLanguage":"en-US"},{"@type":"Organization","@id":"https:\/\/www.xn--tuksimaailm-ffb.ee\/en\/#organization","name":"T\u00f5uksimaailm","url":"https:\/\/www.xn--tuksimaailm-ffb.ee\/en\/","logo":{"@type":"ImageObject","inLanguage":"en-US","@id":"https:\/\/www.xn--tuksimaailm-ffb.ee\/en\/#\/schema\/logo\/image\/","url":"https:\/\/www.xn--tuksimaailm-ffb.ee\/wp-content\/uploads\/2020\/01\/logoz-e1579792875517.png","contentUrl":"https:\/\/www.xn--tuksimaailm-ffb.ee\/wp-content\/uploads\/2020\/01\/logoz-e1579792875517.png","width":250,"height":250,"caption":"T\u00f5uksimaailm"},"image":{"@id":"https:\/\/www.xn--tuksimaailm-ffb.ee\/en\/#\/schema\/logo\/image\/"},"sameAs":["https:\/\/www.facebook.com\/touksimaailm\/","https:\/\/www.instagram.com\/touksimaailm_\/","https:\/\/www.youtube.com\/channel\/UC18ml0EKIDLP1xGuQjFzcXQ"]}]},"product_price_amount":"7.50","product_price_currency":"EUR","og_availability":"instock","product_availability":"instock","product_condition":"new"},"jetpack_sharing_enabled":true,"_links":{"self":[{"href":"https:\/\/www.xn--tuksimaailm-ffb.ee\/en\/wp-json\/wp\/v2\/product\/57982","targetHints":{"allow":["GET"]}}],"collection":[{"href":"https:\/\/www.xn--tuksimaailm-ffb.ee\/en\/wp-json\/wp\/v2\/product"}],"about":[{"href":"https:\/\/www.xn--tuksimaailm-ffb.ee\/en\/wp-json\/wp\/v2\/types\/product"}],"wp:featuredmedia":[{"embeddable":true,"href":"https:\/\/www.xn--tuksimaailm-ffb.ee\/en\/wp-json\/wp\/v2\/media\/13583"}],"wp:attachment":[{"href":"https:\/\/www.xn--tuksimaailm-ffb.ee\/en\/wp-json\/wp\/v2\/media?parent=57982"}],"wp:term":[{"taxonomy":"product_brand","embeddable":true,"href":"https:\/\/www.xn--tuksimaailm-ffb.ee\/en\/wp-json\/wp\/v2\/product_brand?post=57982"},{"taxonomy":"product_cat","embeddable":true,"href":"https:\/\/www.xn--tuksimaailm-ffb.ee\/en\/wp-json\/wp\/v2\/product_cat?post=57982"},{"taxonomy":"product_tag","embeddable":true,"href":"https:\/\/www.xn--tuksimaailm-ffb.ee\/en\/wp-json\/wp\/v2\/product_tag?post=57982"},{"taxonomy":"filter_elektritoukeratas","embeddable":true,"href":"https:\/\/www.xn--tuksimaailm-ffb.ee\/en\/wp-json\/wp\/v2\/filter_elektritoukeratas?post=57982"}],"curies":[{"name":"wp","href":"https:\/\/api.w.org\/{rel}","templated":true}]}}