{"id":57985,"date":"2021-02-06T15:15:32","date_gmt":"2021-02-06T15:15:32","guid":{"rendered":"http:\/\/www.xn--tuksimaailm-ffb.ee\/shop\/brake-pads-inokim-ox-gpad-joyride-metal-brackets\/"},"modified":"2021-02-06T15:15:32","modified_gmt":"2021-02-06T12:15:32","slug":"brake-pads-inokim-ox-gpad-joyride-metal-brackets","status":"publish","type":"product","link":"https:\/\/www.xn--tuksimaailm-ffb.ee\/en\/product\/brake-pads-inokim-ox-gpad-joyride-metal-brackets\/","title":{"rendered":"Brake pads Inokim OX Gpad Joyride metal brackets"},"content":{"rendered":"<p>Brake pads Inokim OX \/ Gpad Joyride \/ Shimano XTR, for electric scooter or bicycle. Set includes 1 pair (2 pads). Wearing material <b><strong>metal<\/strong><\/b>. Brake pads are suitable for <a href=\"https:\/\/inokim.com\/models\/ox\/\"><b><strong>Inokim OX<\/strong><\/b><\/a><b><strong> (<\/strong><\/b><a href=\"http:\/\/www.xn--tuksimaailm-ffb.ee\/shop\/elektriline-toukeratas-inokim-ox-eco\/\"><b><strong>Eco<\/strong><\/b><\/a><b><strong>, <\/strong><\/b><a href=\"http:\/\/www.xn--tuksimaailm-ffb.ee\/shop\/inokim-ox-hero-elektritoukeratas\/\"><b><strong>Hero<\/strong><\/b><\/a><b><strong>, <\/strong><\/b><a href=\"http:\/\/www.xn--tuksimaailm-ffb.ee\/shop\/inokim-ox-super-elektritoukeratas\/\"><b><strong>Super<\/strong><\/b><\/a><b><strong>),<\/strong><\/b> which is very popular in Estonia. They are also suitable for the <b><strong>Gpad Joyride<\/strong><\/b> (also <b><strong>Joyride Max, Eco<\/strong><\/b> and <b><strong>Fix<\/strong><\/b>) models. In addition, the brake pads are also suitable for a wide range of bicycle disc brakes -<b><strong> Shimano XTR BR-M965 \/ M966 \/ M800 \/ M765 \/ M775, Hone M601 \/ LX M595 <\/strong><\/b>and <b><strong>Zoom HB100, HB870, HB875.<\/strong><\/b> We also offer these types of <a href=\"http:\/\/www.xn--tuksimaailm-ffb.ee\/shop\/piduriklotsid-gpad-joyride-inokim-ox-shimano-xtr\/\"><b><strong>resin<\/strong><\/b><\/a><b><strong>, <\/strong><\/b><a href=\"http:\/\/www.xn--tuksimaailm-ffb.ee\/shop\/piduriklotsid-jagwire-shimano-xtr-inokim-poolmetall\/\"><b><strong>semi-metallic<\/strong><\/b><\/a><b><strong>, <\/strong><\/b><a href=\"http:\/\/www.xn--tuksimaailm-ffb.ee\/shop\/piduriklotsid-jagwire-pro-x-shimano-xtr-sintered\/\"><b><strong>sintered<\/strong><\/b><\/a> and <a href=\"http:\/\/www.xn--tuksimaailm-ffb.ee\/shop\/piduriklotsid-shimano-xtr-gpad-inokim-keraamilised\/\"><b><strong>ceramic<\/strong><\/b><\/a> brake pads. Our <a href=\"http:\/\/www.xn--tuksimaailm-ffb.ee\/elektrilise-toukeratta-remont\/\">workshop<\/a> can help you with the replacement of brake pads for electric scooters or bicycles, or with the brake adjustment that always accompanies their replacement. Before you buy new brake pads, we recommend that you check whether the poor braking performance is definitely due to pad wear (or contamination) or whether it is just a stretched cable that needs tightening. In most cases, it is the brake adjustment that is needed, not the replacement of the brake pads.<\/p>\n","protected":false},"excerpt":{"rendered":"<p>Brake pads Inokim OX \/ Gpad Joyride \/ Shimano XTR, for electric scooter or bicycle. Set includes 1 pair (2 pads). Wearing material metal. Brake pads are suitable for Inokim OX (Eco, Hero, Super), which is very popular in Estonia. They are also suitable for the Gpad Joyride (also Joyride &hellip;<\/p>\n","protected":false},"featured_media":13595,"template":"","meta":[],"product_brand":[],"product_cat":[726],"product_tag":[3236],"filter_elektritoukeratas":[2704,2706,2714,2717,2679,2755,2750],"class_list":{"0":"post-57985","1":"product","2":"type-product","3":"status-publish","4":"has-post-thumbnail","6":"product_cat-spare-parts","7":"product_tag-brake-pads","8":"pa_tootetuup-brake-pads","9":"filter_elektritoukeratas-ft_gpad_joyride","10":"filter_elektritoukeratas-ft_gpad_storm","11":"filter_elektritoukeratas-ft_inokim_ox_eco_hero_super","12":"filter_elektritoukeratas-ft_joyor_x1_x5s","13":"filter_elektritoukeratas-ft_kugoo_g1","14":"filter_elektritoukeratas-ft_techlife_x7_x7_lite_x7s","15":"filter_elektritoukeratas-ft_zero_10x","17":"first","18":"instock","19":"taxable","20":"shipping-taxable","21":"purchasable","22":"product-type-simple"},"yoast_head":"<!-- This site is optimized with the Yoast SEO Premium plugin v26.8 (Yoast SEO v27.5) - https:\/\/yoast.com\/product\/yoast-seo-premium-wordpress\/ -->\n<title>Brake pads Inokim OX Gpad Joyride metal brackets | T\u00f5uksimaailm | Parts<\/title>\n<meta name=\"description\" content=\"Brake pads Inokim OX \/ Gpad Joyride \/ Shimano XTR, for electric scooter or bicycle. Wear material metal. Electric scooter spare parts and parts.\" \/>\n<meta name=\"robots\" content=\"index, follow, max-snippet:-1, max-image-preview:large, max-video-preview:-1\" \/>\n<link rel=\"canonical\" href=\"https:\/\/www.xn--tuksimaailm-ffb.ee\/en\/product\/brake-pads-inokim-ox-gpad-joyride-metal-brackets\/\" \/>\n<meta property=\"og:locale\" content=\"en_US\" \/>\n<meta property=\"og:type\" content=\"article\" \/>\n<meta property=\"og:title\" content=\"Brake pads Inokim OX Gpad Joyride metal brackets\" \/>\n<meta property=\"og:description\" content=\"Brake pads Inokim OX \/ Gpad Joyride \/ Shimano XTR, for electric scooter or bicycle. Wear material metal. Electric scooter spare parts and parts.\" \/>\n<meta property=\"og:url\" content=\"https:\/\/www.xn--tuksimaailm-ffb.ee\/en\/product\/brake-pads-inokim-ox-gpad-joyride-metal-brackets\/\" \/>\n<meta property=\"og:site_name\" content=\"T\u00f5uksimaailm\" \/>\n<meta property=\"article:publisher\" content=\"https:\/\/www.facebook.com\/touksimaailm\/\" \/>\n<meta property=\"og:image\" content=\"https:\/\/www.XN--TUKSIMAAILM-FFB.EE\/wp-content\/uploads\/2021\/02\/crbp005-metall.png\" \/>\n\t<meta property=\"og:image:width\" content=\"1163\" \/>\n\t<meta property=\"og:image:height\" content=\"837\" \/>\n\t<meta property=\"og:image:type\" content=\"image\/png\" \/>\n<meta name=\"twitter:card\" content=\"summary_large_image\" \/>\n<meta name=\"twitter:label1\" content=\"Price\" \/>\n\t<meta name=\"twitter:data1\" content=\"&euro;9.50\" \/>\n\t<meta name=\"twitter:label2\" content=\"Availability\" \/>\n\t<meta name=\"twitter:data2\" content=\"In stock\" \/>\n<meta property=\"product:price:amount\" content=\"9.50\" \/>\n<meta property=\"product:price:currency\" content=\"EUR\" \/>\n<meta property=\"og:availability\" content=\"instock\" \/>\n<meta property=\"product:availability\" content=\"instock\" \/>\n<meta property=\"product:retailer_item_id\" content=\"PIDURIKLOTSID-OX-METALL\" \/>\n<meta property=\"product:condition\" content=\"new\" \/>\n<!-- \/ Yoast SEO Premium plugin. -->","yoast_head_json":{"title":"Brake pads Inokim OX Gpad Joyride metal brackets | T\u00f5uksimaailm | Parts","description":"Brake pads Inokim OX \/ Gpad Joyride \/ Shimano XTR, for electric scooter or bicycle. Wear material metal. Electric scooter spare parts and parts.","robots":{"index":"index","follow":"follow","max-snippet":"max-snippet:-1","max-image-preview":"max-image-preview:large","max-video-preview":"max-video-preview:-1"},"canonical":"https:\/\/www.xn--tuksimaailm-ffb.ee\/en\/product\/brake-pads-inokim-ox-gpad-joyride-metal-brackets\/","og_locale":"en_US","og_type":"article","og_title":"Brake pads Inokim OX Gpad Joyride metal brackets","og_description":"Brake pads Inokim OX \/ Gpad Joyride \/ Shimano XTR, for electric scooter or bicycle. Wear material metal. Electric scooter spare parts and parts.","og_url":"https:\/\/www.xn--tuksimaailm-ffb.ee\/en\/product\/brake-pads-inokim-ox-gpad-joyride-metal-brackets\/","og_site_name":"T\u00f5uksimaailm","article_publisher":"https:\/\/www.facebook.com\/touksimaailm\/","og_image":[{"width":1163,"height":837,"url":"https:\/\/www.XN--TUKSIMAAILM-FFB.EE\/wp-content\/uploads\/2021\/02\/crbp005-metall.png","type":"image\/png"}],"twitter_card":"summary_large_image","twitter_misc":{"Price":"&euro;9.50","Availability":"In stock"},"schema":{"@context":"https:\/\/schema.org","@graph":[{"@type":"WebPage","@id":"https:\/\/www.xn--tuksimaailm-ffb.ee\/en\/product\/brake-pads-inokim-ox-gpad-joyride-metal-brackets\/","url":"https:\/\/www.xn--tuksimaailm-ffb.ee\/en\/product\/brake-pads-inokim-ox-gpad-joyride-metal-brackets\/","name":"Brake pads Inokim OX Gpad Joyride metal brackets | T\u00f5uksimaailm | Parts","isPartOf":{"@id":"https:\/\/www.xn--tuksimaailm-ffb.ee\/en\/#website"},"primaryImageOfPage":{"@id":"https:\/\/www.xn--tuksimaailm-ffb.ee\/en\/product\/brake-pads-inokim-ox-gpad-joyride-metal-brackets\/#primaryimage"},"image":{"@id":"https:\/\/www.xn--tuksimaailm-ffb.ee\/en\/product\/brake-pads-inokim-ox-gpad-joyride-metal-brackets\/#primaryimage"},"thumbnailUrl":"https:\/\/www.xn--tuksimaailm-ffb.ee\/wp-content\/uploads\/2021\/02\/crbp005-metall.png","datePublished":"2021-02-06T15:15:32+00:00","description":"Brake pads Inokim OX \/ Gpad Joyride \/ Shimano XTR, for electric scooter or bicycle. Wear material metal. Electric scooter spare parts and parts.","breadcrumb":{"@id":"https:\/\/www.xn--tuksimaailm-ffb.ee\/en\/product\/brake-pads-inokim-ox-gpad-joyride-metal-brackets\/#breadcrumb"},"inLanguage":"en-US","potentialAction":[{"@type":"ReadAction","target":["https:\/\/www.xn--tuksimaailm-ffb.ee\/en\/product\/brake-pads-inokim-ox-gpad-joyride-metal-brackets\/"]}]},{"@type":"ImageObject","inLanguage":"en-US","@id":"https:\/\/www.xn--tuksimaailm-ffb.ee\/en\/product\/brake-pads-inokim-ox-gpad-joyride-metal-brackets\/#primaryimage","url":"https:\/\/www.xn--tuksimaailm-ffb.ee\/wp-content\/uploads\/2021\/02\/crbp005-metall.png","contentUrl":"https:\/\/www.xn--tuksimaailm-ffb.ee\/wp-content\/uploads\/2021\/02\/crbp005-metall.png","width":1163,"height":837,"caption":"Brake pads Inokim OX Gpad Joyride metal brackets"},{"@type":"BreadcrumbList","@id":"https:\/\/www.xn--tuksimaailm-ffb.ee\/en\/product\/brake-pads-inokim-ox-gpad-joyride-metal-brackets\/#breadcrumb","itemListElement":[{"@type":"ListItem","position":1,"name":"Home","item":"https:\/\/www.xn--tuksimaailm-ffb.ee\/en\/main-page\/"},{"@type":"ListItem","position":2,"name":"Shop","item":"https:\/\/www.xn--tuksimaailm-ffb.ee\/elektritoukerataste-pood\/"},{"@type":"ListItem","position":3,"name":"Brake pads Inokim OX Gpad Joyride metal brackets"}]},{"@type":"WebSite","@id":"https:\/\/www.xn--tuksimaailm-ffb.ee\/en\/#website","url":"https:\/\/www.xn--tuksimaailm-ffb.ee\/en\/","name":"T\u00f5uksimaailm","description":"Elektrit\u00f5ukerataste m\u00fc\u00fck, remont ja rent","publisher":{"@id":"https:\/\/www.xn--tuksimaailm-ffb.ee\/en\/#organization"},"potentialAction":[{"@type":"SearchAction","target":{"@type":"EntryPoint","urlTemplate":"https:\/\/www.xn--tuksimaailm-ffb.ee\/en\/?s={search_term_string}"},"query-input":{"@type":"PropertyValueSpecification","valueRequired":true,"valueName":"search_term_string"}}],"inLanguage":"en-US"},{"@type":"Organization","@id":"https:\/\/www.xn--tuksimaailm-ffb.ee\/en\/#organization","name":"T\u00f5uksimaailm","url":"https:\/\/www.xn--tuksimaailm-ffb.ee\/en\/","logo":{"@type":"ImageObject","inLanguage":"en-US","@id":"https:\/\/www.xn--tuksimaailm-ffb.ee\/en\/#\/schema\/logo\/image\/","url":"https:\/\/www.xn--tuksimaailm-ffb.ee\/wp-content\/uploads\/2020\/01\/logoz-e1579792875517.png","contentUrl":"https:\/\/www.xn--tuksimaailm-ffb.ee\/wp-content\/uploads\/2020\/01\/logoz-e1579792875517.png","width":250,"height":250,"caption":"T\u00f5uksimaailm"},"image":{"@id":"https:\/\/www.xn--tuksimaailm-ffb.ee\/en\/#\/schema\/logo\/image\/"},"sameAs":["https:\/\/www.facebook.com\/touksimaailm\/","https:\/\/www.instagram.com\/touksimaailm_\/","https:\/\/www.youtube.com\/channel\/UC18ml0EKIDLP1xGuQjFzcXQ"]}]},"product_price_amount":"9.50","product_price_currency":"EUR","og_availability":"instock","product_availability":"instock","product_retailer_item_id":"PIDURIKLOTSID-OX-METALL","product_condition":"new"},"jetpack_sharing_enabled":true,"_links":{"self":[{"href":"https:\/\/www.xn--tuksimaailm-ffb.ee\/en\/wp-json\/wp\/v2\/product\/57985","targetHints":{"allow":["GET"]}}],"collection":[{"href":"https:\/\/www.xn--tuksimaailm-ffb.ee\/en\/wp-json\/wp\/v2\/product"}],"about":[{"href":"https:\/\/www.xn--tuksimaailm-ffb.ee\/en\/wp-json\/wp\/v2\/types\/product"}],"wp:featuredmedia":[{"embeddable":true,"href":"https:\/\/www.xn--tuksimaailm-ffb.ee\/en\/wp-json\/wp\/v2\/media\/13595"}],"wp:attachment":[{"href":"https:\/\/www.xn--tuksimaailm-ffb.ee\/en\/wp-json\/wp\/v2\/media?parent=57985"}],"wp:term":[{"taxonomy":"product_brand","embeddable":true,"href":"https:\/\/www.xn--tuksimaailm-ffb.ee\/en\/wp-json\/wp\/v2\/product_brand?post=57985"},{"taxonomy":"product_cat","embeddable":true,"href":"https:\/\/www.xn--tuksimaailm-ffb.ee\/en\/wp-json\/wp\/v2\/product_cat?post=57985"},{"taxonomy":"product_tag","embeddable":true,"href":"https:\/\/www.xn--tuksimaailm-ffb.ee\/en\/wp-json\/wp\/v2\/product_tag?post=57985"},{"taxonomy":"filter_elektritoukeratas","embeddable":true,"href":"https:\/\/www.xn--tuksimaailm-ffb.ee\/en\/wp-json\/wp\/v2\/filter_elektritoukeratas?post=57985"}],"curies":[{"name":"wp","href":"https:\/\/api.w.org\/{rel}","templated":true}]}}