{"id":57986,"date":"2021-02-06T16:05:39","date_gmt":"2021-02-06T13:05:39","guid":{"rendered":"http:\/\/www.xn--tuksimaailm-ffb.ee\/shop\/brake-pads-jagwire-kugoo-g-booster-semi-metallic\/"},"modified":"2021-02-06T16:05:39","modified_gmt":"2021-02-06T13:05:39","slug":"brake-pads-jagwire-kugoo-g-booster-semi-metallic","status":"publish","type":"product","link":"https:\/\/www.xn--tuksimaailm-ffb.ee\/en\/product\/brake-pads-jagwire-kugoo-g-booster-semi-metallic\/","title":{"rendered":"Brake pads Jagwire Kugoo G-Booster semi-metallic"},"content":{"rendered":"<p>Brake pads <b><strong>Jagwire<\/strong><\/b> Kugoo G-Booster \/ Avid Elixir, for electric scooter or bicycle. Set includes 1 pair (2 pads). Wear material of the shoe is <b><strong>semi-metal<\/strong><\/b>. Jagwire brake pads are suitable for the popular electric pushbike in Estonia<b> <\/b> Kugoo<a href=\"https:\/\/kugoo.eu\/products\/kugoo-g-booster-folding-electric-scooter-dual-800w-motors-3-speed-modes-max-55km-h-10-inch-tire-black?variant=31529644327005\"><b><strong>G-Booster<\/strong><\/b><\/a>. Also suitable for<b><strong> Avid Elixir<\/strong><\/b> and <b><strong>Sram XX \/ XO<\/strong><\/b> disc brakes. <b><strong>Note:<\/strong><\/b> Some versions of the Kugoo G-Booster electric scooter are suitable for <a href=\"http:\/\/www.xn--tuksimaailm-ffb.ee\/shop\/piduriklotsid-gpad-joyride-inokim-ox-shimano-xtr\/\"><b><strong>other brake pads<\/strong><\/b><\/a>. We also offer <a href=\"http:\/\/www.xn--tuksimaailm-ffb.ee\/shop\/piduriklotsid-avid-elixir-sramxx-kugoo-g-booster-metall\/\"><b><strong>metal<\/strong><\/b><\/a>, <a href=\"http:\/\/www.xn--tuksimaailm-ffb.ee\/shop\/piduriklotsid-kugoo-g-booster-avid-elixir-sram-xx-xo\/\"><b><strong>resin<\/strong><\/b><\/a> and <a href=\"http:\/\/www.xn--tuksimaailm-ffb.ee\/shop\/piduriklotsid-avid-elixir-kugoo-g-booster-keraamilised\/\"><b><strong>ceramic<\/strong><\/b><\/a> brake pads of this type. If you need to replace the brake pads on your scooter or bicycle, or if you have problems with the brake adjustment that always accompanies their replacement, our <a href=\"http:\/\/www.xn--tuksimaailm-ffb.ee\/elektrilise-toukeratta-remont\/\">workshop<\/a> can help. Before you buy new brake pads, we recommend that you check whether the poor braking performance is definitely due to pad wear (or contamination) or whether it is just a stretched cable that needs tightening. In most cases, it is the brake adjustment that is needed, not the replacement of the brake pads.<\/p>\n","protected":false},"excerpt":{"rendered":"<p>Brake pads Jagwire Kugoo G-Booster \/ Avid Elixir, for electric scooter or bicycle. Set includes 1 pair (2 pads). Wear material of the shoe is semi-metal. Jagwire brake pads are suitable for the popular electric pushbike in Estonia KugooG-Booster. Also suitable for Avid Elixir and Sram XX \/ XO disc &hellip;<\/p>\n","protected":false},"featured_media":13605,"template":"","meta":[],"product_brand":[],"product_cat":[726],"product_tag":[3236],"filter_elektritoukeratas":[2706,2678,2679,2755,2750],"class_list":{"0":"post-57986","1":"product","2":"type-product","3":"status-publish","4":"has-post-thumbnail","6":"product_cat-spare-parts","7":"product_tag-brake-pads","8":"pa_tootetuup-brake-pads","9":"filter_elektritoukeratas-ft_gpad_storm","10":"filter_elektritoukeratas-ft_kugoo_g_booster","11":"filter_elektritoukeratas-ft_kugoo_g1","12":"filter_elektritoukeratas-ft_techlife_x7_x7_lite_x7s","13":"filter_elektritoukeratas-ft_zero_10x","15":"first","16":"instock","17":"taxable","18":"shipping-taxable","19":"purchasable","20":"product-type-simple"},"yoast_head":"<!-- This site is optimized with the Yoast SEO Premium plugin v26.8 (Yoast SEO v27.5) - https:\/\/yoast.com\/product\/yoast-seo-premium-wordpress\/ -->\n<title>Brake pads Jagwire Kugoo G-Booster semi-metallic | T\u00f5uksimaailm<\/title>\n<meta name=\"description\" content=\"Brake pads Jagwire Kugoo G-Booster \/ Avid Elixir, for electric scooter or bicycle. Set of 2 pads. Semi metal. Spare parts and parts.\" \/>\n<meta name=\"robots\" content=\"index, follow, max-snippet:-1, max-image-preview:large, max-video-preview:-1\" \/>\n<link rel=\"canonical\" href=\"https:\/\/www.xn--tuksimaailm-ffb.ee\/en\/product\/brake-pads-jagwire-kugoo-g-booster-semi-metallic\/\" \/>\n<meta property=\"og:locale\" content=\"en_US\" \/>\n<meta property=\"og:type\" content=\"article\" \/>\n<meta property=\"og:title\" content=\"Brake pads Jagwire Kugoo G-Booster semi-metallic\" \/>\n<meta property=\"og:description\" content=\"Brake pads Jagwire Kugoo G-Booster \/ Avid Elixir, for electric scooter or bicycle. Set of 2 pads. Semi metal. Spare parts and parts.\" \/>\n<meta property=\"og:url\" content=\"https:\/\/www.xn--tuksimaailm-ffb.ee\/en\/product\/brake-pads-jagwire-kugoo-g-booster-semi-metallic\/\" \/>\n<meta property=\"og:site_name\" content=\"T\u00f5uksimaailm\" \/>\n<meta property=\"article:publisher\" content=\"https:\/\/www.facebook.com\/touksimaailm\/\" \/>\n<meta property=\"og:image\" content=\"https:\/\/www.xn--tuksimaailm-ffb.ee\/wp-content\/uploads\/2021\/02\/touksimaailm-04985.jpg\" \/>\n\t<meta property=\"og:image:width\" content=\"1730\" \/>\n\t<meta property=\"og:image:height\" content=\"1730\" \/>\n\t<meta property=\"og:image:type\" content=\"image\/jpeg\" \/>\n<meta name=\"twitter:card\" content=\"summary_large_image\" \/>\n<meta name=\"twitter:label1\" content=\"Price\" \/>\n\t<meta name=\"twitter:data1\" content=\"&euro;19.50\" \/>\n\t<meta name=\"twitter:label2\" content=\"Availability\" \/>\n\t<meta name=\"twitter:data2\" content=\"In stock\" \/>\n<meta property=\"product:price:amount\" content=\"19.50\" \/>\n<meta property=\"product:price:currency\" content=\"EUR\" \/>\n<meta property=\"og:availability\" content=\"instock\" \/>\n<meta property=\"product:availability\" content=\"instock\" \/>\n<meta property=\"product:retailer_item_id\" content=\"PIDURIKLOTSID-GBOOSTER-JAGWIRE-POOLMETALL\" \/>\n<meta property=\"product:condition\" content=\"new\" \/>\n<!-- \/ Yoast SEO Premium plugin. -->","yoast_head_json":{"title":"Brake pads Jagwire Kugoo G-Booster semi-metallic | T\u00f5uksimaailm","description":"Brake pads Jagwire Kugoo G-Booster \/ Avid Elixir, for electric scooter or bicycle. Set of 2 pads. Semi metal. Spare parts and parts.","robots":{"index":"index","follow":"follow","max-snippet":"max-snippet:-1","max-image-preview":"max-image-preview:large","max-video-preview":"max-video-preview:-1"},"canonical":"https:\/\/www.xn--tuksimaailm-ffb.ee\/en\/product\/brake-pads-jagwire-kugoo-g-booster-semi-metallic\/","og_locale":"en_US","og_type":"article","og_title":"Brake pads Jagwire Kugoo G-Booster semi-metallic","og_description":"Brake pads Jagwire Kugoo G-Booster \/ Avid Elixir, for electric scooter or bicycle. Set of 2 pads. Semi metal. Spare parts and parts.","og_url":"https:\/\/www.xn--tuksimaailm-ffb.ee\/en\/product\/brake-pads-jagwire-kugoo-g-booster-semi-metallic\/","og_site_name":"T\u00f5uksimaailm","article_publisher":"https:\/\/www.facebook.com\/touksimaailm\/","og_image":[{"width":1730,"height":1730,"url":"https:\/\/www.xn--tuksimaailm-ffb.ee\/wp-content\/uploads\/2021\/02\/touksimaailm-04985.jpg","type":"image\/jpeg"}],"twitter_card":"summary_large_image","twitter_misc":{"Price":"&euro;19.50","Availability":"In stock"},"schema":{"@context":"https:\/\/schema.org","@graph":[{"@type":"WebPage","@id":"https:\/\/www.xn--tuksimaailm-ffb.ee\/en\/product\/brake-pads-jagwire-kugoo-g-booster-semi-metallic\/","url":"https:\/\/www.xn--tuksimaailm-ffb.ee\/en\/product\/brake-pads-jagwire-kugoo-g-booster-semi-metallic\/","name":"Brake pads Jagwire Kugoo G-Booster semi-metallic | T\u00f5uksimaailm","isPartOf":{"@id":"https:\/\/www.xn--tuksimaailm-ffb.ee\/en\/#website"},"primaryImageOfPage":{"@id":"https:\/\/www.xn--tuksimaailm-ffb.ee\/en\/product\/brake-pads-jagwire-kugoo-g-booster-semi-metallic\/#primaryimage"},"image":{"@id":"https:\/\/www.xn--tuksimaailm-ffb.ee\/en\/product\/brake-pads-jagwire-kugoo-g-booster-semi-metallic\/#primaryimage"},"thumbnailUrl":"https:\/\/www.xn--tuksimaailm-ffb.ee\/wp-content\/uploads\/2021\/02\/touksimaailm-04985.jpg","datePublished":"2021-02-06T13:05:39+00:00","description":"Brake pads Jagwire Kugoo G-Booster \/ Avid Elixir, for electric scooter or bicycle. Set of 2 pads. Semi metal. Spare parts and parts.","breadcrumb":{"@id":"https:\/\/www.xn--tuksimaailm-ffb.ee\/en\/product\/brake-pads-jagwire-kugoo-g-booster-semi-metallic\/#breadcrumb"},"inLanguage":"en-US","potentialAction":[{"@type":"ReadAction","target":["https:\/\/www.xn--tuksimaailm-ffb.ee\/en\/product\/brake-pads-jagwire-kugoo-g-booster-semi-metallic\/"]}]},{"@type":"ImageObject","inLanguage":"en-US","@id":"https:\/\/www.xn--tuksimaailm-ffb.ee\/en\/product\/brake-pads-jagwire-kugoo-g-booster-semi-metallic\/#primaryimage","url":"https:\/\/www.xn--tuksimaailm-ffb.ee\/wp-content\/uploads\/2021\/02\/touksimaailm-04985.jpg","contentUrl":"https:\/\/www.xn--tuksimaailm-ffb.ee\/wp-content\/uploads\/2021\/02\/touksimaailm-04985.jpg","width":1730,"height":1730,"caption":"Brake pads Jagwire Kugoo G-Booster semi-metallic"},{"@type":"BreadcrumbList","@id":"https:\/\/www.xn--tuksimaailm-ffb.ee\/en\/product\/brake-pads-jagwire-kugoo-g-booster-semi-metallic\/#breadcrumb","itemListElement":[{"@type":"ListItem","position":1,"name":"Home","item":"https:\/\/www.xn--tuksimaailm-ffb.ee\/en\/main-page\/"},{"@type":"ListItem","position":2,"name":"Shop","item":"https:\/\/www.xn--tuksimaailm-ffb.ee\/elektritoukerataste-pood\/"},{"@type":"ListItem","position":3,"name":"Brake pads Jagwire Kugoo G-Booster semi-metallic"}]},{"@type":"WebSite","@id":"https:\/\/www.xn--tuksimaailm-ffb.ee\/en\/#website","url":"https:\/\/www.xn--tuksimaailm-ffb.ee\/en\/","name":"T\u00f5uksimaailm","description":"Elektrit\u00f5ukerataste m\u00fc\u00fck, remont ja rent","publisher":{"@id":"https:\/\/www.xn--tuksimaailm-ffb.ee\/en\/#organization"},"potentialAction":[{"@type":"SearchAction","target":{"@type":"EntryPoint","urlTemplate":"https:\/\/www.xn--tuksimaailm-ffb.ee\/en\/?s={search_term_string}"},"query-input":{"@type":"PropertyValueSpecification","valueRequired":true,"valueName":"search_term_string"}}],"inLanguage":"en-US"},{"@type":"Organization","@id":"https:\/\/www.xn--tuksimaailm-ffb.ee\/en\/#organization","name":"T\u00f5uksimaailm","url":"https:\/\/www.xn--tuksimaailm-ffb.ee\/en\/","logo":{"@type":"ImageObject","inLanguage":"en-US","@id":"https:\/\/www.xn--tuksimaailm-ffb.ee\/en\/#\/schema\/logo\/image\/","url":"https:\/\/www.xn--tuksimaailm-ffb.ee\/wp-content\/uploads\/2020\/01\/logoz-e1579792875517.png","contentUrl":"https:\/\/www.xn--tuksimaailm-ffb.ee\/wp-content\/uploads\/2020\/01\/logoz-e1579792875517.png","width":250,"height":250,"caption":"T\u00f5uksimaailm"},"image":{"@id":"https:\/\/www.xn--tuksimaailm-ffb.ee\/en\/#\/schema\/logo\/image\/"},"sameAs":["https:\/\/www.facebook.com\/touksimaailm\/","https:\/\/www.instagram.com\/touksimaailm_\/","https:\/\/www.youtube.com\/channel\/UC18ml0EKIDLP1xGuQjFzcXQ"]}]},"product_price_amount":"19.50","product_price_currency":"EUR","og_availability":"instock","product_availability":"instock","product_retailer_item_id":"PIDURIKLOTSID-GBOOSTER-JAGWIRE-POOLMETALL","product_condition":"new"},"jetpack_sharing_enabled":true,"_links":{"self":[{"href":"https:\/\/www.xn--tuksimaailm-ffb.ee\/en\/wp-json\/wp\/v2\/product\/57986","targetHints":{"allow":["GET"]}}],"collection":[{"href":"https:\/\/www.xn--tuksimaailm-ffb.ee\/en\/wp-json\/wp\/v2\/product"}],"about":[{"href":"https:\/\/www.xn--tuksimaailm-ffb.ee\/en\/wp-json\/wp\/v2\/types\/product"}],"wp:featuredmedia":[{"embeddable":true,"href":"https:\/\/www.xn--tuksimaailm-ffb.ee\/en\/wp-json\/wp\/v2\/media\/13605"}],"wp:attachment":[{"href":"https:\/\/www.xn--tuksimaailm-ffb.ee\/en\/wp-json\/wp\/v2\/media?parent=57986"}],"wp:term":[{"taxonomy":"product_brand","embeddable":true,"href":"https:\/\/www.xn--tuksimaailm-ffb.ee\/en\/wp-json\/wp\/v2\/product_brand?post=57986"},{"taxonomy":"product_cat","embeddable":true,"href":"https:\/\/www.xn--tuksimaailm-ffb.ee\/en\/wp-json\/wp\/v2\/product_cat?post=57986"},{"taxonomy":"product_tag","embeddable":true,"href":"https:\/\/www.xn--tuksimaailm-ffb.ee\/en\/wp-json\/wp\/v2\/product_tag?post=57986"},{"taxonomy":"filter_elektritoukeratas","embeddable":true,"href":"https:\/\/www.xn--tuksimaailm-ffb.ee\/en\/wp-json\/wp\/v2\/filter_elektritoukeratas?post=57986"}],"curies":[{"name":"wp","href":"https:\/\/api.w.org\/{rel}","templated":true}]}}