{"id":57998,"date":"2021-02-06T19:17:02","date_gmt":"2021-02-06T19:17:02","guid":{"rendered":"http:\/\/www.xn--tuksimaailm-ffb.ee\/shop\/electric-scooter-electric-bicycle-battery-connectors-xt60\/"},"modified":"2021-02-06T19:17:02","modified_gmt":"2021-02-06T16:17:02","slug":"electric-scooter-electric-bicycle-battery-connectors-xt60","status":"publish","type":"product","link":"https:\/\/www.xn--tuksimaailm-ffb.ee\/en\/product\/electric-scooter-electric-bicycle-battery-connectors-xt60\/","title":{"rendered":"Electric scooter \/ electric bicycle battery connectors XT60"},"content":{"rendered":"<p>Electric scooter \/ electric bicycle battery connectors <b><strong>XT60<\/strong><\/b>. The set includes 2 connectors (female + male) - one for the controller, the other for the battery. The battery and controller connectors need to be replaced in case of a short circuit in the battery connector. The plugs also need to be replaced if the plugs are fused \/ broken due to overload. If you need to carry out a battery or controller plug replacement or any other repair on an electric scooter, balance bike or electric bicycle, our<a href=\"http:\/\/www.xn--tuksimaailm-ffb.ee\/elektrilise-toukeratta-remont\/\"><b><strong>electric scooter workshop<\/strong><\/b><\/a><b> <\/b> with its long experience in electric mobility can help.<\/p>\n","protected":false},"excerpt":{"rendered":"<p>Electric scooter \/ electric bicycle battery connectors XT60. The set includes 2 connectors (female + male) - one for the controller, the other for the battery. The battery and controller connectors need to be replaced in case of a short circuit in the battery connector. The plugs also need to &hellip;<\/p>\n","protected":false},"featured_media":76099,"template":"","meta":[],"product_brand":[],"product_cat":[726],"product_tag":[3451,3410],"filter_elektritoukeratas":[2730,2733,2732,2736,2734,2735,2610,2737,2707,2705,2704,2703,2706,2702,2711,2709,2714,2715,2712,2713,2719,2718,2721,2720,2717,2722,2726,2725,2727,2724,2728,2681,2678,2679,2680,2671,2672,2670,2669,2673,2675,2676,3238,2668,2677,2649,2650,2651,2682,2683,2684,2731,2729,2740,2741,2739,2743,2742,2744,2639,2640,2641,2644,2638,2637,2643,2642,2753,2754,2755,2756,3239,2694,2695,2693,2691,2692,2646,2602,2645,2648,2647,2748,2750,2751,2746,2749,2747],"class_list":{"0":"post-57998","1":"product","2":"type-product","3":"status-publish","4":"has-post-thumbnail","6":"product_cat-spare-parts","7":"product_tag-electric-scooter-spare-parts","8":"product_tag-universal-electricscooter-spare-parts","9":"pa_tootetuup-electric-scooter-spare-parts","10":"pa_tootetuup-universal-electricscooter-spare-parts","11":"filter_elektritoukeratas-ft_dualtron_eagle","12":"filter_elektritoukeratas-ft_dualtron_mini","13":"filter_elektritoukeratas-ft_dualtron_spider","14":"filter_elektritoukeratas-ft_dualtron_storm","15":"filter_elektritoukeratas-ft_dualtron_thunder","16":"filter_elektritoukeratas-ft_dualtron_ultra","17":"filter_elektritoukeratas-ft_dualtron_victor","18":"filter_elektritoukeratas-ft_dualtron_x_x2","19":"filter_elektritoukeratas-ft_gpad_f3_max","20":"filter_elektritoukeratas-ft_gpad_foxen","21":"filter_elektritoukeratas-ft_gpad_joyride","22":"filter_elektritoukeratas-ft_gpad_retro","23":"filter_elektritoukeratas-ft_gpad_storm","24":"filter_elektritoukeratas-ft_gpad_svan","25":"filter_elektritoukeratas-ft_inokim_light_2_max_super","26":"filter_elektritoukeratas-ft_inokim_light_hero_2_hero","27":"filter_elektritoukeratas-ft_inokim_ox_eco_hero_super","28":"filter_elektritoukeratas-ft_inokim_oxo","29":"filter_elektritoukeratas-ft_inokim_quick_3_hero_super","30":"filter_elektritoukeratas-ft_inokim_quick_4_hero_super","31":"filter_elektritoukeratas-ft_joyor_a1_a3_a5","32":"filter_elektritoukeratas-ft_joyor_f1_f3_f5s","33":"filter_elektritoukeratas-ft_joyor_g5_g5s","34":"filter_elektritoukeratas-ft_joyor_s5_s10-s_s_pro","35":"filter_elektritoukeratas-ft_joyor_x1_x5s","36":"filter_elektritoukeratas-ft_joyor_y10_y6_s_y5s","37":"filter_elektritoukeratas-ft_kaabo_mantis_10","38":"filter_elektritoukeratas-ft_kaabo_mantis_8","39":"filter_elektritoukeratas-ft_kaabo_mantis_king_gt","40":"filter_elektritoukeratas-ft_kaabo_skywalker","41":"filter_elektritoukeratas-ft_kaabo_wolf","42":"filter_elektritoukeratas-ft_kugoo_c1_c1_pro","43":"filter_elektritoukeratas-ft_kugoo_g_booster","44":"filter_elektritoukeratas-ft_kugoo_g1","45":"filter_elektritoukeratas-ft_kugoo_g1_pro","46":"filter_elektritoukeratas-ft_kugoo_g2","47":"filter_elektritoukeratas-ft_kugoo_g2_master","48":"filter_elektritoukeratas-ft_kugoo_g2_max","49":"filter_elektritoukeratas-ft_kugoo_g2_pro","50":"filter_elektritoukeratas-ft_kugoo_g3","51":"filter_elektritoukeratas-ft_kugoo_g4","52":"filter_elektritoukeratas-ft_kugoo_g4_max","53":"filter_elektritoukeratas-ft_kugoo_m2","54":"filter_elektritoukeratas-ft_kugoo_m4_m4_pro","55":"filter_elektritoukeratas-ft_kugoo_m5_pro","56":"filter_elektritoukeratas-ft_kugoo_s1_s1_plus_s1_pro_s1_max","57":"filter_elektritoukeratas-ft_kugoo_s2_s2_pro","58":"filter_elektritoukeratas-ft_kugoo_s3_s3_plus_s3_pro","59":"filter_elektritoukeratas-ft_kugoo_v1_v1_pro","60":"filter_elektritoukeratas-ft_kugoo_v2","61":"filter_elektritoukeratas-ft_kugoo_v3","62":"filter_elektritoukeratas-ft_minimotors_speedway_4_5","63":"filter_elektritoukeratas-ft_minimotors_speedway_leger","64":"filter_elektritoukeratas-ft_nanrobot_d4_plus","65":"filter_elektritoukeratas-ft_nanrobot_d6_plus","66":"filter_elektritoukeratas-ft_nanrobot_lightning","67":"filter_elektritoukeratas-ft_nanrobot_ls7plus","68":"filter_elektritoukeratas-ft_nanrobot_n6","69":"filter_elektritoukeratas-ft_nanrobot_x_spark","70":"filter_elektritoukeratas-ft_segway_ninebot_d18e_d28e_d38e","71":"filter_elektritoukeratas-ft_segway_ninebot_f20d_f25e_ii_f30d_f40d_f40d_ii","72":"filter_elektritoukeratas-ft_segway_ninebot_f65_f65i","73":"filter_elektritoukeratas-ft_segway_ninebot_gt1e_gt1d_gt2p","74":"filter_elektritoukeratas-ft_segway_ninebot_max_g2e_g65","75":"filter_elektritoukeratas-ft_segway_ninebot_max_g30p_g30le_g30e_ii_g30lp_ii","76":"filter_elektritoukeratas-ft_segway_ninebot_p100s_p100se","77":"filter_elektritoukeratas-ft_segway_ninebot_p65e_p65i","78":"filter_elektritoukeratas-ft_techlife_x5_x5s","79":"filter_elektritoukeratas-ft_techlife_x6","80":"filter_elektritoukeratas-ft_techlife_x7_x7_lite_x7s","81":"filter_elektritoukeratas-ft_techlife_x8_x8s","82":"filter_elektritoukeratas-ft_techlife_x9","83":"filter_elektritoukeratas-ft_velt_smart_eco","84":"filter_elektritoukeratas-ft_velt_smart_pro","85":"filter_elektritoukeratas-ft_velt_smart_x7","86":"filter_elektritoukeratas-ft_velt_smart_x8","87":"filter_elektritoukeratas-ft_velt_smart_x8_pro","88":"filter_elektritoukeratas-ft_vsett_10_plus","89":"filter_elektritoukeratas-ft_vsett_11_plus","90":"filter_elektritoukeratas-ft_vsett_11_plus_super","91":"filter_elektritoukeratas-ft_vsett_8_8_plus","92":"filter_elektritoukeratas-ft_vsett_9_9_plus","93":"filter_elektritoukeratas-ft_zero_10","94":"filter_elektritoukeratas-ft_zero_10x","95":"filter_elektritoukeratas-ft_zero_11x","96":"filter_elektritoukeratas-ft_zero_8","97":"filter_elektritoukeratas-ft_zero_8x_compact","98":"filter_elektritoukeratas-ft_zero_9","100":"first","101":"instock","102":"taxable","103":"shipping-taxable","104":"purchasable","105":"product-type-simple"},"yoast_head":"<!-- This site is optimized with the Yoast SEO Premium plugin v26.8 (Yoast SEO v27.5) - https:\/\/yoast.com\/product\/yoast-seo-premium-wordpress\/ -->\n<title>Electric scooter \/ electric bicycle battery connectors XT60 | T\u00f5uksimaailm<\/title>\n<meta name=\"description\" content=\"Electric scooter \/ electric bicycle battery connectors XT60. There are 2 plugs in the set - one for the controller, the other for the battery. Spare parts for electric scooter.\" \/>\n<meta name=\"robots\" content=\"index, follow, max-snippet:-1, max-image-preview:large, max-video-preview:-1\" \/>\n<link rel=\"canonical\" href=\"https:\/\/www.xn--tuksimaailm-ffb.ee\/en\/product\/electric-scooter-electric-bicycle-battery-connectors-xt60\/\" \/>\n<meta property=\"og:locale\" content=\"en_US\" \/>\n<meta property=\"og:type\" content=\"article\" \/>\n<meta property=\"og:title\" content=\"Electric scooter \/ electric bicycle battery connectors XT60\" \/>\n<meta property=\"og:description\" content=\"Electric scooter \/ electric bicycle battery connectors XT60. There are 2 plugs in the set - one for the controller, the other for the battery. Spare parts for electric scooter.\" \/>\n<meta property=\"og:url\" content=\"https:\/\/www.xn--tuksimaailm-ffb.ee\/en\/product\/electric-scooter-electric-bicycle-battery-connectors-xt60\/\" \/>\n<meta property=\"og:site_name\" content=\"T\u00f5uksimaailm\" \/>\n<meta property=\"article:publisher\" content=\"https:\/\/www.facebook.com\/touksimaailm\/\" \/>\n<meta property=\"og:image\" content=\"https:\/\/www.xn--tuksimaailm-ffb.ee\/wp-content\/uploads\/2021\/02\/xt60-pistikud-1.png\" \/>\n\t<meta property=\"og:image:width\" content=\"825\" \/>\n\t<meta property=\"og:image:height\" content=\"553\" \/>\n\t<meta property=\"og:image:type\" content=\"image\/png\" \/>\n<meta name=\"twitter:card\" content=\"summary_large_image\" \/>\n<meta name=\"twitter:label1\" content=\"Price\" \/>\n\t<meta name=\"twitter:data1\" content=\"&euro;5.00\" \/>\n\t<meta name=\"twitter:label2\" content=\"Availability\" \/>\n\t<meta name=\"twitter:data2\" content=\"In stock\" \/>\n<meta property=\"product:price:amount\" content=\"5.00\" \/>\n<meta property=\"product:price:currency\" content=\"EUR\" \/>\n<meta property=\"og:availability\" content=\"instock\" \/>\n<meta property=\"product:availability\" content=\"instock\" \/>\n<meta property=\"product:condition\" content=\"new\" \/>\n<!-- \/ Yoast SEO Premium plugin. -->","yoast_head_json":{"title":"Electric scooter \/ electric bicycle battery connectors XT60 | T\u00f5uksimaailm","description":"Electric scooter \/ electric bicycle battery connectors XT60. There are 2 plugs in the set - one for the controller, the other for the battery. Spare parts for electric scooter.","robots":{"index":"index","follow":"follow","max-snippet":"max-snippet:-1","max-image-preview":"max-image-preview:large","max-video-preview":"max-video-preview:-1"},"canonical":"https:\/\/www.xn--tuksimaailm-ffb.ee\/en\/product\/electric-scooter-electric-bicycle-battery-connectors-xt60\/","og_locale":"en_US","og_type":"article","og_title":"Electric scooter \/ electric bicycle battery connectors XT60","og_description":"Electric scooter \/ electric bicycle battery connectors XT60. There are 2 plugs in the set - one for the controller, the other for the battery. Spare parts for electric scooter.","og_url":"https:\/\/www.xn--tuksimaailm-ffb.ee\/en\/product\/electric-scooter-electric-bicycle-battery-connectors-xt60\/","og_site_name":"T\u00f5uksimaailm","article_publisher":"https:\/\/www.facebook.com\/touksimaailm\/","og_image":[{"width":825,"height":553,"url":"https:\/\/www.xn--tuksimaailm-ffb.ee\/wp-content\/uploads\/2021\/02\/xt60-pistikud-1.png","type":"image\/png"}],"twitter_card":"summary_large_image","twitter_misc":{"Price":"&euro;5.00","Availability":"In stock"},"schema":{"@context":"https:\/\/schema.org","@graph":[{"@type":"WebPage","@id":"https:\/\/www.xn--tuksimaailm-ffb.ee\/en\/product\/electric-scooter-electric-bicycle-battery-connectors-xt60\/","url":"https:\/\/www.xn--tuksimaailm-ffb.ee\/en\/product\/electric-scooter-electric-bicycle-battery-connectors-xt60\/","name":"Electric scooter \/ electric bicycle battery connectors XT60 | T\u00f5uksimaailm","isPartOf":{"@id":"https:\/\/www.xn--tuksimaailm-ffb.ee\/en\/#website"},"primaryImageOfPage":{"@id":"https:\/\/www.xn--tuksimaailm-ffb.ee\/en\/product\/electric-scooter-electric-bicycle-battery-connectors-xt60\/#primaryimage"},"image":{"@id":"https:\/\/www.xn--tuksimaailm-ffb.ee\/en\/product\/electric-scooter-electric-bicycle-battery-connectors-xt60\/#primaryimage"},"thumbnailUrl":"https:\/\/www.xn--tuksimaailm-ffb.ee\/wp-content\/uploads\/2021\/02\/Screenshot-2026-02-02-013521.webp","datePublished":"2021-02-06T19:17:02+00:00","description":"Electric scooter \/ electric bicycle battery connectors XT60. There are 2 plugs in the set - one for the controller, the other for the battery. Spare parts for electric scooter.","breadcrumb":{"@id":"https:\/\/www.xn--tuksimaailm-ffb.ee\/en\/product\/electric-scooter-electric-bicycle-battery-connectors-xt60\/#breadcrumb"},"inLanguage":"en-US","potentialAction":[{"@type":"ReadAction","target":["https:\/\/www.xn--tuksimaailm-ffb.ee\/en\/product\/electric-scooter-electric-bicycle-battery-connectors-xt60\/"]}]},{"@type":"ImageObject","inLanguage":"en-US","@id":"https:\/\/www.xn--tuksimaailm-ffb.ee\/en\/product\/electric-scooter-electric-bicycle-battery-connectors-xt60\/#primaryimage","url":"https:\/\/www.xn--tuksimaailm-ffb.ee\/wp-content\/uploads\/2021\/02\/Screenshot-2026-02-02-013521.webp","contentUrl":"https:\/\/www.xn--tuksimaailm-ffb.ee\/wp-content\/uploads\/2021\/02\/Screenshot-2026-02-02-013521.webp","width":666,"height":579,"caption":"Elektrit\u00f5ukeratta \/ elektrijalgratta aku pistikud XT60"},{"@type":"BreadcrumbList","@id":"https:\/\/www.xn--tuksimaailm-ffb.ee\/en\/product\/electric-scooter-electric-bicycle-battery-connectors-xt60\/#breadcrumb","itemListElement":[{"@type":"ListItem","position":1,"name":"Home","item":"https:\/\/www.xn--tuksimaailm-ffb.ee\/en\/main-page\/"},{"@type":"ListItem","position":2,"name":"Shop","item":"https:\/\/www.xn--tuksimaailm-ffb.ee\/elektritoukerataste-pood\/"},{"@type":"ListItem","position":3,"name":"Electric scooter \/ electric bicycle battery connectors XT60"}]},{"@type":"WebSite","@id":"https:\/\/www.xn--tuksimaailm-ffb.ee\/en\/#website","url":"https:\/\/www.xn--tuksimaailm-ffb.ee\/en\/","name":"T\u00f5uksimaailm","description":"Elektrit\u00f5ukerataste m\u00fc\u00fck, remont ja rent","publisher":{"@id":"https:\/\/www.xn--tuksimaailm-ffb.ee\/en\/#organization"},"potentialAction":[{"@type":"SearchAction","target":{"@type":"EntryPoint","urlTemplate":"https:\/\/www.xn--tuksimaailm-ffb.ee\/en\/?s={search_term_string}"},"query-input":{"@type":"PropertyValueSpecification","valueRequired":true,"valueName":"search_term_string"}}],"inLanguage":"en-US"},{"@type":"Organization","@id":"https:\/\/www.xn--tuksimaailm-ffb.ee\/en\/#organization","name":"T\u00f5uksimaailm","url":"https:\/\/www.xn--tuksimaailm-ffb.ee\/en\/","logo":{"@type":"ImageObject","inLanguage":"en-US","@id":"https:\/\/www.xn--tuksimaailm-ffb.ee\/en\/#\/schema\/logo\/image\/","url":"https:\/\/www.xn--tuksimaailm-ffb.ee\/wp-content\/uploads\/2020\/01\/logoz-e1579792875517.png","contentUrl":"https:\/\/www.xn--tuksimaailm-ffb.ee\/wp-content\/uploads\/2020\/01\/logoz-e1579792875517.png","width":250,"height":250,"caption":"T\u00f5uksimaailm"},"image":{"@id":"https:\/\/www.xn--tuksimaailm-ffb.ee\/en\/#\/schema\/logo\/image\/"},"sameAs":["https:\/\/www.facebook.com\/touksimaailm\/","https:\/\/www.instagram.com\/touksimaailm_\/","https:\/\/www.youtube.com\/channel\/UC18ml0EKIDLP1xGuQjFzcXQ"]}]},"product_price_amount":"5.00","product_price_currency":"EUR","og_availability":"instock","product_availability":"instock","product_condition":"new"},"jetpack_sharing_enabled":true,"_links":{"self":[{"href":"https:\/\/www.xn--tuksimaailm-ffb.ee\/en\/wp-json\/wp\/v2\/product\/57998","targetHints":{"allow":["GET"]}}],"collection":[{"href":"https:\/\/www.xn--tuksimaailm-ffb.ee\/en\/wp-json\/wp\/v2\/product"}],"about":[{"href":"https:\/\/www.xn--tuksimaailm-ffb.ee\/en\/wp-json\/wp\/v2\/types\/product"}],"wp:featuredmedia":[{"embeddable":true,"href":"https:\/\/www.xn--tuksimaailm-ffb.ee\/en\/wp-json\/wp\/v2\/media\/76099"}],"wp:attachment":[{"href":"https:\/\/www.xn--tuksimaailm-ffb.ee\/en\/wp-json\/wp\/v2\/media?parent=57998"}],"wp:term":[{"taxonomy":"product_brand","embeddable":true,"href":"https:\/\/www.xn--tuksimaailm-ffb.ee\/en\/wp-json\/wp\/v2\/product_brand?post=57998"},{"taxonomy":"product_cat","embeddable":true,"href":"https:\/\/www.xn--tuksimaailm-ffb.ee\/en\/wp-json\/wp\/v2\/product_cat?post=57998"},{"taxonomy":"product_tag","embeddable":true,"href":"https:\/\/www.xn--tuksimaailm-ffb.ee\/en\/wp-json\/wp\/v2\/product_tag?post=57998"},{"taxonomy":"filter_elektritoukeratas","embeddable":true,"href":"https:\/\/www.xn--tuksimaailm-ffb.ee\/en\/wp-json\/wp\/v2\/filter_elektritoukeratas?post=57998"}],"curies":[{"name":"wp","href":"https:\/\/api.w.org\/{rel}","templated":true}]}}