{"id":58002,"date":"2021-02-07T11:39:04","date_gmt":"2021-02-07T08:39:04","guid":{"rendered":"http:\/\/www.xn--tuksimaailm-ffb.ee\/shop\/hoverboard-charger-42v-2a\/"},"modified":"2021-02-07T11:39:04","modified_gmt":"2021-02-07T08:39:04","slug":"hoverboard-charger-42v-2a","status":"publish","type":"product","link":"https:\/\/www.xn--tuksimaailm-ffb.ee\/en\/product\/hoverboard-charger-42v-2a\/","title":{"rendered":"Hoverboard charger 42V 2A"},"content":{"rendered":"<p>Balancer \/ Hoverboard charger 42V 2A (also cable, power adapter, adaptor). Input voltage <b><strong>230VAC<\/strong><\/b>, output voltage <b><strong>42VDC<\/strong><\/b> (for batteries with 36VDC nominal voltage), maximum charging current <b><strong>2A<\/strong><\/b>. The charger is suitable for Gpad branded balancers<b><strong> 6S, 8S<\/strong><\/b> and <b><strong>10S<\/strong><\/b>, which are popular in Estonia, and for all other balancers with the same shape but different brand stickers. A new charger is required if the LED indicator light on the charger does not light up or there is no voltage at the output.<\/p>\n","protected":false},"excerpt":{"rendered":"<p>Balancer \/ Hoverboard charger 42V 2A (also cable, power adapter, adaptor). Input voltage 230VAC, output voltage 42VDC (for batteries with 36VDC nominal voltage), maximum charging current 2A. The charger is suitable for Gpad branded balancers 6S, 8S and 10S, which are popular in Estonia, and for all other balancers with &hellip;<\/p>\n","protected":false},"featured_media":13665,"template":"","meta":[],"product_brand":[],"product_cat":[746,726],"product_tag":[3358],"filter_elektritoukeratas":[],"class_list":{"0":"post-58002","1":"product","2":"type-product","3":"status-publish","4":"has-post-thumbnail","6":"product_cat-accessories","7":"product_cat-spare-parts","8":"product_tag-chargers","9":"pa_tootetuup-chargers","11":"first","12":"instock","13":"taxable","14":"shipping-taxable","15":"purchasable","16":"product-type-simple"},"yoast_head":"<!-- This site is optimized with the Yoast SEO Premium plugin v26.8 (Yoast SEO v27.5) - https:\/\/yoast.com\/product\/yoast-seo-premium-wordpress\/ -->\n<title>Hoverboard charger 42V 2A | Li-Ion | T\u00f5uksimaailm<\/title>\n<meta name=\"description\" content=\"Balancer \/ Hoverboard charger 42V 2A (also power adapter), suitable for 36V battery voltage balancers, as well as Gpad 6S, 8S, 10S. Battery chargers.\" \/>\n<meta name=\"robots\" content=\"index, follow, max-snippet:-1, max-image-preview:large, max-video-preview:-1\" \/>\n<link rel=\"canonical\" href=\"https:\/\/www.xn--tuksimaailm-ffb.ee\/en\/product\/hoverboard-charger-42v-2a\/\" \/>\n<meta property=\"og:locale\" content=\"en_US\" \/>\n<meta property=\"og:type\" content=\"article\" \/>\n<meta property=\"og:title\" content=\"Hoverboard charger 42V 2A\" \/>\n<meta property=\"og:description\" content=\"Balancer \/ Hoverboard charger 42V 2A (also power adapter), suitable for 36V battery voltage balancers, as well as Gpad 6S, 8S, 10S. Battery chargers.\" \/>\n<meta property=\"og:url\" content=\"https:\/\/www.xn--tuksimaailm-ffb.ee\/en\/product\/hoverboard-charger-42v-2a\/\" \/>\n<meta property=\"og:site_name\" content=\"T\u00f5uksimaailm\" \/>\n<meta property=\"article:publisher\" content=\"https:\/\/www.facebook.com\/touksimaailm\/\" \/>\n<meta property=\"og:image\" content=\"https:\/\/www.xn--tuksimaailm-ffb.ee\/wp-content\/uploads\/2021\/02\/42v-2a-tasakaaluliikurile.png\" \/>\n\t<meta property=\"og:image:width\" content=\"928\" \/>\n\t<meta property=\"og:image:height\" content=\"600\" \/>\n\t<meta property=\"og:image:type\" content=\"image\/png\" \/>\n<meta name=\"twitter:card\" content=\"summary_large_image\" \/>\n<meta name=\"twitter:label1\" content=\"Price\" \/>\n\t<meta name=\"twitter:data1\" content=\"&euro;35.00\" \/>\n\t<meta name=\"twitter:label2\" content=\"Availability\" \/>\n\t<meta name=\"twitter:data2\" content=\"In stock\" \/>\n<meta property=\"product:price:amount\" content=\"35.00\" \/>\n<meta property=\"product:price:currency\" content=\"EUR\" \/>\n<meta property=\"og:availability\" content=\"instock\" \/>\n<meta property=\"product:availability\" content=\"instock\" \/>\n<meta property=\"product:retailer_item_id\" content=\"LAADIJA-42V2A-TASAKAALU\" \/>\n<meta property=\"product:condition\" content=\"new\" \/>\n<!-- \/ Yoast SEO Premium plugin. -->","yoast_head_json":{"title":"Hoverboard charger 42V 2A | Li-Ion | T\u00f5uksimaailm","description":"Balancer \/ Hoverboard charger 42V 2A (also power adapter), suitable for 36V battery voltage balancers, as well as Gpad 6S, 8S, 10S. Battery chargers.","robots":{"index":"index","follow":"follow","max-snippet":"max-snippet:-1","max-image-preview":"max-image-preview:large","max-video-preview":"max-video-preview:-1"},"canonical":"https:\/\/www.xn--tuksimaailm-ffb.ee\/en\/product\/hoverboard-charger-42v-2a\/","og_locale":"en_US","og_type":"article","og_title":"Hoverboard charger 42V 2A","og_description":"Balancer \/ Hoverboard charger 42V 2A (also power adapter), suitable for 36V battery voltage balancers, as well as Gpad 6S, 8S, 10S. Battery chargers.","og_url":"https:\/\/www.xn--tuksimaailm-ffb.ee\/en\/product\/hoverboard-charger-42v-2a\/","og_site_name":"T\u00f5uksimaailm","article_publisher":"https:\/\/www.facebook.com\/touksimaailm\/","og_image":[{"width":928,"height":600,"url":"https:\/\/www.xn--tuksimaailm-ffb.ee\/wp-content\/uploads\/2021\/02\/42v-2a-tasakaaluliikurile.png","type":"image\/png"}],"twitter_card":"summary_large_image","twitter_misc":{"Price":"&euro;35.00","Availability":"In stock"},"schema":{"@context":"https:\/\/schema.org","@graph":[{"@type":"WebPage","@id":"https:\/\/www.xn--tuksimaailm-ffb.ee\/en\/product\/hoverboard-charger-42v-2a\/","url":"https:\/\/www.xn--tuksimaailm-ffb.ee\/en\/product\/hoverboard-charger-42v-2a\/","name":"Hoverboard charger 42V 2A | Li-Ion | T\u00f5uksimaailm","isPartOf":{"@id":"https:\/\/www.xn--tuksimaailm-ffb.ee\/en\/#website"},"primaryImageOfPage":{"@id":"https:\/\/www.xn--tuksimaailm-ffb.ee\/en\/product\/hoverboard-charger-42v-2a\/#primaryimage"},"image":{"@id":"https:\/\/www.xn--tuksimaailm-ffb.ee\/en\/product\/hoverboard-charger-42v-2a\/#primaryimage"},"thumbnailUrl":"https:\/\/www.xn--tuksimaailm-ffb.ee\/wp-content\/uploads\/2021\/02\/42v-2a-tasakaaluliikurile.png","datePublished":"2021-02-07T08:39:04+00:00","description":"Balancer \/ Hoverboard charger 42V 2A (also power adapter), suitable for 36V battery voltage balancers, as well as Gpad 6S, 8S, 10S. Battery chargers.","breadcrumb":{"@id":"https:\/\/www.xn--tuksimaailm-ffb.ee\/en\/product\/hoverboard-charger-42v-2a\/#breadcrumb"},"inLanguage":"en-US","potentialAction":[{"@type":"ReadAction","target":["https:\/\/www.xn--tuksimaailm-ffb.ee\/en\/product\/hoverboard-charger-42v-2a\/"]}]},{"@type":"ImageObject","inLanguage":"en-US","@id":"https:\/\/www.xn--tuksimaailm-ffb.ee\/en\/product\/hoverboard-charger-42v-2a\/#primaryimage","url":"https:\/\/www.xn--tuksimaailm-ffb.ee\/wp-content\/uploads\/2021\/02\/42v-2a-tasakaaluliikurile.png","contentUrl":"https:\/\/www.xn--tuksimaailm-ffb.ee\/wp-content\/uploads\/2021\/02\/42v-2a-tasakaaluliikurile.png","width":928,"height":600,"caption":"Hoverboard charger 42V 2A"},{"@type":"BreadcrumbList","@id":"https:\/\/www.xn--tuksimaailm-ffb.ee\/en\/product\/hoverboard-charger-42v-2a\/#breadcrumb","itemListElement":[{"@type":"ListItem","position":1,"name":"Home","item":"https:\/\/www.xn--tuksimaailm-ffb.ee\/en\/main-page\/"},{"@type":"ListItem","position":2,"name":"Shop","item":"https:\/\/www.xn--tuksimaailm-ffb.ee\/elektritoukerataste-pood\/"},{"@type":"ListItem","position":3,"name":"Hoverboard charger 42V 2A"}]},{"@type":"WebSite","@id":"https:\/\/www.xn--tuksimaailm-ffb.ee\/en\/#website","url":"https:\/\/www.xn--tuksimaailm-ffb.ee\/en\/","name":"T\u00f5uksimaailm","description":"Elektrit\u00f5ukerataste m\u00fc\u00fck, remont ja rent","publisher":{"@id":"https:\/\/www.xn--tuksimaailm-ffb.ee\/en\/#organization"},"potentialAction":[{"@type":"SearchAction","target":{"@type":"EntryPoint","urlTemplate":"https:\/\/www.xn--tuksimaailm-ffb.ee\/en\/?s={search_term_string}"},"query-input":{"@type":"PropertyValueSpecification","valueRequired":true,"valueName":"search_term_string"}}],"inLanguage":"en-US"},{"@type":"Organization","@id":"https:\/\/www.xn--tuksimaailm-ffb.ee\/en\/#organization","name":"T\u00f5uksimaailm","url":"https:\/\/www.xn--tuksimaailm-ffb.ee\/en\/","logo":{"@type":"ImageObject","inLanguage":"en-US","@id":"https:\/\/www.xn--tuksimaailm-ffb.ee\/en\/#\/schema\/logo\/image\/","url":"https:\/\/www.xn--tuksimaailm-ffb.ee\/wp-content\/uploads\/2020\/01\/logoz-e1579792875517.png","contentUrl":"https:\/\/www.xn--tuksimaailm-ffb.ee\/wp-content\/uploads\/2020\/01\/logoz-e1579792875517.png","width":250,"height":250,"caption":"T\u00f5uksimaailm"},"image":{"@id":"https:\/\/www.xn--tuksimaailm-ffb.ee\/en\/#\/schema\/logo\/image\/"},"sameAs":["https:\/\/www.facebook.com\/touksimaailm\/","https:\/\/www.instagram.com\/touksimaailm_\/","https:\/\/www.youtube.com\/channel\/UC18ml0EKIDLP1xGuQjFzcXQ"]}]},"product_price_amount":"35.00","product_price_currency":"EUR","og_availability":"instock","product_availability":"instock","product_retailer_item_id":"LAADIJA-42V2A-TASAKAALU","product_condition":"new"},"jetpack_sharing_enabled":true,"_links":{"self":[{"href":"https:\/\/www.xn--tuksimaailm-ffb.ee\/en\/wp-json\/wp\/v2\/product\/58002","targetHints":{"allow":["GET"]}}],"collection":[{"href":"https:\/\/www.xn--tuksimaailm-ffb.ee\/en\/wp-json\/wp\/v2\/product"}],"about":[{"href":"https:\/\/www.xn--tuksimaailm-ffb.ee\/en\/wp-json\/wp\/v2\/types\/product"}],"wp:featuredmedia":[{"embeddable":true,"href":"https:\/\/www.xn--tuksimaailm-ffb.ee\/en\/wp-json\/wp\/v2\/media\/13665"}],"wp:attachment":[{"href":"https:\/\/www.xn--tuksimaailm-ffb.ee\/en\/wp-json\/wp\/v2\/media?parent=58002"}],"wp:term":[{"taxonomy":"product_brand","embeddable":true,"href":"https:\/\/www.xn--tuksimaailm-ffb.ee\/en\/wp-json\/wp\/v2\/product_brand?post=58002"},{"taxonomy":"product_cat","embeddable":true,"href":"https:\/\/www.xn--tuksimaailm-ffb.ee\/en\/wp-json\/wp\/v2\/product_cat?post=58002"},{"taxonomy":"product_tag","embeddable":true,"href":"https:\/\/www.xn--tuksimaailm-ffb.ee\/en\/wp-json\/wp\/v2\/product_tag?post=58002"},{"taxonomy":"filter_elektritoukeratas","embeddable":true,"href":"https:\/\/www.xn--tuksimaailm-ffb.ee\/en\/wp-json\/wp\/v2\/filter_elektritoukeratas?post=58002"}],"curies":[{"name":"wp","href":"https:\/\/api.w.org\/{rel}","templated":true}]}}