{"id":58004,"date":"2021-02-07T12:14:14","date_gmt":"2021-02-07T10:14:14","guid":{"rendered":"http:\/\/www.xn--tuksimaailm-ffb.ee\/shop\/electric-scooter-charger-42v-2a-gpad-svan-joyride\/"},"modified":"2021-02-07T12:14:14","modified_gmt":"2021-02-07T09:14:14","slug":"electric-scooter-charger-42v-2a-gpad-svan-joyride","status":"publish","type":"product","link":"https:\/\/www.xn--tuksimaailm-ffb.ee\/en\/product\/electric-scooter-charger-42v-2a-gpad-svan-joyride\/","title":{"rendered":"Electric scooter charger 42V 2A Gpad Svan Joyride"},"content":{"rendered":"<p>Electric scooter charger 42V 2A Gpad Svan (Max) \/ Gpad Joyride Eco, with <b><strong>DC5.5<\/strong><\/b> plug (also cable, power adapter, adaptor). Input voltage <b><strong>230VAC<\/strong><\/b>, output voltage <b><strong>42VDC<\/strong><\/b> (for batteries with 36VDC nominal voltage), maximum charging current <b><strong>2A<\/strong><\/b>. The charger is suitable for the popular electric scooter <b><strong>Gpad Joyride Eco<\/strong><\/b>, <a href=\"http:\/\/www.xn--tuksimaailm-ffb.ee\/shop\/elektriline-toukeratas-gpad-svan\/\"><b><strong>Gpad Svan<\/strong><\/b><\/a> and <b><strong>Gpad Svan Max<\/strong><\/b> in Estonia. The 48V Gpad Joyride and Joyride Max charger can be found <a href=\"http:\/\/www.xn--tuksimaailm-ffb.ee\/shop\/elektritoukeratta-laadija-54-6v-48v-gpad-joyride-max\/\"><b><strong>here<\/strong><\/b><\/a>. A new charger is needed for your electric scooter if the charger's LED indicator light does not light up or there is no voltage at the output.<\/p>\n","protected":false},"excerpt":{"rendered":"<p>Electric scooter charger 42V 2A Gpad Svan (Max) \/ Gpad Joyride Eco, with DC5.5 plug (also cable, power adapter, adaptor). Input voltage 230VAC, output voltage 42VDC (for batteries with 36VDC nominal voltage), maximum charging current 2A. The charger is suitable for the popular electric scooter Gpad Joyride Eco, Gpad Svan &hellip;<\/p>\n","protected":false},"featured_media":13669,"template":"","meta":[],"product_brand":[],"product_cat":[746,726],"product_tag":[3358,3216],"filter_elektritoukeratas":[2702,2711,2709,2719,2649],"class_list":{"0":"post-58004","1":"product","2":"type-product","3":"status-publish","4":"has-post-thumbnail","6":"product_cat-accessories","7":"product_cat-spare-parts","8":"product_tag-chargers","9":"product_tag-gpad-spare-parts","10":"pa_tootetuup-chargers","11":"filter_elektritoukeratas-ft_gpad_svan","12":"filter_elektritoukeratas-ft_inokim_light_2_max_super","13":"filter_elektritoukeratas-ft_inokim_light_hero_2_hero","14":"filter_elektritoukeratas-ft_joyor_a1_a3_a5","15":"filter_elektritoukeratas-ft_kugoo_s1_s1_plus_s1_pro_s1_max","17":"first","18":"instock","19":"taxable","20":"shipping-taxable","21":"purchasable","22":"product-type-simple"},"yoast_head":"<!-- This site is optimized with the Yoast SEO Premium plugin v26.8 (Yoast SEO v27.5) - https:\/\/yoast.com\/product\/yoast-seo-premium-wordpress\/ -->\n<title>Electric scooter charger 42V 2A Gpad Svan Joyride | T\u00f5uksimaailm<\/title>\n<meta name=\"description\" content=\"Electric scooter charger 42V 2A for Gpad Svan (Max) \/ Gpad Joyride Eco, with DC5.5 plug (also cable, power adapter, adaptor), for 36V Li-Ion batteries. Battery chargers.\" \/>\n<meta name=\"robots\" content=\"index, follow, max-snippet:-1, max-image-preview:large, max-video-preview:-1\" \/>\n<link rel=\"canonical\" href=\"https:\/\/www.xn--tuksimaailm-ffb.ee\/en\/product\/electric-scooter-charger-42v-2a-gpad-svan-joyride\/\" \/>\n<meta property=\"og:locale\" content=\"en_US\" \/>\n<meta property=\"og:type\" content=\"article\" \/>\n<meta property=\"og:title\" content=\"Electric scooter charger 42V 2A Gpad Svan Joyride\" \/>\n<meta property=\"og:description\" content=\"Electric scooter charger 42V 2A for Gpad Svan (Max) \/ Gpad Joyride Eco, with DC5.5 plug (also cable, power adapter, adaptor), for 36V Li-Ion batteries. Battery chargers.\" \/>\n<meta property=\"og:url\" content=\"https:\/\/www.xn--tuksimaailm-ffb.ee\/en\/product\/electric-scooter-charger-42v-2a-gpad-svan-joyride\/\" \/>\n<meta property=\"og:site_name\" content=\"T\u00f5uksimaailm\" \/>\n<meta property=\"article:publisher\" content=\"https:\/\/www.facebook.com\/touksimaailm\/\" \/>\n<meta property=\"og:image\" content=\"https:\/\/www.xn--tuksimaailm-ffb.ee\/wp-content\/uploads\/2021\/02\/joyride-eco-laadija.png\" \/>\n\t<meta property=\"og:image:width\" content=\"843\" \/>\n\t<meta property=\"og:image:height\" content=\"679\" \/>\n\t<meta property=\"og:image:type\" content=\"image\/png\" \/>\n<meta name=\"twitter:card\" content=\"summary_large_image\" \/>\n<meta name=\"twitter:label1\" content=\"Price\" \/>\n\t<meta name=\"twitter:data1\" content=\"&euro;39.50\" \/>\n\t<meta name=\"twitter:label2\" content=\"Availability\" \/>\n\t<meta name=\"twitter:data2\" content=\"In stock\" \/>\n<meta property=\"product:price:amount\" content=\"39.50\" \/>\n<meta property=\"product:price:currency\" content=\"EUR\" \/>\n<meta property=\"og:availability\" content=\"instock\" \/>\n<meta property=\"product:availability\" content=\"instock\" \/>\n<meta property=\"product:retailer_item_id\" content=\"LAADIJA-42V2A-SVAN\/ECO\" \/>\n<meta property=\"product:condition\" content=\"new\" \/>\n<!-- \/ Yoast SEO Premium plugin. -->","yoast_head_json":{"title":"Electric scooter charger 42V 2A Gpad Svan Joyride | T\u00f5uksimaailm","description":"Electric scooter charger 42V 2A for Gpad Svan (Max) \/ Gpad Joyride Eco, with DC5.5 plug (also cable, power adapter, adaptor), for 36V Li-Ion batteries. Battery chargers.","robots":{"index":"index","follow":"follow","max-snippet":"max-snippet:-1","max-image-preview":"max-image-preview:large","max-video-preview":"max-video-preview:-1"},"canonical":"https:\/\/www.xn--tuksimaailm-ffb.ee\/en\/product\/electric-scooter-charger-42v-2a-gpad-svan-joyride\/","og_locale":"en_US","og_type":"article","og_title":"Electric scooter charger 42V 2A Gpad Svan Joyride","og_description":"Electric scooter charger 42V 2A for Gpad Svan (Max) \/ Gpad Joyride Eco, with DC5.5 plug (also cable, power adapter, adaptor), for 36V Li-Ion batteries. Battery chargers.","og_url":"https:\/\/www.xn--tuksimaailm-ffb.ee\/en\/product\/electric-scooter-charger-42v-2a-gpad-svan-joyride\/","og_site_name":"T\u00f5uksimaailm","article_publisher":"https:\/\/www.facebook.com\/touksimaailm\/","og_image":[{"width":843,"height":679,"url":"https:\/\/www.xn--tuksimaailm-ffb.ee\/wp-content\/uploads\/2021\/02\/joyride-eco-laadija.png","type":"image\/png"}],"twitter_card":"summary_large_image","twitter_misc":{"Price":"&euro;39.50","Availability":"In stock"},"schema":{"@context":"https:\/\/schema.org","@graph":[{"@type":"WebPage","@id":"https:\/\/www.xn--tuksimaailm-ffb.ee\/en\/product\/electric-scooter-charger-42v-2a-gpad-svan-joyride\/","url":"https:\/\/www.xn--tuksimaailm-ffb.ee\/en\/product\/electric-scooter-charger-42v-2a-gpad-svan-joyride\/","name":"Electric scooter charger 42V 2A Gpad Svan Joyride | T\u00f5uksimaailm","isPartOf":{"@id":"https:\/\/www.xn--tuksimaailm-ffb.ee\/en\/#website"},"primaryImageOfPage":{"@id":"https:\/\/www.xn--tuksimaailm-ffb.ee\/en\/product\/electric-scooter-charger-42v-2a-gpad-svan-joyride\/#primaryimage"},"image":{"@id":"https:\/\/www.xn--tuksimaailm-ffb.ee\/en\/product\/electric-scooter-charger-42v-2a-gpad-svan-joyride\/#primaryimage"},"thumbnailUrl":"https:\/\/www.xn--tuksimaailm-ffb.ee\/wp-content\/uploads\/2021\/02\/joyride-eco-laadija.png","datePublished":"2021-02-07T10:14:14+00:00","description":"Electric scooter charger 42V 2A for Gpad Svan (Max) \/ Gpad Joyride Eco, with DC5.5 plug (also cable, power adapter, adaptor), for 36V Li-Ion batteries. Battery chargers.","breadcrumb":{"@id":"https:\/\/www.xn--tuksimaailm-ffb.ee\/en\/product\/electric-scooter-charger-42v-2a-gpad-svan-joyride\/#breadcrumb"},"inLanguage":"en-US","potentialAction":[{"@type":"ReadAction","target":["https:\/\/www.xn--tuksimaailm-ffb.ee\/en\/product\/electric-scooter-charger-42v-2a-gpad-svan-joyride\/"]}]},{"@type":"ImageObject","inLanguage":"en-US","@id":"https:\/\/www.xn--tuksimaailm-ffb.ee\/en\/product\/electric-scooter-charger-42v-2a-gpad-svan-joyride\/#primaryimage","url":"https:\/\/www.xn--tuksimaailm-ffb.ee\/wp-content\/uploads\/2021\/02\/joyride-eco-laadija.png","contentUrl":"https:\/\/www.xn--tuksimaailm-ffb.ee\/wp-content\/uploads\/2021\/02\/joyride-eco-laadija.png","width":843,"height":679,"caption":"Electric scooter charger 42V 2A Gpad Svan Joyride"},{"@type":"BreadcrumbList","@id":"https:\/\/www.xn--tuksimaailm-ffb.ee\/en\/product\/electric-scooter-charger-42v-2a-gpad-svan-joyride\/#breadcrumb","itemListElement":[{"@type":"ListItem","position":1,"name":"Home","item":"https:\/\/www.xn--tuksimaailm-ffb.ee\/en\/main-page\/"},{"@type":"ListItem","position":2,"name":"Shop","item":"https:\/\/www.xn--tuksimaailm-ffb.ee\/elektritoukerataste-pood\/"},{"@type":"ListItem","position":3,"name":"Electric scooter charger 42V 2A Gpad Svan Joyride"}]},{"@type":"WebSite","@id":"https:\/\/www.xn--tuksimaailm-ffb.ee\/en\/#website","url":"https:\/\/www.xn--tuksimaailm-ffb.ee\/en\/","name":"T\u00f5uksimaailm","description":"Elektrit\u00f5ukerataste m\u00fc\u00fck, remont ja rent","publisher":{"@id":"https:\/\/www.xn--tuksimaailm-ffb.ee\/en\/#organization"},"potentialAction":[{"@type":"SearchAction","target":{"@type":"EntryPoint","urlTemplate":"https:\/\/www.xn--tuksimaailm-ffb.ee\/en\/?s={search_term_string}"},"query-input":{"@type":"PropertyValueSpecification","valueRequired":true,"valueName":"search_term_string"}}],"inLanguage":"en-US"},{"@type":"Organization","@id":"https:\/\/www.xn--tuksimaailm-ffb.ee\/en\/#organization","name":"T\u00f5uksimaailm","url":"https:\/\/www.xn--tuksimaailm-ffb.ee\/en\/","logo":{"@type":"ImageObject","inLanguage":"en-US","@id":"https:\/\/www.xn--tuksimaailm-ffb.ee\/en\/#\/schema\/logo\/image\/","url":"https:\/\/www.xn--tuksimaailm-ffb.ee\/wp-content\/uploads\/2020\/01\/logoz-e1579792875517.png","contentUrl":"https:\/\/www.xn--tuksimaailm-ffb.ee\/wp-content\/uploads\/2020\/01\/logoz-e1579792875517.png","width":250,"height":250,"caption":"T\u00f5uksimaailm"},"image":{"@id":"https:\/\/www.xn--tuksimaailm-ffb.ee\/en\/#\/schema\/logo\/image\/"},"sameAs":["https:\/\/www.facebook.com\/touksimaailm\/","https:\/\/www.instagram.com\/touksimaailm_\/","https:\/\/www.youtube.com\/channel\/UC18ml0EKIDLP1xGuQjFzcXQ"]}]},"product_price_amount":"39.50","product_price_currency":"EUR","og_availability":"instock","product_availability":"instock","product_retailer_item_id":"LAADIJA-42V2A-SVAN\/ECO","product_condition":"new"},"jetpack_sharing_enabled":true,"_links":{"self":[{"href":"https:\/\/www.xn--tuksimaailm-ffb.ee\/en\/wp-json\/wp\/v2\/product\/58004","targetHints":{"allow":["GET"]}}],"collection":[{"href":"https:\/\/www.xn--tuksimaailm-ffb.ee\/en\/wp-json\/wp\/v2\/product"}],"about":[{"href":"https:\/\/www.xn--tuksimaailm-ffb.ee\/en\/wp-json\/wp\/v2\/types\/product"}],"wp:featuredmedia":[{"embeddable":true,"href":"https:\/\/www.xn--tuksimaailm-ffb.ee\/en\/wp-json\/wp\/v2\/media\/13669"}],"wp:attachment":[{"href":"https:\/\/www.xn--tuksimaailm-ffb.ee\/en\/wp-json\/wp\/v2\/media?parent=58004"}],"wp:term":[{"taxonomy":"product_brand","embeddable":true,"href":"https:\/\/www.xn--tuksimaailm-ffb.ee\/en\/wp-json\/wp\/v2\/product_brand?post=58004"},{"taxonomy":"product_cat","embeddable":true,"href":"https:\/\/www.xn--tuksimaailm-ffb.ee\/en\/wp-json\/wp\/v2\/product_cat?post=58004"},{"taxonomy":"product_tag","embeddable":true,"href":"https:\/\/www.xn--tuksimaailm-ffb.ee\/en\/wp-json\/wp\/v2\/product_tag?post=58004"},{"taxonomy":"filter_elektritoukeratas","embeddable":true,"href":"https:\/\/www.xn--tuksimaailm-ffb.ee\/en\/wp-json\/wp\/v2\/filter_elektritoukeratas?post=58004"}],"curies":[{"name":"wp","href":"https:\/\/api.w.org\/{rel}","templated":true}]}}