{"id":58006,"date":"2021-02-07T13:52:57","date_gmt":"2021-02-07T10:52:57","guid":{"rendered":"http:\/\/www.xn--tuksimaailm-ffb.ee\/shop\/electric-scooter-charger-54-6v-48v-gpad-joyride-a\/"},"modified":"2021-02-07T13:52:57","modified_gmt":"2021-02-07T10:52:57","slug":"electric-scooter-charger-54-6v-48v-gpad-joyride-a","status":"publish","type":"product","link":"https:\/\/www.xn--tuksimaailm-ffb.ee\/en\/product\/electric-scooter-charger-54-6v-48v-gpad-joyride-a\/","title":{"rendered":"Electric scooter charger 54.6V (48V) Gpad Joyride (A+)"},"content":{"rendered":"<p>Electric scooter charger 54.6V (48V) Gpad Joyride Max with <b><strong>DC5.5<\/strong><\/b> plug (also cable, power adapter, adaptor). Input voltage <b><strong>230VAC<\/strong><\/b>, output voltage <b><strong>54.6VDC<\/strong><\/b> (for 48VDC rated batteries), maximum charging current <b><strong>2A<\/strong><\/b>. The charger is suitable for <b><strong>Gpad Joyride, Joyride Fix <\/strong><\/b>and also <b><strong>Gpad Joyride Max, which<\/strong><\/b> are popular electric scooters in Estonia. The 36VDC Gpad Joyride Eco charger can be found <a href=\"http:\/\/www.xn--tuksimaailm-ffb.ee\/shop\/elektritoukeratta-laadija-42v-2a-gpad-svan-joyride-eco\/\"><b><strong>here<\/strong><\/b><\/a>. A new charger is needed for your electric scooter if the charger's indicator LED light does not light up or there is no voltage at the output.<\/p>\n","protected":false},"excerpt":{"rendered":"<p>Electric scooter charger 54.6V (48V) Gpad Joyride Max with DC5.5 plug (also cable, power adapter, adaptor). Input voltage 230VAC, output voltage 54.6VDC (for 48VDC rated batteries), maximum charging current 2A. The charger is suitable for Gpad Joyride, Joyride Fix and also Gpad Joyride Max, which are popular electric scooters in &hellip;<\/p>\n","protected":false},"featured_media":13675,"template":"","meta":[],"product_brand":[],"product_cat":[746,726],"product_tag":[3358,3216],"filter_elektritoukeratas":[2704,2717,2669],"class_list":{"0":"post-58006","1":"product","2":"type-product","3":"status-publish","4":"has-post-thumbnail","6":"product_cat-accessories","7":"product_cat-spare-parts","8":"product_tag-chargers","9":"product_tag-gpad-spare-parts","10":"pa_tootetuup-chargers","11":"filter_elektritoukeratas-ft_gpad_joyride","12":"filter_elektritoukeratas-ft_joyor_x1_x5s","13":"filter_elektritoukeratas-ft_kugoo_g2_pro","15":"first","16":"instock","17":"taxable","18":"shipping-taxable","19":"purchasable","20":"product-type-simple"},"yoast_head":"<!-- This site is optimized with the Yoast SEO Premium plugin v26.8 (Yoast SEO v27.3) - https:\/\/yoast.com\/product\/yoast-seo-premium-wordpress\/ -->\n<title>Electric scooter charger 54.6V (48V) Gpad Joyride (A+) | T\u00f5uksimaailm<\/title>\n<meta name=\"description\" content=\"54.6V (48V) Gpad Joyride Max with DC5.5 plug (also cable, power adapter, adaptor), for Li-Ion batteries with 48V nominal voltage. Gpad chargers.\" \/>\n<meta name=\"robots\" content=\"index, follow, max-snippet:-1, max-image-preview:large, max-video-preview:-1\" \/>\n<link rel=\"canonical\" href=\"https:\/\/www.xn--tuksimaailm-ffb.ee\/en\/product\/electric-scooter-charger-54-6v-48v-gpad-joyride-a\/\" \/>\n<meta property=\"og:locale\" content=\"en_US\" \/>\n<meta property=\"og:type\" content=\"article\" \/>\n<meta property=\"og:title\" content=\"Electric scooter charger 54.6V (48V) Gpad Joyride (A+)\" \/>\n<meta property=\"og:description\" content=\"54.6V (48V) Gpad Joyride Max with DC5.5 plug (also cable, power adapter, adaptor), for Li-Ion batteries with 48V nominal voltage. Gpad chargers.\" \/>\n<meta property=\"og:url\" content=\"https:\/\/www.xn--tuksimaailm-ffb.ee\/en\/product\/electric-scooter-charger-54-6v-48v-gpad-joyride-a\/\" \/>\n<meta property=\"og:site_name\" content=\"T\u00f5uksimaailm\" \/>\n<meta property=\"article:publisher\" content=\"https:\/\/www.facebook.com\/touksimaailm\/\" \/>\n<meta property=\"og:image\" content=\"https:\/\/www.xn--tuksimaailm-ffb.ee\/wp-content\/uploads\/2021\/02\/joyride-laadija.png\" \/>\n\t<meta property=\"og:image:width\" content=\"991\" \/>\n\t<meta property=\"og:image:height\" content=\"827\" \/>\n\t<meta property=\"og:image:type\" content=\"image\/png\" \/>\n<meta name=\"twitter:card\" content=\"summary_large_image\" \/>\n<meta name=\"twitter:label1\" content=\"Price\" \/>\n\t<meta name=\"twitter:data1\" content=\"&euro;49.50\" \/>\n\t<meta name=\"twitter:label2\" content=\"Availability\" \/>\n\t<meta name=\"twitter:data2\" content=\"In stock\" \/>\n<meta property=\"product:price:amount\" content=\"49.50\" \/>\n<meta property=\"product:price:currency\" content=\"EUR\" \/>\n<meta property=\"og:availability\" content=\"instock\" \/>\n<meta property=\"product:availability\" content=\"instock\" \/>\n<meta property=\"product:retailer_item_id\" content=\"LAADIJA-54.6V2A-JOYRIDEMAX\" \/>\n<meta property=\"product:condition\" content=\"new\" \/>\n<!-- \/ Yoast SEO Premium plugin. -->","yoast_head_json":{"title":"Electric scooter charger 54.6V (48V) Gpad Joyride (A+) | T\u00f5uksimaailm","description":"54.6V (48V) Gpad Joyride Max with DC5.5 plug (also cable, power adapter, adaptor), for Li-Ion batteries with 48V nominal voltage. Gpad chargers.","robots":{"index":"index","follow":"follow","max-snippet":"max-snippet:-1","max-image-preview":"max-image-preview:large","max-video-preview":"max-video-preview:-1"},"canonical":"https:\/\/www.xn--tuksimaailm-ffb.ee\/en\/product\/electric-scooter-charger-54-6v-48v-gpad-joyride-a\/","og_locale":"en_US","og_type":"article","og_title":"Electric scooter charger 54.6V (48V) Gpad Joyride (A+)","og_description":"54.6V (48V) Gpad Joyride Max with DC5.5 plug (also cable, power adapter, adaptor), for Li-Ion batteries with 48V nominal voltage. Gpad chargers.","og_url":"https:\/\/www.xn--tuksimaailm-ffb.ee\/en\/product\/electric-scooter-charger-54-6v-48v-gpad-joyride-a\/","og_site_name":"T\u00f5uksimaailm","article_publisher":"https:\/\/www.facebook.com\/touksimaailm\/","og_image":[{"width":991,"height":827,"url":"https:\/\/www.xn--tuksimaailm-ffb.ee\/wp-content\/uploads\/2021\/02\/joyride-laadija.png","type":"image\/png"}],"twitter_card":"summary_large_image","twitter_misc":{"Price":"&euro;49.50","Availability":"In stock"},"schema":{"@context":"https:\/\/schema.org","@graph":[{"@type":"WebPage","@id":"https:\/\/www.xn--tuksimaailm-ffb.ee\/en\/product\/electric-scooter-charger-54-6v-48v-gpad-joyride-a\/","url":"https:\/\/www.xn--tuksimaailm-ffb.ee\/en\/product\/electric-scooter-charger-54-6v-48v-gpad-joyride-a\/","name":"Electric scooter charger 54.6V (48V) Gpad Joyride (A+) | T\u00f5uksimaailm","isPartOf":{"@id":"https:\/\/www.xn--tuksimaailm-ffb.ee\/en\/#website"},"primaryImageOfPage":{"@id":"https:\/\/www.xn--tuksimaailm-ffb.ee\/en\/product\/electric-scooter-charger-54-6v-48v-gpad-joyride-a\/#primaryimage"},"image":{"@id":"https:\/\/www.xn--tuksimaailm-ffb.ee\/en\/product\/electric-scooter-charger-54-6v-48v-gpad-joyride-a\/#primaryimage"},"thumbnailUrl":"https:\/\/www.xn--tuksimaailm-ffb.ee\/wp-content\/uploads\/2021\/02\/joyride-laadija.png","datePublished":"2021-02-07T10:52:57+00:00","description":"54.6V (48V) Gpad Joyride Max with DC5.5 plug (also cable, power adapter, adaptor), for Li-Ion batteries with 48V nominal voltage. Gpad chargers.","breadcrumb":{"@id":"https:\/\/www.xn--tuksimaailm-ffb.ee\/en\/product\/electric-scooter-charger-54-6v-48v-gpad-joyride-a\/#breadcrumb"},"inLanguage":"en-US","potentialAction":[{"@type":"ReadAction","target":["https:\/\/www.xn--tuksimaailm-ffb.ee\/en\/product\/electric-scooter-charger-54-6v-48v-gpad-joyride-a\/"]}]},{"@type":"ImageObject","inLanguage":"en-US","@id":"https:\/\/www.xn--tuksimaailm-ffb.ee\/en\/product\/electric-scooter-charger-54-6v-48v-gpad-joyride-a\/#primaryimage","url":"https:\/\/www.xn--tuksimaailm-ffb.ee\/wp-content\/uploads\/2021\/02\/joyride-laadija.png","contentUrl":"https:\/\/www.xn--tuksimaailm-ffb.ee\/wp-content\/uploads\/2021\/02\/joyride-laadija.png","width":991,"height":827,"caption":"Electric scooter charger 54.6V (48V) Gpad Joyride (A+)"},{"@type":"BreadcrumbList","@id":"https:\/\/www.xn--tuksimaailm-ffb.ee\/en\/product\/electric-scooter-charger-54-6v-48v-gpad-joyride-a\/#breadcrumb","itemListElement":[{"@type":"ListItem","position":1,"name":"Home","item":"https:\/\/www.xn--tuksimaailm-ffb.ee\/en\/main-page\/"},{"@type":"ListItem","position":2,"name":"Shop","item":"https:\/\/www.xn--tuksimaailm-ffb.ee\/elektritoukerataste-pood\/"},{"@type":"ListItem","position":3,"name":"Electric scooter charger 54.6V (48V) Gpad Joyride (A+)"}]},{"@type":"WebSite","@id":"https:\/\/www.xn--tuksimaailm-ffb.ee\/en\/#website","url":"https:\/\/www.xn--tuksimaailm-ffb.ee\/en\/","name":"T\u00f5uksimaailm","description":"Elektrit\u00f5ukerataste m\u00fc\u00fck, remont ja rent","publisher":{"@id":"https:\/\/www.xn--tuksimaailm-ffb.ee\/en\/#organization"},"potentialAction":[{"@type":"SearchAction","target":{"@type":"EntryPoint","urlTemplate":"https:\/\/www.xn--tuksimaailm-ffb.ee\/en\/?s={search_term_string}"},"query-input":{"@type":"PropertyValueSpecification","valueRequired":true,"valueName":"search_term_string"}}],"inLanguage":"en-US"},{"@type":"Organization","@id":"https:\/\/www.xn--tuksimaailm-ffb.ee\/en\/#organization","name":"T\u00f5uksimaailm","url":"https:\/\/www.xn--tuksimaailm-ffb.ee\/en\/","logo":{"@type":"ImageObject","inLanguage":"en-US","@id":"https:\/\/www.xn--tuksimaailm-ffb.ee\/en\/#\/schema\/logo\/image\/","url":"https:\/\/www.xn--tuksimaailm-ffb.ee\/wp-content\/uploads\/2020\/01\/logoz-e1579792875517.png","contentUrl":"https:\/\/www.xn--tuksimaailm-ffb.ee\/wp-content\/uploads\/2020\/01\/logoz-e1579792875517.png","width":250,"height":250,"caption":"T\u00f5uksimaailm"},"image":{"@id":"https:\/\/www.xn--tuksimaailm-ffb.ee\/en\/#\/schema\/logo\/image\/"},"sameAs":["https:\/\/www.facebook.com\/touksimaailm\/","https:\/\/www.instagram.com\/touksimaailm_\/","https:\/\/www.youtube.com\/channel\/UC18ml0EKIDLP1xGuQjFzcXQ"]}]},"product_price_amount":"49.50","product_price_currency":"EUR","og_availability":"instock","product_availability":"instock","product_retailer_item_id":"LAADIJA-54.6V2A-JOYRIDEMAX","product_condition":"new"},"jetpack_sharing_enabled":true,"_links":{"self":[{"href":"https:\/\/www.xn--tuksimaailm-ffb.ee\/en\/wp-json\/wp\/v2\/product\/58006","targetHints":{"allow":["GET"]}}],"collection":[{"href":"https:\/\/www.xn--tuksimaailm-ffb.ee\/en\/wp-json\/wp\/v2\/product"}],"about":[{"href":"https:\/\/www.xn--tuksimaailm-ffb.ee\/en\/wp-json\/wp\/v2\/types\/product"}],"wp:featuredmedia":[{"embeddable":true,"href":"https:\/\/www.xn--tuksimaailm-ffb.ee\/en\/wp-json\/wp\/v2\/media\/13675"}],"wp:attachment":[{"href":"https:\/\/www.xn--tuksimaailm-ffb.ee\/en\/wp-json\/wp\/v2\/media?parent=58006"}],"wp:term":[{"taxonomy":"product_brand","embeddable":true,"href":"https:\/\/www.xn--tuksimaailm-ffb.ee\/en\/wp-json\/wp\/v2\/product_brand?post=58006"},{"taxonomy":"product_cat","embeddable":true,"href":"https:\/\/www.xn--tuksimaailm-ffb.ee\/en\/wp-json\/wp\/v2\/product_cat?post=58006"},{"taxonomy":"product_tag","embeddable":true,"href":"https:\/\/www.xn--tuksimaailm-ffb.ee\/en\/wp-json\/wp\/v2\/product_tag?post=58006"},{"taxonomy":"filter_elektritoukeratas","embeddable":true,"href":"https:\/\/www.xn--tuksimaailm-ffb.ee\/en\/wp-json\/wp\/v2\/filter_elektritoukeratas?post=58006"}],"curies":[{"name":"wp","href":"https:\/\/api.w.org\/{rel}","templated":true}]}}