{"id":58007,"date":"2021-02-07T14:11:27","date_gmt":"2021-02-07T11:11:27","guid":{"rendered":"http:\/\/www.xn--tuksimaailm-ffb.ee\/shop\/dc2-1-charger-socket-port-plug-for-electric-scooter\/"},"modified":"2021-02-07T14:11:27","modified_gmt":"2021-02-07T11:11:27","slug":"dc2-1-charger-socket-port-plug-for-electric-scooter","status":"publish","type":"product","link":"https:\/\/www.xn--tuksimaailm-ffb.ee\/en\/product\/dc2-1-charger-socket-port-plug-for-electric-scooter\/","title":{"rendered":"DC2.1 charger socket\/port + plug for electric scooter"},"content":{"rendered":"<p>DC2.1 charger <b><strong>port + plug for<\/strong><\/b> electric scooter . This type of charger port is used on the <b><strong>Gpad Lite<\/strong><\/b> and <b><strong>Gpad Lite Max<\/strong><\/b>, a popular children's scooter in Estonia. The electric scooter needs a new charger port if the socket has short-circuited and the contacts have melted \/ charred. Our <a href=\"http:\/\/www.xn--tuksimaailm-ffb.ee\/elektrilise-toukeratta-remont\/\"><b><strong>electric mobility workshop<\/strong><\/b><\/a> can help you with the replacement of the charger port \/ socket of the Gpad or any other electric scooter on your own.<\/p>\n","protected":false},"excerpt":{"rendered":"<p>DC2.1 charger port + plug for electric scooter . This type of charger port is used on the Gpad Lite and Gpad Lite Max, a popular children's scooter in Estonia. The electric scooter needs a new charger port if the socket has short-circuited and the contacts have melted \/ charred. &hellip;<\/p>\n","protected":false},"featured_media":13677,"template":"","meta":[],"product_brand":[],"product_cat":[726],"product_tag":[3216,3410],"filter_elektritoukeratas":[2688,2704,2701,2717,2669],"class_list":{"0":"post-58007","1":"product","2":"type-product","3":"status-publish","4":"has-post-thumbnail","6":"product_cat-spare-parts","7":"product_tag-gpad-spare-parts","8":"product_tag-universal-electricscooter-spare-parts","9":"pa_tootetuup-universal-electricscooter-spare-parts","10":"filter_elektritoukeratas-ft_blaupunkt_esc608","11":"filter_elektritoukeratas-ft_gpad_joyride","12":"filter_elektritoukeratas-ft_gpad_lite_lite_max","13":"filter_elektritoukeratas-ft_joyor_x1_x5s","14":"filter_elektritoukeratas-ft_kugoo_g2_pro","16":"first","17":"instock","18":"taxable","19":"shipping-taxable","20":"purchasable","21":"product-type-simple"},"yoast_head":"<!-- This site is optimized with the Yoast SEO Premium plugin v26.8 (Yoast SEO v27.3) - https:\/\/yoast.com\/product\/yoast-seo-premium-wordpress\/ -->\n<title>DC2.1 charger socket\/port + plug for electric scooter | T\u00f5uksimaailm<\/title>\n<meta name=\"description\" content=\"DC2.1 charger port + plug for electric scooter. This charger port is used on the Gpad Lite\/Max. children&#039;s scooter. Charger accessories and spare parts.\" \/>\n<meta name=\"robots\" content=\"index, follow, max-snippet:-1, max-image-preview:large, max-video-preview:-1\" \/>\n<link rel=\"canonical\" href=\"https:\/\/www.xn--tuksimaailm-ffb.ee\/en\/product\/dc2-1-charger-socket-port-plug-for-electric-scooter\/\" \/>\n<meta property=\"og:locale\" content=\"en_US\" \/>\n<meta property=\"og:type\" content=\"article\" \/>\n<meta property=\"og:title\" content=\"DC2.1 charger socket\/port + plug for electric scooter\" \/>\n<meta property=\"og:description\" content=\"DC2.1 charger port + plug for electric scooter. This charger port is used on the Gpad Lite\/Max. children&#039;s scooter. Charger accessories and spare parts.\" \/>\n<meta property=\"og:url\" content=\"https:\/\/www.xn--tuksimaailm-ffb.ee\/en\/product\/dc2-1-charger-socket-port-plug-for-electric-scooter\/\" \/>\n<meta property=\"og:site_name\" content=\"T\u00f5uksimaailm\" \/>\n<meta property=\"article:publisher\" content=\"https:\/\/www.facebook.com\/touksimaailm\/\" \/>\n<meta property=\"og:image\" content=\"https:\/\/www.xn--tuksimaailm-ffb.ee\/wp-content\/uploads\/2021\/02\/DC5.5-port.png\" \/>\n\t<meta property=\"og:image:width\" content=\"935\" \/>\n\t<meta property=\"og:image:height\" content=\"825\" \/>\n\t<meta property=\"og:image:type\" content=\"image\/png\" \/>\n<meta name=\"twitter:card\" content=\"summary_large_image\" \/>\n<meta name=\"twitter:label1\" content=\"Price\" \/>\n\t<meta name=\"twitter:data1\" content=\"&euro;5.00\" \/>\n\t<meta name=\"twitter:label2\" content=\"Availability\" \/>\n\t<meta name=\"twitter:data2\" content=\"In stock\" \/>\n<meta property=\"product:price:amount\" content=\"5.00\" \/>\n<meta property=\"product:price:currency\" content=\"EUR\" \/>\n<meta property=\"og:availability\" content=\"instock\" \/>\n<meta property=\"product:availability\" content=\"instock\" \/>\n<meta property=\"product:condition\" content=\"new\" \/>\n<!-- \/ Yoast SEO Premium plugin. -->","yoast_head_json":{"title":"DC2.1 charger socket\/port + plug for electric scooter | T\u00f5uksimaailm","description":"DC2.1 charger port + plug for electric scooter. This charger port is used on the Gpad Lite\/Max. children's scooter. Charger accessories and spare parts.","robots":{"index":"index","follow":"follow","max-snippet":"max-snippet:-1","max-image-preview":"max-image-preview:large","max-video-preview":"max-video-preview:-1"},"canonical":"https:\/\/www.xn--tuksimaailm-ffb.ee\/en\/product\/dc2-1-charger-socket-port-plug-for-electric-scooter\/","og_locale":"en_US","og_type":"article","og_title":"DC2.1 charger socket\/port + plug for electric scooter","og_description":"DC2.1 charger port + plug for electric scooter. This charger port is used on the Gpad Lite\/Max. children's scooter. Charger accessories and spare parts.","og_url":"https:\/\/www.xn--tuksimaailm-ffb.ee\/en\/product\/dc2-1-charger-socket-port-plug-for-electric-scooter\/","og_site_name":"T\u00f5uksimaailm","article_publisher":"https:\/\/www.facebook.com\/touksimaailm\/","og_image":[{"width":935,"height":825,"url":"https:\/\/www.xn--tuksimaailm-ffb.ee\/wp-content\/uploads\/2021\/02\/DC5.5-port.png","type":"image\/png"}],"twitter_card":"summary_large_image","twitter_misc":{"Price":"&euro;5.00","Availability":"In stock"},"schema":{"@context":"https:\/\/schema.org","@graph":[{"@type":"WebPage","@id":"https:\/\/www.xn--tuksimaailm-ffb.ee\/en\/product\/dc2-1-charger-socket-port-plug-for-electric-scooter\/","url":"https:\/\/www.xn--tuksimaailm-ffb.ee\/en\/product\/dc2-1-charger-socket-port-plug-for-electric-scooter\/","name":"DC2.1 charger socket\/port + plug for electric scooter | T\u00f5uksimaailm","isPartOf":{"@id":"https:\/\/www.xn--tuksimaailm-ffb.ee\/en\/#website"},"primaryImageOfPage":{"@id":"https:\/\/www.xn--tuksimaailm-ffb.ee\/en\/product\/dc2-1-charger-socket-port-plug-for-electric-scooter\/#primaryimage"},"image":{"@id":"https:\/\/www.xn--tuksimaailm-ffb.ee\/en\/product\/dc2-1-charger-socket-port-plug-for-electric-scooter\/#primaryimage"},"thumbnailUrl":"https:\/\/www.xn--tuksimaailm-ffb.ee\/wp-content\/uploads\/2021\/02\/DC5.5-port.png","datePublished":"2021-02-07T11:11:27+00:00","description":"DC2.1 charger port + plug for electric scooter. This charger port is used on the Gpad Lite\/Max. children's scooter. Charger accessories and spare parts.","breadcrumb":{"@id":"https:\/\/www.xn--tuksimaailm-ffb.ee\/en\/product\/dc2-1-charger-socket-port-plug-for-electric-scooter\/#breadcrumb"},"inLanguage":"en-US","potentialAction":[{"@type":"ReadAction","target":["https:\/\/www.xn--tuksimaailm-ffb.ee\/en\/product\/dc2-1-charger-socket-port-plug-for-electric-scooter\/"]}]},{"@type":"ImageObject","inLanguage":"en-US","@id":"https:\/\/www.xn--tuksimaailm-ffb.ee\/en\/product\/dc2-1-charger-socket-port-plug-for-electric-scooter\/#primaryimage","url":"https:\/\/www.xn--tuksimaailm-ffb.ee\/wp-content\/uploads\/2021\/02\/DC5.5-port.png","contentUrl":"https:\/\/www.xn--tuksimaailm-ffb.ee\/wp-content\/uploads\/2021\/02\/DC5.5-port.png","width":935,"height":825,"caption":"DC2.1 charger socket\/port + plug for electric scooter"},{"@type":"BreadcrumbList","@id":"https:\/\/www.xn--tuksimaailm-ffb.ee\/en\/product\/dc2-1-charger-socket-port-plug-for-electric-scooter\/#breadcrumb","itemListElement":[{"@type":"ListItem","position":1,"name":"Home","item":"https:\/\/www.xn--tuksimaailm-ffb.ee\/en\/main-page\/"},{"@type":"ListItem","position":2,"name":"Shop","item":"https:\/\/www.xn--tuksimaailm-ffb.ee\/elektritoukerataste-pood\/"},{"@type":"ListItem","position":3,"name":"DC2.1 charger socket\/port + plug for electric scooter"}]},{"@type":"WebSite","@id":"https:\/\/www.xn--tuksimaailm-ffb.ee\/en\/#website","url":"https:\/\/www.xn--tuksimaailm-ffb.ee\/en\/","name":"T\u00f5uksimaailm","description":"Elektrit\u00f5ukerataste m\u00fc\u00fck, remont ja rent","publisher":{"@id":"https:\/\/www.xn--tuksimaailm-ffb.ee\/en\/#organization"},"potentialAction":[{"@type":"SearchAction","target":{"@type":"EntryPoint","urlTemplate":"https:\/\/www.xn--tuksimaailm-ffb.ee\/en\/?s={search_term_string}"},"query-input":{"@type":"PropertyValueSpecification","valueRequired":true,"valueName":"search_term_string"}}],"inLanguage":"en-US"},{"@type":"Organization","@id":"https:\/\/www.xn--tuksimaailm-ffb.ee\/en\/#organization","name":"T\u00f5uksimaailm","url":"https:\/\/www.xn--tuksimaailm-ffb.ee\/en\/","logo":{"@type":"ImageObject","inLanguage":"en-US","@id":"https:\/\/www.xn--tuksimaailm-ffb.ee\/en\/#\/schema\/logo\/image\/","url":"https:\/\/www.xn--tuksimaailm-ffb.ee\/wp-content\/uploads\/2020\/01\/logoz-e1579792875517.png","contentUrl":"https:\/\/www.xn--tuksimaailm-ffb.ee\/wp-content\/uploads\/2020\/01\/logoz-e1579792875517.png","width":250,"height":250,"caption":"T\u00f5uksimaailm"},"image":{"@id":"https:\/\/www.xn--tuksimaailm-ffb.ee\/en\/#\/schema\/logo\/image\/"},"sameAs":["https:\/\/www.facebook.com\/touksimaailm\/","https:\/\/www.instagram.com\/touksimaailm_\/","https:\/\/www.youtube.com\/channel\/UC18ml0EKIDLP1xGuQjFzcXQ"]}]},"product_price_amount":"5.00","product_price_currency":"EUR","og_availability":"instock","product_availability":"instock","product_condition":"new"},"jetpack_sharing_enabled":true,"_links":{"self":[{"href":"https:\/\/www.xn--tuksimaailm-ffb.ee\/en\/wp-json\/wp\/v2\/product\/58007","targetHints":{"allow":["GET"]}}],"collection":[{"href":"https:\/\/www.xn--tuksimaailm-ffb.ee\/en\/wp-json\/wp\/v2\/product"}],"about":[{"href":"https:\/\/www.xn--tuksimaailm-ffb.ee\/en\/wp-json\/wp\/v2\/types\/product"}],"wp:featuredmedia":[{"embeddable":true,"href":"https:\/\/www.xn--tuksimaailm-ffb.ee\/en\/wp-json\/wp\/v2\/media\/13677"}],"wp:attachment":[{"href":"https:\/\/www.xn--tuksimaailm-ffb.ee\/en\/wp-json\/wp\/v2\/media?parent=58007"}],"wp:term":[{"taxonomy":"product_brand","embeddable":true,"href":"https:\/\/www.xn--tuksimaailm-ffb.ee\/en\/wp-json\/wp\/v2\/product_brand?post=58007"},{"taxonomy":"product_cat","embeddable":true,"href":"https:\/\/www.xn--tuksimaailm-ffb.ee\/en\/wp-json\/wp\/v2\/product_cat?post=58007"},{"taxonomy":"product_tag","embeddable":true,"href":"https:\/\/www.xn--tuksimaailm-ffb.ee\/en\/wp-json\/wp\/v2\/product_tag?post=58007"},{"taxonomy":"filter_elektritoukeratas","embeddable":true,"href":"https:\/\/www.xn--tuksimaailm-ffb.ee\/en\/wp-json\/wp\/v2\/filter_elektritoukeratas?post=58007"}],"curies":[{"name":"wp","href":"https:\/\/api.w.org\/{rel}","templated":true}]}}