{"id":58016,"date":"2021-02-07T14:53:25","date_gmt":"2021-02-07T14:53:25","guid":{"rendered":"http:\/\/www.xn--tuksimaailm-ffb.ee\/shop\/velt-smart-scooter-x7-x8-pro-handlebar-a\/"},"modified":"2021-02-07T14:53:25","modified_gmt":"2021-02-07T11:53:25","slug":"velt-smart-scooter-x7-x8-pro-handlebar-a","status":"publish","type":"product","link":"https:\/\/www.xn--tuksimaailm-ffb.ee\/en\/product\/velt-smart-scooter-x7-x8-pro-handlebar-a\/","title":{"rendered":"Velt Smart Scooter X7 X8 Pro handlebar (A+)"},"content":{"rendered":"<p>Electric scooter Velt Smart Scooter X7 \/ X8 Pro handles. Supplied with 1 handle that can be screwed onto the handlebar. <b><strong>Original<\/strong><\/b> spare part. The Velt Smart Scooter X7 \/ X8 Pro electric scooter grips will definitely fit the following popular models: <a href=\"http:\/\/www.xn--tuksimaailm-ffb.ee\/shop\/elektriline-toukeratas-velt-smart-scooter-x7\/\"><b><strong>Velt Smart Scooter X7<\/strong><\/b><\/a>, <a href=\"http:\/\/www.xn--tuksimaailm-ffb.ee\/shop\/elektriline-toukeratas-velt-smart-scooter-x8\/\"><b><strong>Velt Smart Scooter X8<\/strong><\/b><\/a> as well as <b><strong>Velt Smart Scooter X8 Pro.<\/strong><\/b> If you are having trouble replacing the handles of your electric scooter on your own, our <a href=\"http:\/\/www.xn--tuksimaailm-ffb.ee\/elektrilise-toukeratta-remont\/\">workshop<\/a> specialising in electric scooters can help.<\/p>\n","protected":false},"excerpt":{"rendered":"<p>Electric scooter Velt Smart Scooter X7 \/ X8 Pro handles. Supplied with 1 handle that can be screwed onto the handlebar. Original spare part. The Velt Smart Scooter X7 \/ X8 Pro electric scooter grips will definitely fit the following popular models: Velt Smart Scooter X7, Velt Smart Scooter X8 &hellip;<\/p>\n","protected":false},"featured_media":73065,"template":"","meta":[],"product_brand":[],"product_cat":[746,726],"product_tag":[3390],"filter_elektritoukeratas":[2686,2687,2697,2698,2694,2695,2693,2691,2692],"class_list":{"0":"post-58016","1":"product","2":"type-product","3":"status-publish","4":"has-post-thumbnail","6":"product_cat-accessories","7":"product_cat-spare-parts","8":"product_tag-velt-smart-scooter-spare-parts","9":"pa_tootetuup-handlegrips","10":"filter_elektritoukeratas-ft_blaupunkt_esc808","11":"filter_elektritoukeratas-ft_blaupunkt_esc910","12":"filter_elektritoukeratas-ft_hx_x7","13":"filter_elektritoukeratas-ft_hx_x8","14":"filter_elektritoukeratas-ft_velt_smart_eco","15":"filter_elektritoukeratas-ft_velt_smart_pro","16":"filter_elektritoukeratas-ft_velt_smart_x7","17":"filter_elektritoukeratas-ft_velt_smart_x8","18":"filter_elektritoukeratas-ft_velt_smart_x8_pro","20":"first","21":"instock","22":"taxable","23":"shipping-taxable","24":"purchasable","25":"product-type-variable"},"yoast_head":"<!-- This site is optimized with the Yoast SEO Premium plugin v26.8 (Yoast SEO v27.3) - https:\/\/yoast.com\/product\/yoast-seo-premium-wordpress\/ -->\n<title>Velt Smart Scooter X7 X8 Pro handlebar (A+) | T\u00f5uksimaailm | Spare Parts<\/title>\n<meta name=\"description\" content=\"Electric scooter Velt Smart Scooter X7 \/ X8 Pro handles. Supplied with 2 handlebars that can be screwed onto the handlebars, original spare parts. Electric scooter spare parts parts\" \/>\n<meta name=\"robots\" content=\"index, follow, max-snippet:-1, max-image-preview:large, max-video-preview:-1\" \/>\n<link rel=\"canonical\" href=\"https:\/\/www.xn--tuksimaailm-ffb.ee\/en\/product\/velt-smart-scooter-x7-x8-pro-handlebar-a\/\" \/>\n<meta property=\"og:locale\" content=\"en_US\" \/>\n<meta property=\"og:type\" content=\"article\" \/>\n<meta property=\"og:title\" content=\"Velt Smart Scooter X7 X8 Pro handlebar (A+)\" \/>\n<meta property=\"og:description\" content=\"Electric scooter Velt Smart Scooter X7 \/ X8 Pro handles. Supplied with 2 handlebars that can be screwed onto the handlebars, original spare parts. Electric scooter spare parts parts\" \/>\n<meta property=\"og:url\" content=\"https:\/\/www.xn--tuksimaailm-ffb.ee\/en\/product\/velt-smart-scooter-x7-x8-pro-handlebar-a\/\" \/>\n<meta property=\"og:site_name\" content=\"T\u00f5uksimaailm\" \/>\n<meta property=\"article:publisher\" content=\"https:\/\/www.facebook.com\/touksimaailm\/\" \/>\n<meta property=\"og:image\" content=\"https:\/\/www.xn--tuksimaailm-ffb.ee\/wp-content\/uploads\/2021\/02\/20210207_170010.jpg\" \/>\n\t<meta property=\"og:image:width\" content=\"1827\" \/>\n\t<meta property=\"og:image:height\" content=\"1941\" \/>\n\t<meta property=\"og:image:type\" content=\"image\/jpeg\" \/>\n<meta name=\"twitter:card\" content=\"summary_large_image\" \/>\n<meta name=\"twitter:label1\" content=\"Availability\" \/>\n\t<meta name=\"twitter:data1\" content=\"In stock\" \/>\n<meta property=\"og:availability\" content=\"instock\" \/>\n<meta property=\"product:availability\" content=\"instock\" \/>\n<meta property=\"product:condition\" content=\"new\" \/>\n<!-- \/ Yoast SEO Premium plugin. -->","yoast_head_json":{"title":"Velt Smart Scooter X7 X8 Pro handlebar (A+) | T\u00f5uksimaailm | Spare Parts","description":"Electric scooter Velt Smart Scooter X7 \/ X8 Pro handles. Supplied with 2 handlebars that can be screwed onto the handlebars, original spare parts. Electric scooter spare parts parts","robots":{"index":"index","follow":"follow","max-snippet":"max-snippet:-1","max-image-preview":"max-image-preview:large","max-video-preview":"max-video-preview:-1"},"canonical":"https:\/\/www.xn--tuksimaailm-ffb.ee\/en\/product\/velt-smart-scooter-x7-x8-pro-handlebar-a\/","og_locale":"en_US","og_type":"article","og_title":"Velt Smart Scooter X7 X8 Pro handlebar (A+)","og_description":"Electric scooter Velt Smart Scooter X7 \/ X8 Pro handles. Supplied with 2 handlebars that can be screwed onto the handlebars, original spare parts. Electric scooter spare parts parts","og_url":"https:\/\/www.xn--tuksimaailm-ffb.ee\/en\/product\/velt-smart-scooter-x7-x8-pro-handlebar-a\/","og_site_name":"T\u00f5uksimaailm","article_publisher":"https:\/\/www.facebook.com\/touksimaailm\/","og_image":[{"width":1827,"height":1941,"url":"https:\/\/www.xn--tuksimaailm-ffb.ee\/wp-content\/uploads\/2021\/02\/20210207_170010.jpg","type":"image\/jpeg"}],"twitter_card":"summary_large_image","twitter_misc":{"Availability":"In stock"},"schema":{"@context":"https:\/\/schema.org","@graph":[{"@type":"WebPage","@id":"https:\/\/www.xn--tuksimaailm-ffb.ee\/en\/product\/velt-smart-scooter-x7-x8-pro-handlebar-a\/","url":"https:\/\/www.xn--tuksimaailm-ffb.ee\/en\/product\/velt-smart-scooter-x7-x8-pro-handlebar-a\/","name":"Velt Smart Scooter X7 X8 Pro handlebar (A+) | T\u00f5uksimaailm | Spare Parts","isPartOf":{"@id":"https:\/\/www.xn--tuksimaailm-ffb.ee\/en\/#website"},"primaryImageOfPage":{"@id":"https:\/\/www.xn--tuksimaailm-ffb.ee\/en\/product\/velt-smart-scooter-x7-x8-pro-handlebar-a\/#primaryimage"},"image":{"@id":"https:\/\/www.xn--tuksimaailm-ffb.ee\/en\/product\/velt-smart-scooter-x7-x8-pro-handlebar-a\/#primaryimage"},"thumbnailUrl":"https:\/\/www.xn--tuksimaailm-ffb.ee\/wp-content\/uploads\/2021\/02\/Screenshot-2026-01-06-231619.webp","datePublished":"2021-02-07T14:53:25+00:00","description":"Electric scooter Velt Smart Scooter X7 \/ X8 Pro handles. Supplied with 2 handlebars that can be screwed onto the handlebars, original spare parts. Electric scooter spare parts parts","breadcrumb":{"@id":"https:\/\/www.xn--tuksimaailm-ffb.ee\/en\/product\/velt-smart-scooter-x7-x8-pro-handlebar-a\/#breadcrumb"},"inLanguage":"en-US","potentialAction":[{"@type":"ReadAction","target":["https:\/\/www.xn--tuksimaailm-ffb.ee\/en\/product\/velt-smart-scooter-x7-x8-pro-handlebar-a\/"]}]},{"@type":"ImageObject","inLanguage":"en-US","@id":"https:\/\/www.xn--tuksimaailm-ffb.ee\/en\/product\/velt-smart-scooter-x7-x8-pro-handlebar-a\/#primaryimage","url":"https:\/\/www.xn--tuksimaailm-ffb.ee\/wp-content\/uploads\/2021\/02\/Screenshot-2026-01-06-231619.webp","contentUrl":"https:\/\/www.xn--tuksimaailm-ffb.ee\/wp-content\/uploads\/2021\/02\/Screenshot-2026-01-06-231619.webp","width":1176,"height":934,"caption":"Velt Smart Scooter X7 X8 Pro k\u00e4epide (A+)"},{"@type":"BreadcrumbList","@id":"https:\/\/www.xn--tuksimaailm-ffb.ee\/en\/product\/velt-smart-scooter-x7-x8-pro-handlebar-a\/#breadcrumb","itemListElement":[{"@type":"ListItem","position":1,"name":"Home","item":"https:\/\/www.xn--tuksimaailm-ffb.ee\/en\/main-page\/"},{"@type":"ListItem","position":2,"name":"Shop","item":"https:\/\/www.xn--tuksimaailm-ffb.ee\/elektritoukerataste-pood\/"},{"@type":"ListItem","position":3,"name":"Velt Smart Scooter X7 X8 Pro handlebar (A+)"}]},{"@type":"WebSite","@id":"https:\/\/www.xn--tuksimaailm-ffb.ee\/en\/#website","url":"https:\/\/www.xn--tuksimaailm-ffb.ee\/en\/","name":"T\u00f5uksimaailm","description":"Elektrit\u00f5ukerataste m\u00fc\u00fck, remont ja rent","publisher":{"@id":"https:\/\/www.xn--tuksimaailm-ffb.ee\/en\/#organization"},"potentialAction":[{"@type":"SearchAction","target":{"@type":"EntryPoint","urlTemplate":"https:\/\/www.xn--tuksimaailm-ffb.ee\/en\/?s={search_term_string}"},"query-input":{"@type":"PropertyValueSpecification","valueRequired":true,"valueName":"search_term_string"}}],"inLanguage":"en-US"},{"@type":"Organization","@id":"https:\/\/www.xn--tuksimaailm-ffb.ee\/en\/#organization","name":"T\u00f5uksimaailm","url":"https:\/\/www.xn--tuksimaailm-ffb.ee\/en\/","logo":{"@type":"ImageObject","inLanguage":"en-US","@id":"https:\/\/www.xn--tuksimaailm-ffb.ee\/en\/#\/schema\/logo\/image\/","url":"https:\/\/www.xn--tuksimaailm-ffb.ee\/wp-content\/uploads\/2020\/01\/logoz-e1579792875517.png","contentUrl":"https:\/\/www.xn--tuksimaailm-ffb.ee\/wp-content\/uploads\/2020\/01\/logoz-e1579792875517.png","width":250,"height":250,"caption":"T\u00f5uksimaailm"},"image":{"@id":"https:\/\/www.xn--tuksimaailm-ffb.ee\/en\/#\/schema\/logo\/image\/"},"sameAs":["https:\/\/www.facebook.com\/touksimaailm\/","https:\/\/www.instagram.com\/touksimaailm_\/","https:\/\/www.youtube.com\/channel\/UC18ml0EKIDLP1xGuQjFzcXQ"]}]},"og_availability":"instock","product_availability":"instock","product_condition":"new"},"jetpack_sharing_enabled":true,"_links":{"self":[{"href":"https:\/\/www.xn--tuksimaailm-ffb.ee\/en\/wp-json\/wp\/v2\/product\/58016","targetHints":{"allow":["GET"]}}],"collection":[{"href":"https:\/\/www.xn--tuksimaailm-ffb.ee\/en\/wp-json\/wp\/v2\/product"}],"about":[{"href":"https:\/\/www.xn--tuksimaailm-ffb.ee\/en\/wp-json\/wp\/v2\/types\/product"}],"wp:featuredmedia":[{"embeddable":true,"href":"https:\/\/www.xn--tuksimaailm-ffb.ee\/en\/wp-json\/wp\/v2\/media\/73065"}],"wp:attachment":[{"href":"https:\/\/www.xn--tuksimaailm-ffb.ee\/en\/wp-json\/wp\/v2\/media?parent=58016"}],"wp:term":[{"taxonomy":"product_brand","embeddable":true,"href":"https:\/\/www.xn--tuksimaailm-ffb.ee\/en\/wp-json\/wp\/v2\/product_brand?post=58016"},{"taxonomy":"product_cat","embeddable":true,"href":"https:\/\/www.xn--tuksimaailm-ffb.ee\/en\/wp-json\/wp\/v2\/product_cat?post=58016"},{"taxonomy":"product_tag","embeddable":true,"href":"https:\/\/www.xn--tuksimaailm-ffb.ee\/en\/wp-json\/wp\/v2\/product_tag?post=58016"},{"taxonomy":"filter_elektritoukeratas","embeddable":true,"href":"https:\/\/www.xn--tuksimaailm-ffb.ee\/en\/wp-json\/wp\/v2\/filter_elektritoukeratas?post=58016"}],"curies":[{"name":"wp","href":"https:\/\/api.w.org\/{rel}","templated":true}]}}