{"id":58024,"date":"2021-02-07T15:35:07","date_gmt":"2021-02-07T12:35:07","guid":{"rendered":"http:\/\/www.xn--tuksimaailm-ffb.ee\/shop\/velt-smart-scooter-x7-x8-pro-tail-light\/"},"modified":"2021-02-07T15:35:07","modified_gmt":"2021-02-07T12:35:07","slug":"velt-smart-scooter-x7-x8-pro-tail-light","status":"publish","type":"product","link":"https:\/\/www.xn--tuksimaailm-ffb.ee\/en\/product\/velt-smart-scooter-x7-x8-pro-tail-light\/","title":{"rendered":"Velt Smart Scooter X7 \/ X8 Pro tail light"},"content":{"rendered":"<p>Electric scooter Velt Smart Scooter X7 \/ X8 Pro tail light (also rear LED light, rear light, brake light). <b><strong>Original<\/strong><\/b> spare part. The rear light of the Velt Smart Scooter X7 \/ X8 Pro electric scooter will definitely fit the following popular electric scooters: <a href=\"http:\/\/www.xn--tuksimaailm-ffb.ee\/shop\/elektriline-toukeratas-velt-smart-scooter-x7\/\"><b><strong>Velt Smart Scooter X7<\/strong><\/b><\/a>, <a href=\"http:\/\/www.xn--tuksimaailm-ffb.ee\/shop\/elektriline-toukeratas-velt-smart-scooter-x8\/\"><b><strong>Velt Smart Scooter X8<\/strong><\/b><\/a> and also <b><strong>Velt Smart Scooter X8 Pro<\/strong><\/b>.<\/p>\n<p>If you have trouble replacing the rear light on your electric scooter on your own, our <a href=\"http:\/\/www.xn--tuksimaailm-ffb.ee\/elektrilise-toukeratta-remont\/\">workshop<\/a> specialising in electric scooters can help.<\/p>\n","protected":false},"excerpt":{"rendered":"<p>Electric scooter Velt Smart Scooter X7 \/ X8 Pro tail light (also rear LED light, rear light, brake light). Original spare part. The rear light of the Velt Smart Scooter X7 \/ X8 Pro electric scooter will definitely fit the following popular electric scooters: Velt Smart Scooter X7, Velt Smart &hellip;<\/p>\n","protected":false},"featured_media":40066,"template":"","meta":[],"product_brand":[],"product_cat":[726],"product_tag":[3390],"filter_elektritoukeratas":[2686,2687,2697,2698,2694,2695,2693,2691,2692],"class_list":{"0":"post-58024","1":"product","2":"type-product","3":"status-publish","4":"has-post-thumbnail","6":"product_cat-spare-parts","7":"product_tag-velt-smart-scooter-spare-parts","8":"pa_colour-punane","9":"pa_colour-sinine","10":"pa_tootetuup-lights","11":"filter_elektritoukeratas-ft_blaupunkt_esc808","12":"filter_elektritoukeratas-ft_blaupunkt_esc910","13":"filter_elektritoukeratas-ft_hx_x7","14":"filter_elektritoukeratas-ft_hx_x8","15":"filter_elektritoukeratas-ft_velt_smart_eco","16":"filter_elektritoukeratas-ft_velt_smart_pro","17":"filter_elektritoukeratas-ft_velt_smart_x7","18":"filter_elektritoukeratas-ft_velt_smart_x8","19":"filter_elektritoukeratas-ft_velt_smart_x8_pro","21":"first","22":"instock","23":"taxable","24":"shipping-taxable","25":"purchasable","26":"product-type-simple"},"yoast_head":"<!-- This site is optimized with the Yoast SEO Premium plugin v26.8 (Yoast SEO v27.5) - https:\/\/yoast.com\/product\/yoast-seo-premium-wordpress\/ -->\n<title>Velt Smart Scooter X7 \/ X8 Pro tail light | T\u00f5uksimaailm | Lights<\/title>\n<meta name=\"description\" content=\"Electric scooter Velt Smart Scooter X7 \/ X8 Pro tail light (also rear LED light, rear light). Original Velt Smart Scooter spare parts.\" \/>\n<meta name=\"robots\" content=\"index, follow, max-snippet:-1, max-image-preview:large, max-video-preview:-1\" \/>\n<link rel=\"canonical\" href=\"https:\/\/www.xn--tuksimaailm-ffb.ee\/en\/product\/velt-smart-scooter-x7-x8-pro-tail-light\/\" \/>\n<meta property=\"og:locale\" content=\"en_US\" \/>\n<meta property=\"og:type\" content=\"article\" \/>\n<meta property=\"og:title\" content=\"Velt Smart Scooter X7 \/ X8 Pro tail light\" \/>\n<meta property=\"og:description\" content=\"Electric scooter Velt Smart Scooter X7 \/ X8 Pro tail light (also rear LED light, rear light). Original Velt Smart Scooter spare parts.\" \/>\n<meta property=\"og:url\" content=\"https:\/\/www.xn--tuksimaailm-ffb.ee\/en\/product\/velt-smart-scooter-x7-x8-pro-tail-light\/\" \/>\n<meta property=\"og:site_name\" content=\"T\u00f5uksimaailm\" \/>\n<meta property=\"article:publisher\" content=\"https:\/\/www.facebook.com\/touksimaailm\/\" \/>\n<meta property=\"og:image\" content=\"https:\/\/www.xn--tuksimaailm-ffb.ee\/wp-content\/uploads\/2021\/02\/Velt-x7-tagatuli-jpg.webp\" \/>\n\t<meta property=\"og:image:width\" content=\"1053\" \/>\n\t<meta property=\"og:image:height\" content=\"851\" \/>\n\t<meta property=\"og:image:type\" content=\"image\/jpeg\" \/>\n<meta name=\"twitter:card\" content=\"summary_large_image\" \/>\n<meta name=\"twitter:label1\" content=\"Price\" \/>\n\t<meta name=\"twitter:data1\" content=\"&euro;15.00\" \/>\n\t<meta name=\"twitter:label2\" content=\"Availability\" \/>\n\t<meta name=\"twitter:data2\" content=\"In stock\" \/>\n<meta property=\"product:price:amount\" content=\"15.00\" \/>\n<meta property=\"product:price:currency\" content=\"EUR\" \/>\n<meta property=\"og:availability\" content=\"instock\" \/>\n<meta property=\"product:availability\" content=\"instock\" \/>\n<meta property=\"product:condition\" content=\"new\" \/>\n<!-- \/ Yoast SEO Premium plugin. -->","yoast_head_json":{"title":"Velt Smart Scooter X7 \/ X8 Pro tail light | T\u00f5uksimaailm | Lights","description":"Electric scooter Velt Smart Scooter X7 \/ X8 Pro tail light (also rear LED light, rear light). Original Velt Smart Scooter spare parts.","robots":{"index":"index","follow":"follow","max-snippet":"max-snippet:-1","max-image-preview":"max-image-preview:large","max-video-preview":"max-video-preview:-1"},"canonical":"https:\/\/www.xn--tuksimaailm-ffb.ee\/en\/product\/velt-smart-scooter-x7-x8-pro-tail-light\/","og_locale":"en_US","og_type":"article","og_title":"Velt Smart Scooter X7 \/ X8 Pro tail light","og_description":"Electric scooter Velt Smart Scooter X7 \/ X8 Pro tail light (also rear LED light, rear light). Original Velt Smart Scooter spare parts.","og_url":"https:\/\/www.xn--tuksimaailm-ffb.ee\/en\/product\/velt-smart-scooter-x7-x8-pro-tail-light\/","og_site_name":"T\u00f5uksimaailm","article_publisher":"https:\/\/www.facebook.com\/touksimaailm\/","og_image":[{"width":1053,"height":851,"url":"https:\/\/www.xn--tuksimaailm-ffb.ee\/wp-content\/uploads\/2021\/02\/Velt-x7-tagatuli-jpg.webp","type":"image\/jpeg"}],"twitter_card":"summary_large_image","twitter_misc":{"Price":"&euro;15.00","Availability":"In stock"},"schema":{"@context":"https:\/\/schema.org","@graph":[{"@type":"WebPage","@id":"https:\/\/www.xn--tuksimaailm-ffb.ee\/en\/product\/velt-smart-scooter-x7-x8-pro-tail-light\/","url":"https:\/\/www.xn--tuksimaailm-ffb.ee\/en\/product\/velt-smart-scooter-x7-x8-pro-tail-light\/","name":"Velt Smart Scooter X7 \/ X8 Pro tail light | T\u00f5uksimaailm | Lights","isPartOf":{"@id":"https:\/\/www.xn--tuksimaailm-ffb.ee\/en\/#website"},"primaryImageOfPage":{"@id":"https:\/\/www.xn--tuksimaailm-ffb.ee\/en\/product\/velt-smart-scooter-x7-x8-pro-tail-light\/#primaryimage"},"image":{"@id":"https:\/\/www.xn--tuksimaailm-ffb.ee\/en\/product\/velt-smart-scooter-x7-x8-pro-tail-light\/#primaryimage"},"thumbnailUrl":"https:\/\/www.xn--tuksimaailm-ffb.ee\/wp-content\/uploads\/2021\/02\/Velt-x7-tagatuli-jpg.webp","datePublished":"2021-02-07T12:35:07+00:00","description":"Electric scooter Velt Smart Scooter X7 \/ X8 Pro tail light (also rear LED light, rear light). Original Velt Smart Scooter spare parts.","breadcrumb":{"@id":"https:\/\/www.xn--tuksimaailm-ffb.ee\/en\/product\/velt-smart-scooter-x7-x8-pro-tail-light\/#breadcrumb"},"inLanguage":"en-US","potentialAction":[{"@type":"ReadAction","target":["https:\/\/www.xn--tuksimaailm-ffb.ee\/en\/product\/velt-smart-scooter-x7-x8-pro-tail-light\/"]}]},{"@type":"ImageObject","inLanguage":"en-US","@id":"https:\/\/www.xn--tuksimaailm-ffb.ee\/en\/product\/velt-smart-scooter-x7-x8-pro-tail-light\/#primaryimage","url":"https:\/\/www.xn--tuksimaailm-ffb.ee\/wp-content\/uploads\/2021\/02\/Velt-x7-tagatuli-jpg.webp","contentUrl":"https:\/\/www.xn--tuksimaailm-ffb.ee\/wp-content\/uploads\/2021\/02\/Velt-x7-tagatuli-jpg.webp","width":1053,"height":851,"caption":"Velt Smart Scooter X7 \/ X8 Pro tail light"},{"@type":"BreadcrumbList","@id":"https:\/\/www.xn--tuksimaailm-ffb.ee\/en\/product\/velt-smart-scooter-x7-x8-pro-tail-light\/#breadcrumb","itemListElement":[{"@type":"ListItem","position":1,"name":"Home","item":"https:\/\/www.xn--tuksimaailm-ffb.ee\/en\/main-page\/"},{"@type":"ListItem","position":2,"name":"Shop","item":"https:\/\/www.xn--tuksimaailm-ffb.ee\/elektritoukerataste-pood\/"},{"@type":"ListItem","position":3,"name":"Velt Smart Scooter X7 \/ X8 Pro tail light"}]},{"@type":"WebSite","@id":"https:\/\/www.xn--tuksimaailm-ffb.ee\/en\/#website","url":"https:\/\/www.xn--tuksimaailm-ffb.ee\/en\/","name":"T\u00f5uksimaailm","description":"Elektrit\u00f5ukerataste m\u00fc\u00fck, remont ja rent","publisher":{"@id":"https:\/\/www.xn--tuksimaailm-ffb.ee\/en\/#organization"},"potentialAction":[{"@type":"SearchAction","target":{"@type":"EntryPoint","urlTemplate":"https:\/\/www.xn--tuksimaailm-ffb.ee\/en\/?s={search_term_string}"},"query-input":{"@type":"PropertyValueSpecification","valueRequired":true,"valueName":"search_term_string"}}],"inLanguage":"en-US"},{"@type":"Organization","@id":"https:\/\/www.xn--tuksimaailm-ffb.ee\/en\/#organization","name":"T\u00f5uksimaailm","url":"https:\/\/www.xn--tuksimaailm-ffb.ee\/en\/","logo":{"@type":"ImageObject","inLanguage":"en-US","@id":"https:\/\/www.xn--tuksimaailm-ffb.ee\/en\/#\/schema\/logo\/image\/","url":"https:\/\/www.xn--tuksimaailm-ffb.ee\/wp-content\/uploads\/2020\/01\/logoz-e1579792875517.png","contentUrl":"https:\/\/www.xn--tuksimaailm-ffb.ee\/wp-content\/uploads\/2020\/01\/logoz-e1579792875517.png","width":250,"height":250,"caption":"T\u00f5uksimaailm"},"image":{"@id":"https:\/\/www.xn--tuksimaailm-ffb.ee\/en\/#\/schema\/logo\/image\/"},"sameAs":["https:\/\/www.facebook.com\/touksimaailm\/","https:\/\/www.instagram.com\/touksimaailm_\/","https:\/\/www.youtube.com\/channel\/UC18ml0EKIDLP1xGuQjFzcXQ"]}]},"product_price_amount":"15.00","product_price_currency":"EUR","og_availability":"instock","product_availability":"instock","product_condition":"new"},"jetpack_sharing_enabled":true,"_links":{"self":[{"href":"https:\/\/www.xn--tuksimaailm-ffb.ee\/en\/wp-json\/wp\/v2\/product\/58024","targetHints":{"allow":["GET"]}}],"collection":[{"href":"https:\/\/www.xn--tuksimaailm-ffb.ee\/en\/wp-json\/wp\/v2\/product"}],"about":[{"href":"https:\/\/www.xn--tuksimaailm-ffb.ee\/en\/wp-json\/wp\/v2\/types\/product"}],"wp:featuredmedia":[{"embeddable":true,"href":"https:\/\/www.xn--tuksimaailm-ffb.ee\/en\/wp-json\/wp\/v2\/media\/40066"}],"wp:attachment":[{"href":"https:\/\/www.xn--tuksimaailm-ffb.ee\/en\/wp-json\/wp\/v2\/media?parent=58024"}],"wp:term":[{"taxonomy":"product_brand","embeddable":true,"href":"https:\/\/www.xn--tuksimaailm-ffb.ee\/en\/wp-json\/wp\/v2\/product_brand?post=58024"},{"taxonomy":"product_cat","embeddable":true,"href":"https:\/\/www.xn--tuksimaailm-ffb.ee\/en\/wp-json\/wp\/v2\/product_cat?post=58024"},{"taxonomy":"product_tag","embeddable":true,"href":"https:\/\/www.xn--tuksimaailm-ffb.ee\/en\/wp-json\/wp\/v2\/product_tag?post=58024"},{"taxonomy":"filter_elektritoukeratas","embeddable":true,"href":"https:\/\/www.xn--tuksimaailm-ffb.ee\/en\/wp-json\/wp\/v2\/filter_elektritoukeratas?post=58024"}],"curies":[{"name":"wp","href":"https:\/\/api.w.org\/{rel}","templated":true}]}}