{"id":58029,"date":"2021-02-07T16:28:47","date_gmt":"2021-02-07T13:28:47","guid":{"rendered":"http:\/\/www.xn--tuksimaailm-ffb.ee\/shop\/velt-smart-x8-eco-extra-battery-10ah-360wh-a\/"},"modified":"2021-02-07T16:28:47","modified_gmt":"2021-02-07T13:28:47","slug":"velt-smart-x8-eco-extra-battery-10ah-360wh-a","status":"publish","type":"product","link":"https:\/\/www.xn--tuksimaailm-ffb.ee\/en\/product\/velt-smart-x8-eco-extra-battery-10ah-360wh-a\/","title":{"rendered":"Velt Smart X8 Eco Extra battery 10Ah 360Wh (A+)"},"content":{"rendered":"<p>Velt Smart Scooter X8 Eco extra battery <b><strong>10Ah \/ 360Wh<\/strong><\/b> for electric scooter. High quality<b><strong> original <\/strong><\/b>Velt Smart battery, voltage fully charged <b><strong>42V<\/strong><\/b> (rated voltage <b><strong>36VDC<\/strong><\/b>). The Velt Smart Scooter X8 Eco extra battery is suitable for the popular <a href=\"http:\/\/www.xn--tuksimaailm-ffb.ee\/shop\/elektriline-toukeratas-velt-smart-scooter-x8\/\"><b><strong>Velt Smart Scooter Eco<\/strong><\/b><\/a> electric scooter, as well as the older model X8. The Velt Smart Scooter X8 Eco battery is quickly removable without tools.<\/p>\n<p>This makes it possible to quickly replace a discharged battery with a new and charged one. The extra battery can also be charged separately. The battery is equipped with a smart BMS, which eliminates the possibility of short-circuiting the battery when the battery is not attached to the scooter.<\/p>\n","protected":false},"excerpt":{"rendered":"<p>Velt Smart Scooter X8 Eco extra battery 10Ah \/ 360Wh for electric scooter. High quality original Velt Smart battery, voltage fully charged 42V (rated voltage 36VDC). The Velt Smart Scooter X8 Eco extra battery is suitable for the popular Velt Smart Scooter Eco electric scooter, as well as the older &hellip;<\/p>\n","protected":false},"featured_media":13707,"template":"","meta":[],"product_brand":[],"product_cat":[726],"product_tag":[3386,3390],"filter_elektritoukeratas":[2687,2698,2695,2691],"class_list":{"0":"post-58029","1":"product","2":"type-product","3":"status-publish","4":"has-post-thumbnail","6":"product_cat-spare-parts","7":"product_tag-batteries","8":"product_tag-velt-smart-scooter-spare-parts","9":"pa_colour-punane","10":"pa_colour-sinine","11":"pa_tootetuup-batteries","12":"filter_elektritoukeratas-ft_blaupunkt_esc910","13":"filter_elektritoukeratas-ft_hx_x8","14":"filter_elektritoukeratas-ft_velt_smart_pro","15":"filter_elektritoukeratas-ft_velt_smart_x8","17":"first","18":"instock","19":"taxable","20":"shipping-taxable","21":"purchasable","22":"product-type-simple"},"yoast_head":"<!-- This site is optimized with the Yoast SEO Premium plugin v26.8 (Yoast SEO v27.5) - https:\/\/yoast.com\/product\/yoast-seo-premium-wordpress\/ -->\n<title>Velt Smart X8 Eco Extra battery 10Ah 360Wh (A+) | T\u00f5uksimaailm | Batteries<\/title>\n<meta name=\"description\" content=\"Velt Smart Scooter X8 Eco extra battery 10Ah \/ 360Wh for electric scooter. High quality original Velt Smart scooter battery, voltage 42V (rated voltage 36VDC).\" \/>\n<meta name=\"robots\" content=\"index, follow, max-snippet:-1, max-image-preview:large, max-video-preview:-1\" \/>\n<link rel=\"canonical\" href=\"https:\/\/www.xn--tuksimaailm-ffb.ee\/en\/product\/velt-smart-x8-eco-extra-battery-10ah-360wh-a\/\" \/>\n<meta property=\"og:locale\" content=\"en_US\" \/>\n<meta property=\"og:type\" content=\"article\" \/>\n<meta property=\"og:title\" content=\"Velt Smart X8 Eco Extra battery 10Ah 360Wh (A+)\" \/>\n<meta property=\"og:description\" content=\"Velt Smart Scooter X8 Eco extra battery 10Ah \/ 360Wh for electric scooter. High quality original Velt Smart scooter battery, voltage 42V (rated voltage 36VDC).\" \/>\n<meta property=\"og:url\" content=\"https:\/\/www.xn--tuksimaailm-ffb.ee\/en\/product\/velt-smart-x8-eco-extra-battery-10ah-360wh-a\/\" \/>\n<meta property=\"og:site_name\" content=\"T\u00f5uksimaailm\" \/>\n<meta property=\"article:publisher\" content=\"https:\/\/www.facebook.com\/touksimaailm\/\" \/>\n<meta property=\"og:image\" content=\"https:\/\/www.xn--tuksimaailm-ffb.ee\/wp-content\/uploads\/2021\/02\/velt-smart-x8-lisaaku-1.jpg\" \/>\n\t<meta property=\"og:image:width\" content=\"833\" \/>\n\t<meta property=\"og:image:height\" content=\"825\" \/>\n\t<meta property=\"og:image:type\" content=\"image\/jpeg\" \/>\n<meta name=\"twitter:card\" content=\"summary_large_image\" \/>\n<meta name=\"twitter:label1\" content=\"Price\" \/>\n\t<meta name=\"twitter:data1\" content=\"&euro;199.50\" \/>\n\t<meta name=\"twitter:label2\" content=\"Availability\" \/>\n\t<meta name=\"twitter:data2\" content=\"In stock\" \/>\n<meta property=\"product:price:amount\" content=\"199.50\" \/>\n<meta property=\"product:price:currency\" content=\"EUR\" \/>\n<meta property=\"og:availability\" content=\"instock\" \/>\n<meta property=\"product:availability\" content=\"instock\" \/>\n<meta property=\"product:condition\" content=\"new\" \/>\n<!-- \/ Yoast SEO Premium plugin. -->","yoast_head_json":{"title":"Velt Smart X8 Eco Extra battery 10Ah 360Wh (A+) | T\u00f5uksimaailm | Batteries","description":"Velt Smart Scooter X8 Eco extra battery 10Ah \/ 360Wh for electric scooter. High quality original Velt Smart scooter battery, voltage 42V (rated voltage 36VDC).","robots":{"index":"index","follow":"follow","max-snippet":"max-snippet:-1","max-image-preview":"max-image-preview:large","max-video-preview":"max-video-preview:-1"},"canonical":"https:\/\/www.xn--tuksimaailm-ffb.ee\/en\/product\/velt-smart-x8-eco-extra-battery-10ah-360wh-a\/","og_locale":"en_US","og_type":"article","og_title":"Velt Smart X8 Eco Extra battery 10Ah 360Wh (A+)","og_description":"Velt Smart Scooter X8 Eco extra battery 10Ah \/ 360Wh for electric scooter. High quality original Velt Smart scooter battery, voltage 42V (rated voltage 36VDC).","og_url":"https:\/\/www.xn--tuksimaailm-ffb.ee\/en\/product\/velt-smart-x8-eco-extra-battery-10ah-360wh-a\/","og_site_name":"T\u00f5uksimaailm","article_publisher":"https:\/\/www.facebook.com\/touksimaailm\/","og_image":[{"width":833,"height":825,"url":"https:\/\/www.xn--tuksimaailm-ffb.ee\/wp-content\/uploads\/2021\/02\/velt-smart-x8-lisaaku-1.jpg","type":"image\/jpeg"}],"twitter_card":"summary_large_image","twitter_misc":{"Price":"&euro;199.50","Availability":"In stock"},"schema":{"@context":"https:\/\/schema.org","@graph":[{"@type":"WebPage","@id":"https:\/\/www.xn--tuksimaailm-ffb.ee\/en\/product\/velt-smart-x8-eco-extra-battery-10ah-360wh-a\/","url":"https:\/\/www.xn--tuksimaailm-ffb.ee\/en\/product\/velt-smart-x8-eco-extra-battery-10ah-360wh-a\/","name":"Velt Smart X8 Eco Extra battery 10Ah 360Wh (A+) | T\u00f5uksimaailm | Batteries","isPartOf":{"@id":"https:\/\/www.xn--tuksimaailm-ffb.ee\/en\/#website"},"primaryImageOfPage":{"@id":"https:\/\/www.xn--tuksimaailm-ffb.ee\/en\/product\/velt-smart-x8-eco-extra-battery-10ah-360wh-a\/#primaryimage"},"image":{"@id":"https:\/\/www.xn--tuksimaailm-ffb.ee\/en\/product\/velt-smart-x8-eco-extra-battery-10ah-360wh-a\/#primaryimage"},"thumbnailUrl":"https:\/\/www.xn--tuksimaailm-ffb.ee\/wp-content\/uploads\/2021\/02\/velt-smart-x8-lisaaku-1.jpg","datePublished":"2021-02-07T13:28:47+00:00","description":"Velt Smart Scooter X8 Eco extra battery 10Ah \/ 360Wh for electric scooter. High quality original Velt Smart scooter battery, voltage 42V (rated voltage 36VDC).","breadcrumb":{"@id":"https:\/\/www.xn--tuksimaailm-ffb.ee\/en\/product\/velt-smart-x8-eco-extra-battery-10ah-360wh-a\/#breadcrumb"},"inLanguage":"en-US","potentialAction":[{"@type":"ReadAction","target":["https:\/\/www.xn--tuksimaailm-ffb.ee\/en\/product\/velt-smart-x8-eco-extra-battery-10ah-360wh-a\/"]}]},{"@type":"ImageObject","inLanguage":"en-US","@id":"https:\/\/www.xn--tuksimaailm-ffb.ee\/en\/product\/velt-smart-x8-eco-extra-battery-10ah-360wh-a\/#primaryimage","url":"https:\/\/www.xn--tuksimaailm-ffb.ee\/wp-content\/uploads\/2021\/02\/velt-smart-x8-lisaaku-1.jpg","contentUrl":"https:\/\/www.xn--tuksimaailm-ffb.ee\/wp-content\/uploads\/2021\/02\/velt-smart-x8-lisaaku-1.jpg","width":833,"height":825,"caption":"Velt Smart X8 Eco Extra battery 10Ah 360Wh (A+)"},{"@type":"BreadcrumbList","@id":"https:\/\/www.xn--tuksimaailm-ffb.ee\/en\/product\/velt-smart-x8-eco-extra-battery-10ah-360wh-a\/#breadcrumb","itemListElement":[{"@type":"ListItem","position":1,"name":"Home","item":"https:\/\/www.xn--tuksimaailm-ffb.ee\/en\/main-page\/"},{"@type":"ListItem","position":2,"name":"Shop","item":"https:\/\/www.xn--tuksimaailm-ffb.ee\/elektritoukerataste-pood\/"},{"@type":"ListItem","position":3,"name":"Velt Smart X8 Eco Extra battery 10Ah 360Wh (A+)"}]},{"@type":"WebSite","@id":"https:\/\/www.xn--tuksimaailm-ffb.ee\/en\/#website","url":"https:\/\/www.xn--tuksimaailm-ffb.ee\/en\/","name":"T\u00f5uksimaailm","description":"Elektrit\u00f5ukerataste m\u00fc\u00fck, remont ja rent","publisher":{"@id":"https:\/\/www.xn--tuksimaailm-ffb.ee\/en\/#organization"},"potentialAction":[{"@type":"SearchAction","target":{"@type":"EntryPoint","urlTemplate":"https:\/\/www.xn--tuksimaailm-ffb.ee\/en\/?s={search_term_string}"},"query-input":{"@type":"PropertyValueSpecification","valueRequired":true,"valueName":"search_term_string"}}],"inLanguage":"en-US"},{"@type":"Organization","@id":"https:\/\/www.xn--tuksimaailm-ffb.ee\/en\/#organization","name":"T\u00f5uksimaailm","url":"https:\/\/www.xn--tuksimaailm-ffb.ee\/en\/","logo":{"@type":"ImageObject","inLanguage":"en-US","@id":"https:\/\/www.xn--tuksimaailm-ffb.ee\/en\/#\/schema\/logo\/image\/","url":"https:\/\/www.xn--tuksimaailm-ffb.ee\/wp-content\/uploads\/2020\/01\/logoz-e1579792875517.png","contentUrl":"https:\/\/www.xn--tuksimaailm-ffb.ee\/wp-content\/uploads\/2020\/01\/logoz-e1579792875517.png","width":250,"height":250,"caption":"T\u00f5uksimaailm"},"image":{"@id":"https:\/\/www.xn--tuksimaailm-ffb.ee\/en\/#\/schema\/logo\/image\/"},"sameAs":["https:\/\/www.facebook.com\/touksimaailm\/","https:\/\/www.instagram.com\/touksimaailm_\/","https:\/\/www.youtube.com\/channel\/UC18ml0EKIDLP1xGuQjFzcXQ"]}]},"product_price_amount":"199.50","product_price_currency":"EUR","og_availability":"instock","product_availability":"instock","product_condition":"new"},"jetpack_sharing_enabled":true,"_links":{"self":[{"href":"https:\/\/www.xn--tuksimaailm-ffb.ee\/en\/wp-json\/wp\/v2\/product\/58029","targetHints":{"allow":["GET"]}}],"collection":[{"href":"https:\/\/www.xn--tuksimaailm-ffb.ee\/en\/wp-json\/wp\/v2\/product"}],"about":[{"href":"https:\/\/www.xn--tuksimaailm-ffb.ee\/en\/wp-json\/wp\/v2\/types\/product"}],"wp:featuredmedia":[{"embeddable":true,"href":"https:\/\/www.xn--tuksimaailm-ffb.ee\/en\/wp-json\/wp\/v2\/media\/13707"}],"wp:attachment":[{"href":"https:\/\/www.xn--tuksimaailm-ffb.ee\/en\/wp-json\/wp\/v2\/media?parent=58029"}],"wp:term":[{"taxonomy":"product_brand","embeddable":true,"href":"https:\/\/www.xn--tuksimaailm-ffb.ee\/en\/wp-json\/wp\/v2\/product_brand?post=58029"},{"taxonomy":"product_cat","embeddable":true,"href":"https:\/\/www.xn--tuksimaailm-ffb.ee\/en\/wp-json\/wp\/v2\/product_cat?post=58029"},{"taxonomy":"product_tag","embeddable":true,"href":"https:\/\/www.xn--tuksimaailm-ffb.ee\/en\/wp-json\/wp\/v2\/product_tag?post=58029"},{"taxonomy":"filter_elektritoukeratas","embeddable":true,"href":"https:\/\/www.xn--tuksimaailm-ffb.ee\/en\/wp-json\/wp\/v2\/filter_elektritoukeratas?post=58029"}],"curies":[{"name":"wp","href":"https:\/\/api.w.org\/{rel}","templated":true}]}}