{"id":58041,"date":"2021-02-07T17:17:37","date_gmt":"2021-02-07T14:17:37","guid":{"rendered":"http:\/\/www.xn--tuksimaailm-ffb.ee\/shop\/velt-smart-scooter-x7-x8-pro-safety-plastic-ring-ring\/"},"modified":"2021-02-07T17:17:37","modified_gmt":"2021-02-07T14:17:37","slug":"velt-smart-scooter-x7-x8-pro-safety-plastic-ring-ring","status":"publish","type":"product","link":"https:\/\/www.xn--tuksimaailm-ffb.ee\/en\/product\/velt-smart-scooter-x7-x8-pro-safety-plastic-ring-ring\/","title":{"rendered":"Velt Smart Scooter X7 \/ X8 Pro safety plastic ring ring"},"content":{"rendered":"<p>Velt Smart Scooter X7 \/ X8 Pro safety plastic ring. Velt Smart Scooter X7 \/ X8 Pro electric scooter safety plastic ring fits popular electric scooter <a href=\"http:\/\/www.xn--tuksimaailm-ffb.ee\/shop\/elektriline-toukeratas-velt-smart-scooter-x7\/\"><b><strong>Velt Smart Scooter X7<\/strong><\/b><\/a>, <a href=\"http:\/\/www.xn--tuksimaailm-ffb.ee\/shop\/elektriline-toukeratas-velt-smart-scooter-x8\/\"><b><strong>Velt Smart Scooter X8<\/strong><\/b><\/a>, <b><strong>Velt Smart Scooter X8 Pro<\/strong><\/b>, Hx X7, X8, Blaupunkt Esc808, Esc910.<\/p>\n","protected":false},"excerpt":{"rendered":"<p>Velt Smart Scooter X7 \/ X8 Pro safety plastic ring. Velt Smart Scooter X7 \/ X8 Pro electric scooter safety plastic ring fits popular electric scooter Velt Smart Scooter X7, Velt Smart Scooter X8, Velt Smart Scooter X8 Pro, Hx X7, X8, Blaupunkt Esc808, Esc910.<\/p>\n","protected":false},"featured_media":54026,"template":"","meta":[],"product_brand":[],"product_cat":[726],"product_tag":[3390],"filter_elektritoukeratas":[2686,2687,2697,2698,2694,2695,2693,2691,2692],"class_list":{"0":"post-58041","1":"product","2":"type-product","3":"status-publish","4":"has-post-thumbnail","6":"product_cat-spare-parts","7":"product_tag-velt-smart-scooter-spare-parts","8":"pa_colour-punane","9":"pa_colour-sinine","10":"filter_elektritoukeratas-ft_blaupunkt_esc808","11":"filter_elektritoukeratas-ft_blaupunkt_esc910","12":"filter_elektritoukeratas-ft_hx_x7","13":"filter_elektritoukeratas-ft_hx_x8","14":"filter_elektritoukeratas-ft_velt_smart_eco","15":"filter_elektritoukeratas-ft_velt_smart_pro","16":"filter_elektritoukeratas-ft_velt_smart_x7","17":"filter_elektritoukeratas-ft_velt_smart_x8","18":"filter_elektritoukeratas-ft_velt_smart_x8_pro","20":"first","21":"instock","22":"taxable","23":"shipping-taxable","24":"purchasable","25":"product-type-simple"},"yoast_head":"<!-- This site is optimized with the Yoast SEO Premium plugin v26.8 (Yoast SEO v27.3) - https:\/\/yoast.com\/product\/yoast-seo-premium-wordpress\/ -->\n<title>Velt Smart Scooter X7 \/ X8 Pro safety plastic ring ring &#8212; T\u00f5uksimaailm<\/title>\n<meta name=\"description\" content=\"Velt Smart Scooter X7 \/ X8 Pro safety plastic ring. Suitable for electric scooter Velt Smart Scooter X7, X8, X8 Pro, Hx X7, X8, Blaupunkt Esc808, Esc910.\" \/>\n<meta name=\"robots\" content=\"index, follow, max-snippet:-1, max-image-preview:large, max-video-preview:-1\" \/>\n<link rel=\"canonical\" href=\"https:\/\/www.xn--tuksimaailm-ffb.ee\/en\/product\/velt-smart-scooter-x7-x8-pro-safety-plastic-ring-ring\/\" \/>\n<meta property=\"og:locale\" content=\"en_US\" \/>\n<meta property=\"og:type\" content=\"article\" \/>\n<meta property=\"og:title\" content=\"Velt Smart Scooter X7 \/ X8 Pro safety plastic ring ring\" \/>\n<meta property=\"og:description\" content=\"Velt Smart Scooter X7 \/ X8 Pro safety plastic ring. Suitable for electric scooter Velt Smart Scooter X7, X8, X8 Pro, Hx X7, X8, Blaupunkt Esc808, Esc910.\" \/>\n<meta property=\"og:url\" content=\"https:\/\/www.xn--tuksimaailm-ffb.ee\/en\/product\/velt-smart-scooter-x7-x8-pro-safety-plastic-ring-ring\/\" \/>\n<meta property=\"og:site_name\" content=\"T\u00f5uksimaailm\" \/>\n<meta property=\"article:publisher\" content=\"https:\/\/www.facebook.com\/touksimaailm\/\" \/>\n<meta property=\"og:image\" content=\"https:\/\/www.xn--tuksimaailm-ffb.ee\/wp-content\/uploads\/2021\/02\/Screenshot-2025-01-11-153446.webp\" \/>\n\t<meta property=\"og:image:width\" content=\"1068\" \/>\n\t<meta property=\"og:image:height\" content=\"1038\" \/>\n\t<meta property=\"og:image:type\" content=\"image\/webp\" \/>\n<meta name=\"twitter:card\" content=\"summary_large_image\" \/>\n<meta name=\"twitter:label1\" content=\"Price\" \/>\n\t<meta name=\"twitter:data1\" content=\"&euro;9.50\" \/>\n\t<meta name=\"twitter:label2\" content=\"Availability\" \/>\n\t<meta name=\"twitter:data2\" content=\"In stock\" \/>\n<meta property=\"product:price:amount\" content=\"9.50\" \/>\n<meta property=\"product:price:currency\" content=\"EUR\" \/>\n<meta property=\"og:availability\" content=\"instock\" \/>\n<meta property=\"product:availability\" content=\"instock\" \/>\n<meta property=\"product:condition\" content=\"new\" \/>\n<!-- \/ Yoast SEO Premium plugin. -->","yoast_head_json":{"title":"Velt Smart Scooter X7 \/ X8 Pro safety plastic ring ring &#8212; T\u00f5uksimaailm","description":"Velt Smart Scooter X7 \/ X8 Pro safety plastic ring. Suitable for electric scooter Velt Smart Scooter X7, X8, X8 Pro, Hx X7, X8, Blaupunkt Esc808, Esc910.","robots":{"index":"index","follow":"follow","max-snippet":"max-snippet:-1","max-image-preview":"max-image-preview:large","max-video-preview":"max-video-preview:-1"},"canonical":"https:\/\/www.xn--tuksimaailm-ffb.ee\/en\/product\/velt-smart-scooter-x7-x8-pro-safety-plastic-ring-ring\/","og_locale":"en_US","og_type":"article","og_title":"Velt Smart Scooter X7 \/ X8 Pro safety plastic ring ring","og_description":"Velt Smart Scooter X7 \/ X8 Pro safety plastic ring. Suitable for electric scooter Velt Smart Scooter X7, X8, X8 Pro, Hx X7, X8, Blaupunkt Esc808, Esc910.","og_url":"https:\/\/www.xn--tuksimaailm-ffb.ee\/en\/product\/velt-smart-scooter-x7-x8-pro-safety-plastic-ring-ring\/","og_site_name":"T\u00f5uksimaailm","article_publisher":"https:\/\/www.facebook.com\/touksimaailm\/","og_image":[{"width":1068,"height":1038,"url":"https:\/\/www.xn--tuksimaailm-ffb.ee\/wp-content\/uploads\/2021\/02\/Screenshot-2025-01-11-153446.webp","type":"image\/webp"}],"twitter_card":"summary_large_image","twitter_misc":{"Price":"&euro;9.50","Availability":"In stock"},"schema":{"@context":"https:\/\/schema.org","@graph":[{"@type":"WebPage","@id":"https:\/\/www.xn--tuksimaailm-ffb.ee\/en\/product\/velt-smart-scooter-x7-x8-pro-safety-plastic-ring-ring\/","url":"https:\/\/www.xn--tuksimaailm-ffb.ee\/en\/product\/velt-smart-scooter-x7-x8-pro-safety-plastic-ring-ring\/","name":"Velt Smart Scooter X7 \/ X8 Pro safety plastic ring ring &#8212; T\u00f5uksimaailm","isPartOf":{"@id":"https:\/\/www.xn--tuksimaailm-ffb.ee\/en\/#website"},"primaryImageOfPage":{"@id":"https:\/\/www.xn--tuksimaailm-ffb.ee\/en\/product\/velt-smart-scooter-x7-x8-pro-safety-plastic-ring-ring\/#primaryimage"},"image":{"@id":"https:\/\/www.xn--tuksimaailm-ffb.ee\/en\/product\/velt-smart-scooter-x7-x8-pro-safety-plastic-ring-ring\/#primaryimage"},"thumbnailUrl":"https:\/\/www.xn--tuksimaailm-ffb.ee\/wp-content\/uploads\/2021\/02\/Screenshot-2025-01-11-153446.webp","datePublished":"2021-02-07T14:17:37+00:00","description":"Velt Smart Scooter X7 \/ X8 Pro safety plastic ring. Suitable for electric scooter Velt Smart Scooter X7, X8, X8 Pro, Hx X7, X8, Blaupunkt Esc808, Esc910.","breadcrumb":{"@id":"https:\/\/www.xn--tuksimaailm-ffb.ee\/en\/product\/velt-smart-scooter-x7-x8-pro-safety-plastic-ring-ring\/#breadcrumb"},"inLanguage":"en-US","potentialAction":[{"@type":"ReadAction","target":["https:\/\/www.xn--tuksimaailm-ffb.ee\/en\/product\/velt-smart-scooter-x7-x8-pro-safety-plastic-ring-ring\/"]}]},{"@type":"ImageObject","inLanguage":"en-US","@id":"https:\/\/www.xn--tuksimaailm-ffb.ee\/en\/product\/velt-smart-scooter-x7-x8-pro-safety-plastic-ring-ring\/#primaryimage","url":"https:\/\/www.xn--tuksimaailm-ffb.ee\/wp-content\/uploads\/2021\/02\/Screenshot-2025-01-11-153446.webp","contentUrl":"https:\/\/www.xn--tuksimaailm-ffb.ee\/wp-content\/uploads\/2021\/02\/Screenshot-2025-01-11-153446.webp","width":1068,"height":1038,"caption":"Velt Smart Scooter X7 \/ X8 Pro safety plastic ring ring"},{"@type":"BreadcrumbList","@id":"https:\/\/www.xn--tuksimaailm-ffb.ee\/en\/product\/velt-smart-scooter-x7-x8-pro-safety-plastic-ring-ring\/#breadcrumb","itemListElement":[{"@type":"ListItem","position":1,"name":"Home","item":"https:\/\/www.xn--tuksimaailm-ffb.ee\/en\/main-page\/"},{"@type":"ListItem","position":2,"name":"Shop","item":"https:\/\/www.xn--tuksimaailm-ffb.ee\/elektritoukerataste-pood\/"},{"@type":"ListItem","position":3,"name":"Velt Smart Scooter X7 \/ X8 Pro safety plastic ring ring"}]},{"@type":"WebSite","@id":"https:\/\/www.xn--tuksimaailm-ffb.ee\/en\/#website","url":"https:\/\/www.xn--tuksimaailm-ffb.ee\/en\/","name":"T\u00f5uksimaailm","description":"Elektrit\u00f5ukerataste m\u00fc\u00fck, remont ja rent","publisher":{"@id":"https:\/\/www.xn--tuksimaailm-ffb.ee\/en\/#organization"},"potentialAction":[{"@type":"SearchAction","target":{"@type":"EntryPoint","urlTemplate":"https:\/\/www.xn--tuksimaailm-ffb.ee\/en\/?s={search_term_string}"},"query-input":{"@type":"PropertyValueSpecification","valueRequired":true,"valueName":"search_term_string"}}],"inLanguage":"en-US"},{"@type":"Organization","@id":"https:\/\/www.xn--tuksimaailm-ffb.ee\/en\/#organization","name":"T\u00f5uksimaailm","url":"https:\/\/www.xn--tuksimaailm-ffb.ee\/en\/","logo":{"@type":"ImageObject","inLanguage":"en-US","@id":"https:\/\/www.xn--tuksimaailm-ffb.ee\/en\/#\/schema\/logo\/image\/","url":"https:\/\/www.xn--tuksimaailm-ffb.ee\/wp-content\/uploads\/2020\/01\/logoz-e1579792875517.png","contentUrl":"https:\/\/www.xn--tuksimaailm-ffb.ee\/wp-content\/uploads\/2020\/01\/logoz-e1579792875517.png","width":250,"height":250,"caption":"T\u00f5uksimaailm"},"image":{"@id":"https:\/\/www.xn--tuksimaailm-ffb.ee\/en\/#\/schema\/logo\/image\/"},"sameAs":["https:\/\/www.facebook.com\/touksimaailm\/","https:\/\/www.instagram.com\/touksimaailm_\/","https:\/\/www.youtube.com\/channel\/UC18ml0EKIDLP1xGuQjFzcXQ"]}]},"product_price_amount":"9.50","product_price_currency":"EUR","og_availability":"instock","product_availability":"instock","product_condition":"new"},"jetpack_sharing_enabled":true,"_links":{"self":[{"href":"https:\/\/www.xn--tuksimaailm-ffb.ee\/en\/wp-json\/wp\/v2\/product\/58041","targetHints":{"allow":["GET"]}}],"collection":[{"href":"https:\/\/www.xn--tuksimaailm-ffb.ee\/en\/wp-json\/wp\/v2\/product"}],"about":[{"href":"https:\/\/www.xn--tuksimaailm-ffb.ee\/en\/wp-json\/wp\/v2\/types\/product"}],"wp:featuredmedia":[{"embeddable":true,"href":"https:\/\/www.xn--tuksimaailm-ffb.ee\/en\/wp-json\/wp\/v2\/media\/54026"}],"wp:attachment":[{"href":"https:\/\/www.xn--tuksimaailm-ffb.ee\/en\/wp-json\/wp\/v2\/media?parent=58041"}],"wp:term":[{"taxonomy":"product_brand","embeddable":true,"href":"https:\/\/www.xn--tuksimaailm-ffb.ee\/en\/wp-json\/wp\/v2\/product_brand?post=58041"},{"taxonomy":"product_cat","embeddable":true,"href":"https:\/\/www.xn--tuksimaailm-ffb.ee\/en\/wp-json\/wp\/v2\/product_cat?post=58041"},{"taxonomy":"product_tag","embeddable":true,"href":"https:\/\/www.xn--tuksimaailm-ffb.ee\/en\/wp-json\/wp\/v2\/product_tag?post=58041"},{"taxonomy":"filter_elektritoukeratas","embeddable":true,"href":"https:\/\/www.xn--tuksimaailm-ffb.ee\/en\/wp-json\/wp\/v2\/filter_elektritoukeratas?post=58041"}],"curies":[{"name":"wp","href":"https:\/\/api.w.org\/{rel}","templated":true}]}}