{"id":58042,"date":"2021-02-07T17:25:47","date_gmt":"2021-02-07T17:25:47","guid":{"rendered":"http:\/\/www.xn--tuksimaailm-ffb.ee\/shop\/inokim-light-2-mini-charger-42v-36vdc\/"},"modified":"2021-02-07T17:25:47","modified_gmt":"2021-02-07T14:25:47","slug":"inokim-light-2-mini-charger-42v-36vdc","status":"publish","type":"product","link":"https:\/\/www.xn--tuksimaailm-ffb.ee\/en\/product\/inokim-light-2-mini-charger-42v-36vdc\/","title":{"rendered":"Inokim Light 2 \/ Mini charger 42V (36VDC)"},"content":{"rendered":"<p>Inokim Light 2 \/ Mini laadija 42V (36VDC) 2A,\u00a0<strong>DC5.5<\/strong>\u00a0pistikuga (ka juhe, toiteadapter, adapter). Originaal\u00a0<strong>Inokim<\/strong>\u00a0laadija. Sisendpinge\u00a0<strong>230VAC<\/strong>, v\u00e4ljundpinge\u00a0<strong>42VDC<\/strong>\u00a0(36VDC nimipingega akudele), maksimaalne laadimisvool\u00a0<strong>2A<\/strong>. Laadija sobib populaarsele elektrit\u00f5ukerattale\u00a0<strong><a href=\"https:\/\/inokim.com\/models\/mini2\/\">Inokim Mini 2<\/a>,\u00a0<a href=\"http:\/\/www.xn--tuksimaailm-ffb.ee\/shop\/inokim-light-hero-elektriline-toukeratas\/\">Inokim Light Hero<\/a><\/strong>\u00a0ja\u00a0<strong><a href=\"http:\/\/www.xn--tuksimaailm-ffb.ee\/shop\/inokim-light-2-super-elektritoukeratas\/\">Inokim Light 2 Super<\/a>.<\/strong>\u00a0Elektrilisele t\u00f5ukerattale on vaja uut laadijat kui laadija indikaator LED tuli ei hakka p\u00f5lema v\u00f5i puudub v\u00e4ljundis pinge.<\/p>\n","protected":false},"excerpt":{"rendered":"<p>Inokim Light 2 \/ Mini laadija 42V (36VDC) 2A,\u00a0DC5.5\u00a0pistikuga (ka juhe, toiteadapter, adapter). Originaal\u00a0Inokim\u00a0laadija. Sisendpinge\u00a0230VAC, v\u00e4ljundpinge\u00a042VDC\u00a0(36VDC nimipingega akudele), maksimaalne laadimisvool\u00a02A. Laadija sobib populaarsele elektrit\u00f5ukerattale\u00a0Inokim Mini 2,\u00a0Inokim Light Hero\u00a0ja\u00a0Inokim Light 2 Super.\u00a0Elektrilisele t\u00f5ukerattale on vaja uut laadijat kui laadija indikaator LED tuli ei hakka p\u00f5lema v\u00f5i puudub v\u00e4ljundis pinge.<\/p>\n","protected":false},"featured_media":13715,"template":"","meta":[],"product_brand":[],"product_cat":[746,726],"product_tag":[3358,3221],"filter_elektritoukeratas":[2702,2711,2709,2719,2649],"class_list":{"0":"post-58042","1":"product","2":"type-product","3":"status-publish","4":"has-post-thumbnail","6":"product_cat-accessories","7":"product_cat-spare-parts","8":"product_tag-chargers","9":"product_tag-inokim-spare-parts","10":"pa_tootetuup-chargers","11":"filter_elektritoukeratas-ft_gpad_svan","12":"filter_elektritoukeratas-ft_inokim_light_2_max_super","13":"filter_elektritoukeratas-ft_inokim_light_hero_2_hero","14":"filter_elektritoukeratas-ft_joyor_a1_a3_a5","15":"filter_elektritoukeratas-ft_kugoo_s1_s1_plus_s1_pro_s1_max","17":"first","18":"instock","19":"taxable","20":"shipping-taxable","21":"purchasable","22":"product-type-simple"},"yoast_head":"<!-- This site is optimized with the Yoast SEO Premium plugin v26.8 (Yoast SEO v27.5) - https:\/\/yoast.com\/product\/yoast-seo-premium-wordpress\/ -->\n<title>Inokim Light 2 \/ Mini charger 42V (36VDC) | T\u00f5uksimaailm | Chargers<\/title>\n<meta name=\"description\" content=\"Inokim Light \/ Mini charger 42V (36VDC) 2A, with DC5.5 plug (also cord, power adapter), for electric scooter Inokim Mini 2, Light Hero \/ Super. Inokim chargers.\" \/>\n<meta name=\"robots\" content=\"index, follow, max-snippet:-1, max-image-preview:large, max-video-preview:-1\" \/>\n<link rel=\"canonical\" href=\"https:\/\/www.xn--tuksimaailm-ffb.ee\/en\/product\/inokim-light-2-mini-charger-42v-36vdc\/\" \/>\n<meta property=\"og:locale\" content=\"en_US\" \/>\n<meta property=\"og:type\" content=\"article\" \/>\n<meta property=\"og:title\" content=\"Inokim Light 2 \/ Mini charger 42V (36VDC)\" \/>\n<meta property=\"og:description\" content=\"Inokim Light \/ Mini charger 42V (36VDC) 2A, with DC5.5 plug (also cord, power adapter), for electric scooter Inokim Mini 2, Light Hero \/ Super. Inokim chargers.\" \/>\n<meta property=\"og:url\" content=\"https:\/\/www.xn--tuksimaailm-ffb.ee\/en\/product\/inokim-light-2-mini-charger-42v-36vdc\/\" \/>\n<meta property=\"og:site_name\" content=\"T\u00f5uksimaailm\" \/>\n<meta property=\"article:publisher\" content=\"https:\/\/www.facebook.com\/touksimaailm\/\" \/>\n<meta property=\"og:image\" content=\"https:\/\/www.xn--tuksimaailm-ffb.ee\/wp-content\/uploads\/2021\/02\/inokim-light-2-laadija.jpg\" \/>\n\t<meta property=\"og:image:width\" content=\"1015\" \/>\n\t<meta property=\"og:image:height\" content=\"821\" \/>\n\t<meta property=\"og:image:type\" content=\"image\/jpeg\" \/>\n<meta name=\"twitter:card\" content=\"summary_large_image\" \/>\n<meta name=\"twitter:label1\" content=\"Price\" \/>\n\t<meta name=\"twitter:data1\" content=\"&euro;49.00\" \/>\n\t<meta name=\"twitter:label2\" content=\"Availability\" \/>\n\t<meta name=\"twitter:data2\" content=\"In stock\" \/>\n<meta property=\"product:price:amount\" content=\"49.00\" \/>\n<meta property=\"product:price:currency\" content=\"EUR\" \/>\n<meta property=\"og:availability\" content=\"instock\" \/>\n<meta property=\"product:availability\" content=\"instock\" \/>\n<meta property=\"product:condition\" content=\"new\" \/>\n<!-- \/ Yoast SEO Premium plugin. -->","yoast_head_json":{"title":"Inokim Light 2 \/ Mini charger 42V (36VDC) | T\u00f5uksimaailm | Chargers","description":"Inokim Light \/ Mini charger 42V (36VDC) 2A, with DC5.5 plug (also cord, power adapter), for electric scooter Inokim Mini 2, Light Hero \/ Super. Inokim chargers.","robots":{"index":"index","follow":"follow","max-snippet":"max-snippet:-1","max-image-preview":"max-image-preview:large","max-video-preview":"max-video-preview:-1"},"canonical":"https:\/\/www.xn--tuksimaailm-ffb.ee\/en\/product\/inokim-light-2-mini-charger-42v-36vdc\/","og_locale":"en_US","og_type":"article","og_title":"Inokim Light 2 \/ Mini charger 42V (36VDC)","og_description":"Inokim Light \/ Mini charger 42V (36VDC) 2A, with DC5.5 plug (also cord, power adapter), for electric scooter Inokim Mini 2, Light Hero \/ Super. Inokim chargers.","og_url":"https:\/\/www.xn--tuksimaailm-ffb.ee\/en\/product\/inokim-light-2-mini-charger-42v-36vdc\/","og_site_name":"T\u00f5uksimaailm","article_publisher":"https:\/\/www.facebook.com\/touksimaailm\/","og_image":[{"width":1015,"height":821,"url":"https:\/\/www.xn--tuksimaailm-ffb.ee\/wp-content\/uploads\/2021\/02\/inokim-light-2-laadija.jpg","type":"image\/jpeg"}],"twitter_card":"summary_large_image","twitter_misc":{"Price":"&euro;49.00","Availability":"In stock"},"schema":{"@context":"https:\/\/schema.org","@graph":[{"@type":"WebPage","@id":"https:\/\/www.xn--tuksimaailm-ffb.ee\/en\/product\/inokim-light-2-mini-charger-42v-36vdc\/","url":"https:\/\/www.xn--tuksimaailm-ffb.ee\/en\/product\/inokim-light-2-mini-charger-42v-36vdc\/","name":"Inokim Light 2 \/ Mini charger 42V (36VDC) | T\u00f5uksimaailm | Chargers","isPartOf":{"@id":"https:\/\/www.xn--tuksimaailm-ffb.ee\/en\/#website"},"primaryImageOfPage":{"@id":"https:\/\/www.xn--tuksimaailm-ffb.ee\/en\/product\/inokim-light-2-mini-charger-42v-36vdc\/#primaryimage"},"image":{"@id":"https:\/\/www.xn--tuksimaailm-ffb.ee\/en\/product\/inokim-light-2-mini-charger-42v-36vdc\/#primaryimage"},"thumbnailUrl":"https:\/\/www.xn--tuksimaailm-ffb.ee\/wp-content\/uploads\/2021\/02\/inokim-light-2-laadija.jpg","datePublished":"2021-02-07T17:25:47+00:00","description":"Inokim Light \/ Mini charger 42V (36VDC) 2A, with DC5.5 plug (also cord, power adapter), for electric scooter Inokim Mini 2, Light Hero \/ Super. Inokim chargers.","breadcrumb":{"@id":"https:\/\/www.xn--tuksimaailm-ffb.ee\/en\/product\/inokim-light-2-mini-charger-42v-36vdc\/#breadcrumb"},"inLanguage":"en-US","potentialAction":[{"@type":"ReadAction","target":["https:\/\/www.xn--tuksimaailm-ffb.ee\/en\/product\/inokim-light-2-mini-charger-42v-36vdc\/"]}]},{"@type":"ImageObject","inLanguage":"en-US","@id":"https:\/\/www.xn--tuksimaailm-ffb.ee\/en\/product\/inokim-light-2-mini-charger-42v-36vdc\/#primaryimage","url":"https:\/\/www.xn--tuksimaailm-ffb.ee\/wp-content\/uploads\/2021\/02\/inokim-light-2-laadija.jpg","contentUrl":"https:\/\/www.xn--tuksimaailm-ffb.ee\/wp-content\/uploads\/2021\/02\/inokim-light-2-laadija.jpg","width":1015,"height":821,"caption":"Inokim Light 2 \/ Mini charger 42V (36VDC)"},{"@type":"BreadcrumbList","@id":"https:\/\/www.xn--tuksimaailm-ffb.ee\/en\/product\/inokim-light-2-mini-charger-42v-36vdc\/#breadcrumb","itemListElement":[{"@type":"ListItem","position":1,"name":"Home","item":"https:\/\/www.xn--tuksimaailm-ffb.ee\/en\/main-page\/"},{"@type":"ListItem","position":2,"name":"Shop","item":"https:\/\/www.xn--tuksimaailm-ffb.ee\/elektritoukerataste-pood\/"},{"@type":"ListItem","position":3,"name":"Inokim Light 2 \/ Mini charger 42V (36VDC)"}]},{"@type":"WebSite","@id":"https:\/\/www.xn--tuksimaailm-ffb.ee\/en\/#website","url":"https:\/\/www.xn--tuksimaailm-ffb.ee\/en\/","name":"T\u00f5uksimaailm","description":"Elektrit\u00f5ukerataste m\u00fc\u00fck, remont ja rent","publisher":{"@id":"https:\/\/www.xn--tuksimaailm-ffb.ee\/en\/#organization"},"potentialAction":[{"@type":"SearchAction","target":{"@type":"EntryPoint","urlTemplate":"https:\/\/www.xn--tuksimaailm-ffb.ee\/en\/?s={search_term_string}"},"query-input":{"@type":"PropertyValueSpecification","valueRequired":true,"valueName":"search_term_string"}}],"inLanguage":"en-US"},{"@type":"Organization","@id":"https:\/\/www.xn--tuksimaailm-ffb.ee\/en\/#organization","name":"T\u00f5uksimaailm","url":"https:\/\/www.xn--tuksimaailm-ffb.ee\/en\/","logo":{"@type":"ImageObject","inLanguage":"en-US","@id":"https:\/\/www.xn--tuksimaailm-ffb.ee\/en\/#\/schema\/logo\/image\/","url":"https:\/\/www.xn--tuksimaailm-ffb.ee\/wp-content\/uploads\/2020\/01\/logoz-e1579792875517.png","contentUrl":"https:\/\/www.xn--tuksimaailm-ffb.ee\/wp-content\/uploads\/2020\/01\/logoz-e1579792875517.png","width":250,"height":250,"caption":"T\u00f5uksimaailm"},"image":{"@id":"https:\/\/www.xn--tuksimaailm-ffb.ee\/en\/#\/schema\/logo\/image\/"},"sameAs":["https:\/\/www.facebook.com\/touksimaailm\/","https:\/\/www.instagram.com\/touksimaailm_\/","https:\/\/www.youtube.com\/channel\/UC18ml0EKIDLP1xGuQjFzcXQ"]}]},"product_price_amount":"49.00","product_price_currency":"EUR","og_availability":"instock","product_availability":"instock","product_condition":"new"},"jetpack_sharing_enabled":true,"_links":{"self":[{"href":"https:\/\/www.xn--tuksimaailm-ffb.ee\/en\/wp-json\/wp\/v2\/product\/58042","targetHints":{"allow":["GET"]}}],"collection":[{"href":"https:\/\/www.xn--tuksimaailm-ffb.ee\/en\/wp-json\/wp\/v2\/product"}],"about":[{"href":"https:\/\/www.xn--tuksimaailm-ffb.ee\/en\/wp-json\/wp\/v2\/types\/product"}],"wp:featuredmedia":[{"embeddable":true,"href":"https:\/\/www.xn--tuksimaailm-ffb.ee\/en\/wp-json\/wp\/v2\/media\/13715"}],"wp:attachment":[{"href":"https:\/\/www.xn--tuksimaailm-ffb.ee\/en\/wp-json\/wp\/v2\/media?parent=58042"}],"wp:term":[{"taxonomy":"product_brand","embeddable":true,"href":"https:\/\/www.xn--tuksimaailm-ffb.ee\/en\/wp-json\/wp\/v2\/product_brand?post=58042"},{"taxonomy":"product_cat","embeddable":true,"href":"https:\/\/www.xn--tuksimaailm-ffb.ee\/en\/wp-json\/wp\/v2\/product_cat?post=58042"},{"taxonomy":"product_tag","embeddable":true,"href":"https:\/\/www.xn--tuksimaailm-ffb.ee\/en\/wp-json\/wp\/v2\/product_tag?post=58042"},{"taxonomy":"filter_elektritoukeratas","embeddable":true,"href":"https:\/\/www.xn--tuksimaailm-ffb.ee\/en\/wp-json\/wp\/v2\/filter_elektritoukeratas?post=58042"}],"curies":[{"name":"wp","href":"https:\/\/api.w.org\/{rel}","templated":true}]}}