{"id":58043,"date":"2021-02-07T17:55:41","date_gmt":"2021-02-07T17:55:41","guid":{"rendered":"http:\/\/www.xn--tuksimaailm-ffb.ee\/shop\/inokim-ox-super-oxo-charger-67-2v-60vdc\/"},"modified":"2021-02-07T17:55:41","modified_gmt":"2021-02-07T14:55:41","slug":"inokim-ox-super-oxo-charger-67-2v-60vdc","status":"publish","type":"product","link":"https:\/\/www.xn--tuksimaailm-ffb.ee\/en\/product\/inokim-ox-super-oxo-charger-67-2v-60vdc\/","title":{"rendered":"Inokim OX Super \/ OXO charger 67.2V (60VDC)"},"content":{"rendered":"<p>Inokim OX Hero \/ Super \/ OXO charger 67.2V (60VDC) 1.75A, with <b><strong>XLR<\/strong><\/b> plug (also cable, power adapter, adaptor). Original <b><strong>Inokim<\/strong><\/b> charger. Input voltage <b><strong>230VAC<\/strong><\/b>, output voltage <b><strong>67.2VDC<\/strong><\/b> (for 60VDC rated batteries), maximum charging current<b><strong> 1.75A.<\/strong><\/b> The charger is suitable for the popular electric scooter <a href=\"http:\/\/www.xn--tuksimaailm-ffb.ee\/shop\/elektriline-toukeratas-inokim-oxo\/\"><b><strong>Inokim OXO<\/strong><\/b><\/a><b><strong>, <\/strong><\/b><a href=\"https:\/\/inokim.com\/models\/ox\/\"><b><strong>Inokim OX<\/strong><\/b><\/a><b><strong> (<\/strong><\/b><a href=\"http:\/\/www.xn--tuksimaailm-ffb.ee\/shop\/inokim-ox-hero-elektritoukeratas\/\"><b><strong>Hero<\/strong><\/b><\/a><b><strong> and <\/strong><\/b><a href=\"http:\/\/www.xn--tuksimaailm-ffb.ee\/shop\/inokim-ox-super-elektritoukeratas\/\"><b><strong>Super<\/strong><\/b><\/a><b><strong>).<\/strong><\/b> <b><strong>Inokim OX Eco<\/strong><\/b> 54.6V charger can be found <a href=\"http:\/\/www.xn--tuksimaailm-ffb.ee\/shop\/inokim-ox-eco-quick-3-super-laadija-54-6v-48vdc\/\"><b><strong>here<\/strong><\/b><\/a>. Your electric scooter needs a new charger if the charger's indicator LED light does not light up or there is no voltage at the output.<\/p>\n","protected":false},"excerpt":{"rendered":"<p>Inokim OX Hero \/ Super \/ OXO charger 67.2V (60VDC) 1.75A, with XLR plug (also cable, power adapter, adaptor). Original Inokim charger. Input voltage 230VAC, output voltage 67.2VDC (for 60VDC rated batteries), maximum charging current 1.75A. The charger is suitable for the popular electric scooter Inokim OXO, Inokim OX (Hero &hellip;<\/p>\n","protected":false},"featured_media":13723,"template":"","meta":[],"product_brand":[],"product_cat":[746,726],"product_tag":[3358,3221],"filter_elektritoukeratas":[],"class_list":{"0":"post-58043","1":"product","2":"type-product","3":"status-publish","4":"has-post-thumbnail","6":"product_cat-accessories","7":"product_cat-spare-parts","8":"product_tag-chargers","9":"product_tag-inokim-spare-parts","10":"pa_size-aviation-plug-new","11":"pa_size-xlr-connector-old","12":"pa_tootetuup-chargers","14":"first","15":"instock","16":"taxable","17":"shipping-taxable","18":"purchasable","19":"product-type-variable"},"yoast_head":"<!-- This site is optimized with the Yoast SEO Premium plugin v26.8 (Yoast SEO v27.3) - https:\/\/yoast.com\/product\/yoast-seo-premium-wordpress\/ -->\n<title>Inokim OX Super \/ OXO charger 67.2V (60VDC) | T\u00f5uksimaailm<\/title>\n<meta name=\"description\" content=\"Inokim OX Hero \/ Super \/ OXO charger 67.2V (60VDC) 1.75A, with XLR plug (also cable, power adapter, adaptor). Original Inokim charger. Inokim chargers.\" \/>\n<meta name=\"robots\" content=\"index, follow, max-snippet:-1, max-image-preview:large, max-video-preview:-1\" \/>\n<link rel=\"canonical\" href=\"https:\/\/www.xn--tuksimaailm-ffb.ee\/en\/product\/inokim-ox-super-oxo-charger-67-2v-60vdc\/\" \/>\n<meta property=\"og:locale\" content=\"en_US\" \/>\n<meta property=\"og:type\" content=\"article\" \/>\n<meta property=\"og:title\" content=\"Inokim OX Super \/ OXO charger 67.2V (60VDC)\" \/>\n<meta property=\"og:description\" content=\"Inokim OX Hero \/ Super \/ OXO charger 67.2V (60VDC) 1.75A, with XLR plug (also cable, power adapter, adaptor). Original Inokim charger. Inokim chargers.\" \/>\n<meta property=\"og:url\" content=\"https:\/\/www.xn--tuksimaailm-ffb.ee\/en\/product\/inokim-ox-super-oxo-charger-67-2v-60vdc\/\" \/>\n<meta property=\"og:site_name\" content=\"T\u00f5uksimaailm\" \/>\n<meta property=\"article:publisher\" content=\"https:\/\/www.facebook.com\/touksimaailm\/\" \/>\n<meta property=\"og:image\" content=\"https:\/\/www.xn--tuksimaailm-ffb.ee\/wp-content\/uploads\/2021\/02\/oxo-laadija-1.jpg\" \/>\n\t<meta property=\"og:image:width\" content=\"591\" \/>\n\t<meta property=\"og:image:height\" content=\"729\" \/>\n\t<meta property=\"og:image:type\" content=\"image\/jpeg\" \/>\n<meta name=\"twitter:card\" content=\"summary_large_image\" \/>\n<meta name=\"twitter:label1\" content=\"Availability\" \/>\n\t<meta name=\"twitter:data1\" content=\"In stock\" \/>\n<meta property=\"og:availability\" content=\"instock\" \/>\n<meta property=\"product:availability\" content=\"instock\" \/>\n<meta property=\"product:condition\" content=\"new\" \/>\n<!-- \/ Yoast SEO Premium plugin. -->","yoast_head_json":{"title":"Inokim OX Super \/ OXO charger 67.2V (60VDC) | T\u00f5uksimaailm","description":"Inokim OX Hero \/ Super \/ OXO charger 67.2V (60VDC) 1.75A, with XLR plug (also cable, power adapter, adaptor). Original Inokim charger. Inokim chargers.","robots":{"index":"index","follow":"follow","max-snippet":"max-snippet:-1","max-image-preview":"max-image-preview:large","max-video-preview":"max-video-preview:-1"},"canonical":"https:\/\/www.xn--tuksimaailm-ffb.ee\/en\/product\/inokim-ox-super-oxo-charger-67-2v-60vdc\/","og_locale":"en_US","og_type":"article","og_title":"Inokim OX Super \/ OXO charger 67.2V (60VDC)","og_description":"Inokim OX Hero \/ Super \/ OXO charger 67.2V (60VDC) 1.75A, with XLR plug (also cable, power adapter, adaptor). Original Inokim charger. Inokim chargers.","og_url":"https:\/\/www.xn--tuksimaailm-ffb.ee\/en\/product\/inokim-ox-super-oxo-charger-67-2v-60vdc\/","og_site_name":"T\u00f5uksimaailm","article_publisher":"https:\/\/www.facebook.com\/touksimaailm\/","og_image":[{"width":591,"height":729,"url":"https:\/\/www.xn--tuksimaailm-ffb.ee\/wp-content\/uploads\/2021\/02\/oxo-laadija-1.jpg","type":"image\/jpeg"}],"twitter_card":"summary_large_image","twitter_misc":{"Availability":"In stock"},"schema":{"@context":"https:\/\/schema.org","@graph":[{"@type":"WebPage","@id":"https:\/\/www.xn--tuksimaailm-ffb.ee\/en\/product\/inokim-ox-super-oxo-charger-67-2v-60vdc\/","url":"https:\/\/www.xn--tuksimaailm-ffb.ee\/en\/product\/inokim-ox-super-oxo-charger-67-2v-60vdc\/","name":"Inokim OX Super \/ OXO charger 67.2V (60VDC) | T\u00f5uksimaailm","isPartOf":{"@id":"https:\/\/www.xn--tuksimaailm-ffb.ee\/en\/#website"},"primaryImageOfPage":{"@id":"https:\/\/www.xn--tuksimaailm-ffb.ee\/en\/product\/inokim-ox-super-oxo-charger-67-2v-60vdc\/#primaryimage"},"image":{"@id":"https:\/\/www.xn--tuksimaailm-ffb.ee\/en\/product\/inokim-ox-super-oxo-charger-67-2v-60vdc\/#primaryimage"},"thumbnailUrl":"https:\/\/www.xn--tuksimaailm-ffb.ee\/wp-content\/uploads\/2021\/02\/oxo-laadija-1.jpg","datePublished":"2021-02-07T17:55:41+00:00","description":"Inokim OX Hero \/ Super \/ OXO charger 67.2V (60VDC) 1.75A, with XLR plug (also cable, power adapter, adaptor). Original Inokim charger. Inokim chargers.","breadcrumb":{"@id":"https:\/\/www.xn--tuksimaailm-ffb.ee\/en\/product\/inokim-ox-super-oxo-charger-67-2v-60vdc\/#breadcrumb"},"inLanguage":"en-US","potentialAction":[{"@type":"ReadAction","target":["https:\/\/www.xn--tuksimaailm-ffb.ee\/en\/product\/inokim-ox-super-oxo-charger-67-2v-60vdc\/"]}]},{"@type":"ImageObject","inLanguage":"en-US","@id":"https:\/\/www.xn--tuksimaailm-ffb.ee\/en\/product\/inokim-ox-super-oxo-charger-67-2v-60vdc\/#primaryimage","url":"https:\/\/www.xn--tuksimaailm-ffb.ee\/wp-content\/uploads\/2021\/02\/oxo-laadija-1.jpg","contentUrl":"https:\/\/www.xn--tuksimaailm-ffb.ee\/wp-content\/uploads\/2021\/02\/oxo-laadija-1.jpg","width":591,"height":729,"caption":"Inokim OX Super \/ OXO charger 67.2V (60VDC)"},{"@type":"BreadcrumbList","@id":"https:\/\/www.xn--tuksimaailm-ffb.ee\/en\/product\/inokim-ox-super-oxo-charger-67-2v-60vdc\/#breadcrumb","itemListElement":[{"@type":"ListItem","position":1,"name":"Home","item":"https:\/\/www.xn--tuksimaailm-ffb.ee\/en\/main-page\/"},{"@type":"ListItem","position":2,"name":"Shop","item":"https:\/\/www.xn--tuksimaailm-ffb.ee\/elektritoukerataste-pood\/"},{"@type":"ListItem","position":3,"name":"Inokim OX Super \/ OXO charger 67.2V (60VDC)"}]},{"@type":"WebSite","@id":"https:\/\/www.xn--tuksimaailm-ffb.ee\/en\/#website","url":"https:\/\/www.xn--tuksimaailm-ffb.ee\/en\/","name":"T\u00f5uksimaailm","description":"Elektrit\u00f5ukerataste m\u00fc\u00fck, remont ja rent","publisher":{"@id":"https:\/\/www.xn--tuksimaailm-ffb.ee\/en\/#organization"},"potentialAction":[{"@type":"SearchAction","target":{"@type":"EntryPoint","urlTemplate":"https:\/\/www.xn--tuksimaailm-ffb.ee\/en\/?s={search_term_string}"},"query-input":{"@type":"PropertyValueSpecification","valueRequired":true,"valueName":"search_term_string"}}],"inLanguage":"en-US"},{"@type":"Organization","@id":"https:\/\/www.xn--tuksimaailm-ffb.ee\/en\/#organization","name":"T\u00f5uksimaailm","url":"https:\/\/www.xn--tuksimaailm-ffb.ee\/en\/","logo":{"@type":"ImageObject","inLanguage":"en-US","@id":"https:\/\/www.xn--tuksimaailm-ffb.ee\/en\/#\/schema\/logo\/image\/","url":"https:\/\/www.xn--tuksimaailm-ffb.ee\/wp-content\/uploads\/2020\/01\/logoz-e1579792875517.png","contentUrl":"https:\/\/www.xn--tuksimaailm-ffb.ee\/wp-content\/uploads\/2020\/01\/logoz-e1579792875517.png","width":250,"height":250,"caption":"T\u00f5uksimaailm"},"image":{"@id":"https:\/\/www.xn--tuksimaailm-ffb.ee\/en\/#\/schema\/logo\/image\/"},"sameAs":["https:\/\/www.facebook.com\/touksimaailm\/","https:\/\/www.instagram.com\/touksimaailm_\/","https:\/\/www.youtube.com\/channel\/UC18ml0EKIDLP1xGuQjFzcXQ"]}]},"og_availability":"instock","product_availability":"instock","product_condition":"new"},"jetpack_sharing_enabled":true,"_links":{"self":[{"href":"https:\/\/www.xn--tuksimaailm-ffb.ee\/en\/wp-json\/wp\/v2\/product\/58043","targetHints":{"allow":["GET"]}}],"collection":[{"href":"https:\/\/www.xn--tuksimaailm-ffb.ee\/en\/wp-json\/wp\/v2\/product"}],"about":[{"href":"https:\/\/www.xn--tuksimaailm-ffb.ee\/en\/wp-json\/wp\/v2\/types\/product"}],"wp:featuredmedia":[{"embeddable":true,"href":"https:\/\/www.xn--tuksimaailm-ffb.ee\/en\/wp-json\/wp\/v2\/media\/13723"}],"wp:attachment":[{"href":"https:\/\/www.xn--tuksimaailm-ffb.ee\/en\/wp-json\/wp\/v2\/media?parent=58043"}],"wp:term":[{"taxonomy":"product_brand","embeddable":true,"href":"https:\/\/www.xn--tuksimaailm-ffb.ee\/en\/wp-json\/wp\/v2\/product_brand?post=58043"},{"taxonomy":"product_cat","embeddable":true,"href":"https:\/\/www.xn--tuksimaailm-ffb.ee\/en\/wp-json\/wp\/v2\/product_cat?post=58043"},{"taxonomy":"product_tag","embeddable":true,"href":"https:\/\/www.xn--tuksimaailm-ffb.ee\/en\/wp-json\/wp\/v2\/product_tag?post=58043"},{"taxonomy":"filter_elektritoukeratas","embeddable":true,"href":"https:\/\/www.xn--tuksimaailm-ffb.ee\/en\/wp-json\/wp\/v2\/filter_elektritoukeratas?post=58043"}],"curies":[{"name":"wp","href":"https:\/\/api.w.org\/{rel}","templated":true}]}}