{"id":58050,"date":"2021-03-09T18:50:27","date_gmt":"2021-03-09T18:50:27","guid":{"rendered":"http:\/\/www.xn--tuksimaailm-ffb.ee\/shop\/electric-scooter-trigger-display-screen-with-display-clamp\/"},"modified":"2021-03-09T18:50:27","modified_gmt":"2021-03-09T15:50:27","slug":"electric-scooter-trigger-display-screen-with-display-clamp","status":"publish","type":"product","link":"https:\/\/www.xn--tuksimaailm-ffb.ee\/en\/product\/electric-scooter-trigger-display-screen-with-display-clamp\/","title":{"rendered":"Electric scooter trigger display screen with display clamp"},"content":{"rendered":"<p>Electric scooter trigger screen \/ display lens clamp \/ mount. The electric scooter lens clamp is the most commonly broken component in trigger type electric scooter displays.<\/p>\n","protected":false},"excerpt":{"rendered":"<p>Electric scooter trigger screen \/ display lens clamp \/ mount. The electric scooter lens clamp is the most commonly broken component in trigger type electric scooter displays.<\/p>\n","protected":false},"featured_media":74967,"template":"","meta":[],"product_brand":[],"product_cat":[726],"product_tag":[3216,3411,3410],"filter_elektritoukeratas":[2707,2705,2704,2706,2717,2726,2725,2724,2728,2679,2668,2753,2754,2755,2756,3239,2748,2750,2751,2746,2749,2747],"class_list":{"0":"post-58050","1":"product","2":"type-product","3":"status-publish","4":"has-post-thumbnail","6":"product_cat-spare-parts","7":"product_tag-gpad-spare-parts","8":"product_tag-kugoo-spare-parts","9":"product_tag-universal-electricscooter-spare-parts","10":"pa_tootetuup-ekraani-display-umbrised-kinnitused-kaaned-en","11":"pa_tootetuup-universal-electricscooter-spare-parts","12":"filter_elektritoukeratas-ft_gpad_f3_max","13":"filter_elektritoukeratas-ft_gpad_foxen","14":"filter_elektritoukeratas-ft_gpad_joyride","15":"filter_elektritoukeratas-ft_gpad_storm","16":"filter_elektritoukeratas-ft_joyor_x1_x5s","17":"filter_elektritoukeratas-ft_kaabo_mantis_10","18":"filter_elektritoukeratas-ft_kaabo_mantis_8","19":"filter_elektritoukeratas-ft_kaabo_skywalker","20":"filter_elektritoukeratas-ft_kaabo_wolf","21":"filter_elektritoukeratas-ft_kugoo_g1","22":"filter_elektritoukeratas-ft_kugoo_m4_m4_pro","23":"filter_elektritoukeratas-ft_techlife_x5_x5s","24":"filter_elektritoukeratas-ft_techlife_x6","25":"filter_elektritoukeratas-ft_techlife_x7_x7_lite_x7s","26":"filter_elektritoukeratas-ft_techlife_x8_x8s","27":"filter_elektritoukeratas-ft_techlife_x9","28":"filter_elektritoukeratas-ft_zero_10","29":"filter_elektritoukeratas-ft_zero_10x","30":"filter_elektritoukeratas-ft_zero_11x","31":"filter_elektritoukeratas-ft_zero_8","32":"filter_elektritoukeratas-ft_zero_8x_compact","33":"filter_elektritoukeratas-ft_zero_9","35":"first","36":"instock","37":"taxable","38":"shipping-taxable","39":"purchasable","40":"product-type-simple"},"yoast_head":"<!-- This site is optimized with the Yoast SEO Premium plugin v26.8 (Yoast SEO v27.5) - https:\/\/yoast.com\/product\/yoast-seo-premium-wordpress\/ -->\n<title>Electric scooter trigger display screen with display clamp | T\u00f5uksimaailm<\/title>\n<meta name=\"description\" content=\"Electric scooter trigger screen \/ display lens clamp \/ mount. Trigger type electric scooter display lens mount. Replacement parts\" \/>\n<meta name=\"robots\" content=\"index, follow, max-snippet:-1, max-image-preview:large, max-video-preview:-1\" \/>\n<link rel=\"canonical\" href=\"https:\/\/www.xn--tuksimaailm-ffb.ee\/en\/product\/electric-scooter-trigger-display-screen-with-display-clamp\/\" \/>\n<meta property=\"og:locale\" content=\"en_US\" \/>\n<meta property=\"og:type\" content=\"article\" \/>\n<meta property=\"og:title\" content=\"Electric scooter trigger display screen with display clamp\" \/>\n<meta property=\"og:description\" content=\"Electric scooter trigger screen \/ display lens clamp \/ mount. Trigger type electric scooter display lens mount. Replacement parts\" \/>\n<meta property=\"og:url\" content=\"https:\/\/www.xn--tuksimaailm-ffb.ee\/en\/product\/electric-scooter-trigger-display-screen-with-display-clamp\/\" \/>\n<meta property=\"og:site_name\" content=\"T\u00f5uksimaailm\" \/>\n<meta property=\"article:publisher\" content=\"https:\/\/www.facebook.com\/touksimaailm\/\" \/>\n<meta property=\"og:image\" content=\"https:\/\/www.xn--tuksimaailm-ffb.ee\/wp-content\/uploads\/2021\/03\/Display-klamber-vaike-jpg.webp\" \/>\n\t<meta property=\"og:image:width\" content=\"656\" \/>\n\t<meta property=\"og:image:height\" content=\"516\" \/>\n\t<meta property=\"og:image:type\" content=\"image\/jpeg\" \/>\n<meta name=\"twitter:card\" content=\"summary_large_image\" \/>\n<meta name=\"twitter:label1\" content=\"Price\" \/>\n\t<meta name=\"twitter:data1\" content=\"&euro;5.00\" \/>\n\t<meta name=\"twitter:label2\" content=\"Availability\" \/>\n\t<meta name=\"twitter:data2\" content=\"In stock\" \/>\n<meta property=\"product:price:amount\" content=\"5.00\" \/>\n<meta property=\"product:price:currency\" content=\"EUR\" \/>\n<meta property=\"og:availability\" content=\"instock\" \/>\n<meta property=\"product:availability\" content=\"instock\" \/>\n<meta property=\"product:retailer_item_id\" content=\"DISPLAY-LENKSUKLAMBER-TRIGGER\" \/>\n<meta property=\"product:condition\" content=\"new\" \/>\n<!-- \/ Yoast SEO Premium plugin. -->","yoast_head_json":{"title":"Electric scooter trigger display screen with display clamp | T\u00f5uksimaailm","description":"Electric scooter trigger screen \/ display lens clamp \/ mount. Trigger type electric scooter display lens mount. Replacement parts","robots":{"index":"index","follow":"follow","max-snippet":"max-snippet:-1","max-image-preview":"max-image-preview:large","max-video-preview":"max-video-preview:-1"},"canonical":"https:\/\/www.xn--tuksimaailm-ffb.ee\/en\/product\/electric-scooter-trigger-display-screen-with-display-clamp\/","og_locale":"en_US","og_type":"article","og_title":"Electric scooter trigger display screen with display clamp","og_description":"Electric scooter trigger screen \/ display lens clamp \/ mount. Trigger type electric scooter display lens mount. Replacement parts","og_url":"https:\/\/www.xn--tuksimaailm-ffb.ee\/en\/product\/electric-scooter-trigger-display-screen-with-display-clamp\/","og_site_name":"T\u00f5uksimaailm","article_publisher":"https:\/\/www.facebook.com\/touksimaailm\/","og_image":[{"width":656,"height":516,"url":"https:\/\/www.xn--tuksimaailm-ffb.ee\/wp-content\/uploads\/2021\/03\/Display-klamber-vaike-jpg.webp","type":"image\/jpeg"}],"twitter_card":"summary_large_image","twitter_misc":{"Price":"&euro;5.00","Availability":"In stock"},"schema":{"@context":"https:\/\/schema.org","@graph":[{"@type":"WebPage","@id":"https:\/\/www.xn--tuksimaailm-ffb.ee\/en\/product\/electric-scooter-trigger-display-screen-with-display-clamp\/","url":"https:\/\/www.xn--tuksimaailm-ffb.ee\/en\/product\/electric-scooter-trigger-display-screen-with-display-clamp\/","name":"Electric scooter trigger display screen with display clamp | T\u00f5uksimaailm","isPartOf":{"@id":"https:\/\/www.xn--tuksimaailm-ffb.ee\/en\/#website"},"primaryImageOfPage":{"@id":"https:\/\/www.xn--tuksimaailm-ffb.ee\/en\/product\/electric-scooter-trigger-display-screen-with-display-clamp\/#primaryimage"},"image":{"@id":"https:\/\/www.xn--tuksimaailm-ffb.ee\/en\/product\/electric-scooter-trigger-display-screen-with-display-clamp\/#primaryimage"},"thumbnailUrl":"https:\/\/www.xn--tuksimaailm-ffb.ee\/wp-content\/uploads\/2021\/03\/Screenshot-2026-01-20-025727.webp","datePublished":"2021-03-09T18:50:27+00:00","description":"Electric scooter trigger screen \/ display lens clamp \/ mount. Trigger type electric scooter display lens mount. Replacement parts","breadcrumb":{"@id":"https:\/\/www.xn--tuksimaailm-ffb.ee\/en\/product\/electric-scooter-trigger-display-screen-with-display-clamp\/#breadcrumb"},"inLanguage":"en-US","potentialAction":[{"@type":"ReadAction","target":["https:\/\/www.xn--tuksimaailm-ffb.ee\/en\/product\/electric-scooter-trigger-display-screen-with-display-clamp\/"]}]},{"@type":"ImageObject","inLanguage":"en-US","@id":"https:\/\/www.xn--tuksimaailm-ffb.ee\/en\/product\/electric-scooter-trigger-display-screen-with-display-clamp\/#primaryimage","url":"https:\/\/www.xn--tuksimaailm-ffb.ee\/wp-content\/uploads\/2021\/03\/Screenshot-2026-01-20-025727.webp","contentUrl":"https:\/\/www.xn--tuksimaailm-ffb.ee\/wp-content\/uploads\/2021\/03\/Screenshot-2026-01-20-025727.webp","width":471,"height":423,"caption":"Elektrit\u00f5ukeratta trigger ekraani display klamber"},{"@type":"BreadcrumbList","@id":"https:\/\/www.xn--tuksimaailm-ffb.ee\/en\/product\/electric-scooter-trigger-display-screen-with-display-clamp\/#breadcrumb","itemListElement":[{"@type":"ListItem","position":1,"name":"Home","item":"https:\/\/www.xn--tuksimaailm-ffb.ee\/en\/main-page\/"},{"@type":"ListItem","position":2,"name":"Shop","item":"https:\/\/www.xn--tuksimaailm-ffb.ee\/elektritoukerataste-pood\/"},{"@type":"ListItem","position":3,"name":"Electric scooter trigger display screen with display clamp"}]},{"@type":"WebSite","@id":"https:\/\/www.xn--tuksimaailm-ffb.ee\/en\/#website","url":"https:\/\/www.xn--tuksimaailm-ffb.ee\/en\/","name":"T\u00f5uksimaailm","description":"Elektrit\u00f5ukerataste m\u00fc\u00fck, remont ja rent","publisher":{"@id":"https:\/\/www.xn--tuksimaailm-ffb.ee\/en\/#organization"},"potentialAction":[{"@type":"SearchAction","target":{"@type":"EntryPoint","urlTemplate":"https:\/\/www.xn--tuksimaailm-ffb.ee\/en\/?s={search_term_string}"},"query-input":{"@type":"PropertyValueSpecification","valueRequired":true,"valueName":"search_term_string"}}],"inLanguage":"en-US"},{"@type":"Organization","@id":"https:\/\/www.xn--tuksimaailm-ffb.ee\/en\/#organization","name":"T\u00f5uksimaailm","url":"https:\/\/www.xn--tuksimaailm-ffb.ee\/en\/","logo":{"@type":"ImageObject","inLanguage":"en-US","@id":"https:\/\/www.xn--tuksimaailm-ffb.ee\/en\/#\/schema\/logo\/image\/","url":"https:\/\/www.xn--tuksimaailm-ffb.ee\/wp-content\/uploads\/2020\/01\/logoz-e1579792875517.png","contentUrl":"https:\/\/www.xn--tuksimaailm-ffb.ee\/wp-content\/uploads\/2020\/01\/logoz-e1579792875517.png","width":250,"height":250,"caption":"T\u00f5uksimaailm"},"image":{"@id":"https:\/\/www.xn--tuksimaailm-ffb.ee\/en\/#\/schema\/logo\/image\/"},"sameAs":["https:\/\/www.facebook.com\/touksimaailm\/","https:\/\/www.instagram.com\/touksimaailm_\/","https:\/\/www.youtube.com\/channel\/UC18ml0EKIDLP1xGuQjFzcXQ"]}]},"product_price_amount":"5.00","product_price_currency":"EUR","og_availability":"instock","product_availability":"instock","product_retailer_item_id":"DISPLAY-LENKSUKLAMBER-TRIGGER","product_condition":"new"},"jetpack_sharing_enabled":true,"_links":{"self":[{"href":"https:\/\/www.xn--tuksimaailm-ffb.ee\/en\/wp-json\/wp\/v2\/product\/58050","targetHints":{"allow":["GET"]}}],"collection":[{"href":"https:\/\/www.xn--tuksimaailm-ffb.ee\/en\/wp-json\/wp\/v2\/product"}],"about":[{"href":"https:\/\/www.xn--tuksimaailm-ffb.ee\/en\/wp-json\/wp\/v2\/types\/product"}],"wp:featuredmedia":[{"embeddable":true,"href":"https:\/\/www.xn--tuksimaailm-ffb.ee\/en\/wp-json\/wp\/v2\/media\/74967"}],"wp:attachment":[{"href":"https:\/\/www.xn--tuksimaailm-ffb.ee\/en\/wp-json\/wp\/v2\/media?parent=58050"}],"wp:term":[{"taxonomy":"product_brand","embeddable":true,"href":"https:\/\/www.xn--tuksimaailm-ffb.ee\/en\/wp-json\/wp\/v2\/product_brand?post=58050"},{"taxonomy":"product_cat","embeddable":true,"href":"https:\/\/www.xn--tuksimaailm-ffb.ee\/en\/wp-json\/wp\/v2\/product_cat?post=58050"},{"taxonomy":"product_tag","embeddable":true,"href":"https:\/\/www.xn--tuksimaailm-ffb.ee\/en\/wp-json\/wp\/v2\/product_tag?post=58050"},{"taxonomy":"filter_elektritoukeratas","embeddable":true,"href":"https:\/\/www.xn--tuksimaailm-ffb.ee\/en\/wp-json\/wp\/v2\/filter_elektritoukeratas?post=58050"}],"curies":[{"name":"wp","href":"https:\/\/api.w.org\/{rel}","templated":true}]}}