{"id":58053,"date":"2021-03-20T17:35:58","date_gmt":"2021-03-20T15:35:58","guid":{"rendered":"http:\/\/www.xn--tuksimaailm-ffb.ee\/shop\/kinguard-cable-lock-for-electric-scooter\/"},"modified":"2021-03-20T17:35:58","modified_gmt":"2021-03-20T14:35:58","slug":"kinguard-cable-lock-for-electric-scooter","status":"publish","type":"product","link":"https:\/\/www.xn--tuksimaailm-ffb.ee\/en\/product\/kinguard-cable-lock-for-electric-scooter\/","title":{"rendered":"Kinguard cable lock for electric scooter"},"content":{"rendered":"<p>Cable lock <b><strong>Kinguard<\/strong><\/b> for bicycle \/ electric scooter. The steel wire of the lock has a thickness of <b><strong>8mm<\/strong><\/b> and a length of <b><strong>1.2 metres.<\/strong><\/b> The lock also comes with <b><strong>a frame holder<\/strong><\/b>. The bracket makes it very convenient to attach the lock to the frame of the bicycle and some electric scooters. The cable lock is coated with a layer of rubber to prevent the lock from damaging the paint when it comes into contact with the frame of the bicycle or electric scooter to be locked. The cable locks are lightweight and compact, and are the most economical way to lock your light bike securely in very or moderately crowded places. A slightly more expensive option is the <a href=\"http:\/\/www.xn--tuksimaailm-ffb.ee\/shop\/turvaline-u-lukk-kinguard-elektritoukerattale-jalgrattale\/\"><b><strong>U-lock<\/strong><\/b><\/a>. It comes with <b><strong>2 keys<\/strong><\/b>.<\/p>\n","protected":false},"excerpt":{"rendered":"<p>Cable lock Kinguard for bicycle \/ electric scooter. The steel wire of the lock has a thickness of 8mm and a length of 1.2 metres. The lock also comes with a frame holder. The bracket makes it very convenient to attach the lock to the frame of the bicycle and &hellip;<\/p>\n","protected":false},"featured_media":13945,"template":"","meta":[],"product_brand":[],"product_cat":[746],"product_tag":[3224],"filter_elektritoukeratas":[],"class_list":{"0":"post-58053","1":"product","2":"type-product","3":"status-publish","4":"has-post-thumbnail","6":"product_cat-accessories","7":"product_tag-locks","8":"pa_tootetuup-locks","10":"first","11":"instock","12":"taxable","13":"shipping-taxable","14":"purchasable","15":"product-type-simple"},"yoast_head":"<!-- This site is optimized with the Yoast SEO Premium plugin v26.8 (Yoast SEO v27.5) - https:\/\/yoast.com\/product\/yoast-seo-premium-wordpress\/ -->\n<title>Kinguard cable lock for electric scooter | T\u00f5uksimaailm<\/title>\n<meta name=\"description\" content=\"Cable lock Kinguard for bicycle \/ electric scooter. Compact and lightweight steel cable wheel lock. With frame holder, 2 keys. Electric towbar locks\" \/>\n<meta name=\"robots\" content=\"index, follow, max-snippet:-1, max-image-preview:large, max-video-preview:-1\" \/>\n<link rel=\"canonical\" href=\"https:\/\/www.xn--tuksimaailm-ffb.ee\/en\/product\/kinguard-cable-lock-for-electric-scooter\/\" \/>\n<meta property=\"og:locale\" content=\"en_US\" \/>\n<meta property=\"og:type\" content=\"article\" \/>\n<meta property=\"og:title\" content=\"Kinguard cable lock for electric scooter\" \/>\n<meta property=\"og:description\" content=\"Cable lock Kinguard for bicycle \/ electric scooter. Compact and lightweight steel cable wheel lock. With frame holder, 2 keys. Electric towbar locks\" \/>\n<meta property=\"og:url\" content=\"https:\/\/www.xn--tuksimaailm-ffb.ee\/en\/product\/kinguard-cable-lock-for-electric-scooter\/\" \/>\n<meta property=\"og:site_name\" content=\"T\u00f5uksimaailm\" \/>\n<meta property=\"article:publisher\" content=\"https:\/\/www.facebook.com\/touksimaailm\/\" \/>\n<meta property=\"og:image\" content=\"https:\/\/www.xn--tuksimaailm-ffb.ee\/wp-content\/uploads\/2021\/03\/trosslukk-kinguard.png\" \/>\n\t<meta property=\"og:image:width\" content=\"662\" \/>\n\t<meta property=\"og:image:height\" content=\"559\" \/>\n\t<meta property=\"og:image:type\" content=\"image\/png\" \/>\n<meta name=\"twitter:card\" content=\"summary_large_image\" \/>\n<meta name=\"twitter:label1\" content=\"Price\" \/>\n\t<meta name=\"twitter:data1\" content=\"&euro;15.00\" \/>\n\t<meta name=\"twitter:label2\" content=\"Availability\" \/>\n\t<meta name=\"twitter:data2\" content=\"In stock\" \/>\n<meta property=\"product:price:amount\" content=\"15.00\" \/>\n<meta property=\"product:price:currency\" content=\"EUR\" \/>\n<meta property=\"og:availability\" content=\"instock\" \/>\n<meta property=\"product:availability\" content=\"instock\" \/>\n<meta property=\"product:condition\" content=\"new\" \/>\n<!-- \/ Yoast SEO Premium plugin. -->","yoast_head_json":{"title":"Kinguard cable lock for electric scooter | T\u00f5uksimaailm","description":"Cable lock Kinguard for bicycle \/ electric scooter. Compact and lightweight steel cable wheel lock. With frame holder, 2 keys. Electric towbar locks","robots":{"index":"index","follow":"follow","max-snippet":"max-snippet:-1","max-image-preview":"max-image-preview:large","max-video-preview":"max-video-preview:-1"},"canonical":"https:\/\/www.xn--tuksimaailm-ffb.ee\/en\/product\/kinguard-cable-lock-for-electric-scooter\/","og_locale":"en_US","og_type":"article","og_title":"Kinguard cable lock for electric scooter","og_description":"Cable lock Kinguard for bicycle \/ electric scooter. Compact and lightweight steel cable wheel lock. With frame holder, 2 keys. Electric towbar locks","og_url":"https:\/\/www.xn--tuksimaailm-ffb.ee\/en\/product\/kinguard-cable-lock-for-electric-scooter\/","og_site_name":"T\u00f5uksimaailm","article_publisher":"https:\/\/www.facebook.com\/touksimaailm\/","og_image":[{"width":662,"height":559,"url":"https:\/\/www.xn--tuksimaailm-ffb.ee\/wp-content\/uploads\/2021\/03\/trosslukk-kinguard.png","type":"image\/png"}],"twitter_card":"summary_large_image","twitter_misc":{"Price":"&euro;15.00","Availability":"In stock"},"schema":{"@context":"https:\/\/schema.org","@graph":[{"@type":"WebPage","@id":"https:\/\/www.xn--tuksimaailm-ffb.ee\/en\/product\/kinguard-cable-lock-for-electric-scooter\/","url":"https:\/\/www.xn--tuksimaailm-ffb.ee\/en\/product\/kinguard-cable-lock-for-electric-scooter\/","name":"Kinguard cable lock for electric scooter | T\u00f5uksimaailm","isPartOf":{"@id":"https:\/\/www.xn--tuksimaailm-ffb.ee\/en\/#website"},"primaryImageOfPage":{"@id":"https:\/\/www.xn--tuksimaailm-ffb.ee\/en\/product\/kinguard-cable-lock-for-electric-scooter\/#primaryimage"},"image":{"@id":"https:\/\/www.xn--tuksimaailm-ffb.ee\/en\/product\/kinguard-cable-lock-for-electric-scooter\/#primaryimage"},"thumbnailUrl":"https:\/\/www.xn--tuksimaailm-ffb.ee\/wp-content\/uploads\/2021\/03\/trosslukk-kinguard.png","datePublished":"2021-03-20T15:35:58+00:00","description":"Cable lock Kinguard for bicycle \/ electric scooter. Compact and lightweight steel cable wheel lock. With frame holder, 2 keys. Electric towbar locks","breadcrumb":{"@id":"https:\/\/www.xn--tuksimaailm-ffb.ee\/en\/product\/kinguard-cable-lock-for-electric-scooter\/#breadcrumb"},"inLanguage":"en-US","potentialAction":[{"@type":"ReadAction","target":["https:\/\/www.xn--tuksimaailm-ffb.ee\/en\/product\/kinguard-cable-lock-for-electric-scooter\/"]}]},{"@type":"ImageObject","inLanguage":"en-US","@id":"https:\/\/www.xn--tuksimaailm-ffb.ee\/en\/product\/kinguard-cable-lock-for-electric-scooter\/#primaryimage","url":"https:\/\/www.xn--tuksimaailm-ffb.ee\/wp-content\/uploads\/2021\/03\/trosslukk-kinguard.png","contentUrl":"https:\/\/www.xn--tuksimaailm-ffb.ee\/wp-content\/uploads\/2021\/03\/trosslukk-kinguard.png","width":662,"height":559,"caption":"Kinguard cable lock for electric scooter"},{"@type":"BreadcrumbList","@id":"https:\/\/www.xn--tuksimaailm-ffb.ee\/en\/product\/kinguard-cable-lock-for-electric-scooter\/#breadcrumb","itemListElement":[{"@type":"ListItem","position":1,"name":"Home","item":"https:\/\/www.xn--tuksimaailm-ffb.ee\/en\/main-page\/"},{"@type":"ListItem","position":2,"name":"Shop","item":"https:\/\/www.xn--tuksimaailm-ffb.ee\/elektritoukerataste-pood\/"},{"@type":"ListItem","position":3,"name":"Kinguard cable lock for electric scooter"}]},{"@type":"WebSite","@id":"https:\/\/www.xn--tuksimaailm-ffb.ee\/en\/#website","url":"https:\/\/www.xn--tuksimaailm-ffb.ee\/en\/","name":"T\u00f5uksimaailm","description":"Elektrit\u00f5ukerataste m\u00fc\u00fck, remont ja rent","publisher":{"@id":"https:\/\/www.xn--tuksimaailm-ffb.ee\/en\/#organization"},"potentialAction":[{"@type":"SearchAction","target":{"@type":"EntryPoint","urlTemplate":"https:\/\/www.xn--tuksimaailm-ffb.ee\/en\/?s={search_term_string}"},"query-input":{"@type":"PropertyValueSpecification","valueRequired":true,"valueName":"search_term_string"}}],"inLanguage":"en-US"},{"@type":"Organization","@id":"https:\/\/www.xn--tuksimaailm-ffb.ee\/en\/#organization","name":"T\u00f5uksimaailm","url":"https:\/\/www.xn--tuksimaailm-ffb.ee\/en\/","logo":{"@type":"ImageObject","inLanguage":"en-US","@id":"https:\/\/www.xn--tuksimaailm-ffb.ee\/en\/#\/schema\/logo\/image\/","url":"https:\/\/www.xn--tuksimaailm-ffb.ee\/wp-content\/uploads\/2020\/01\/logoz-e1579792875517.png","contentUrl":"https:\/\/www.xn--tuksimaailm-ffb.ee\/wp-content\/uploads\/2020\/01\/logoz-e1579792875517.png","width":250,"height":250,"caption":"T\u00f5uksimaailm"},"image":{"@id":"https:\/\/www.xn--tuksimaailm-ffb.ee\/en\/#\/schema\/logo\/image\/"},"sameAs":["https:\/\/www.facebook.com\/touksimaailm\/","https:\/\/www.instagram.com\/touksimaailm_\/","https:\/\/www.youtube.com\/channel\/UC18ml0EKIDLP1xGuQjFzcXQ"]}]},"product_price_amount":"15.00","product_price_currency":"EUR","og_availability":"instock","product_availability":"instock","product_condition":"new"},"jetpack_sharing_enabled":true,"_links":{"self":[{"href":"https:\/\/www.xn--tuksimaailm-ffb.ee\/en\/wp-json\/wp\/v2\/product\/58053","targetHints":{"allow":["GET"]}}],"collection":[{"href":"https:\/\/www.xn--tuksimaailm-ffb.ee\/en\/wp-json\/wp\/v2\/product"}],"about":[{"href":"https:\/\/www.xn--tuksimaailm-ffb.ee\/en\/wp-json\/wp\/v2\/types\/product"}],"wp:featuredmedia":[{"embeddable":true,"href":"https:\/\/www.xn--tuksimaailm-ffb.ee\/en\/wp-json\/wp\/v2\/media\/13945"}],"wp:attachment":[{"href":"https:\/\/www.xn--tuksimaailm-ffb.ee\/en\/wp-json\/wp\/v2\/media?parent=58053"}],"wp:term":[{"taxonomy":"product_brand","embeddable":true,"href":"https:\/\/www.xn--tuksimaailm-ffb.ee\/en\/wp-json\/wp\/v2\/product_brand?post=58053"},{"taxonomy":"product_cat","embeddable":true,"href":"https:\/\/www.xn--tuksimaailm-ffb.ee\/en\/wp-json\/wp\/v2\/product_cat?post=58053"},{"taxonomy":"product_tag","embeddable":true,"href":"https:\/\/www.xn--tuksimaailm-ffb.ee\/en\/wp-json\/wp\/v2\/product_tag?post=58053"},{"taxonomy":"filter_elektritoukeratas","embeddable":true,"href":"https:\/\/www.xn--tuksimaailm-ffb.ee\/en\/wp-json\/wp\/v2\/filter_elektritoukeratas?post=58053"}],"curies":[{"name":"wp","href":"https:\/\/api.w.org\/{rel}","templated":true}]}}