{"id":58054,"date":"2021-03-20T17:45:45","date_gmt":"2021-03-20T17:45:45","guid":{"rendered":"http:\/\/www.xn--tuksimaailm-ffb.ee\/shop\/solid-cable-lock-for-kinguard-electric-scooter\/"},"modified":"2021-03-20T17:45:45","modified_gmt":"2021-03-20T14:45:45","slug":"solid-cable-lock-for-kinguard-electric-scooter","status":"publish","type":"product","link":"https:\/\/www.xn--tuksimaailm-ffb.ee\/en\/product\/solid-cable-lock-for-kinguard-electric-scooter\/","title":{"rendered":"Solid cable lock for Kinguard electric scooter"},"content":{"rendered":"<p>Cool cable lock <b><strong>Kinguard<\/strong><\/b> for bicycle \/ electric scooter. The steel wire rope of the lock is <b><strong>18mm<\/strong><\/b> thick and <b><strong>1.2 metres<\/strong><\/b> long. It also comes with <b><strong>a frame holder<\/strong><\/b>. The bracket makes it very easy to attach the lock to the bike seat post and some electric scooter frames \/ handlebars. The cable lock is coated with a layer of rubber to prevent the lock from damaging the paint when in contact with the frame of the bicycle or electric scooter to be locked. Rope locks are quite light and compact in weight and are the most economical way to securely lock your light bike in very or moderately crowded places. A slightly more expensive and more secure option is the <a href=\"http:\/\/www.xn--tuksimaailm-ffb.ee\/shop\/turvaline-u-lukk-kinguard-elektritoukerattale-jalgrattale\/\"><b><strong>U-lock<\/strong><\/b><\/a>. It comes with <b><strong>2 keys<\/strong><\/b>.<\/p>\n","protected":false},"excerpt":{"rendered":"<p>Cool cable lock Kinguard for bicycle \/ electric scooter. The steel wire rope of the lock is 18mm thick and 1.2 metres long. It also comes with a frame holder. The bracket makes it very easy to attach the lock to the bike seat post and some electric scooter frames &hellip;<\/p>\n","protected":false},"featured_media":80523,"template":"","meta":[],"product_brand":[],"product_cat":[746],"product_tag":[3224],"filter_elektritoukeratas":[],"class_list":{"0":"post-58054","1":"product","2":"type-product","3":"status-publish","4":"has-post-thumbnail","6":"product_cat-accessories","7":"product_tag-locks","8":"pa_tootetuup-locks","10":"first","11":"instock","12":"taxable","13":"shipping-taxable","14":"purchasable","15":"product-type-simple"},"yoast_head":"<!-- This site is optimized with the Yoast SEO Premium plugin v26.8 (Yoast SEO v27.5) - https:\/\/yoast.com\/product\/yoast-seo-premium-wordpress\/ -->\n<title>Solid cable lock for Kinguard electric scooter &#8212; T\u00f5uksimaailm<\/title>\n<meta name=\"description\" content=\"Cool cable lock Kinguard for bicycle \/ electric scooter. Compact and lightweight steel cable wheel lock. With frame holder, 2 keys. Accessories, locks.\" \/>\n<meta name=\"robots\" content=\"index, follow, max-snippet:-1, max-image-preview:large, max-video-preview:-1\" \/>\n<link rel=\"canonical\" href=\"https:\/\/www.xn--tuksimaailm-ffb.ee\/en\/product\/solid-cable-lock-for-kinguard-electric-scooter\/\" \/>\n<meta property=\"og:locale\" content=\"en_US\" \/>\n<meta property=\"og:type\" content=\"article\" \/>\n<meta property=\"og:title\" content=\"Solid cable lock for Kinguard electric scooter\" \/>\n<meta property=\"og:description\" content=\"Cool cable lock Kinguard for bicycle \/ electric scooter. Compact and lightweight steel cable wheel lock. With frame holder, 2 keys. Accessories, locks.\" \/>\n<meta property=\"og:url\" content=\"https:\/\/www.xn--tuksimaailm-ffb.ee\/en\/product\/solid-cable-lock-for-kinguard-electric-scooter\/\" \/>\n<meta property=\"og:site_name\" content=\"T\u00f5uksimaailm\" \/>\n<meta property=\"article:publisher\" content=\"https:\/\/www.facebook.com\/touksimaailm\/\" \/>\n<meta property=\"og:image\" content=\"https:\/\/www.xn--tuksimaailm-ffb.ee\/wp-content\/uploads\/2021\/03\/Screenshot-2026-03-16-215755.webp\" \/>\n\t<meta property=\"og:image:width\" content=\"674\" \/>\n\t<meta property=\"og:image:height\" content=\"594\" \/>\n\t<meta property=\"og:image:type\" content=\"image\/webp\" \/>\n<meta name=\"twitter:card\" content=\"summary_large_image\" \/>\n<meta name=\"twitter:label1\" content=\"Price\" \/>\n\t<meta name=\"twitter:data1\" content=\"&euro;85.00\" \/>\n\t<meta name=\"twitter:label2\" content=\"Availability\" \/>\n\t<meta name=\"twitter:data2\" content=\"In stock\" \/>\n<meta property=\"product:price:amount\" content=\"85.00\" \/>\n<meta property=\"product:price:currency\" content=\"EUR\" \/>\n<meta property=\"og:availability\" content=\"instock\" \/>\n<meta property=\"product:availability\" content=\"instock\" \/>\n<meta property=\"product:condition\" content=\"new\" \/>\n<!-- \/ Yoast SEO Premium plugin. -->","yoast_head_json":{"title":"Solid cable lock for Kinguard electric scooter &#8212; T\u00f5uksimaailm","description":"Cool cable lock Kinguard for bicycle \/ electric scooter. Compact and lightweight steel cable wheel lock. With frame holder, 2 keys. Accessories, locks.","robots":{"index":"index","follow":"follow","max-snippet":"max-snippet:-1","max-image-preview":"max-image-preview:large","max-video-preview":"max-video-preview:-1"},"canonical":"https:\/\/www.xn--tuksimaailm-ffb.ee\/en\/product\/solid-cable-lock-for-kinguard-electric-scooter\/","og_locale":"en_US","og_type":"article","og_title":"Solid cable lock for Kinguard electric scooter","og_description":"Cool cable lock Kinguard for bicycle \/ electric scooter. Compact and lightweight steel cable wheel lock. With frame holder, 2 keys. Accessories, locks.","og_url":"https:\/\/www.xn--tuksimaailm-ffb.ee\/en\/product\/solid-cable-lock-for-kinguard-electric-scooter\/","og_site_name":"T\u00f5uksimaailm","article_publisher":"https:\/\/www.facebook.com\/touksimaailm\/","og_image":[{"width":674,"height":594,"url":"https:\/\/www.xn--tuksimaailm-ffb.ee\/wp-content\/uploads\/2021\/03\/Screenshot-2026-03-16-215755.webp","type":"image\/webp"}],"twitter_card":"summary_large_image","twitter_misc":{"Price":"&euro;85.00","Availability":"In stock"},"schema":{"@context":"https:\/\/schema.org","@graph":[{"@type":"WebPage","@id":"https:\/\/www.xn--tuksimaailm-ffb.ee\/en\/product\/solid-cable-lock-for-kinguard-electric-scooter\/","url":"https:\/\/www.xn--tuksimaailm-ffb.ee\/en\/product\/solid-cable-lock-for-kinguard-electric-scooter\/","name":"Solid cable lock for Kinguard electric scooter &#8212; T\u00f5uksimaailm","isPartOf":{"@id":"https:\/\/www.xn--tuksimaailm-ffb.ee\/en\/#website"},"primaryImageOfPage":{"@id":"https:\/\/www.xn--tuksimaailm-ffb.ee\/en\/product\/solid-cable-lock-for-kinguard-electric-scooter\/#primaryimage"},"image":{"@id":"https:\/\/www.xn--tuksimaailm-ffb.ee\/en\/product\/solid-cable-lock-for-kinguard-electric-scooter\/#primaryimage"},"thumbnailUrl":"https:\/\/www.xn--tuksimaailm-ffb.ee\/wp-content\/uploads\/2021\/03\/Screenshot-2026-03-16-215755.webp","datePublished":"2021-03-20T17:45:45+00:00","description":"Cool cable lock Kinguard for bicycle \/ electric scooter. Compact and lightweight steel cable wheel lock. With frame holder, 2 keys. Accessories, locks.","breadcrumb":{"@id":"https:\/\/www.xn--tuksimaailm-ffb.ee\/en\/product\/solid-cable-lock-for-kinguard-electric-scooter\/#breadcrumb"},"inLanguage":"en-US","potentialAction":[{"@type":"ReadAction","target":["https:\/\/www.xn--tuksimaailm-ffb.ee\/en\/product\/solid-cable-lock-for-kinguard-electric-scooter\/"]}]},{"@type":"ImageObject","inLanguage":"en-US","@id":"https:\/\/www.xn--tuksimaailm-ffb.ee\/en\/product\/solid-cable-lock-for-kinguard-electric-scooter\/#primaryimage","url":"https:\/\/www.xn--tuksimaailm-ffb.ee\/wp-content\/uploads\/2021\/03\/Screenshot-2026-03-16-215755.webp","contentUrl":"https:\/\/www.xn--tuksimaailm-ffb.ee\/wp-content\/uploads\/2021\/03\/Screenshot-2026-03-16-215755.webp","width":674,"height":594,"caption":"Kompaktne l\u00fclilukk eRider 360"},{"@type":"BreadcrumbList","@id":"https:\/\/www.xn--tuksimaailm-ffb.ee\/en\/product\/solid-cable-lock-for-kinguard-electric-scooter\/#breadcrumb","itemListElement":[{"@type":"ListItem","position":1,"name":"Home","item":"https:\/\/www.xn--tuksimaailm-ffb.ee\/en\/main-page\/"},{"@type":"ListItem","position":2,"name":"Shop","item":"https:\/\/www.xn--tuksimaailm-ffb.ee\/elektritoukerataste-pood\/"},{"@type":"ListItem","position":3,"name":"Solid cable lock for Kinguard electric scooter"}]},{"@type":"WebSite","@id":"https:\/\/www.xn--tuksimaailm-ffb.ee\/en\/#website","url":"https:\/\/www.xn--tuksimaailm-ffb.ee\/en\/","name":"T\u00f5uksimaailm","description":"Elektrit\u00f5ukerataste m\u00fc\u00fck, remont ja rent","publisher":{"@id":"https:\/\/www.xn--tuksimaailm-ffb.ee\/en\/#organization"},"potentialAction":[{"@type":"SearchAction","target":{"@type":"EntryPoint","urlTemplate":"https:\/\/www.xn--tuksimaailm-ffb.ee\/en\/?s={search_term_string}"},"query-input":{"@type":"PropertyValueSpecification","valueRequired":true,"valueName":"search_term_string"}}],"inLanguage":"en-US"},{"@type":"Organization","@id":"https:\/\/www.xn--tuksimaailm-ffb.ee\/en\/#organization","name":"T\u00f5uksimaailm","url":"https:\/\/www.xn--tuksimaailm-ffb.ee\/en\/","logo":{"@type":"ImageObject","inLanguage":"en-US","@id":"https:\/\/www.xn--tuksimaailm-ffb.ee\/en\/#\/schema\/logo\/image\/","url":"https:\/\/www.xn--tuksimaailm-ffb.ee\/wp-content\/uploads\/2020\/01\/logoz-e1579792875517.png","contentUrl":"https:\/\/www.xn--tuksimaailm-ffb.ee\/wp-content\/uploads\/2020\/01\/logoz-e1579792875517.png","width":250,"height":250,"caption":"T\u00f5uksimaailm"},"image":{"@id":"https:\/\/www.xn--tuksimaailm-ffb.ee\/en\/#\/schema\/logo\/image\/"},"sameAs":["https:\/\/www.facebook.com\/touksimaailm\/","https:\/\/www.instagram.com\/touksimaailm_\/","https:\/\/www.youtube.com\/channel\/UC18ml0EKIDLP1xGuQjFzcXQ"]}]},"product_price_amount":"85.00","product_price_currency":"EUR","og_availability":"instock","product_availability":"instock","product_condition":"new"},"jetpack_sharing_enabled":true,"_links":{"self":[{"href":"https:\/\/www.xn--tuksimaailm-ffb.ee\/en\/wp-json\/wp\/v2\/product\/58054","targetHints":{"allow":["GET"]}}],"collection":[{"href":"https:\/\/www.xn--tuksimaailm-ffb.ee\/en\/wp-json\/wp\/v2\/product"}],"about":[{"href":"https:\/\/www.xn--tuksimaailm-ffb.ee\/en\/wp-json\/wp\/v2\/types\/product"}],"wp:featuredmedia":[{"embeddable":true,"href":"https:\/\/www.xn--tuksimaailm-ffb.ee\/en\/wp-json\/wp\/v2\/media\/80523"}],"wp:attachment":[{"href":"https:\/\/www.xn--tuksimaailm-ffb.ee\/en\/wp-json\/wp\/v2\/media?parent=58054"}],"wp:term":[{"taxonomy":"product_brand","embeddable":true,"href":"https:\/\/www.xn--tuksimaailm-ffb.ee\/en\/wp-json\/wp\/v2\/product_brand?post=58054"},{"taxonomy":"product_cat","embeddable":true,"href":"https:\/\/www.xn--tuksimaailm-ffb.ee\/en\/wp-json\/wp\/v2\/product_cat?post=58054"},{"taxonomy":"product_tag","embeddable":true,"href":"https:\/\/www.xn--tuksimaailm-ffb.ee\/en\/wp-json\/wp\/v2\/product_tag?post=58054"},{"taxonomy":"filter_elektritoukeratas","embeddable":true,"href":"https:\/\/www.xn--tuksimaailm-ffb.ee\/en\/wp-json\/wp\/v2\/filter_elektritoukeratas?post=58054"}],"curies":[{"name":"wp","href":"https:\/\/api.w.org\/{rel}","templated":true}]}}