{"id":58056,"date":"2021-03-20T18:04:53","date_gmt":"2021-03-20T18:04:53","guid":{"rendered":"http:\/\/www.xn--tuksimaailm-ffb.ee\/shop\/bluetooth-kolar-lenksule-elektritoukerattale\/"},"modified":"2021-03-20T18:04:53","modified_gmt":"2021-03-20T15:04:53","slug":"bluetooth-kolar-lenksule-elektritoukerattale","status":"publish","type":"product","link":"https:\/\/www.xn--tuksimaailm-ffb.ee\/en\/product\/bluetooth-kolar-lenksule-elektritoukerattale\/","title":{"rendered":"Bluetooth k\u00f5lar lenksule elektrit\u00f5ukerattale"},"content":{"rendered":"<p>Bluetooth speaker for handlebar, electric scooter or bicycle, blue. The speaker is designed specifically for outdoor play and is <b><strong>waterproof<\/strong><\/b>, <b><strong>dustproof<\/strong><\/b> and<b><strong> shockproof <\/strong><\/b>with <a href=\"https:\/\/et.wikipedia.org\/wiki\/IP-kood\">IPX5 protection rating<\/a>. The speaker uses a Bluetooth connection for data exchange and is controllable\/compatible with all smartphones. The speaker has a <b><strong>3W<\/strong><\/b> loudspeaker power and maintains a connection to the phone within <b><strong>a 10m<\/strong><\/b> radius <b><strong>.<\/strong><\/b> Battery life\/playing time is approximately <b><strong>4 hours<\/strong><\/b>. The battery is rechargeable with a USB charger, which is included with the speaker.<\/p>\n","protected":false},"excerpt":{"rendered":"<p>Bluetooth speaker for handlebar, electric scooter or bicycle, blue. The speaker is designed specifically for outdoor play and is waterproof, dustproof and shockproof with IPX5 protection rating. The speaker uses a Bluetooth connection for data exchange and is controllable\/compatible with all smartphones. The speaker has a 3W loudspeaker power and &hellip;<\/p>\n","protected":false},"featured_media":13951,"template":"","meta":[],"product_brand":[],"product_cat":[746],"product_tag":[],"filter_elektritoukeratas":[],"class_list":{"0":"post-58056","1":"product","2":"type-product","3":"status-publish","4":"has-post-thumbnail","6":"product_cat-accessories","7":"pa_tootetuup-signal-bells","9":"first","10":"outofstock","11":"taxable","12":"shipping-taxable","13":"purchasable","14":"product-type-simple"},"yoast_head":"<!-- This site is optimized with the Yoast SEO Premium plugin v26.8 (Yoast SEO v27.5) - https:\/\/yoast.com\/product\/yoast-seo-premium-wordpress\/ -->\n<title>Bluetooth k\u00f5lar lenksule elektrit\u00f5ukerattale | T\u00f5uksimaailm | Accessories<\/title>\n<meta name=\"description\" content=\"Bluetooth speaker for handlebar, electric scooter or bicycle, for outdoor play, waterproof, dustproof and shockproof,\" \/>\n<meta name=\"robots\" content=\"index, follow, max-snippet:-1, max-image-preview:large, max-video-preview:-1\" \/>\n<link rel=\"canonical\" href=\"https:\/\/www.xn--tuksimaailm-ffb.ee\/en\/product\/bluetooth-kolar-lenksule-elektritoukerattale\/\" \/>\n<meta property=\"og:locale\" content=\"en_US\" \/>\n<meta property=\"og:type\" content=\"article\" \/>\n<meta property=\"og:title\" content=\"Bluetooth k\u00f5lar lenksule elektrit\u00f5ukerattale\" \/>\n<meta property=\"og:description\" content=\"Bluetooth speaker for handlebar, electric scooter or bicycle, for outdoor play, waterproof, dustproof and shockproof,\" \/>\n<meta property=\"og:url\" content=\"https:\/\/www.xn--tuksimaailm-ffb.ee\/en\/product\/bluetooth-kolar-lenksule-elektritoukerattale\/\" \/>\n<meta property=\"og:site_name\" content=\"T\u00f5uksimaailm\" \/>\n<meta property=\"article:publisher\" content=\"https:\/\/www.facebook.com\/touksimaailm\/\" \/>\n<meta property=\"og:image\" content=\"https:\/\/www.xn--tuksimaailm-ffb.ee\/wp-content\/uploads\/2021\/03\/bluetooth-kolar.png\" \/>\n\t<meta property=\"og:image:width\" content=\"827\" \/>\n\t<meta property=\"og:image:height\" content=\"632\" \/>\n\t<meta property=\"og:image:type\" content=\"image\/png\" \/>\n<meta name=\"twitter:card\" content=\"summary_large_image\" \/>\n<meta name=\"twitter:label1\" content=\"Price\" \/>\n\t<meta name=\"twitter:data1\" content=\"&euro;45.00\" \/>\n\t<meta name=\"twitter:label2\" content=\"Availability\" \/>\n\t<meta name=\"twitter:data2\" content=\"Out of stock\" \/>\n<meta property=\"product:price:amount\" content=\"45.00\" \/>\n<meta property=\"product:price:currency\" content=\"EUR\" \/>\n<meta property=\"og:availability\" content=\"out of stock\" \/>\n<meta property=\"product:availability\" content=\"out of stock\" \/>\n<meta property=\"product:condition\" content=\"new\" \/>\n<!-- \/ Yoast SEO Premium plugin. -->","yoast_head_json":{"title":"Bluetooth k\u00f5lar lenksule elektrit\u00f5ukerattale | T\u00f5uksimaailm | Accessories","description":"Bluetooth speaker for handlebar, electric scooter or bicycle, for outdoor play, waterproof, dustproof and shockproof,","robots":{"index":"index","follow":"follow","max-snippet":"max-snippet:-1","max-image-preview":"max-image-preview:large","max-video-preview":"max-video-preview:-1"},"canonical":"https:\/\/www.xn--tuksimaailm-ffb.ee\/en\/product\/bluetooth-kolar-lenksule-elektritoukerattale\/","og_locale":"en_US","og_type":"article","og_title":"Bluetooth k\u00f5lar lenksule elektrit\u00f5ukerattale","og_description":"Bluetooth speaker for handlebar, electric scooter or bicycle, for outdoor play, waterproof, dustproof and shockproof,","og_url":"https:\/\/www.xn--tuksimaailm-ffb.ee\/en\/product\/bluetooth-kolar-lenksule-elektritoukerattale\/","og_site_name":"T\u00f5uksimaailm","article_publisher":"https:\/\/www.facebook.com\/touksimaailm\/","og_image":[{"width":827,"height":632,"url":"https:\/\/www.xn--tuksimaailm-ffb.ee\/wp-content\/uploads\/2021\/03\/bluetooth-kolar.png","type":"image\/png"}],"twitter_card":"summary_large_image","twitter_misc":{"Price":"&euro;45.00","Availability":"Out of stock"},"schema":{"@context":"https:\/\/schema.org","@graph":[{"@type":"WebPage","@id":"https:\/\/www.xn--tuksimaailm-ffb.ee\/en\/product\/bluetooth-kolar-lenksule-elektritoukerattale\/","url":"https:\/\/www.xn--tuksimaailm-ffb.ee\/en\/product\/bluetooth-kolar-lenksule-elektritoukerattale\/","name":"Bluetooth k\u00f5lar lenksule elektrit\u00f5ukerattale | T\u00f5uksimaailm | Accessories","isPartOf":{"@id":"https:\/\/www.xn--tuksimaailm-ffb.ee\/en\/#website"},"primaryImageOfPage":{"@id":"https:\/\/www.xn--tuksimaailm-ffb.ee\/en\/product\/bluetooth-kolar-lenksule-elektritoukerattale\/#primaryimage"},"image":{"@id":"https:\/\/www.xn--tuksimaailm-ffb.ee\/en\/product\/bluetooth-kolar-lenksule-elektritoukerattale\/#primaryimage"},"thumbnailUrl":"https:\/\/www.xn--tuksimaailm-ffb.ee\/wp-content\/uploads\/2021\/03\/bluetooth-kolar.png","datePublished":"2021-03-20T18:04:53+00:00","description":"Bluetooth speaker for handlebar, electric scooter or bicycle, for outdoor play, waterproof, dustproof and shockproof,","breadcrumb":{"@id":"https:\/\/www.xn--tuksimaailm-ffb.ee\/en\/product\/bluetooth-kolar-lenksule-elektritoukerattale\/#breadcrumb"},"inLanguage":"en-US","potentialAction":[{"@type":"ReadAction","target":["https:\/\/www.xn--tuksimaailm-ffb.ee\/en\/product\/bluetooth-kolar-lenksule-elektritoukerattale\/"]}]},{"@type":"ImageObject","inLanguage":"en-US","@id":"https:\/\/www.xn--tuksimaailm-ffb.ee\/en\/product\/bluetooth-kolar-lenksule-elektritoukerattale\/#primaryimage","url":"https:\/\/www.xn--tuksimaailm-ffb.ee\/wp-content\/uploads\/2021\/03\/bluetooth-kolar.png","contentUrl":"https:\/\/www.xn--tuksimaailm-ffb.ee\/wp-content\/uploads\/2021\/03\/bluetooth-kolar.png","width":827,"height":632,"caption":"Bluetooth k\u00f5lar lenksule elektrit\u00f5ukerattale"},{"@type":"BreadcrumbList","@id":"https:\/\/www.xn--tuksimaailm-ffb.ee\/en\/product\/bluetooth-kolar-lenksule-elektritoukerattale\/#breadcrumb","itemListElement":[{"@type":"ListItem","position":1,"name":"Home","item":"https:\/\/www.xn--tuksimaailm-ffb.ee\/en\/main-page\/"},{"@type":"ListItem","position":2,"name":"Shop","item":"https:\/\/www.xn--tuksimaailm-ffb.ee\/elektritoukerataste-pood\/"},{"@type":"ListItem","position":3,"name":"Bluetooth k\u00f5lar lenksule elektrit\u00f5ukerattale"}]},{"@type":"WebSite","@id":"https:\/\/www.xn--tuksimaailm-ffb.ee\/en\/#website","url":"https:\/\/www.xn--tuksimaailm-ffb.ee\/en\/","name":"T\u00f5uksimaailm","description":"Elektrit\u00f5ukerataste m\u00fc\u00fck, remont ja rent","publisher":{"@id":"https:\/\/www.xn--tuksimaailm-ffb.ee\/en\/#organization"},"potentialAction":[{"@type":"SearchAction","target":{"@type":"EntryPoint","urlTemplate":"https:\/\/www.xn--tuksimaailm-ffb.ee\/en\/?s={search_term_string}"},"query-input":{"@type":"PropertyValueSpecification","valueRequired":true,"valueName":"search_term_string"}}],"inLanguage":"en-US"},{"@type":"Organization","@id":"https:\/\/www.xn--tuksimaailm-ffb.ee\/en\/#organization","name":"T\u00f5uksimaailm","url":"https:\/\/www.xn--tuksimaailm-ffb.ee\/en\/","logo":{"@type":"ImageObject","inLanguage":"en-US","@id":"https:\/\/www.xn--tuksimaailm-ffb.ee\/en\/#\/schema\/logo\/image\/","url":"https:\/\/www.xn--tuksimaailm-ffb.ee\/wp-content\/uploads\/2020\/01\/logoz-e1579792875517.png","contentUrl":"https:\/\/www.xn--tuksimaailm-ffb.ee\/wp-content\/uploads\/2020\/01\/logoz-e1579792875517.png","width":250,"height":250,"caption":"T\u00f5uksimaailm"},"image":{"@id":"https:\/\/www.xn--tuksimaailm-ffb.ee\/en\/#\/schema\/logo\/image\/"},"sameAs":["https:\/\/www.facebook.com\/touksimaailm\/","https:\/\/www.instagram.com\/touksimaailm_\/","https:\/\/www.youtube.com\/channel\/UC18ml0EKIDLP1xGuQjFzcXQ"]}]},"product_price_amount":"45.00","product_price_currency":"EUR","og_availability":"out of stock","product_availability":"out of stock","product_condition":"new"},"jetpack_sharing_enabled":true,"_links":{"self":[{"href":"https:\/\/www.xn--tuksimaailm-ffb.ee\/en\/wp-json\/wp\/v2\/product\/58056","targetHints":{"allow":["GET"]}}],"collection":[{"href":"https:\/\/www.xn--tuksimaailm-ffb.ee\/en\/wp-json\/wp\/v2\/product"}],"about":[{"href":"https:\/\/www.xn--tuksimaailm-ffb.ee\/en\/wp-json\/wp\/v2\/types\/product"}],"wp:featuredmedia":[{"embeddable":true,"href":"https:\/\/www.xn--tuksimaailm-ffb.ee\/en\/wp-json\/wp\/v2\/media\/13951"}],"wp:attachment":[{"href":"https:\/\/www.xn--tuksimaailm-ffb.ee\/en\/wp-json\/wp\/v2\/media?parent=58056"}],"wp:term":[{"taxonomy":"product_brand","embeddable":true,"href":"https:\/\/www.xn--tuksimaailm-ffb.ee\/en\/wp-json\/wp\/v2\/product_brand?post=58056"},{"taxonomy":"product_cat","embeddable":true,"href":"https:\/\/www.xn--tuksimaailm-ffb.ee\/en\/wp-json\/wp\/v2\/product_cat?post=58056"},{"taxonomy":"product_tag","embeddable":true,"href":"https:\/\/www.xn--tuksimaailm-ffb.ee\/en\/wp-json\/wp\/v2\/product_tag?post=58056"},{"taxonomy":"filter_elektritoukeratas","embeddable":true,"href":"https:\/\/www.xn--tuksimaailm-ffb.ee\/en\/wp-json\/wp\/v2\/filter_elektritoukeratas?post=58056"}],"curies":[{"name":"wp","href":"https:\/\/api.w.org\/{rel}","templated":true}]}}