{"id":58057,"date":"2021-03-20T18:46:24","date_gmt":"2021-03-20T16:46:24","guid":{"rendered":"http:\/\/www.xn--tuksimaailm-ffb.ee\/shop\/rechargeable-battery-phone-holder-for-bicycle-with-front-light-signal\/"},"modified":"2021-03-20T18:46:24","modified_gmt":"2021-03-20T15:46:24","slug":"rechargeable-battery-phone-holder-for-bicycle-with-front-light-signal","status":"publish","type":"product","link":"https:\/\/www.xn--tuksimaailm-ffb.ee\/en\/product\/rechargeable-battery-phone-holder-for-bicycle-with-front-light-signal\/","title":{"rendered":"Rechargeable battery phone holder for bicycle with front light signal"},"content":{"rendered":"<p>A battery bank with a phone holder for the front and a signal, in black - an all-in-one solution to stop your smartphone running out of power while you're driving. The phone holder with battery bank fits <b><strong>22mm<\/strong><\/b> and <b><strong>31,8mm<\/strong><\/b> diameter electric scooter or bicycle handlebars. Suitable for all smartphones with a screen size of <b><strong>4-6.3 inches<\/strong><\/b>. The phone is held securely in place by clips that extend out from the side of the holder. The phone holder has a built-in <b><strong>4000mAh Li-Ion<\/strong><\/b> battery bank, which powers three 5W fluorescent lights with <b><strong>400lum<\/strong><\/b> light output. The front light has 3 operating modes - full power, energy saving and flashing. The battery bank also powers a <b><strong>130dB electrical signal<\/strong><\/b>, with a separate button on the lens. Charging the battery bank from 0-100% takes <b><strong>5 hours<\/strong><\/b>. We also offer a slightly cheaper <a href=\"http:\/\/www.xn--tuksimaailm-ffb.ee\/shop\/akupank-telefonihoidja-elektritoukerattale-esitulega\/\">2 light battery bank phone holder<\/a>.<\/p>\n","protected":false},"excerpt":{"rendered":"<p>A battery bank with a phone holder for the front and a signal, in black - an all-in-one solution to stop your smartphone running out of power while you're driving. The phone holder with battery bank fits 22mm and 31,8mm diameter electric scooter or bicycle handlebars. Suitable for all smartphones &hellip;<\/p>\n","protected":false},"featured_media":13955,"template":"","meta":[],"product_brand":[],"product_cat":[746],"product_tag":[3382,3213,3384],"filter_elektritoukeratas":[],"class_list":{"0":"post-58057","1":"product","2":"type-product","3":"status-publish","4":"has-post-thumbnail","6":"product_cat-accessories","7":"product_tag-lights","8":"product_tag-phoneholders","9":"product_tag-signal-bells","10":"pa_colour-must","11":"pa_colour-punane","12":"pa_colour-sinine","13":"pa_tootetuup-lights","14":"pa_tootetuup-phone-holders","15":"pa_tootetuup-signal-bells","17":"first","18":"instock","19":"taxable","20":"shipping-taxable","21":"purchasable","22":"product-type-variable"},"yoast_head":"<!-- This site is optimized with the Yoast SEO Premium plugin v26.8 (Yoast SEO v27.5) - https:\/\/yoast.com\/product\/yoast-seo-premium-wordpress\/ -->\n<title>Rechargeable battery phone holder for bicycle with front light signal | T\u00f5uksimaailm<\/title>\n<meta name=\"description\" content=\"A battery bank with a phone holder for the front and a signal, in black - an all-in-one solution to stop your smartphone running out of power while you&#039;re driving.\" \/>\n<meta name=\"robots\" content=\"index, follow, max-snippet:-1, max-image-preview:large, max-video-preview:-1\" \/>\n<link rel=\"canonical\" href=\"https:\/\/www.xn--tuksimaailm-ffb.ee\/en\/product\/rechargeable-battery-phone-holder-for-bicycle-with-front-light-signal\/\" \/>\n<meta property=\"og:locale\" content=\"en_US\" \/>\n<meta property=\"og:type\" content=\"article\" \/>\n<meta property=\"og:title\" content=\"Rechargeable battery phone holder for bicycle with front light signal\" \/>\n<meta property=\"og:description\" content=\"A battery bank with a phone holder for the front and a signal, in black - an all-in-one solution to stop your smartphone running out of power while you&#039;re driving.\" \/>\n<meta property=\"og:url\" content=\"https:\/\/www.xn--tuksimaailm-ffb.ee\/en\/product\/rechargeable-battery-phone-holder-for-bicycle-with-front-light-signal\/\" \/>\n<meta property=\"og:site_name\" content=\"T\u00f5uksimaailm\" \/>\n<meta property=\"article:publisher\" content=\"https:\/\/www.facebook.com\/touksimaailm\/\" \/>\n<meta property=\"og:image\" content=\"https:\/\/www.xn--tuksimaailm-ffb.ee\/wp-content\/uploads\/2021\/03\/3-tulega-telefonihoidja.png\" \/>\n\t<meta property=\"og:image:width\" content=\"717\" \/>\n\t<meta property=\"og:image:height\" content=\"721\" \/>\n\t<meta property=\"og:image:type\" content=\"image\/png\" \/>\n<meta name=\"twitter:card\" content=\"summary_large_image\" \/>\n<meta name=\"twitter:label1\" content=\"Availability\" \/>\n\t<meta name=\"twitter:data1\" content=\"In stock\" \/>\n<meta property=\"og:availability\" content=\"instock\" \/>\n<meta property=\"product:availability\" content=\"instock\" \/>\n<meta property=\"product:condition\" content=\"new\" \/>\n<!-- \/ Yoast SEO Premium plugin. -->","yoast_head_json":{"title":"Rechargeable battery phone holder for bicycle with front light signal | T\u00f5uksimaailm","description":"A battery bank with a phone holder for the front and a signal, in black - an all-in-one solution to stop your smartphone running out of power while you're driving.","robots":{"index":"index","follow":"follow","max-snippet":"max-snippet:-1","max-image-preview":"max-image-preview:large","max-video-preview":"max-video-preview:-1"},"canonical":"https:\/\/www.xn--tuksimaailm-ffb.ee\/en\/product\/rechargeable-battery-phone-holder-for-bicycle-with-front-light-signal\/","og_locale":"en_US","og_type":"article","og_title":"Rechargeable battery phone holder for bicycle with front light signal","og_description":"A battery bank with a phone holder for the front and a signal, in black - an all-in-one solution to stop your smartphone running out of power while you're driving.","og_url":"https:\/\/www.xn--tuksimaailm-ffb.ee\/en\/product\/rechargeable-battery-phone-holder-for-bicycle-with-front-light-signal\/","og_site_name":"T\u00f5uksimaailm","article_publisher":"https:\/\/www.facebook.com\/touksimaailm\/","og_image":[{"width":717,"height":721,"url":"https:\/\/www.xn--tuksimaailm-ffb.ee\/wp-content\/uploads\/2021\/03\/3-tulega-telefonihoidja.png","type":"image\/png"}],"twitter_card":"summary_large_image","twitter_misc":{"Availability":"In stock"},"schema":{"@context":"https:\/\/schema.org","@graph":[{"@type":"WebPage","@id":"https:\/\/www.xn--tuksimaailm-ffb.ee\/en\/product\/rechargeable-battery-phone-holder-for-bicycle-with-front-light-signal\/","url":"https:\/\/www.xn--tuksimaailm-ffb.ee\/en\/product\/rechargeable-battery-phone-holder-for-bicycle-with-front-light-signal\/","name":"Rechargeable battery phone holder for bicycle with front light signal | T\u00f5uksimaailm","isPartOf":{"@id":"https:\/\/www.xn--tuksimaailm-ffb.ee\/en\/#website"},"primaryImageOfPage":{"@id":"https:\/\/www.xn--tuksimaailm-ffb.ee\/en\/product\/rechargeable-battery-phone-holder-for-bicycle-with-front-light-signal\/#primaryimage"},"image":{"@id":"https:\/\/www.xn--tuksimaailm-ffb.ee\/en\/product\/rechargeable-battery-phone-holder-for-bicycle-with-front-light-signal\/#primaryimage"},"thumbnailUrl":"https:\/\/www.xn--tuksimaailm-ffb.ee\/wp-content\/uploads\/2021\/03\/3-tulega-telefonihoidja.png","datePublished":"2021-03-20T16:46:24+00:00","description":"A battery bank with a phone holder for the front and a signal, in black - an all-in-one solution to stop your smartphone running out of power while you're driving.","breadcrumb":{"@id":"https:\/\/www.xn--tuksimaailm-ffb.ee\/en\/product\/rechargeable-battery-phone-holder-for-bicycle-with-front-light-signal\/#breadcrumb"},"inLanguage":"en-US","potentialAction":[{"@type":"ReadAction","target":["https:\/\/www.xn--tuksimaailm-ffb.ee\/en\/product\/rechargeable-battery-phone-holder-for-bicycle-with-front-light-signal\/"]}]},{"@type":"ImageObject","inLanguage":"en-US","@id":"https:\/\/www.xn--tuksimaailm-ffb.ee\/en\/product\/rechargeable-battery-phone-holder-for-bicycle-with-front-light-signal\/#primaryimage","url":"https:\/\/www.xn--tuksimaailm-ffb.ee\/wp-content\/uploads\/2021\/03\/3-tulega-telefonihoidja.png","contentUrl":"https:\/\/www.xn--tuksimaailm-ffb.ee\/wp-content\/uploads\/2021\/03\/3-tulega-telefonihoidja.png","width":717,"height":721,"caption":"Rechargeable battery phone holder for bicycle with front light signal"},{"@type":"BreadcrumbList","@id":"https:\/\/www.xn--tuksimaailm-ffb.ee\/en\/product\/rechargeable-battery-phone-holder-for-bicycle-with-front-light-signal\/#breadcrumb","itemListElement":[{"@type":"ListItem","position":1,"name":"Home","item":"https:\/\/www.xn--tuksimaailm-ffb.ee\/en\/main-page\/"},{"@type":"ListItem","position":2,"name":"Shop","item":"https:\/\/www.xn--tuksimaailm-ffb.ee\/elektritoukerataste-pood\/"},{"@type":"ListItem","position":3,"name":"Rechargeable battery phone holder for bicycle with front light signal"}]},{"@type":"WebSite","@id":"https:\/\/www.xn--tuksimaailm-ffb.ee\/en\/#website","url":"https:\/\/www.xn--tuksimaailm-ffb.ee\/en\/","name":"T\u00f5uksimaailm","description":"Elektrit\u00f5ukerataste m\u00fc\u00fck, remont ja rent","publisher":{"@id":"https:\/\/www.xn--tuksimaailm-ffb.ee\/en\/#organization"},"potentialAction":[{"@type":"SearchAction","target":{"@type":"EntryPoint","urlTemplate":"https:\/\/www.xn--tuksimaailm-ffb.ee\/en\/?s={search_term_string}"},"query-input":{"@type":"PropertyValueSpecification","valueRequired":true,"valueName":"search_term_string"}}],"inLanguage":"en-US"},{"@type":"Organization","@id":"https:\/\/www.xn--tuksimaailm-ffb.ee\/en\/#organization","name":"T\u00f5uksimaailm","url":"https:\/\/www.xn--tuksimaailm-ffb.ee\/en\/","logo":{"@type":"ImageObject","inLanguage":"en-US","@id":"https:\/\/www.xn--tuksimaailm-ffb.ee\/en\/#\/schema\/logo\/image\/","url":"https:\/\/www.xn--tuksimaailm-ffb.ee\/wp-content\/uploads\/2020\/01\/logoz-e1579792875517.png","contentUrl":"https:\/\/www.xn--tuksimaailm-ffb.ee\/wp-content\/uploads\/2020\/01\/logoz-e1579792875517.png","width":250,"height":250,"caption":"T\u00f5uksimaailm"},"image":{"@id":"https:\/\/www.xn--tuksimaailm-ffb.ee\/en\/#\/schema\/logo\/image\/"},"sameAs":["https:\/\/www.facebook.com\/touksimaailm\/","https:\/\/www.instagram.com\/touksimaailm_\/","https:\/\/www.youtube.com\/channel\/UC18ml0EKIDLP1xGuQjFzcXQ"]}]},"og_availability":"instock","product_availability":"instock","product_condition":"new"},"jetpack_sharing_enabled":true,"_links":{"self":[{"href":"https:\/\/www.xn--tuksimaailm-ffb.ee\/en\/wp-json\/wp\/v2\/product\/58057","targetHints":{"allow":["GET"]}}],"collection":[{"href":"https:\/\/www.xn--tuksimaailm-ffb.ee\/en\/wp-json\/wp\/v2\/product"}],"about":[{"href":"https:\/\/www.xn--tuksimaailm-ffb.ee\/en\/wp-json\/wp\/v2\/types\/product"}],"wp:featuredmedia":[{"embeddable":true,"href":"https:\/\/www.xn--tuksimaailm-ffb.ee\/en\/wp-json\/wp\/v2\/media\/13955"}],"wp:attachment":[{"href":"https:\/\/www.xn--tuksimaailm-ffb.ee\/en\/wp-json\/wp\/v2\/media?parent=58057"}],"wp:term":[{"taxonomy":"product_brand","embeddable":true,"href":"https:\/\/www.xn--tuksimaailm-ffb.ee\/en\/wp-json\/wp\/v2\/product_brand?post=58057"},{"taxonomy":"product_cat","embeddable":true,"href":"https:\/\/www.xn--tuksimaailm-ffb.ee\/en\/wp-json\/wp\/v2\/product_cat?post=58057"},{"taxonomy":"product_tag","embeddable":true,"href":"https:\/\/www.xn--tuksimaailm-ffb.ee\/en\/wp-json\/wp\/v2\/product_tag?post=58057"},{"taxonomy":"filter_elektritoukeratas","embeddable":true,"href":"https:\/\/www.xn--tuksimaailm-ffb.ee\/en\/wp-json\/wp\/v2\/filter_elektritoukeratas?post=58057"}],"curies":[{"name":"wp","href":"https:\/\/api.w.org\/{rel}","templated":true}]}}