{"id":58061,"date":"2021-03-20T19:12:10","date_gmt":"2021-03-20T17:12:10","guid":{"rendered":"http:\/\/www.xn--tuksimaailm-ffb.ee\/shop\/battery-bank-phone-holder-for-electric-scooter-with-headlight\/"},"modified":"2021-03-20T19:12:10","modified_gmt":"2021-03-20T16:12:10","slug":"battery-bank-phone-holder-for-electric-scooter-with-headlight","status":"publish","type":"product","link":"https:\/\/www.xn--tuksimaailm-ffb.ee\/en\/product\/battery-bank-phone-holder-for-electric-scooter-with-headlight\/","title":{"rendered":"Battery bank phone holder for electric scooter with headlight"},"content":{"rendered":"<p>Battery bank phone holder for electric scooter with headlight and signal, black and blue - an all-in-one solution to stop your smartphone from running out of power while you're on the move. The phone holder with battery bank fits on the <b><strong>22mm<\/strong><\/b> and <b><strong>31,8mm<\/strong><\/b> diameter electric scooter or bicycle lens. Suitable for all smartphones with a screen size of <b><strong>4-6.3 inches<\/strong><\/b>. The phone is held securely in place by clips that protrude from the side of the holder. The phone holder has a built-in <b><strong>4000mAh Li-Ion<\/strong><\/b> battery bank that powers two 5W fluorescent lights with <b><strong>400lm<\/strong><\/b> light output. The front light has 3 operating modes - full power, energy saving and flashing. The battery bank also powers a <b><strong>130dB electrical signal<\/strong><\/b>, with a separate button on the lens. Charging the battery bank from 0-100% takes <b><strong>5 hours<\/strong><\/b>. We also offer a slightly more expensive <a href=\"http:\/\/www.xn--tuksimaailm-ffb.ee\/shop\/akupank-telefonihoidja-esitule-ja-signaaliga-jalgrattale\/\">3 light battery bank phone holder<\/a>.<\/p>\n","protected":false},"excerpt":{"rendered":"<p>Battery bank phone holder for electric scooter with headlight and signal, black and blue - an all-in-one solution to stop your smartphone from running out of power while you're on the move. The phone holder with battery bank fits on the 22mm and 31,8mm diameter electric scooter or bicycle lens. &hellip;<\/p>\n","protected":false},"featured_media":13957,"template":"","meta":[],"product_brand":[],"product_cat":[746],"product_tag":[3382,3213,3384],"filter_elektritoukeratas":[],"class_list":{"0":"post-58061","1":"product","2":"type-product","3":"status-publish","4":"has-post-thumbnail","6":"product_cat-accessories","7":"product_tag-lights","8":"product_tag-phoneholders","9":"product_tag-signal-bells","10":"pa_tootetuup-lights","11":"pa_tootetuup-phone-holders","12":"pa_tootetuup-signal-bells","14":"first","15":"instock","16":"taxable","17":"shipping-taxable","18":"purchasable","19":"product-type-simple"},"yoast_head":"<!-- This site is optimized with the Yoast SEO Premium plugin v26.8 (Yoast SEO v27.5) - https:\/\/yoast.com\/product\/yoast-seo-premium-wordpress\/ -->\n<title>Battery bank phone holder for electric scooter with headlight | T\u00f5uksimaailm<\/title>\n<meta name=\"description\" content=\"A battery phone holder for electric scooters with headlight and signal - an all-in-one solution to stop your smartphone running out of battery while you&#039;re on the move.\" \/>\n<meta name=\"robots\" content=\"index, follow, max-snippet:-1, max-image-preview:large, max-video-preview:-1\" \/>\n<link rel=\"canonical\" href=\"https:\/\/www.xn--tuksimaailm-ffb.ee\/en\/product\/battery-bank-phone-holder-for-electric-scooter-with-headlight\/\" \/>\n<meta property=\"og:locale\" content=\"en_US\" \/>\n<meta property=\"og:type\" content=\"article\" \/>\n<meta property=\"og:title\" content=\"Battery bank phone holder for electric scooter with headlight\" \/>\n<meta property=\"og:description\" content=\"A battery phone holder for electric scooters with headlight and signal - an all-in-one solution to stop your smartphone running out of battery while you&#039;re on the move.\" \/>\n<meta property=\"og:url\" content=\"https:\/\/www.xn--tuksimaailm-ffb.ee\/en\/product\/battery-bank-phone-holder-for-electric-scooter-with-headlight\/\" \/>\n<meta property=\"og:site_name\" content=\"T\u00f5uksimaailm\" \/>\n<meta property=\"article:publisher\" content=\"https:\/\/www.facebook.com\/touksimaailm\/\" \/>\n<meta property=\"og:image\" content=\"https:\/\/www.xn--tuksimaailm-ffb.ee\/wp-content\/uploads\/2021\/03\/2-tulega-telefonihoidja.png\" \/>\n\t<meta property=\"og:image:width\" content=\"830\" \/>\n\t<meta property=\"og:image:height\" content=\"720\" \/>\n\t<meta property=\"og:image:type\" content=\"image\/png\" \/>\n<meta name=\"twitter:card\" content=\"summary_large_image\" \/>\n<meta name=\"twitter:label1\" content=\"Price\" \/>\n\t<meta name=\"twitter:data1\" content=\"&euro;45.00\" \/>\n\t<meta name=\"twitter:label2\" content=\"Availability\" \/>\n\t<meta name=\"twitter:data2\" content=\"In stock\" \/>\n<meta property=\"product:price:amount\" content=\"45.00\" \/>\n<meta property=\"product:price:currency\" content=\"EUR\" \/>\n<meta property=\"og:availability\" content=\"instock\" \/>\n<meta property=\"product:availability\" content=\"instock\" \/>\n<meta property=\"product:condition\" content=\"new\" \/>\n<!-- \/ Yoast SEO Premium plugin. -->","yoast_head_json":{"title":"Battery bank phone holder for electric scooter with headlight | T\u00f5uksimaailm","description":"A battery phone holder for electric scooters with headlight and signal - an all-in-one solution to stop your smartphone running out of battery while you're on the move.","robots":{"index":"index","follow":"follow","max-snippet":"max-snippet:-1","max-image-preview":"max-image-preview:large","max-video-preview":"max-video-preview:-1"},"canonical":"https:\/\/www.xn--tuksimaailm-ffb.ee\/en\/product\/battery-bank-phone-holder-for-electric-scooter-with-headlight\/","og_locale":"en_US","og_type":"article","og_title":"Battery bank phone holder for electric scooter with headlight","og_description":"A battery phone holder for electric scooters with headlight and signal - an all-in-one solution to stop your smartphone running out of battery while you're on the move.","og_url":"https:\/\/www.xn--tuksimaailm-ffb.ee\/en\/product\/battery-bank-phone-holder-for-electric-scooter-with-headlight\/","og_site_name":"T\u00f5uksimaailm","article_publisher":"https:\/\/www.facebook.com\/touksimaailm\/","og_image":[{"width":830,"height":720,"url":"https:\/\/www.xn--tuksimaailm-ffb.ee\/wp-content\/uploads\/2021\/03\/2-tulega-telefonihoidja.png","type":"image\/png"}],"twitter_card":"summary_large_image","twitter_misc":{"Price":"&euro;45.00","Availability":"In stock"},"schema":{"@context":"https:\/\/schema.org","@graph":[{"@type":"WebPage","@id":"https:\/\/www.xn--tuksimaailm-ffb.ee\/en\/product\/battery-bank-phone-holder-for-electric-scooter-with-headlight\/","url":"https:\/\/www.xn--tuksimaailm-ffb.ee\/en\/product\/battery-bank-phone-holder-for-electric-scooter-with-headlight\/","name":"Battery bank phone holder for electric scooter with headlight | T\u00f5uksimaailm","isPartOf":{"@id":"https:\/\/www.xn--tuksimaailm-ffb.ee\/en\/#website"},"primaryImageOfPage":{"@id":"https:\/\/www.xn--tuksimaailm-ffb.ee\/en\/product\/battery-bank-phone-holder-for-electric-scooter-with-headlight\/#primaryimage"},"image":{"@id":"https:\/\/www.xn--tuksimaailm-ffb.ee\/en\/product\/battery-bank-phone-holder-for-electric-scooter-with-headlight\/#primaryimage"},"thumbnailUrl":"https:\/\/www.xn--tuksimaailm-ffb.ee\/wp-content\/uploads\/2021\/03\/2-tulega-telefonihoidja.png","datePublished":"2021-03-20T17:12:10+00:00","description":"A battery phone holder for electric scooters with headlight and signal - an all-in-one solution to stop your smartphone running out of battery while you're on the move.","breadcrumb":{"@id":"https:\/\/www.xn--tuksimaailm-ffb.ee\/en\/product\/battery-bank-phone-holder-for-electric-scooter-with-headlight\/#breadcrumb"},"inLanguage":"en-US","potentialAction":[{"@type":"ReadAction","target":["https:\/\/www.xn--tuksimaailm-ffb.ee\/en\/product\/battery-bank-phone-holder-for-electric-scooter-with-headlight\/"]}]},{"@type":"ImageObject","inLanguage":"en-US","@id":"https:\/\/www.xn--tuksimaailm-ffb.ee\/en\/product\/battery-bank-phone-holder-for-electric-scooter-with-headlight\/#primaryimage","url":"https:\/\/www.xn--tuksimaailm-ffb.ee\/wp-content\/uploads\/2021\/03\/2-tulega-telefonihoidja.png","contentUrl":"https:\/\/www.xn--tuksimaailm-ffb.ee\/wp-content\/uploads\/2021\/03\/2-tulega-telefonihoidja.png","width":830,"height":720,"caption":"Battery bank phone holder for electric scooter with headlight"},{"@type":"BreadcrumbList","@id":"https:\/\/www.xn--tuksimaailm-ffb.ee\/en\/product\/battery-bank-phone-holder-for-electric-scooter-with-headlight\/#breadcrumb","itemListElement":[{"@type":"ListItem","position":1,"name":"Home","item":"https:\/\/www.xn--tuksimaailm-ffb.ee\/en\/main-page\/"},{"@type":"ListItem","position":2,"name":"Shop","item":"https:\/\/www.xn--tuksimaailm-ffb.ee\/elektritoukerataste-pood\/"},{"@type":"ListItem","position":3,"name":"Battery bank phone holder for electric scooter with headlight"}]},{"@type":"WebSite","@id":"https:\/\/www.xn--tuksimaailm-ffb.ee\/en\/#website","url":"https:\/\/www.xn--tuksimaailm-ffb.ee\/en\/","name":"T\u00f5uksimaailm","description":"Elektrit\u00f5ukerataste m\u00fc\u00fck, remont ja rent","publisher":{"@id":"https:\/\/www.xn--tuksimaailm-ffb.ee\/en\/#organization"},"potentialAction":[{"@type":"SearchAction","target":{"@type":"EntryPoint","urlTemplate":"https:\/\/www.xn--tuksimaailm-ffb.ee\/en\/?s={search_term_string}"},"query-input":{"@type":"PropertyValueSpecification","valueRequired":true,"valueName":"search_term_string"}}],"inLanguage":"en-US"},{"@type":"Organization","@id":"https:\/\/www.xn--tuksimaailm-ffb.ee\/en\/#organization","name":"T\u00f5uksimaailm","url":"https:\/\/www.xn--tuksimaailm-ffb.ee\/en\/","logo":{"@type":"ImageObject","inLanguage":"en-US","@id":"https:\/\/www.xn--tuksimaailm-ffb.ee\/en\/#\/schema\/logo\/image\/","url":"https:\/\/www.xn--tuksimaailm-ffb.ee\/wp-content\/uploads\/2020\/01\/logoz-e1579792875517.png","contentUrl":"https:\/\/www.xn--tuksimaailm-ffb.ee\/wp-content\/uploads\/2020\/01\/logoz-e1579792875517.png","width":250,"height":250,"caption":"T\u00f5uksimaailm"},"image":{"@id":"https:\/\/www.xn--tuksimaailm-ffb.ee\/en\/#\/schema\/logo\/image\/"},"sameAs":["https:\/\/www.facebook.com\/touksimaailm\/","https:\/\/www.instagram.com\/touksimaailm_\/","https:\/\/www.youtube.com\/channel\/UC18ml0EKIDLP1xGuQjFzcXQ"]}]},"product_price_amount":"45.00","product_price_currency":"EUR","og_availability":"instock","product_availability":"instock","product_condition":"new"},"jetpack_sharing_enabled":true,"_links":{"self":[{"href":"https:\/\/www.xn--tuksimaailm-ffb.ee\/en\/wp-json\/wp\/v2\/product\/58061","targetHints":{"allow":["GET"]}}],"collection":[{"href":"https:\/\/www.xn--tuksimaailm-ffb.ee\/en\/wp-json\/wp\/v2\/product"}],"about":[{"href":"https:\/\/www.xn--tuksimaailm-ffb.ee\/en\/wp-json\/wp\/v2\/types\/product"}],"wp:featuredmedia":[{"embeddable":true,"href":"https:\/\/www.xn--tuksimaailm-ffb.ee\/en\/wp-json\/wp\/v2\/media\/13957"}],"wp:attachment":[{"href":"https:\/\/www.xn--tuksimaailm-ffb.ee\/en\/wp-json\/wp\/v2\/media?parent=58061"}],"wp:term":[{"taxonomy":"product_brand","embeddable":true,"href":"https:\/\/www.xn--tuksimaailm-ffb.ee\/en\/wp-json\/wp\/v2\/product_brand?post=58061"},{"taxonomy":"product_cat","embeddable":true,"href":"https:\/\/www.xn--tuksimaailm-ffb.ee\/en\/wp-json\/wp\/v2\/product_cat?post=58061"},{"taxonomy":"product_tag","embeddable":true,"href":"https:\/\/www.xn--tuksimaailm-ffb.ee\/en\/wp-json\/wp\/v2\/product_tag?post=58061"},{"taxonomy":"filter_elektritoukeratas","embeddable":true,"href":"https:\/\/www.xn--tuksimaailm-ffb.ee\/en\/wp-json\/wp\/v2\/filter_elektritoukeratas?post=58061"}],"curies":[{"name":"wp","href":"https:\/\/api.w.org\/{rel}","templated":true}]}}