{"id":58066,"date":"2021-08-15T16:51:46","date_gmt":"2021-08-15T16:51:46","guid":{"rendered":"http:\/\/www.xn--tuksimaailm-ffb.ee\/shop\/xiaomi-mountain-tyre-8-1-2x2-pro-1s-winter-tyre\/"},"modified":"2021-08-15T16:51:46","modified_gmt":"2021-08-15T13:51:46","slug":"xiaomi-mountain-tyre-8-1-2x2-pro-1s-winter-tyre","status":"publish","type":"product","link":"https:\/\/www.xn--tuksimaailm-ffb.ee\/en\/product\/xiaomi-mountain-tyre-8-1-2x2-pro-1s-winter-tyre\/","title":{"rendered":"Xiaomi mountain tyre 8 1\/2x2 Pro 1S winter tyre"},"content":{"rendered":"<p>Xiaomi off-road tyre 8.5x2\" 8 1\/2x2\" (also winter tyre, off-road tyre). Suitable for mounting <b><strong>in place of<\/strong><\/b> <b><strong>8.5x2\" 8 1\/2\u00d72<\/strong><\/b>\" <b><strong>outdoor tyres<\/strong><\/b>. As an alternative product, a <a href=\"http:\/\/www.xn--tuksimaailm-ffb.ee\/shop\/xiaomi-maastiku-rehv-9x2-m365-pro-2-1s-talverehv\/\"><b><strong>9x2\" off-road tyre<\/strong><\/b><\/a> is also available. The Xiaomi All Terrain Tyre is the ideal tyre for riding an electric scooter in autumn and winter weather as it helps to reduce the risk of falling on slippery leaves, ice and snow. The tyre is also better suited <a href=\"http:\/\/www.xn--tuksimaailm-ffb.ee\/shop\/xiaomi-valiskumm-8-5x2-m365-pro-1s-pro2\/\">than the original tyre<\/a> for riding on more demanding terrain such as grassy areas, greenery or forests. The outer tyre is suitable for all electric scooters with original 8 1\/2\u00d72\u2033 outer tyres, including the following popular electric scooters: <a href=\"http:\/\/www.xn--tuksimaailm-ffb.ee\/shop\/elektritouks_xiaomi-360\/\"><b><strong>Xiaomi M365<\/strong><\/b><\/a><b><strong> (<\/strong><\/b><a href=\"http:\/\/www.xn--tuksimaailm-ffb.ee\/shop\/elektriline-toukeratas-xiaomi-mi-m365-pro\/\"><b><strong>Pro<\/strong><\/b><\/a><b><strong>), <\/strong><\/b><a href=\"https:\/\/www.mi.com\/global\/mi-electric-scooter-1S\/\"><b><strong>Xiaomi Mi 1S<\/strong><\/b><\/a><b><strong>, <\/strong><\/b><a href=\"http:\/\/www.xn--tuksimaailm-ffb.ee\/shop\/xiaomi-pro-2-elektritoukeratas\/\"><b><strong>Xiaomi Mi Pro 2<\/strong><\/b><\/a><b><strong>, Gotrax GXL<\/strong><\/b>, <a href=\"http:\/\/www.xn--tuksimaailm-ffb.ee\/shop\/xiaomi-mi-essential-elektritoukeratas\/\"><b><strong>Xiaomi Essential<\/strong><\/b><\/a>,<b> <\/b>as well as all Xiaomi clones\/copies.<\/p>\n<p>As the tires of the e-scooter, due to their small size and air capacity, are prone to puncture due to impact, we recommend checking the tire pressure once every 2 weeks, or before each ride if the e-scooter is ridden less frequently. When inflating the tyres, we strongly recommend the use of <a href=\"http:\/\/www.xn--tuksimaailm-ffb.ee\/tootekategooria\/lisavarustus\/\">pressure gauge pumps<\/a> to ensure the exact tyre pressure recommended by the electric scooter manufacturer. If repairing or replacing <a href=\"https:\/\/www.youtube.com\/watch?v=9c5oaCgBtVA\">your<\/a>electric scooter is too much for you, our specialist electric scooter <a href=\"http:\/\/www.xn--tuksimaailm-ffb.ee\/elektrilise-toukeratta-remont\/\">workshop<\/a> can help. We also carry out tyre changes on standby. You can read more about electric scooter tyre replacement in our <a href=\"http:\/\/www.xn--tuksimaailm-ffb.ee\/elektritoukeratta-rehvivahetus\/\">blog post<\/a>.<\/p>\n","protected":false},"excerpt":{"rendered":"<p>Xiaomi off-road tyre 8.5x2\" 8 1\/2x2\" (also winter tyre, off-road tyre). Suitable for mounting in place of 8.5x2\" 8 1\/2\u00d72\" outdoor tyres. As an alternative product, a 9x2\" off-road tyre is also available. The Xiaomi All Terrain Tyre is the ideal tyre for riding an electric scooter in autumn and &hellip;<\/p>\n","protected":false},"featured_media":66202,"template":"","meta":[],"product_brand":[],"product_cat":[726],"product_tag":[3208,3209],"filter_elektritoukeratas":[2688,2686,2613,2612],"class_list":{"0":"post-58066","1":"product","2":"type-product","3":"status-publish","4":"has-post-thumbnail","6":"product_cat-spare-parts","7":"product_tag-tyres","8":"product_tag-xiaomi-spare-parts","9":"pa_tootetuup-tyres","10":"filter_elektritoukeratas-ft_blaupunkt_esc608","11":"filter_elektritoukeratas-ft_blaupunkt_esc808","12":"filter_elektritoukeratas-ft_xiaomi_1s_mi3_pro_2_3_lite","13":"filter_elektritoukeratas-ft_xiaomi_m365_m365_pro_essential","15":"first","16":"instock","17":"taxable","18":"shipping-taxable","19":"purchasable","20":"product-type-simple"},"yoast_head":"<!-- This site is optimized with the Yoast SEO Premium plugin v26.8 (Yoast SEO v27.5) - https:\/\/yoast.com\/product\/yoast-seo-premium-wordpress\/ -->\n<title>Xiaomi mountain tyre 8 1\/2x2 Pro 1S winter tyre | T\u00f5uksimaailm<\/title>\n<meta name=\"description\" content=\"Xiaomi snow tyre (winter tyre) 8.5x2&quot; 8 1\/2\u00d72&quot;. Tyres for Xiaomi M365 and Xiaomi Mi 1S, Xiaomi M365 Pro and Xiaomi Mi Pro 2 electric scooters.\" \/>\n<meta name=\"robots\" content=\"index, follow, max-snippet:-1, max-image-preview:large, max-video-preview:-1\" \/>\n<link rel=\"canonical\" href=\"https:\/\/www.xn--tuksimaailm-ffb.ee\/en\/product\/xiaomi-mountain-tyre-8-1-2x2-pro-1s-winter-tyre\/\" \/>\n<meta property=\"og:locale\" content=\"en_US\" \/>\n<meta property=\"og:type\" content=\"article\" \/>\n<meta property=\"og:title\" content=\"Xiaomi mountain tyre 8 1\/2x2 Pro 1S winter tyre\" \/>\n<meta property=\"og:description\" content=\"Xiaomi snow tyre (winter tyre) 8.5x2&quot; 8 1\/2\u00d72&quot;. Tyres for Xiaomi M365 and Xiaomi Mi 1S, Xiaomi M365 Pro and Xiaomi Mi Pro 2 electric scooters.\" \/>\n<meta property=\"og:url\" content=\"https:\/\/www.xn--tuksimaailm-ffb.ee\/en\/product\/xiaomi-mountain-tyre-8-1-2x2-pro-1s-winter-tyre\/\" \/>\n<meta property=\"og:site_name\" content=\"T\u00f5uksimaailm\" \/>\n<meta property=\"article:publisher\" content=\"https:\/\/www.facebook.com\/touksimaailm\/\" \/>\n<meta property=\"og:image\" content=\"https:\/\/www.xn--tuksimaailm-ffb.ee\/wp-content\/uploads\/2021\/08\/maastikurehv-xiaomi-1.png\" \/>\n\t<meta property=\"og:image:width\" content=\"956\" \/>\n\t<meta property=\"og:image:height\" content=\"651\" \/>\n\t<meta property=\"og:image:type\" content=\"image\/png\" \/>\n<meta name=\"twitter:card\" content=\"summary_large_image\" \/>\n<meta name=\"twitter:label1\" content=\"Price\" \/>\n\t<meta name=\"twitter:data1\" content=\"&euro;29.50\" \/>\n\t<meta name=\"twitter:label2\" content=\"Availability\" \/>\n\t<meta name=\"twitter:data2\" content=\"In stock\" \/>\n<meta property=\"product:price:amount\" content=\"29.50\" \/>\n<meta property=\"product:price:currency\" content=\"EUR\" \/>\n<meta property=\"og:availability\" content=\"instock\" \/>\n<meta property=\"product:availability\" content=\"instock\" \/>\n<meta property=\"product:condition\" content=\"new\" \/>\n<!-- \/ Yoast SEO Premium plugin. -->","yoast_head_json":{"title":"Xiaomi mountain tyre 8 1\/2x2 Pro 1S winter tyre | T\u00f5uksimaailm","description":"Xiaomi snow tyre (winter tyre) 8.5x2\" 8 1\/2\u00d72\". Tyres for Xiaomi M365 and Xiaomi Mi 1S, Xiaomi M365 Pro and Xiaomi Mi Pro 2 electric scooters.","robots":{"index":"index","follow":"follow","max-snippet":"max-snippet:-1","max-image-preview":"max-image-preview:large","max-video-preview":"max-video-preview:-1"},"canonical":"https:\/\/www.xn--tuksimaailm-ffb.ee\/en\/product\/xiaomi-mountain-tyre-8-1-2x2-pro-1s-winter-tyre\/","og_locale":"en_US","og_type":"article","og_title":"Xiaomi mountain tyre 8 1\/2x2 Pro 1S winter tyre","og_description":"Xiaomi snow tyre (winter tyre) 8.5x2\" 8 1\/2\u00d72\". Tyres for Xiaomi M365 and Xiaomi Mi 1S, Xiaomi M365 Pro and Xiaomi Mi Pro 2 electric scooters.","og_url":"https:\/\/www.xn--tuksimaailm-ffb.ee\/en\/product\/xiaomi-mountain-tyre-8-1-2x2-pro-1s-winter-tyre\/","og_site_name":"T\u00f5uksimaailm","article_publisher":"https:\/\/www.facebook.com\/touksimaailm\/","og_image":[{"width":956,"height":651,"url":"https:\/\/www.xn--tuksimaailm-ffb.ee\/wp-content\/uploads\/2021\/08\/maastikurehv-xiaomi-1.png","type":"image\/png"}],"twitter_card":"summary_large_image","twitter_misc":{"Price":"&euro;29.50","Availability":"In stock"},"schema":{"@context":"https:\/\/schema.org","@graph":[{"@type":"WebPage","@id":"https:\/\/www.xn--tuksimaailm-ffb.ee\/en\/product\/xiaomi-mountain-tyre-8-1-2x2-pro-1s-winter-tyre\/","url":"https:\/\/www.xn--tuksimaailm-ffb.ee\/en\/product\/xiaomi-mountain-tyre-8-1-2x2-pro-1s-winter-tyre\/","name":"Xiaomi mountain tyre 8 1\/2x2 Pro 1S winter tyre | T\u00f5uksimaailm","isPartOf":{"@id":"https:\/\/www.xn--tuksimaailm-ffb.ee\/en\/#website"},"primaryImageOfPage":{"@id":"https:\/\/www.xn--tuksimaailm-ffb.ee\/en\/product\/xiaomi-mountain-tyre-8-1-2x2-pro-1s-winter-tyre\/#primaryimage"},"image":{"@id":"https:\/\/www.xn--tuksimaailm-ffb.ee\/en\/product\/xiaomi-mountain-tyre-8-1-2x2-pro-1s-winter-tyre\/#primaryimage"},"thumbnailUrl":"https:\/\/www.xn--tuksimaailm-ffb.ee\/wp-content\/uploads\/2021\/08\/Screenshot-2025-07-22-195846.webp","datePublished":"2021-08-15T16:51:46+00:00","description":"Xiaomi snow tyre (winter tyre) 8.5x2\" 8 1\/2\u00d72\". Tyres for Xiaomi M365 and Xiaomi Mi 1S, Xiaomi M365 Pro and Xiaomi Mi Pro 2 electric scooters.","breadcrumb":{"@id":"https:\/\/www.xn--tuksimaailm-ffb.ee\/en\/product\/xiaomi-mountain-tyre-8-1-2x2-pro-1s-winter-tyre\/#breadcrumb"},"inLanguage":"en-US","potentialAction":[{"@type":"ReadAction","target":["https:\/\/www.xn--tuksimaailm-ffb.ee\/en\/product\/xiaomi-mountain-tyre-8-1-2x2-pro-1s-winter-tyre\/"]}]},{"@type":"ImageObject","inLanguage":"en-US","@id":"https:\/\/www.xn--tuksimaailm-ffb.ee\/en\/product\/xiaomi-mountain-tyre-8-1-2x2-pro-1s-winter-tyre\/#primaryimage","url":"https:\/\/www.xn--tuksimaailm-ffb.ee\/wp-content\/uploads\/2021\/08\/Screenshot-2025-07-22-195846.webp","contentUrl":"https:\/\/www.xn--tuksimaailm-ffb.ee\/wp-content\/uploads\/2021\/08\/Screenshot-2025-07-22-195846.webp","width":1098,"height":897,"caption":"Xiaomi maastikurehv 8 1\/2x2 Pro 1S talverehv"},{"@type":"BreadcrumbList","@id":"https:\/\/www.xn--tuksimaailm-ffb.ee\/en\/product\/xiaomi-mountain-tyre-8-1-2x2-pro-1s-winter-tyre\/#breadcrumb","itemListElement":[{"@type":"ListItem","position":1,"name":"Home","item":"https:\/\/www.xn--tuksimaailm-ffb.ee\/en\/main-page\/"},{"@type":"ListItem","position":2,"name":"Shop","item":"https:\/\/www.xn--tuksimaailm-ffb.ee\/elektritoukerataste-pood\/"},{"@type":"ListItem","position":3,"name":"Xiaomi mountain tyre 8 1\/2x2 Pro 1S winter tyre"}]},{"@type":"WebSite","@id":"https:\/\/www.xn--tuksimaailm-ffb.ee\/en\/#website","url":"https:\/\/www.xn--tuksimaailm-ffb.ee\/en\/","name":"T\u00f5uksimaailm","description":"Elektrit\u00f5ukerataste m\u00fc\u00fck, remont ja rent","publisher":{"@id":"https:\/\/www.xn--tuksimaailm-ffb.ee\/en\/#organization"},"potentialAction":[{"@type":"SearchAction","target":{"@type":"EntryPoint","urlTemplate":"https:\/\/www.xn--tuksimaailm-ffb.ee\/en\/?s={search_term_string}"},"query-input":{"@type":"PropertyValueSpecification","valueRequired":true,"valueName":"search_term_string"}}],"inLanguage":"en-US"},{"@type":"Organization","@id":"https:\/\/www.xn--tuksimaailm-ffb.ee\/en\/#organization","name":"T\u00f5uksimaailm","url":"https:\/\/www.xn--tuksimaailm-ffb.ee\/en\/","logo":{"@type":"ImageObject","inLanguage":"en-US","@id":"https:\/\/www.xn--tuksimaailm-ffb.ee\/en\/#\/schema\/logo\/image\/","url":"https:\/\/www.xn--tuksimaailm-ffb.ee\/wp-content\/uploads\/2020\/01\/logoz-e1579792875517.png","contentUrl":"https:\/\/www.xn--tuksimaailm-ffb.ee\/wp-content\/uploads\/2020\/01\/logoz-e1579792875517.png","width":250,"height":250,"caption":"T\u00f5uksimaailm"},"image":{"@id":"https:\/\/www.xn--tuksimaailm-ffb.ee\/en\/#\/schema\/logo\/image\/"},"sameAs":["https:\/\/www.facebook.com\/touksimaailm\/","https:\/\/www.instagram.com\/touksimaailm_\/","https:\/\/www.youtube.com\/channel\/UC18ml0EKIDLP1xGuQjFzcXQ"]}]},"product_price_amount":"29.50","product_price_currency":"EUR","og_availability":"instock","product_availability":"instock","product_condition":"new"},"jetpack_sharing_enabled":true,"_links":{"self":[{"href":"https:\/\/www.xn--tuksimaailm-ffb.ee\/en\/wp-json\/wp\/v2\/product\/58066","targetHints":{"allow":["GET"]}}],"collection":[{"href":"https:\/\/www.xn--tuksimaailm-ffb.ee\/en\/wp-json\/wp\/v2\/product"}],"about":[{"href":"https:\/\/www.xn--tuksimaailm-ffb.ee\/en\/wp-json\/wp\/v2\/types\/product"}],"wp:featuredmedia":[{"embeddable":true,"href":"https:\/\/www.xn--tuksimaailm-ffb.ee\/en\/wp-json\/wp\/v2\/media\/66202"}],"wp:attachment":[{"href":"https:\/\/www.xn--tuksimaailm-ffb.ee\/en\/wp-json\/wp\/v2\/media?parent=58066"}],"wp:term":[{"taxonomy":"product_brand","embeddable":true,"href":"https:\/\/www.xn--tuksimaailm-ffb.ee\/en\/wp-json\/wp\/v2\/product_brand?post=58066"},{"taxonomy":"product_cat","embeddable":true,"href":"https:\/\/www.xn--tuksimaailm-ffb.ee\/en\/wp-json\/wp\/v2\/product_cat?post=58066"},{"taxonomy":"product_tag","embeddable":true,"href":"https:\/\/www.xn--tuksimaailm-ffb.ee\/en\/wp-json\/wp\/v2\/product_tag?post=58066"},{"taxonomy":"filter_elektritoukeratas","embeddable":true,"href":"https:\/\/www.xn--tuksimaailm-ffb.ee\/en\/wp-json\/wp\/v2\/filter_elektritoukeratas?post=58066"}],"curies":[{"name":"wp","href":"https:\/\/api.w.org\/{rel}","templated":true}]}}